{"id":16,"date":"2019-03-01T18:41:23","date_gmt":"2019-03-01T18:41:23","guid":{"rendered":"http:\/\/pom.pt\/2020\/?page_id=16"},"modified":"2020-02-18T20:13:25","modified_gmt":"2020-02-18T20:13:25","slug":"locations","status":"publish","type":"page","link":"https:\/\/pom.pt\/2020\/pt\/localizacoes\/","title":{"rendered":"Localiza\u00e7\u00f5es"},"content":{"rendered":"<h3><strong>Localiza\u00e7\u00f5es<\/strong><\/h3>\r\n<p><strong>Centro de Evento<\/strong>: 38.021870, -8.693036<br \/><strong>Evento treino 20Feb:<\/strong> 38.067718, -8.791864<br \/><strong>Model Event 21Feb:<\/strong> 37.995583, -8.738815<br \/><strong>Dia 1 (22Feb):<\/strong> 38.023910, -8.691791<br \/><strong>Sprint\u00a0 Noturno (22Feb):<\/strong> 38.059335, -8.786956<br \/><strong>Dia 2 (23Feb):<\/strong> 38.043878, -8.732765<br \/><strong>PreO (23Feb):<\/strong> 38.061466, -8.780551<br \/><strong>Dia 3 &amp; 4 (24 &amp; 25Feb):<\/strong> 37.944528, -8.730833<br \/><strong>Sprint Urbano (24Feb):<\/strong> 37.963177, -8.861656<br \/><strong>Evento Treino 26Feb:<\/strong> 37.995583, -8.738815<\/p>\r\n<p><a href=\"https:\/\/www.google.com\/maps\/d\/u\/0\/viewer?mid=1NApD76xl3kbS-nXq5YFeRVvD7o47Ks5b\" target=\"_blank\" rel=\"noopener noreferrer\">Abra este mapa no seu smartphone e salve-o nos seu Mapas Google<\/a><\/p>\r\n\r\n<p><iframe loading=\"lazy\" src=\"https:\/\/www.google.com\/maps\/d\/u\/3\/embed?mid=1NApD76xl3kbS-nXq5YFeRVvD7o47Ks5b\" width=\"640\" height=\"480\"><\/iframe><\/p>","protected":false},"excerpt":{"rendered":"<p>Localiza\u00e7\u00f5es Centro de Evento: 38.021870, -8.693036Evento treino 20Feb: 38.067718, -8.791864Model Event 21Feb: 37.995583, -8.738815Dia 1 (22Feb): 38.023910, -8.691791Sprint\u00a0 Noturno (22Feb): 38.059335, -8.786956Dia 2 (23Feb): 38.043878, -8.732765PreO (23Feb): 38.061466, -8.780551Dia 3 &amp; 4 (24 &amp; 25Feb): 37.944528, -8.730833Sprint Urbano (24Feb): 37.963177, -8.861656Evento Treino 26Feb: 37.995583, -8.738815 Abra este mapa no seu smartphone e salve-o nos seu Mapas Google<\/p>\n","protected":false},"author":1,"featured_media":0,"parent":0,"menu_order":0,"comment_status":"closed","ping_status":"closed","template":"","meta":{"_monsterinsights_skip_tracking":false,"_monsterinsights_sitenote_active":false,"_monsterinsights_sitenote_note":"","_monsterinsights_sitenote_category":0,"footnotes":""},"class_list":["post-16","page","type-page","status-publish","hentry"],"_links":{"self":[{"href":"https:\/\/pom.pt\/2020\/pt\/wp-json\/wp\/v2\/pages\/16","targetHints":{"allow":["GET"]}}],"collection":[{"href":"https:\/\/pom.pt\/2020\/pt\/wp-json\/wp\/v2\/pages"}],"about":[{"href":"https:\/\/pom.pt\/2020\/pt\/wp-json\/wp\/v2\/types\/page"}],"author":[{"embeddable":true,"href":"https:\/\/pom.pt\/2020\/pt\/wp-json\/wp\/v2\/users\/1"}],"replies":[{"embeddable":true,"href":"https:\/\/pom.pt\/2020\/pt\/wp-json\/wp\/v2\/comments?post=16"}],"version-history":[{"count":5,"href":"https:\/\/pom.pt\/2020\/pt\/wp-json\/wp\/v2\/pages\/16\/revisions"}],"predecessor-version":[{"id":388,"href":"https:\/\/pom.pt\/2020\/pt\/wp-json\/wp\/v2\/pages\/16\/revisions\/388"}],"wp:attachment":[{"href":"https:\/\/pom.pt\/2020\/pt\/wp-json\/wp\/v2\/media?parent=16"}],"curies":[{"name":"wp","href":"https:\/\/api.w.org\/{rel}","templated":true}]}}