{"id":147,"date":"2019-12-08T20:36:20","date_gmt":"2019-12-08T20:36:20","guid":{"rendered":"http:\/\/pom.pt\/2020\/?page_id=147"},"modified":"2020-02-16T20:31:02","modified_gmt":"2020-02-16T20:31:02","slug":"general-info","status":"publish","type":"page","link":"https:\/\/pom.pt\/2020\/pt\/info-geral\/","title":{"rendered":"Info Geral"},"content":{"rendered":"<p>&nbsp;<\/p>\n<p><a href=\"#arenas\">Arenas<\/a>\u00a0 |\u00a0\u00a0<a href=\"#soloduro\">Solo Duro<\/a>\u00a0 |\u00a0\u00a0<a href=\"#babysitting\">BabySitting<\/a>\u00a0 |\u00a0\u00a0<a href=\"#banhos\">Banhos<\/a>\u00a0 |\u00a0\u00a0<a href=\"#modelevent\">Model Event<\/a>\u00a0 |\u00a0\u00a0<a href=\"#wre\">WREvent<\/a>\u00a0 |\u00a0\u00a0<a href=\"#elitemasculina\">Escal\u00e3o Elite Masc.<\/a>\u00a0 |\u00a0\u00a0<a href=\"#chasingstart\">Chasing Start<\/a>\u00a0 | <a href=\"#secretariado\">Secretariado<\/a> | <a href=\"#preo\">PreO<\/a> |\u00a0 <a href=\"#peitoral\">Peitoral<\/a>\u00a0 |\u00a0\u00a0<a href=\"#sicard\">Mudan\u00e7as SICard<\/a>\u00a0 |\u00a0\u00a0<a href=\"#sistemacontrolo\">Sistema Controlo<\/a>\u00a0 |\u00a0\u00a0<a href=\"#tempospartida\">Tempos Partida<\/a>\u00a0 |\u00a0\u00a0<a href=\"#tempoprova\">Tempos Limite de Prova<\/a>\u00a0 |\u00a0\u00a0<a href=\"#fairplay\">Fair Play<\/a>\u00a0 |\u00a0\u00a0<a href=\"#resultados\">Resultados<\/a>\u00a0 |\u00a0\u00a0<a href=\"#premios\">Pr\u00e9mios<\/a>\u00a0 |\u00a0\u00a0<a href=\"#seguro\">Seguro Desportivo<\/a>\u00a0 |\u00a0\u00a0<a href=\"#indicacoes\">Indica\u00e7\u00f5es Tr\u00e2nsito<\/a>\u00a0 |\u00a0\u00a0<a href=\"#regras\">Regras<\/a> \u00a0| <a href=\"#reclama\">Reclama\u00e7\u00f5es<\/a><\/p>\n<p><strong><br \/>\n<a id=\"arenas\"><\/a>Arenas<\/strong><\/p>\n<p style=\"font-weight: 400;\">&#8211; Nas arenas os atletas ir\u00e3o ter \u00e0 sua disposi\u00e7\u00e3o todas as infraestruturas necess\u00e1rias (secretariado, inform\u00e1tica, servi\u00e7o de bar (excepto sprint), WC, babysitting(excepto sprints e PreO), primeiros socorros, resultados, speaker, etc);<br \/>\n&#8211; Nas arenas das provas do Sprint e do Sprint Noturno n\u00e3o haver\u00e1 servi\u00e7o de bar;<br \/>\n&#8211; No caso de pretender recorrer ao servi\u00e7o babysitting, por favor assinale essa op\u00e7\u00e3o durante o processo de inscri\u00e7\u00e3o no <a href=\"http:\/\/www.orioasis.pt\/oasis\/events.php?action=event_view_info&amp;eventid=2139\" target=\"_blank\" rel=\"noopener noreferrer\">OriO\u00e1sis<\/a>.<br \/>\n<a href=\"#top\">&gt;&gt;para o topo<\/a><\/p>\n<p><strong><a id=\"soloduro\"><\/a>Solo Duro<\/strong><\/p>\n<p style=\"font-weight: 400;\">&#8211; O Solo Duro ser\u00e1 em Santiago do Cac\u00e9m (Pavilh\u00e3o Desportivo Municipal);<br \/>\n&#8211; \u00c9 obrigat\u00f3rio o uso de cal\u00e7ado adequado no recinto.<br \/>\n&#8211; N\u00e3o \u00e9 permitida a montagem de tendas ou similares no interior do pavilh\u00e3o.<br \/>\n&#8211; \u00c9 proibido confecionar comida no interior do pavilh\u00e3o.<br \/>\n&#8211; \u00c9 proibido lavar lou\u00e7as ou utensilios usados em refei\u00e7\u00f5es nas instala\u00e7\u00f5es do pavilh\u00e3o.<br \/>\n&#8211; IMPORTANTE: qualquer destas infra\u00e7\u00f5es implica expuls\u00e3o do espa\u00e7o.<\/p>\n<p>&#8211; <strong><em>Abertura<\/em><\/strong>: 21 de fevereiro &#8211; 20h00;<br \/>\n&#8211; <strong><em>Fecho<\/em><\/strong>: 25 de Fevereiro &#8211; 16h00;<br \/>\n<a href=\"#top\">&gt;&gt;para o topo<\/a><\/p>\n<p><strong><a id=\"babysitting\"><\/a>Babysitting<\/strong><\/p>\n<p>Teremos servi\u00e7o de babysitting em todas as arenas das 4 etapas do POM2020, com as seguintes regras:<br \/>\n&#8211; Apenas ter\u00e3o acesso a este espa\u00e7o, as crian\u00e7as inscritas no OriOasis, com esta indica\u00e7\u00e3o;<br \/>\n&#8211;\u00a0Cada crian\u00e7a receber\u00e1 uma pulseira que dever\u00e1 ser preenchida pelo respons\u00e1vel do menor;<br \/>\n&#8211; As pulseiras v\u00e3o ter a hora de partida do respons\u00e1vel, o qual pode deixar a crian\u00e7a no Babysitting 60 minutos antes da partida, devendo ir buscar a crian\u00e7a no m\u00e1ximo 30 minutos ap\u00f3s a hora de chegada.<br \/>\n<a href=\"#top\">&gt;&gt;para o topo<\/a><\/p>\n<p><strong><a id=\"banhos\"><\/a>Banhos<\/strong><\/p>\n<p><span style=\"font-weight: 400;\">&#8211; Em Santiago do Cac\u00e9m (Pavilh\u00e3o Desportivo Municipal)<br \/>\n<a href=\"#top\">&gt;&gt;para o topo<\/a><\/span><\/p>\n<p><strong><a id=\"modelevent\"><\/a>Model Event<\/strong><\/p>\n<p style=\"font-weight: 400;\">&#8211; O Model Event (evento modelo) ser\u00e1 em Relvas Verdes (Santiago do Cac\u00e9m);<br \/>\n&#8211; Os mapas ser\u00e3o distribu\u00eddos durante a acredita\u00e7\u00e3o, no Event Center (centro de evento) em Santiago do Cac\u00e9m;<br \/>\n&#8211; Por favor selecione a op\u00e7\u00e3o &#8220;Model Event&#8221; durante seu processo de inscri\u00e7\u00e3o. Quem n\u00e3o o fizer corre o risco de n\u00e3o ter mapa dispon\u00edvel.<br \/>\n<strong>Eventos de treino<\/strong><br \/>\n\u2013 O treino de dia 20 de fevereiro ser\u00e1 em Vila Nova de santo Andr\u00e9 (Santiago do Cac\u00e9m);<br \/>\n\u2013 O treino de dia 26 de fevereiro ser\u00e1 em Relvas Verdes (Santiago do Cac\u00e9m);<br \/>\n&#8211; Os mapas de dia 20 estar\u00e3o dispon\u00edveis no local do treino a partir das 10 horas;<br \/>\n\u2013 Os mapas de dia 26 ser\u00e3o distribu\u00eddos na acredita\u00e7\u00e3o, no centro de evento em Santiago do Cac\u00e9m;<\/p>\n<p><a href=\"#top\">&gt;&gt;para o topo<\/a><\/p>\n<p><strong><a id=\"wre\"><\/a>World Raking Event<\/strong><\/p>\n<p>&#8211; Na prova de dist\u00e2ncia Longa, no 2\u00ba dia de competi\u00e7\u00e3o, (dia 23 de Fevereiro), os escal\u00f5es de ELITE contam para o Ranking Mundial (WRE) da IOF;<br \/>\n&#8211; Durante esta prova n\u00e3o ser\u00e1 permitido o uso de rel\u00f3gios GPS com informa\u00e7\u00e3o cartogr\u00e1fica nos escal\u00f5es de Elite.<br \/>\n<a href=\"#top\">&gt;&gt;para o topo<\/a><\/p>\n<p><strong><a id=\"elitemasculina\"><\/a>Escal\u00f5es de Elite Masculina<\/strong><\/p>\n<p><span style=\"font-weight: 400;\">&#8211; Durante o processo de inscri\u00e7\u00e3o, os atletas de Elite devem fornecer o seu IOF World Ranking ID. Todos os atletas nestas classes t\u00eam de se inscrever tamb\u00e9m no <a href=\"https:\/\/eventor.orienteering.org\/Events\/Show\/6443\" target=\"_blank\" rel=\"noopener noreferrer\">IOF Eventor<\/a>.<br \/>\n&#8211; A Elite Masculina ser\u00e1 dividida em dois. Os melhores 100 de acordo com o Ranking mundial correr\u00e3o em M21SuperElite e os restantes em M21Elite<\/span>, sendo o crit\u00e9rio de separa\u00e7\u00e3o o Ranking Mundial dos atletas inscritos, a 20 dias da competi\u00e7\u00e3o. <a href=\"http:\/\/pom.pt\/2020\/wp-content\/uploads\/sites\/7\/2020\/01\/Regras-Men-Super-Elite-POM2020.pdf\" target=\"_blank\" rel=\"noopener noreferrer\">Verifique as Regras para Defini\u00e7\u00e3o e Atribui\u00e7\u00e3o de Vagas em Men Super Elite<\/a>.<br \/>\n&#8211; Ambos os escal\u00f5es contar\u00e3o para o Ranking Mundial conforme sugere a IOF.<br \/>\n<a href=\"#top\">&gt;&gt;para o topo<\/a><\/p>\n<p><strong><a id=\"chasingstart\"><\/a>Chasing Start<\/strong><\/p>\n<p><span style=\"font-weight: 400;\">&#8211; Na \u00faltima etapa, todos os escal\u00f5es de Elite (M21E e W21E) partir\u00e3o em regime de Chasing Start, pr\u00f3ximo da Arena;<br \/>\n&#8211; Os atletas que se encontrem a mais de uma hora da lideran\u00e7a ou que n\u00e3o tenham corrido qualquer das 3 etapas pontu\u00e1veis para a classifica\u00e7\u00e3o do POM partir\u00e3o em Mass Start, uma hora ap\u00f3s a partida do primeiro atleta;<br \/>\n&#8211; O primeiro atleta a terminar a sua prova ser\u00e1 o vencedor do respetivo escal\u00e3o.<br \/>\n<a href=\"#top\">&gt;&gt;para o topo<\/a><br \/>\n<\/span><\/p>\n<p><strong><a id=\"secretariado\"><\/a>Secretariado<\/strong><\/p>\n<p><span style=\"font-weight: 400;\">&#8211; O Secretariado ter\u00e1 a seguinte configura\u00e7\u00e3o:<\/span><\/p>\n<p><img loading=\"lazy\" decoding=\"async\" class=\"aligncenter wp-image-385 size-full\" src=\"http:\/\/pom.pt\/2020\/wp-content\/uploads\/sites\/7\/2020\/02\/secretariado.png\" alt=\"\" width=\"823\" height=\"470\" srcset=\"https:\/\/pom.pt\/2020\/wp-content\/uploads\/sites\/7\/2020\/02\/secretariado.png 823w, https:\/\/pom.pt\/2020\/wp-content\/uploads\/sites\/7\/2020\/02\/secretariado-300x171.png 300w, https:\/\/pom.pt\/2020\/wp-content\/uploads\/sites\/7\/2020\/02\/secretariado-768x439.png 768w\" sizes=\"auto, (max-width: 823px) 100vw, 823px\" \/><\/p>\n<p><span style=\"font-weight: 400;\">&#8211; O acesso \u00e0s linhas de levantamento de peitorais, mapas, etc, s\u00f3 \u00e9 permitido a quem tenha todos os pagamentos liquidados.<\/span><\/p>\n<p><strong><a id=\"preo\"><\/a>PreO<\/strong><\/p>\n<p>&#8211; As inscri\u00e7\u00f5es no PreO est\u00e3o limitadas \u00e0s primeiras 120.<br \/>\n<span style=\"font-weight: 400;\"><a href=\"#top\">&gt;&gt;para o topo<\/a><\/span><\/p>\n<p><strong><a id=\"peitoral\"><\/a>Peitoral POM 2020<\/strong><\/p>\n<p>&#8211; \u00c9 obrigat\u00f3ria a utiliza\u00e7\u00e3o do peitoral oficial do POM2020, que ser\u00e1 entregue durante a acredita\u00e7\u00e3o;<br \/>\n&#8211; Apenas ser\u00e1 permitida a partida de atletas com o peitoral corretamente colocado no seu equipamento;<br \/>\n&#8211; O peitoral oficial ter\u00e1 impressa a seguinte informa\u00e7\u00e3o: n\u00famero, nome, n\u00famero do SIcard, escal\u00e3o, clube e pa\u00eds.<br \/>\n<a href=\"#top\">&gt;&gt;para o topo<\/a><\/p>\n<p><a id=\"sicard\"><\/a><strong>Mudan\u00e7as N\u00famero SI-Card<\/strong><\/p>\n<p>&#8211; Quaisquer mudan\u00e7as no n\u00famero do SI-Card devem ser efectuadas no Secretariado antes da partida. N\u00e3o ser\u00e1 permitida a partida de atletas com altera\u00e7\u00f5es n\u00e3o validadas previamente no Secretariado.<br \/>\n&#8211; Cada altera\u00e7\u00e3o ter\u00e1 um custo de \u20ac2,00.<br \/>\n<a href=\"#top\">&gt;&gt;para o topo<\/a><\/p>\n<p><strong><a id=\"sistemacontrolo\"><\/a>Sistema de Controlo<\/strong><\/p>\n<p>&#8211; O sistema de controlo utilizado ser\u00e1 o SPORTident;<br \/>\n&#8211; O modo <em>contactless<\/em> AIR+ estar\u00e1 ativo em todas as etapas de Floresta e Sprint;<br \/>\n&#8211; Quem n\u00e3o possuir um SIAC pode utilizar o seu SICard como habitual sem problema;<br \/>\n&#8211; A organiza\u00e7\u00e3o ter\u00e1 SIAC&#8217;s dispon\u00edveis para alugar se desejar experimentar este sistema.<br \/>\n-&gt; A taxa de aluguer de um SIAC tem um valor fixo de 6\u20ac independentemente do n\u00famero de etapas.<br \/>\n(necess\u00e1rio deixar cau\u00e7\u00e3o de \u20ac80,00).<br \/>\n-&gt; Se desejar alugar um SIAC \u00e9 necess\u00e1rio proceder \u00e0 reserva, enviando um email para <a href=\"mailto:entries@pom.pt\">entries@pom.pt<\/a><br \/>\n<a href=\"#top\">&gt;&gt;para o topo<\/a><\/p>\n<p><strong><a id=\"tempospartida\"><\/a>Tempos Partida<\/strong><\/p>\n<p>&#8211; N\u00e3o ser\u00e1 permitida a mudan\u00e7a de horas de partida nos dias de competi\u00e7\u00e3o;<br \/>\n&#8211; Em caso de constrangimentos relacionados com o hor\u00e1rio de partida (exemplo: necessidade de uma hora de partida mais cedo no \u00faltimo dia), por favor assinale-o durante o processo de inscri\u00e7\u00e3o;<br \/>\n&#8211; Nos escal\u00f5es abertos e de forma\u00e7\u00e3o, os participantes t\u00eam uma janela de tempo na qual podem iniciar a sua participa\u00e7\u00e3o, recorrendo a uma esta\u00e7\u00e3o &#8220;START&#8221;, que guarda a hora de partida dos mesmos;<br \/>\nNo entanto, ir\u00e1 ser gerada uma lista com horas de partida definidas, que dever\u00e3o ser minimamente respeitadas, para que n\u00e3o haja acumula\u00e7\u00e3o de atletas no mesmo minuto.<br \/>\n<a href=\"#top\">&gt;&gt;para o topo<\/a><\/p>\n<p><strong><a id=\"tempoprova\"><\/a>Tempo limite por prova<\/strong><\/p>\n<p>&#8211; Os tempos limite para a realiza\u00e7\u00e3o dos percursos ser\u00e3o os seguintes:<br \/>\nDist\u00e2ncia longa &#8211; 3 horas;<br \/>\nDist\u00e2ncia m\u00e9dia &#8211; 2 horas;<br \/>\nSprint e Sprint Noturno &#8211; 1 hora;<br \/>\n<a href=\"#top\">&gt;&gt;para o topo<\/a><\/p>\n<p><strong><a id=\"fairplay\"><\/a>Fair Play<\/strong><\/p>\n<p>&#8211; No final de cada percurso os atletas podem ficar com o seu mapa, apelando-se ao Fair Play de todos no sentido de manter os mapas\/percursos secretos para os atletas que ainda n\u00e3o efetuaram a sua prova.<br \/>\n<a href=\"#top\">&gt;&gt;para o topo<\/a><\/p>\n<p><strong><a id=\"resultados\"><\/a>Resultados<\/strong><\/p>\n<p>&#8211; O resultado final do Portugal &#8216;O&#8217; Meeting 2020 ser\u00e1 definido pela soma dos pontos obtidos ao longo das 4 etapas pontu\u00e1veis, exceto nos escal\u00f5es de Elite, onde o vencedor do evento ser\u00e1 o primeiro atleta a terminar a \u00faltima etapa (Chasing Start);<br \/>\n&#8211; Os eventos de Sprint, Sprint Noturno e PreO n\u00e3o contar\u00e3o para a classifica\u00e7\u00e3o geral do POM2020. No entanto, haver\u00e1 uma classifica\u00e7\u00e3o geral e pr\u00e9mios para o somat\u00f3rio dos dois sprints (soma de tempos) e uma classifica\u00e7\u00e3o e pr\u00e9mios para o PreO.<br \/>\n<a href=\"#top\">&gt;&gt;para o topo<\/a><\/p>\n<p><strong><a id=\"premios\"><\/a>Pr\u00e9mios<\/strong><\/p>\n<p>&#8211; <em><strong>POM2020<\/strong><\/em>: Pr\u00e9mio para os 3 primeiros atletas de cada escal\u00e3o de competi\u00e7\u00e3o (5 primeiros atletas nos escal\u00f5es M21E, M21SE e W21E) e para os 3 melhores clubes. Todos os atletas inscritos nos escal\u00f5es de forma\u00e7\u00e3o (W\/M10 e W\/M12) ir\u00e3o receber uma lembran\u00e7a, independentemente da sua classifica\u00e7\u00e3o;<br \/>\n&#8211; <strong><em>WRE<\/em><\/strong>: Pr\u00e9mios para os 5 primeiros atletas nos escal\u00f5es W21E e M21SE;<br \/>\n&#8211; <strong><em>Sprint (Sprint Noturno e Sprint)<\/em><\/strong>: Pr\u00e9mios para os tr\u00eas primeiros de cada Escal\u00e3o;<br \/>\n&#8211; <strong><em>PreO<\/em><\/strong>: Pr\u00e9mios para os tr\u00eas primeiros atletas em cada classe.<br \/>\n<a href=\"#top\">&gt;&gt;para o topo<\/a><\/p>\n<p><a id=\"seguro\"><\/a><strong>Seguro Desportivo<\/strong><\/p>\n<p>&#8211; Os atletas federados na FPO estar\u00e3o segurados pelo seguro da mesma;<br \/>\n&#8211; Cidad\u00e3os portugueses e residentes em Portugal n\u00e3o federados na FPO tamb\u00e9m estar\u00e3o cobertos pelo seguro da FPO;<br \/>\n&#8211; Participantes estrangeiros e\/ou n\u00e3o residentes em Portugal n\u00e3o est\u00e3o cobertos por qualquer seguro, sendo da sua responsabilidade garantir o seu pr\u00f3prio seguro.<br \/>\n<a href=\"#top\">&gt;&gt;para o topo<\/a><\/p>\n<p><strong><a id=\"indicacoes\"><\/a>Indica\u00e7\u00f5es de Tr\u00e2nsito<\/strong><\/p>\n<p>&#8211; A localiza\u00e7\u00e3o dos estacionamentos (Coordenadas GPS) e a sua dist\u00e2ncia \u00e0s arenas ser\u00e1 divulgada. Haver\u00e1 sinaliza\u00e7\u00e3o recorrendo ao uso de setas de cor laranja e branca desde o estacionamento at\u00e9 \u00e0s Arenas.<br \/>\n&#8211; Por favor siga as instru\u00e7\u00f5es dadas pela Organiza\u00e7\u00e3o, quer para efeitos de estacionamento ou de condu\u00e7\u00e3o.<br \/>\n<a href=\"#top\">&gt;&gt;para o topo<\/a><\/p>\n<p><strong><a id=\"regras\"><\/a>Regras<\/strong><\/p>\n<p>&#8211; A competi\u00e7\u00e3o rege-se pelo Regulamento de Competi\u00e7\u00f5es da FPO em vigor. Perante qualquer caso omisso no regulamento da FPO ser\u00e1 aplicado o regulamento da IOF.<br \/>\n<a href=\"#top\">&gt;&gt;para o topo<\/a><\/p>\n<p><strong><a id=\"reclama\"><\/a>Reclama\u00e7\u00f5es<\/strong><\/p>\n<p>&#8211; Qualquer reclama\u00e7\u00e3o deve ser feita por escrito e apresentada no secretariado o mais r\u00e1pido poss\u00edvel, mas sempre at\u00e9 um m\u00e1ximo de 15 minutos ap\u00f3s concluir o respetivo percurso.<\/p>","protected":false},"excerpt":{"rendered":"<p>&nbsp; Arenas\u00a0 |\u00a0\u00a0Solo Duro\u00a0 |\u00a0\u00a0BabySitting\u00a0 |\u00a0\u00a0Banhos\u00a0 |\u00a0\u00a0Model Event\u00a0 |\u00a0\u00a0WREvent\u00a0 |\u00a0\u00a0Escal\u00e3o Elite Masc.\u00a0 |\u00a0\u00a0Chasing Start\u00a0 | Secretariado | PreO |\u00a0 Peitoral\u00a0 |\u00a0\u00a0Mudan\u00e7as SICard\u00a0 |\u00a0\u00a0Sistema Controlo\u00a0 |\u00a0\u00a0Tempos Partida\u00a0 |\u00a0\u00a0Tempos Limite de Prova\u00a0 |\u00a0\u00a0Fair Play\u00a0 |\u00a0\u00a0Resultados\u00a0 |\u00a0\u00a0Pr\u00e9mios\u00a0 |\u00a0\u00a0Seguro Desportivo\u00a0 |\u00a0\u00a0Indica\u00e7\u00f5es Tr\u00e2nsito\u00a0 |\u00a0\u00a0Regras \u00a0| Reclama\u00e7\u00f5es Arenas &#8211; Nas arenas os atletas ir\u00e3o ter \u00e0 sua disposi\u00e7\u00e3o todas as infraestruturas necess\u00e1rias (secretariado, inform\u00e1tica, servi\u00e7o de bar (excepto sprint), WC, babysitting(excepto sprints e PreO), primeiros socorros, resultados, speaker, etc); &#8211; Nas arenas das provas do Sprint e do Sprint Noturno n\u00e3o haver\u00e1 servi\u00e7o de bar; &#8211; No caso de pretender recorrer ao servi\u00e7o babysitting, por favor assinale essa op\u00e7\u00e3o durante o processo de inscri\u00e7\u00e3o no OriO\u00e1sis. [&hellip;]<\/p>\n","protected":false},"author":12,"featured_media":0,"parent":0,"menu_order":0,"comment_status":"closed","ping_status":"closed","template":"","meta":{"_monsterinsights_skip_tracking":false,"_monsterinsights_sitenote_active":false,"_monsterinsights_sitenote_note":"","_monsterinsights_sitenote_category":0,"footnotes":""},"class_list":["post-147","page","type-page","status-publish","hentry"],"_links":{"self":[{"href":"https:\/\/pom.pt\/2020\/pt\/wp-json\/wp\/v2\/pages\/147","targetHints":{"allow":["GET"]}}],"collection":[{"href":"https:\/\/pom.pt\/2020\/pt\/wp-json\/wp\/v2\/pages"}],"about":[{"href":"https:\/\/pom.pt\/2020\/pt\/wp-json\/wp\/v2\/types\/page"}],"author":[{"embeddable":true,"href":"https:\/\/pom.pt\/2020\/pt\/wp-json\/wp\/v2\/users\/12"}],"replies":[{"embeddable":true,"href":"https:\/\/pom.pt\/2020\/pt\/wp-json\/wp\/v2\/comments?post=147"}],"version-history":[{"count":17,"href":"https:\/\/pom.pt\/2020\/pt\/wp-json\/wp\/v2\/pages\/147\/revisions"}],"predecessor-version":[{"id":387,"href":"https:\/\/pom.pt\/2020\/pt\/wp-json\/wp\/v2\/pages\/147\/revisions\/387"}],"wp:attachment":[{"href":"https:\/\/pom.pt\/2020\/pt\/wp-json\/wp\/v2\/media?parent=147"}],"curies":[{"name":"wp","href":"https:\/\/api.w.org\/{rel}","templated":true}]}}