{"id":972,"date":"2019-02-27T19:09:17","date_gmt":"2019-02-27T19:09:17","guid":{"rendered":"http:\/\/pom.pt\/2019\/?page_id=972"},"modified":"2019-03-04T19:36:41","modified_gmt":"2019-03-04T19:36:41","slug":"avisos","status":"publish","type":"page","link":"https:\/\/pom.pt\/2019\/avisos\/","title":{"rendered":"AVISOS"},"content":{"rendered":"<p><a id=\"top\"><\/a><a href=\"#geral\">Avisos Gerais<\/a>\u00a0 |\u00a0 <a href=\"#sprintrelay\">SPORTident Sprint Relay<\/a>\u00a0 |\u00a0 <a href=\"#dia1\">Dia 1 Floresta<\/a> |\u00a0 <a href=\"#sprintnoturno\">Dia 1 Sprint Noturn<\/a>o<br \/>\n<a href=\"#dia2\">Dia 2 Floresta\u00a0<\/a> |\u00a0 <a href=\"#preo\">Dia 2 PreO<\/a>\u00a0 |\u00a0 <a href=\"#dia3\">Dia 3 EDP WRE<\/a>\u00a0 |\u00a0 <a href=\"#dia4\">Dia 4<\/a><\/p>\n<h3><a id=\"geral\"><\/a>Avisos Gerais<\/h3>\n<p>Teremos nas arenas pagamento com Multibanco MB, n\u00e3o levantamentos.<br \/>\nJunto do Secretariado teremos um posto de teste bateria do SI Air+<br \/>\nSer\u00e1 da responsabilidade do atleta verificar a capacidade de bateria do seu SI Air+<\/p>\n<h3><a id=\"sprintrelay\"><\/a>SPORTident Sprint Relay<\/h3>\n<p>Os atletas que n\u00e3o possuem o SI Air+ v\u00e3o receber o SI na entrada da Arena, por isso n\u00e3o devem levar o SI pr\u00f3prio.<br \/>\nTodos os atletas das estafetas e individuais t\u00eam de entrar para a quarentena que fecha pelas 13H30, devem chegar com tempo para fazer a entrada com calma e receber o SI Air+ (quem n\u00e3o tem)<br \/>\nAs ruas da cidade n\u00e3o est\u00e3o encerradas ao tr\u00e2nsito, solicitamos a aten\u00e7\u00e3o de todos, a \u00fanica via encerrada \u00e9 a da partida junto do tri\u00e2ngulo.<br \/>\nA entrega de pr\u00e9mios das estafetas e individuais ter\u00e1 lugar na Segunda-Feira, na arena de floresta, antes da entrega de pr\u00e9mios do WRE.<br \/>\n<a href=\"#top\">volta ao topo<\/a><\/p>\n<h3><a id=\"dia1\"><\/a>Dia 1 Floresta<\/h3>\n<p>Nenhum aviso neste momento<br \/>\n<a href=\"#top\">volta ao topo<\/a><\/p>\n<h3><a id=\"sprintnoturno\"><\/a>Dia 1 Sprint Noturno<\/h3>\n<p>Nenhum aviso neste momento<br \/>\n<a href=\"#top\">volta ao topo<\/a><\/p>\n<h3><a id=\"dia2\"><\/a>Dia 2 Floresta<\/h3>\n<p>Nenhum aviso neste momento<br \/>\n<a href=\"#top\">volta ao topo<\/a><\/p>\n<h3><a id=\"preo\"><\/a>Dia 2 PreO<\/h3>\n<p><a href=\"http:\/\/pom.pt\/2019\/wp-content\/uploads\/sites\/5\/2019\/02\/POM2019-PreO-Avisos.pdf\" target=\"_blank\" rel=\"noopener noreferrer\">Declara\u00e7\u00e3o sobre a utiliza\u00e7\u00e3o do SPORTident no PreO<\/a><br \/>\n<a href=\"#top\">volta ao topo<\/a><\/p>\n<h3><a id=\"dia3\"><\/a>Dia 3 EDP WRE<\/h3>\n<p>Nenhum aviso neste momento<br \/>\n<a href=\"#top\">volta ao topo<\/a><\/p>\n<h3><a id=\"dia4\"><\/a>Dia 4<\/h3>\n<p><strong><span style=\"color: #ff0000;\">As partidas do Chasing Start n\u00e3o ser\u00e3o na Arena. Ser\u00e3o junto \u00e0s Partidas dos restantes escal\u00f5es.<br \/>\n<\/span><span style=\"color: #ff0000;\">Tirem o tempo necess\u00e1rio para efetuar o caminho.<\/span><\/strong><br \/>\n<a href=\"#top\">volta ao topo<\/a><\/p>","protected":false},"excerpt":{"rendered":"<p>Avisos Gerais\u00a0 |\u00a0 SPORTident Sprint Relay\u00a0 |\u00a0 Dia 1 Floresta |\u00a0 Dia 1 Sprint Noturno Dia 2 Floresta\u00a0 |\u00a0 Dia 2 PreO\u00a0 |\u00a0 Dia 3 EDP WRE\u00a0 |\u00a0 Dia 4 Avisos Gerais Teremos nas arenas pagamento com Multibanco MB, n\u00e3o levantamentos. Junto do Secretariado teremos um posto de teste bateria do SI Air+ Ser\u00e1 da responsabilidade do atleta verificar a capacidade de bateria do seu SI Air+ SPORTident Sprint Relay Os atletas que n\u00e3o possuem o SI Air+ v\u00e3o receber o SI na entrada da Arena, por isso n\u00e3o devem levar o SI pr\u00f3prio. Todos os atletas das estafetas e individuais t\u00eam de entrar para a quarentena que fecha pelas [&hellip;]<\/p>\n","protected":false},"author":12,"featured_media":0,"parent":0,"menu_order":0,"comment_status":"closed","ping_status":"closed","template":"","meta":{"_monsterinsights_skip_tracking":false,"_monsterinsights_sitenote_active":false,"_monsterinsights_sitenote_note":"","_monsterinsights_sitenote_category":0,"footnotes":""},"class_list":["post-972","page","type-page","status-publish","hentry"],"_links":{"self":[{"href":"https:\/\/pom.pt\/2019\/wp-json\/wp\/v2\/pages\/972","targetHints":{"allow":["GET"]}}],"collection":[{"href":"https:\/\/pom.pt\/2019\/wp-json\/wp\/v2\/pages"}],"about":[{"href":"https:\/\/pom.pt\/2019\/wp-json\/wp\/v2\/types\/page"}],"author":[{"embeddable":true,"href":"https:\/\/pom.pt\/2019\/wp-json\/wp\/v2\/users\/12"}],"replies":[{"embeddable":true,"href":"https:\/\/pom.pt\/2019\/wp-json\/wp\/v2\/comments?post=972"}],"version-history":[{"count":4,"href":"https:\/\/pom.pt\/2019\/wp-json\/wp\/v2\/pages\/972\/revisions"}],"predecessor-version":[{"id":1062,"href":"https:\/\/pom.pt\/2019\/wp-json\/wp\/v2\/pages\/972\/revisions\/1062"}],"wp:attachment":[{"href":"https:\/\/pom.pt\/2019\/wp-json\/wp\/v2\/media?parent=972"}],"curies":[{"name":"wp","href":"https:\/\/api.w.org\/{rel}","templated":true}]}}