{"id":949,"date":"2019-02-26T12:31:48","date_gmt":"2019-02-26T12:31:48","guid":{"rendered":"http:\/\/pom.pt\/2019\/?page_id=949"},"modified":"2019-03-06T10:16:44","modified_gmt":"2019-03-06T10:16:44","slug":"live-info","status":"publish","type":"page","link":"https:\/\/pom.pt\/2019\/live-info\/","title":{"rendered":"Live Info"},"content":{"rendered":"<p><a id=\"top\"><\/a><a href=\"#starts\">Listas Partidas<\/a> |\u00a0 <a href=\"#gps\">GPS\u00a0<\/a> |\u00a0 <a href=\"#live\">Resultados ao Vivo<\/a>\u00a0 |\u00a0 Resultados: <a href=\"#d0\">Dia 0<\/a>\u00a0 :\u00a0 <a href=\"#d1\">Dia 1<\/a>\u00a0 :\u00a0 <a href=\"#d2\">Dia 2<\/a>\u00a0 :\u00a0 <a href=\"#d3\">Dia 3<\/a>\u00a0 :\u00a0 <a href=\"#d4\">Dia 4<\/a><\/p>\n<h3><a id=\"starts\"><\/a>Listas Partidas<\/h3>\n<p><a href=\"http:\/\/pom.pt\/archive\/2019\/startlists\/pom2019_startlist_sprintrelayteams.html\" target=\"_blank\" rel=\"noopener noreferrer\">Sprint Relay Equipas<\/a>\u00a0|\u00a0 <a href=\"http:\/\/pom.pt\/archive\/2019\/startlists\/pom2019_startlist_sprintrelayindividual.html\" target=\"_blank\" rel=\"noopener noreferrer\">Sprint Relay Individual<\/a><br \/>\n<a href=\"http:\/\/pom.pt\/archive\/2019\/startlists\/pom2019_startlist_forestdays.html\" target=\"_blank\" rel=\"noopener noreferrer\">Provas Floresta<\/a> | <a href=\"http:\/\/pom.pt\/archive\/2019\/startlists\/pom2019_startlist_nightsprint.html\" target=\"_blank\" rel=\"noopener noreferrer\">Sprint Noturno<\/a>\u00a0 |\u00a0 <a href=\"http:\/\/pom.pt\/archive\/2019\/startlists\/pom2019_startlists_preo.pdf\" target=\"_blank\" rel=\"noopener noreferrer\">PreO<\/a><\/p>\n<p><a href=\"http:\/\/pom.pt\/archive\/2019\/startlists\/pom2019_startlist_chasingstart.html\" target=\"_blank\" rel=\"noopener noreferrer\">Chasing Start<\/a><br \/>\n<strong><span style=\"color: #ff0000;\">AVISO &#8211; As partidas do Chasing Start n\u00e3o ser\u00e3o na Arena. Ser\u00e3o junto \u00e0s Partidas dos restantes escal\u00f5es.<br \/>\n<\/span><span style=\"color: #ff0000;\">Tirem o tempo necess\u00e1rio para efetuar o caminho.<\/span><\/strong><br \/>\n<a href=\"#top\">topo<\/a><\/p>\n<h3><a id=\"live\"><\/a>Resultados ao Vivo<\/h3>\n<p><a href=\"http:\/\/www.orioasis.pt\/liveores\/?event=1950&amp;stage=1\" target=\"_blank\" rel=\"noopener noreferrer\">Dia 1<\/a> <a href=\"http:\/\/www.orioasis.pt\/liveores\/?event=1950&amp;stage=6\" target=\"_blank\" rel=\"noopener noreferrer\">Sprint Noturno<\/a> |\u00a0 <a href=\"http:\/\/www.orioasis.pt\/liveores\/?event=1950&amp;stage=2\" target=\"_blank\" rel=\"noopener noreferrer\">Dia 2<\/a> |\u00a0 <a href=\"https:\/\/liveresultat.orientering.se\/followfull.php?lang=en&amp;comp=15054\" target=\"_blank\" rel=\"noopener noreferrer\">Dia 3(WRE)<\/a> <a href=\"http:\/\/www.orioasis.pt\/liveores\/?event=1950&amp;stage=3\" target=\"_blank\" rel=\"noopener noreferrer\">Dia 3 Todos Escal\u00f5es<\/a>\u00a0 |\u00a0 <a href=\"https:\/\/liveresultat.orientering.se\/followfull.php?lang=en&amp;comp=15055\" target=\"_blank\" rel=\"noopener noreferrer\">Dia 4<\/a> <a href=\"http:\/\/www.orioasis.pt\/liveores\/?event=1950&amp;stage=4\" target=\"_blank\" rel=\"noopener noreferrer\">Dia 4 Todos os Escal\u00f5es<\/a><br \/>\n<a href=\"#top\">topo<\/a><\/p>\n<h3><a id=\"gps\"><\/a>GPS<\/h3>\n<p>Dia 1: <a href=\"https:\/\/log.gl\/Bnk-yw\" target=\"_blank\" rel=\"noopener noreferrer\">MSE<\/a> <a href=\"https:\/\/log.gl\/Rz2EDA\" target=\"_blank\" rel=\"noopener noreferrer\">WE<\/a> <a href=\"http:\/\/pom.pt\/2019\/wp-content\/uploads\/sites\/5\/2019\/03\/GPS-Dia-1.pdf\">Lista Atletas<\/a>\u00a0 |\u00a0 Dia 2: <a href=\"https:\/\/log.gl\/VA-POQ\" target=\"_blank\" rel=\"noopener noreferrer\">MSE<\/a> <a href=\"https:\/\/log.gl\/U2Q-6Q\" target=\"_blank\" rel=\"noopener noreferrer\">WE<\/a> <a href=\"http:\/\/pom.pt\/2019\/wp-content\/uploads\/sites\/5\/2019\/03\/GPS-Dia-2.pdf\">Lista Atletas<\/a><br \/>\nDia 3: <a href=\"https:\/\/log.gl\/57ARaw\" target=\"_blank\" rel=\"noopener noreferrer\">MSE<\/a> <a href=\"https:\/\/log.gl\/UV44cQ\" target=\"_blank\" rel=\"noopener noreferrer\">WE<\/a> <a href=\"http:\/\/pom.pt\/2019\/wp-content\/uploads\/sites\/5\/2019\/03\/GPS-Dia-3.pdf\">Lista Atletas<\/a>\u00a0 |\u00a0 Dia 4: <a href=\"https:\/\/log.gl\/X7MvmA\" target=\"_blank\" rel=\"noopener noreferrer\">MSE<\/a> <a href=\"https:\/\/log.gl\/TQX4Sg\" target=\"_blank\" rel=\"noopener noreferrer\">WE<\/a> <a href=\"http:\/\/pom.pt\/2019\/wp-content\/uploads\/sites\/5\/2019\/03\/GPS-Dia-4.pdf\">Lista Atletas<\/a><br \/>\n<a href=\"#top\">topo<\/a><\/p>\n<h3>Resultados<\/h3>\n<p><strong><a id=\"d0\"><\/a>Dia 0<\/strong><br \/>\n<a href=\"http:\/\/pom.pt\/archive\/2019\/results\/pom2019_results_SPORTidentSprintRelay.html\" target=\"_blank\" rel=\"noopener noreferrer\">Sprint Relay Equipas<\/a>\u00a0 |\u00a0 <a href=\"http:\/\/pom.pt\/archive\/2019\/results\/pom2019_results_SPORTidentSprintRelayInd.html\" target=\"_blank\" rel=\"noopener noreferrer\">Sprint Relay Individual<\/a> | <a href=\"http:\/\/obasen.orientering.se\/winsplits\/online\/en\/default.asp?page=classes&amp;databaseId=60850\" target=\"_blank\" rel=\"noopener noreferrer\">Winsplits (individual)<\/a><br \/>\n<a href=\"#top\">topo<\/a><\/p>\n<p><strong><a id=\"d1\"><\/a>Dia 1<\/strong><br \/>\n<a href=\"http:\/\/pom.pt\/archive\/2019\/results\/pom2019_resultsday1.html\" target=\"_blank\" rel=\"noopener noreferrer\">Floresta\u00a0<\/a> |\u00a0 <a href=\"http:\/\/pom.pt\/archive\/2019\/results\/pom2019_splitsday1.html\" target=\"_blank\" rel=\"noopener noreferrer\">Splits<\/a> | <a href=\"http:\/\/obasen.orientering.se\/winsplits\/online\/en\/default.asp?page=classes&amp;databaseId=60839\">Winsplits<\/a><br \/>\n<a href=\"http:\/\/pom.pt\/archive\/2019\/results\/pom2019_resultsnightsprint.html\" target=\"_blank\" rel=\"noopener noreferrer\">Sprint Noturno<\/a>\u00a0 |\u00a0 <a href=\"http:\/\/pom.pt\/archive\/2019\/results\/pom2019_splitsnightsprint.html\" target=\"_blank\" rel=\"noopener noreferrer\">Splits<\/a> | <a href=\"http:\/\/obasen.orientering.se\/winsplits\/online\/en\/default.asp?page=classes&amp;databaseId=60848\">Winsplits<\/a><br \/>\n<a href=\"#top\">topo<\/a><\/p>\n<p><strong><a id=\"d2\"><\/a>Dia 2<\/strong><br \/>\n<a href=\"http:\/\/pom.pt\/archive\/2019\/results\/pom2019_resultsday2.html\" target=\"_blank\" rel=\"noopener noreferrer\">Floresta\u00a0<\/a> |\u00a0 <a href=\"http:\/\/pom.pt\/archive\/2019\/results\/pom2019_splitsday2.html\" target=\"_blank\" rel=\"noopener noreferrer\">Splits<\/a> | <a href=\"http:\/\/obasen.orientering.se\/winsplits\/online\/en\/default.asp?page=classes&amp;databaseId=60847\">Winsplits<\/a><br \/>\nPreO: <a href=\"http:\/\/pom.pt\/archive\/2019\/results\/pom2019_preo_open.pdf\" target=\"_blank\" rel=\"noopener noreferrer\">OPEN<\/a> , <a href=\"http:\/\/pom.pt\/archive\/2019\/results\/pom2019_preo_opendetails.pdf\" target=\"_blank\" rel=\"noopener noreferrer\">Detalhes OPEN<\/a>\u00a0 |\u00a0 <a href=\"http:\/\/pom.pt\/archive\/2019\/results\/pom2019_preo_para.pdf\" target=\"_blank\" rel=\"noopener noreferrer\">PARA<\/a> , <a href=\"http:\/\/pom.pt\/archive\/2019\/results\/pom2019_preo_paradetails.pdf\" target=\"_blank\" rel=\"noopener noreferrer\">Detalhes PARA<\/a><br \/>\n<a href=\"http:\/\/pom.pt\/archive\/2019\/results\/pom2019_overallresultsday2points.html\" target=\"_blank\" rel=\"noopener noreferrer\">Total Dia 1-2<\/a> |\u00a0 <a href=\"http:\/\/pom.pt\/archive\/2019\/results\/pom2019_overallresultsday2time.html\" target=\"_blank\" rel=\"noopener noreferrer\">Total Escal\u00f5es Elite<\/a><br \/>\n<a href=\"#top\">topo<\/a><\/p>\n<p><strong><a id=\"d3\"><\/a>Dia 3<\/strong><br \/>\n<a href=\"http:\/\/pom.pt\/archive\/2019\/results\/pom2019_resultsday3.html\" target=\"_blank\" rel=\"noopener noreferrer\">Floresta WRE<\/a>\u00a0 |\u00a0 <a href=\"http:\/\/pom.pt\/archive\/2019\/results\/pom2019_splitsday3.html\" target=\"_blank\" rel=\"noopener noreferrer\">Splits<\/a> | <a href=\"http:\/\/obasen.orientering.se\/winsplits\/online\/en\/default.asp?page=classes&amp;databaseId=60846\">Winsplits<\/a><br \/>\n<a href=\"http:\/\/pom.pt\/archive\/2019\/results\/pom2019_overallresultsday3points.html\" target=\"_blank\" rel=\"noopener noreferrer\">Total Dia 1-2-3<\/a>\u00a0 |\u00a0 <a href=\"http:\/\/pom.pt\/archive\/2019\/results\/pom2019_overallresultsday3time.html\" target=\"_blank\" rel=\"noopener noreferrer\">Total Escal\u00f5es Elite<\/a><br \/>\n<a href=\"#top\">topo<\/a><\/p>\n<p><strong><a id=\"d4\"><\/a>Dia 4<\/strong><br \/>\n<a href=\"http:\/\/pom.pt\/archive\/2019\/results\/pom2019_resultsday4.html\" target=\"_blank\" rel=\"noopener noreferrer\">Floresta<\/a>\u00a0 | <a href=\"http:\/\/pom.pt\/archive\/2019\/results\/pom2019_splitsday4.html\" target=\"_blank\" rel=\"noopener noreferrer\">Splits<\/a> | <a href=\"http:\/\/obasen.orientering.se\/winsplits\/online\/en\/default.asp?page=classes&amp;databaseId=60849\">Winsplits<\/a><br \/>\n<a href=\"http:\/\/pom.pt\/archive\/2019\/results\/pom2019_overallresultsday4points.html\" target=\"_blank\" rel=\"noopener noreferrer\">Total POM Escal\u00f5es (sem elite)<\/a><br \/>\n<a href=\"http:\/\/pom.pt\/archive\/2019\/results\/pom2019_overallresultsday4time.html\" target=\"_blank\" rel=\"noopener noreferrer\">Total POM Escal\u00f5es Elite<\/a><br \/>\n<a href=\"http:\/\/pom.pt\/archive\/2019\/results\/pom2019_results_teams.html\" target=\"_blank\" rel=\"noopener noreferrer\">Total POM Equipas<\/a><br \/>\n<a href=\"#top\">topo<\/a><\/p>\n<p><a href=\"http:\/\/pom.pt\/archive\/2019\/maps\/\"><strong>Mapas<\/strong><\/a><\/p>","protected":false},"excerpt":{"rendered":"<p>Listas Partidas |\u00a0 GPS\u00a0 |\u00a0 Resultados ao Vivo\u00a0 |\u00a0 Resultados: Dia 0\u00a0 :\u00a0 Dia 1\u00a0 :\u00a0 Dia 2\u00a0 :\u00a0 Dia 3\u00a0 :\u00a0 Dia 4 Listas Partidas Sprint Relay Equipas\u00a0|\u00a0 Sprint Relay Individual Provas Floresta | Sprint Noturno\u00a0 |\u00a0 PreO Chasing Start AVISO &#8211; As partidas do Chasing Start n\u00e3o ser\u00e3o na Arena. Ser\u00e3o junto \u00e0s Partidas dos restantes escal\u00f5es. Tirem o tempo necess\u00e1rio para efetuar o caminho. topo Resultados ao Vivo Dia 1 Sprint Noturno |\u00a0 Dia 2 |\u00a0 Dia 3(WRE) Dia 3 Todos Escal\u00f5es\u00a0 |\u00a0 Dia 4 Dia 4 Todos os Escal\u00f5es topo GPS Dia 1: MSE WE Lista Atletas\u00a0 |\u00a0 Dia 2: MSE WE Lista Atletas Dia 3: [&hellip;]<\/p>\n","protected":false},"author":12,"featured_media":0,"parent":0,"menu_order":0,"comment_status":"closed","ping_status":"closed","template":"","meta":{"_monsterinsights_skip_tracking":false,"_monsterinsights_sitenote_active":false,"_monsterinsights_sitenote_note":"","_monsterinsights_sitenote_category":0,"footnotes":""},"class_list":["post-949","page","type-page","status-publish","hentry"],"_links":{"self":[{"href":"https:\/\/pom.pt\/2019\/wp-json\/wp\/v2\/pages\/949","targetHints":{"allow":["GET"]}}],"collection":[{"href":"https:\/\/pom.pt\/2019\/wp-json\/wp\/v2\/pages"}],"about":[{"href":"https:\/\/pom.pt\/2019\/wp-json\/wp\/v2\/types\/page"}],"author":[{"embeddable":true,"href":"https:\/\/pom.pt\/2019\/wp-json\/wp\/v2\/users\/12"}],"replies":[{"embeddable":true,"href":"https:\/\/pom.pt\/2019\/wp-json\/wp\/v2\/comments?post=949"}],"version-history":[{"count":35,"href":"https:\/\/pom.pt\/2019\/wp-json\/wp\/v2\/pages\/949\/revisions"}],"predecessor-version":[{"id":1092,"href":"https:\/\/pom.pt\/2019\/wp-json\/wp\/v2\/pages\/949\/revisions\/1092"}],"wp:attachment":[{"href":"https:\/\/pom.pt\/2019\/wp-json\/wp\/v2\/media?parent=949"}],"curies":[{"name":"wp","href":"https:\/\/api.w.org\/{rel}","templated":true}]}}