{"id":785,"date":"2019-01-30T21:18:19","date_gmt":"2019-01-30T21:18:19","guid":{"rendered":"http:\/\/pom.pt\/2019\/?page_id=785"},"modified":"2019-02-10T23:27:22","modified_gmt":"2019-02-10T23:27:22","slug":"preo","status":"publish","type":"page","link":"https:\/\/pom.pt\/2019\/preo\/","title":{"rendered":"PreO"},"content":{"rendered":"<p><\/p>\n<h2><strong>Mapa:<\/strong> Quiaios<\/h2>\n<p><strong>Terreno: <\/strong>Terreno t\u00edpico de dunas portuguesas, boa visibilidade para o terreno e abundantes detalhes de relevo.<\/p>\n<p><strong>Cart\u00f3grafos:<\/strong>\u00a0Alexandre Reis<\/p>\n<p><strong>Diretor de Prova:<\/strong>\u00a0Rui Mora<\/p>\n<p><strong>Tra\u00e7ador de percursos:<\/strong>\u00a0Cl\u00e1udio Tereso<\/p>\n<p><strong>Supervisor FPO:\u00a0<\/strong>Nuno Pires<\/p>\n<p><strong>Escala do mapa:<\/strong>\u00a01:4.000<\/p>\n<p><strong>Equidist\u00e2ncia:<\/strong>\u00a02,5m<\/p>\n<p><strong>Estacionamento:<\/strong>\u00a0Nos locais indicados pela Organiza\u00e7\u00e3o<\/p>\n<p><strong>Informa\u00e7\u00f5es adicionais:<\/strong><\/p>\n<p>&#8211; Etapa a contar para a Ta\u00e7a de Portugal de Orienta\u00e7\u00e3o de Precis\u00e3o 2019.<\/p>\n<p>&#8211; Prova de PreO, disputada nas classes Aberta e Paral\u00edmpica<\/p>\n<p>&#8211; Secretariado do Evento na Arena do Campo de Tiro em Quiaios (1200m das partidas)<\/p>\n<p>&#8211; Checkin, entrega dos Cart\u00f5es e SI\u00b4 das 12H30 \u00e0s 13H15 (Partidas do PreO)<\/p>\n<p>&#8211; Primeira Partida: 13h30<\/p>\n<p>&#8211; Partidas de 2 em 2 minutos<\/p>\n<p>&#8211; Cerim\u00f3nia de Entrega de Pr\u00e9mios: 18h00<\/p>\n<p>&#8211; Trof\u00e9us para os 3 primeiros em cada Classe<\/p>\n<p>Nota:\u00a0A estrada onde se realiza a prova estar\u00e1 cortada ao tr\u00e2nsito, s\u00f3 sendo poss\u00edvel chegar ao estacionamento pelo caminho indicado pela organiza\u00e7\u00e3o, n\u00e3o sendo permitido atravessar a \u00e1rea de competi\u00e7\u00e3o<\/p>\n<p>Os atletas devem fazer-se acompanhar do Si Card que ser\u00e1 usado pra registo do tempo de prova<\/p>\n<p><strong>Regras e Regulamentos:\u00a0<\/strong>A prova rege-se pelas regras definidas pelas regras de Competi\u00e7\u00e3o Internacional da IOF para Trail-O 2019 e nas do Regulamento de Competi\u00e7\u00f5es da FPO 2019.<\/p>\n<p>Nota:\u00a0Nos Pontos Cronometrados, \u00e9 obrigat\u00f3rio dar as respostas segundo o Alfabeto Fon\u00e9tico Internacional (Alpha, Bravo, Charlie, Delta, Echo, Foxtrot)<\/p>\n<p>O prazo para a apresenta\u00e7\u00e3o de reclama\u00e7\u00f5es \u00e9 de 15 minutos ap\u00f3s a publica\u00e7\u00e3o dos resultados.<\/p>\n<p><strong>Acompanhantes:\u00a0<\/strong><\/p>\n<p>&#8211; Todos os atletas Paral\u00edmpicos poder-se-\u00e3o fazer acompanhar por um elemento na ajuda \u00e0 progress\u00e3o, cumprindo as regras de fair play, n\u00e3o comunicando com o atleta.<\/p>\n<p><strong>Informa\u00e7\u00e3o T\u00e9cnica Percurso:<\/strong><\/p>\n<p>Percurso Formal de n\u00edvel Elite, ou seja, em todos os controlos, h\u00e1 possibilidade de resposta Zero<\/p>\n<p><strong>A prova foi pensada para ser maioritariamente resolvida atrav\u00e9s do recurso a uma boa leitura de mapa, interpreta\u00e7\u00e3o do terreno e \u00e0 correta identifica\u00e7\u00e3o dos elementos.<\/strong><\/p>\n<p><strong>Deve privilegiar-se esse m\u00e9todo ao de utiliza\u00e7\u00e3o de alinhamentos ou azimutes.<\/strong><\/p>\n<p><strong>A dist\u00e2ncia de toler\u00e2ncia para uma baliza ser considerada uma resposta Zero \u00e9 de 5 metros. Isso significa que o atleta s\u00f3 deve responder Zero se a baliza no terreno estiver a mais de 5 metros do local que julga ser o correto.<\/strong><\/p>\n<table class=\" aligncenter\" style=\"width: 905px;\" width=\"643\">\n<tbody>\n<tr>\n<td style=\"width: 88px; text-align: center;\"><strong>Classe<\/strong><\/td>\n<td style=\"width: 144px; text-align: center;\"><strong>Dist\u00e2ncia\u00a0 \u00a0(m)<\/strong><\/td>\n<td style=\"width: 138.4px; text-align: center;\"><strong>Desn\u00edvel (m)<\/strong><\/td>\n<td style=\"width: 161.6px; text-align: center;\"><strong>Controlos<\/strong><\/td>\n<td style=\"width: 108px; text-align: center;\"><strong>Escala<\/strong><\/td>\n<td style=\"width: 133.6px; text-align: center;\"><strong>Equidist\u00e2ncia<\/strong><\/td>\n<td style=\"width: 88px; text-align: center;\"><strong>Tempo<\/strong><\/td>\n<\/tr>\n<tr>\n<td style=\"width: 88px; text-align: center;\">Aberto<\/td>\n<td style=\"width: 144px; text-align: center;\">800<\/td>\n<td style=\"width: 138.4px; text-align: center;\">5<\/td>\n<td style=\"width: 161.6px; text-align: center;\">23<\/td>\n<td style=\"width: 108px; text-align: center;\">1:4000<\/td>\n<td style=\"width: 133.6px; text-align: center;\">2,5m<\/td>\n<td style=\"width: 88px; text-align: center;\">95<\/td>\n<\/tr>\n<tr>\n<td style=\"width: 88px; text-align: center;\">Paral\u00edmpico<\/td>\n<td style=\"width: 144px; text-align: center;\">800<\/td>\n<td style=\"width: 138.4px; text-align: center;\">5<\/td>\n<td style=\"width: 161.6px; text-align: center;\">23<\/td>\n<td style=\"width: 108px; text-align: center;\">1:4000<\/td>\n<td style=\"width: 133.6px; text-align: center;\">2,5m<\/td>\n<td style=\"width: 88px; text-align: center;\">95<\/td>\n<\/tr>\n<\/tbody>\n<\/table>\n<ul>\n<li>Informa\u00e7\u00f5es provis\u00f3rias, sujeitas a altera\u00e7\u00e3o<\/li>\n<\/ul>\n<p><strong>Informa\u00e7\u00e3o Ponto Cronometrado:<\/strong><\/p>\n<p>1 Esta\u00e7\u00e3o com Pontos Cronometrados com 6 balizas no terreno e 3 desafios, realizados depois do Percurso Formal sem respostas Zero<\/p>\n<p>Tempo permitido no ponto cronometrado \u2013 1 minuto e 30 segundos<\/p>","protected":false},"excerpt":{"rendered":"<p>Mapa: Quiaios Terreno: Terreno t\u00edpico de dunas portuguesas, boa visibilidade para o terreno e abundantes detalhes de relevo. Cart\u00f3grafos:\u00a0Alexandre Reis Diretor de Prova:\u00a0Rui Mora Tra\u00e7ador de percursos:\u00a0Cl\u00e1udio Tereso Supervisor FPO:\u00a0Nuno Pires Escala do mapa:\u00a01:4.000 Equidist\u00e2ncia:\u00a02,5m Estacionamento:\u00a0Nos locais indicados pela Organiza\u00e7\u00e3o Informa\u00e7\u00f5es adicionais: &#8211; Etapa a contar para a Ta\u00e7a de Portugal de Orienta\u00e7\u00e3o de Precis\u00e3o 2019. &#8211; Prova de PreO, disputada nas classes Aberta e Paral\u00edmpica &#8211; Secretariado do Evento na Arena do Campo de Tiro em Quiaios (1200m das partidas) &#8211; Checkin, entrega dos Cart\u00f5es e SI\u00b4 das 12H30 \u00e0s 13H15 (Partidas do PreO) &#8211; Primeira Partida: 13h30 &#8211; Partidas de 2 em 2 minutos &#8211; Cerim\u00f3nia de Entrega [&hellip;]<\/p>\n","protected":false},"author":9,"featured_media":0,"parent":0,"menu_order":0,"comment_status":"closed","ping_status":"closed","template":"","meta":{"_monsterinsights_skip_tracking":false,"_monsterinsights_sitenote_active":false,"_monsterinsights_sitenote_note":"","_monsterinsights_sitenote_category":0,"footnotes":""},"class_list":["post-785","page","type-page","status-publish","hentry"],"_links":{"self":[{"href":"https:\/\/pom.pt\/2019\/wp-json\/wp\/v2\/pages\/785","targetHints":{"allow":["GET"]}}],"collection":[{"href":"https:\/\/pom.pt\/2019\/wp-json\/wp\/v2\/pages"}],"about":[{"href":"https:\/\/pom.pt\/2019\/wp-json\/wp\/v2\/types\/page"}],"author":[{"embeddable":true,"href":"https:\/\/pom.pt\/2019\/wp-json\/wp\/v2\/users\/9"}],"replies":[{"embeddable":true,"href":"https:\/\/pom.pt\/2019\/wp-json\/wp\/v2\/comments?post=785"}],"version-history":[{"count":6,"href":"https:\/\/pom.pt\/2019\/wp-json\/wp\/v2\/pages\/785\/revisions"}],"predecessor-version":[{"id":810,"href":"https:\/\/pom.pt\/2019\/wp-json\/wp\/v2\/pages\/785\/revisions\/810"}],"wp:attachment":[{"href":"https:\/\/pom.pt\/2019\/wp-json\/wp\/v2\/media?parent=785"}],"curies":[{"name":"wp","href":"https:\/\/api.w.org\/{rel}","templated":true}]}}