{"id":68,"date":"2018-02-16T22:06:23","date_gmt":"2018-02-16T22:06:23","guid":{"rendered":"http:\/\/pom.pt\/2019\/?page_id=68"},"modified":"2018-02-16T22:06:23","modified_gmt":"2018-02-16T22:06:23","slug":"mensagem-boas-vindas","status":"publish","type":"page","link":"https:\/\/pom.pt\/2019\/mensagem-boas-vindas\/","title":{"rendered":"Mensagem Boas Vindas"},"content":{"rendered":"<p>\u201c\u00c9 com particular emo\u00e7\u00e3o que a cidade da Figueira da Foz, a Associa\u00e7\u00e3o Desportiva do Mondego e toda a organiza\u00e7\u00e3o do Portugal o\u2019meeting 2019 vos d\u00e1 as boas-vindas. Evento maior do calend\u00e1rio desportivo da orienta\u00e7\u00e3o nacional, que normalmente conta com expressiva e importante presen\u00e7a dos melhores atletas nacionais e internacionais, o POM 2019 faz-nos puxar por todas as nossas energias e vontades em ordem \u00e0 organiza\u00e7\u00e3o de um evento s\u00e9rio, capaz e memor\u00e1vel.<\/p>\n<p>E porque o n\u00edvel organizacional da prova j\u00e1 atingiu patamares muito elevados, sobra sempre grande responsabilidade para quem, ano ap\u00f3s ano, se abalan\u00e7a \u00e0 organiza\u00e7\u00e3o de mais um POM.<\/p>\n<p>Mas n\u00f3s somos Figueira da Foz!<\/p>\n<p>E \u00e9 tamb\u00e9m por isso que, gostando de receber de bra\u00e7os abertos quem nos visita, gostando de mostrar o que \u00e9 nosso, gostando de partilhar, de trabalhar e amando a orienta\u00e7\u00e3o, estamos motivados para vos receber.<\/p>\n<p>Poder contar com a vossa presen\u00e7a em nossa \u201ccasa\u201d \u00e9 n\u00e3o s\u00f3 motivo de orgulho, mas tamb\u00e9m de grande satisfa\u00e7\u00e3o. Estamos prontos, vamos arrega\u00e7ar as mangas e, com a ajuda e trabalho de todos vamos tudo fazer para vos proporcionar momentos de pura competi\u00e7\u00e3o, conv\u00edvio e prazer. D\u00e1-nos o prazer da tua presen\u00e7a e companhia e, estamos certos, n\u00e3o te arrepender\u00e1s.<\/p>\n<p>Aceita o nosso desafio e vem-nos ajudar a tornar o POM2019 numa prova inesquec\u00edvel.\u201d<\/p>\n<p>V\u00edtor Rodrigues (diretor do evento)<\/p>","protected":false},"excerpt":{"rendered":"<p>\u201c\u00c9 com particular emo\u00e7\u00e3o que a cidade da Figueira da Foz, a Associa\u00e7\u00e3o Desportiva do Mondego e toda a organiza\u00e7\u00e3o do Portugal o\u2019meeting 2019 vos d\u00e1 as boas-vindas. Evento maior do calend\u00e1rio desportivo da orienta\u00e7\u00e3o nacional, que normalmente conta com expressiva e importante presen\u00e7a dos melhores atletas nacionais e internacionais, o POM 2019 faz-nos puxar por todas as nossas energias e vontades em ordem \u00e0 organiza\u00e7\u00e3o de um evento s\u00e9rio, capaz e memor\u00e1vel. E porque o n\u00edvel organizacional da prova j\u00e1 atingiu patamares muito elevados, sobra sempre grande responsabilidade para quem, ano ap\u00f3s ano, se abalan\u00e7a \u00e0 organiza\u00e7\u00e3o de mais um POM. Mas n\u00f3s somos Figueira da Foz! E \u00e9 [&hellip;]<\/p>\n","protected":false},"author":9,"featured_media":0,"parent":0,"menu_order":0,"comment_status":"closed","ping_status":"closed","template":"","meta":{"_monsterinsights_skip_tracking":false,"_monsterinsights_sitenote_active":false,"_monsterinsights_sitenote_note":"","_monsterinsights_sitenote_category":0,"footnotes":""},"class_list":["post-68","page","type-page","status-publish","hentry"],"_links":{"self":[{"href":"https:\/\/pom.pt\/2019\/wp-json\/wp\/v2\/pages\/68","targetHints":{"allow":["GET"]}}],"collection":[{"href":"https:\/\/pom.pt\/2019\/wp-json\/wp\/v2\/pages"}],"about":[{"href":"https:\/\/pom.pt\/2019\/wp-json\/wp\/v2\/types\/page"}],"author":[{"embeddable":true,"href":"https:\/\/pom.pt\/2019\/wp-json\/wp\/v2\/users\/9"}],"replies":[{"embeddable":true,"href":"https:\/\/pom.pt\/2019\/wp-json\/wp\/v2\/comments?post=68"}],"version-history":[{"count":1,"href":"https:\/\/pom.pt\/2019\/wp-json\/wp\/v2\/pages\/68\/revisions"}],"predecessor-version":[{"id":69,"href":"https:\/\/pom.pt\/2019\/wp-json\/wp\/v2\/pages\/68\/revisions\/69"}],"wp:attachment":[{"href":"https:\/\/pom.pt\/2019\/wp-json\/wp\/v2\/media?parent=68"}],"curies":[{"name":"wp","href":"https:\/\/api.w.org\/{rel}","templated":true}]}}