{"id":626,"date":"2019-01-20T13:16:45","date_gmt":"2019-01-20T13:16:45","guid":{"rendered":"http:\/\/pom.pt\/2019\/?page_id=626"},"modified":"2019-01-20T18:22:50","modified_gmt":"2019-01-20T18:22:50","slug":"escaloes","status":"publish","type":"page","link":"https:\/\/pom.pt\/2019\/escaloes\/","title":{"rendered":"Escal\u00f5es"},"content":{"rendered":"<p><\/p>\n<h2 style=\"text-align: center;\">Escal\u00f5es Etapas 1 a 4 e Sprint Noturno<\/h2>\n<div class=\"tabela6\" style=\"text-align: center;\">\n<table id=\"tablepress-6\" class=\"tablepress tablepress-id-6\">\n<thead>\n<tr class=\"row-1\">\n\t<th class=\"column-1\">Escal\u00f5es\ufeff<\/th><th class=\"column-2\">Ano Nascimento<\/th>\n<\/tr>\n<\/thead>\n<tbody class=\"row-striping row-hover\">\n<tr class=\"row-2\">\n\t<td class=\"column-1\">M\/W 10<\/td><td class=\"column-2\">2009 e ap\u00f3s<\/td>\n<\/tr>\n<tr class=\"row-3\">\n\t<td class=\"column-1\">M\/W 12<\/td><td class=\"column-2\">2007 e 2008<\/td>\n<\/tr>\n<tr class=\"row-4\">\n\t<td class=\"column-1\">M\/W 14<\/td><td class=\"column-2\">2005 e 2006<\/td>\n<\/tr>\n<tr class=\"row-5\">\n\t<td class=\"column-1\">M\/W 16<\/td><td class=\"column-2\">2003 e 2004<\/td>\n<\/tr>\n<tr class=\"row-6\">\n\t<td class=\"column-1\">M\/W 18<\/td><td class=\"column-2\">2001 e 2002<\/td>\n<\/tr>\n<tr class=\"row-7\">\n\t<td class=\"column-1\">M\/W 20<\/td><td class=\"column-2\">1999 e 2000<\/td>\n<\/tr>\n<tr class=\"row-8\">\n\t<td class=\"column-1\">M\/W 21E, 21A, 21B<\/td><td class=\"column-2\">1985 e 1998<\/td>\n<\/tr>\n<tr class=\"row-9\">\n\t<td class=\"column-1\">M\/W 35<\/td><td class=\"column-2\">1980 e 1984<\/td>\n<\/tr>\n<tr class=\"row-10\">\n\t<td class=\"column-1\">M\/W 40<\/td><td class=\"column-2\">1975 e 1979<\/td>\n<\/tr>\n<tr class=\"row-11\">\n\t<td class=\"column-1\">M\/W 45<\/td><td class=\"column-2\">1970 e 1974<\/td>\n<\/tr>\n<tr class=\"row-12\">\n\t<td class=\"column-1\">M\/W 50<\/td><td class=\"column-2\">1965 e 1969<\/td>\n<\/tr>\n<tr class=\"row-13\">\n\t<td class=\"column-1\">M\/W 55<\/td><td class=\"column-2\">1960 e 1964<\/td>\n<\/tr>\n<tr class=\"row-14\">\n\t<td class=\"column-1\">M\/W 60<\/td><td class=\"column-2\">1955 e 1959<\/td>\n<\/tr>\n<tr class=\"row-15\">\n\t<td class=\"column-1\">M\/W 65<\/td><td class=\"column-2\">1950 e 1954<\/td>\n<\/tr>\n<tr class=\"row-16\">\n\t<td class=\"column-1\">M\/W 70<\/td><td class=\"column-2\">1945 e 1949<\/td>\n<\/tr>\n<tr class=\"row-17\">\n\t<td class=\"column-1\">M\/W 75<\/td><td class=\"column-2\">1940 e 1944<\/td>\n<\/tr>\n<tr class=\"row-18\">\n\t<td class=\"column-1\">M\/W 80<\/td><td class=\"column-2\">1935 e 1939<\/td>\n<\/tr>\n<tr class=\"row-19\">\n\t<td class=\"column-1\">M\/W 85<\/td><td class=\"column-2\">1934 e antes<\/td>\n<\/tr>\n<\/tbody>\n<\/table>\n<!-- #tablepress-6 from cache --><\/div>\n<div style=\"text-align: center;\"><\/div>\n<div class=\"tabela7\" style=\"text-align: center;\">\n<table id=\"tablepress-7\" class=\"tablepress tablepress-id-7\">\n<thead>\n<tr class=\"row-1\">\n\t<th class=\"column-1\">Escal\u00f5es Abertos<br \/>\n<\/th><th class=\"column-2\">Qualquer Idade\/G\u00e9nero<br \/>\n<\/th>\n<\/tr>\n<\/thead>\n<tbody class=\"row-striping row-hover\">\n<tr class=\"row-2\">\n\t<td class=\"column-1\">Principiante<\/td><td class=\"column-2\">Os percursos para principiantes utilizam zonas do terreno com v\u00e1rias refer\u00eancias lineares como estradas, caminhos, edif\u00edcios \u00e1reas abertas, etc..<br \/>\nOs pontos de controlo est\u00e3o sempre localizados nas refer\u00eancias lineares e todos os pontos de decis\u00e3o t\u00eam um ponto de controlo.<\/td>\n<\/tr>\n<tr class=\"row-3\">\n\t<td class=\"column-1\">F\u00e1cil Curto<\/td><td class=\"column-2\">Percursos de 2 a 4 km, usando refer\u00eancias lineares, especialmente caminhos, sem dificuldade t\u00e9cnica.<br \/>\nN\u00e3o \u00e9 necess\u00e1ria experi\u00eancia em Orienta\u00e7\u00e3o nem boa capacidade f\u00edsica\/de endurance.<br \/>\n\u00c9 uma boa oportunidade para dar uma caminhada pela floresta com um desafio acrescido.<br \/>\n<\/td>\n<\/tr>\n<tr class=\"row-4\">\n\t<td class=\"column-1\">Dif\u00edcil Curto<\/td><td class=\"column-2\">Percurso entre 3 a 5 km, onde \u00e9 essencial ter algum conhecimento de Orienta\u00e7\u00e3o.<br \/>\nDificuldade t\u00e9cnica m\u00e9dia e baixo n\u00edvel de exig\u00eancia f\u00edsica.<br \/>\n<\/td>\n<\/tr>\n<tr class=\"row-5\">\n\t<td class=\"column-1\">F\u00e1cil Longo<\/td><td class=\"column-2\">Percursos de 4 a 6 km, com baixo n\u00edvel de exig\u00eancia t\u00e9cnica e f\u00edsica.<br \/>\nEstes percursos usam maioritariamente refer\u00eancias lineares e de f\u00e1cil identifica\u00e7\u00e3o.<br \/>\n<\/td>\n<\/tr>\n<tr class=\"row-6\">\n\t<td class=\"column-1\">Dif\u00edcil Longo<\/td><td class=\"column-2\">Percursos entre 4 a 7 km, com exig\u00eancia f\u00edsica m\u00e9dia\/alta, onde \u00e9 importante ter bases s\u00f3lidas de Orienta\u00e7\u00e3o.<br \/>\n<\/td>\n<\/tr>\n<\/tbody>\n<\/table>\n<!-- #tablepress-7 from cache --><\/div>\n<div><\/div>\n<div>\n<h2 style=\"text-align: center;\">Escal\u00f5es para o Sprint Relay<\/h2>\n<h3 style=\"text-align: center;\">Estafeta<\/h3>\n<div class=\"tabela8\" style=\"text-align: center;\">\n<table id=\"tablepress-8\" class=\"tablepress tablepress-id-8\">\n<tbody class=\"row-striping row-hover\">\n<tr class=\"row-1\">\n\t<td class=\"column-1\"><strong>Competi\u00e7\u00e3o<\/strong><\/td><td class=\"column-2\">Damas Leg 1, 4<br \/>\nHomens Leg 2, 3<\/td>\n<\/tr>\n<tr class=\"row-2\">\n\t<td class=\"column-1\"><strong>Aberta<\/strong><\/td><td class=\"column-2\">Qualquer agrupamento de g\u00e9nero, Leg 1-2-3-4<\/td>\n<\/tr>\n<\/tbody>\n<\/table>\n<!-- #tablepress-8 from cache --><\/div>\n<h3 style=\"text-align: center;\">Percursos Individuais<\/h3>\n<div class=\"tabela9\" style=\"text-align: center;\">\n<table id=\"tablepress-9\" class=\"tablepress tablepress-id-9\">\n<tbody class=\"row-striping row-hover\">\n<tr class=\"row-1\">\n\t<td class=\"column-1\">Jovens M\/W<\/td><td class=\"column-2\">10 -> 18<\/td>\n<\/tr>\n<tr class=\"row-2\">\n\t<td class=\"column-1\">Seniores M\/W<\/td><td class=\"column-2\">20 -> 35<\/td>\n<\/tr>\n<tr class=\"row-3\">\n\t<td class=\"column-1\">Veteranos M\/W<\/td><td class=\"column-2\">40 -> 60<\/td>\n<\/tr>\n<tr class=\"row-4\">\n\t<td class=\"column-1\">Super Veteranos M\/W<\/td><td class=\"column-2\">60 -> 65<\/td>\n<\/tr>\n<\/tbody>\n<\/table>\n<!-- #tablepress-9 from cache --><\/div>\n<\/div>\n<p>Escal\u00f5es\ufeff<\/th><th class=\"column-2\">Ano Nascimento<\/th>\n<\/tr>\n<\/thead>\n<tbody class=\"row-striping row-hover\">\n<tr class=\"row-2\">\n\t<td class=\"column-1\">M\/W 10<\/td><td class=\"column-2\">2009 e ap\u00f3s<\/td>\n<\/tr>\n<tr class=\"row-3\">\n\t<td class=\"column-1\">M\/W 12<\/td><td class=\"column-2\">2007 e 2008<\/td>\n<\/tr>\n<tr class=\"row-4\">\n\t<td class=\"column-1\">M\/W 14<\/td><td class=\"column-2\">2005 e 2006<\/td>\n<\/tr>\n<tr class=\"row-5\">\n\t<td class=\"column-1\">M\/W 16<\/td><td class=\"column-2\">2003 e 2004<\/td>\n<\/tr>\n<tr class=\"row-6\">\n\t<td class=\"column-1\">M\/W 18<\/td><td class=\"column-2\">2001 e 2002<\/td>\n<\/tr>\n<tr class=\"row-7\">\n\t<td class=\"column-1\">M\/W 20<\/td><td class=\"column-2\">1999 e 2000<\/td>\n<\/tr>\n<tr class=\"row-8\">\n\t<td class=\"column-1\">M\/W 21E, 21A, 21B<\/td><td class=\"column-2\">1985 e 1998<\/td>\n<\/tr>\n<tr class=\"row-9\">\n\t<td class=\"column-1\">M\/W 35<\/td><td class=\"column-2\">1980 e 1984<\/td>\n<\/tr>\n<tr class=\"row-10\">\n\t<td class=\"column-1\">M\/W 40<\/td><td class=\"column-2\">1975 e 1979<\/td>\n<\/tr>\n<tr class=\"row-11\">\n\t<td class=\"column-1\">M\/W 45<\/td><td class=\"column-2\">1970 e 1974<\/td>\n<\/tr>\n<tr class=\"row-12\">\n\t<td class=\"column-1\">M\/W 50<\/td><td class=\"column-2\">1965 e 1969<\/td>\n<\/tr>\n<tr class=\"row-13\">\n\t<td class=\"column-1\">M\/W 55<\/td><td class=\"column-2\">1960 e 1964<\/td>\n<\/tr>\n<tr class=\"row-14\">\n\t<td class=\"column-1\">M\/W 60<\/td><td class=\"column-2\">1955 e 1959<\/td>\n<\/tr>\n<tr class=\"row-15\">\n\t<td class=\"column-1\">M\/W 65<\/td><td class=\"column-2\">1950 e 1954<\/td>\n<\/tr>\n<tr class=\"row-16\">\n\t<td class=\"column-1\">M\/W 70<\/td><td class=\"column-2\">1945 e 1949<\/td>\n<\/tr>\n<tr class=\"row-17\">\n\t<td class=\"column-1\">M\/W 75<\/td><td class=\"column-2\">1940 e 1944<\/td>\n<\/tr>\n<tr class=\"row-18\">\n\t<td class=\"column-1\">M\/W 80<\/td><td class=\"column-2\">1935 e 1939<\/td>\n<\/tr>\n<tr class=\"row-19\">\n\t<td class=\"column-1\">M\/W 85<\/td><td class=\"column-2\">1934 e antes<\/td>\n<\/tr>\n<\/tbody>\n<\/table>\n<\/div>\n<div><\/div>\n<div class=\"tabela7\">\n<table id=\"tablepress-7-no-2\" class=\"tablepress tablepress-id-7\">\n<thead>\n<tr class=\"row-1\">\n\t<th class=\"column-1\">Escal\u00f5es Abertos<br \/>\n<\/th><th class=\"column-2\">Qualquer Idade\/G\u00e9nero<br \/>\n<\/th>\n<\/tr>\n<\/thead>\n<tbody class=\"row-striping row-hover\">\n<tr class=\"row-2\">\n\t<td class=\"column-1\">Principiante<\/td><td class=\"column-2\">Os percursos para principiantes utilizam zonas do terreno com v\u00e1rias refer\u00eancias lineares como estradas, caminhos, edif\u00edcios \u00e1reas abertas, etc..<br \/>\nOs pontos de controlo est\u00e3o sempre localizados nas refer\u00eancias lineares e todos os pontos de decis\u00e3o t\u00eam um ponto de controlo.<\/td>\n<\/tr>\n<tr class=\"row-3\">\n\t<td class=\"column-1\">F\u00e1cil Curto<\/td><td class=\"column-2\">Percursos de 2 a 4 km, usando refer\u00eancias lineares, especialmente caminhos, sem dificuldade t\u00e9cnica.<br \/>\nN\u00e3o \u00e9 necess\u00e1ria experi\u00eancia em Orienta\u00e7\u00e3o nem boa capacidade f\u00edsica\/de endurance.<br \/>\n\u00c9 uma boa oportunidade para dar uma caminhada pela floresta com um desafio acrescido.<br \/>\n<\/td>\n<\/tr>\n<tr class=\"row-4\">\n\t<td class=\"column-1\">Dif\u00edcil Curto<\/td><td class=\"column-2\">Percurso entre 3 a 5 km, onde \u00e9 essencial ter algum conhecimento de Orienta\u00e7\u00e3o.<br \/>\nDificuldade t\u00e9cnica m\u00e9dia e baixo n\u00edvel de exig\u00eancia f\u00edsica.<br \/>\n<\/td>\n<\/tr>\n<tr class=\"row-5\">\n\t<td class=\"column-1\">F\u00e1cil Longo<\/td><td class=\"column-2\">Percursos de 4 a 6 km, com baixo n\u00edvel de exig\u00eancia t\u00e9cnica e f\u00edsica.<br \/>\nEstes percursos usam maioritariamente refer\u00eancias lineares e de f\u00e1cil identifica\u00e7\u00e3o.<br \/>\n<\/td>\n<\/tr>\n<tr class=\"row-6\">\n\t<td class=\"column-1\">Dif\u00edcil Longo<\/td><td class=\"column-2\">Percursos entre 4 a 7 km, com exig\u00eancia f\u00edsica m\u00e9dia\/alta, onde \u00e9 importante ter bases s\u00f3lidas de Orienta\u00e7\u00e3o.<br \/>\n<\/td>\n<\/tr>\n<\/tbody>\n<\/table>\n<\/div>\n<div><\/div>\n<div>\n<h2 style=\"text-align: center;\">Classes for Sprint Relay<\/h2>\n<\/div>\n<h3 style=\"text-align: center;\">Relay<\/h3>\n<div class=\"tabela8\" style=\"text-align: center;\">\n<table id=\"tablepress-8-no-2\" class=\"tablepress tablepress-id-8\">\n<tbody class=\"row-striping row-hover\">\n<tr class=\"row-1\">\n\t<td class=\"column-1\"><strong>Competi\u00e7\u00e3o<\/strong><\/td><td class=\"column-2\">Damas Leg 1, 4<br \/>\nHomens Leg 2, 3<\/td>\n<\/tr>\n<tr class=\"row-2\">\n\t<td class=\"column-1\"><strong>Aberta<\/strong><\/td><td class=\"column-2\">Qualquer agrupamento de g\u00e9nero, Leg 1-2-3-4<\/td>\n<\/tr>\n<\/tbody>\n<\/table>\n<\/div>\n<h3 style=\"text-align: center;\">Individual Courses<\/h3>\n<div class=\"tabela9\" style=\"text-align: center;\">\n<table id=\"tablepress-9-no-2\" class=\"tablepress tablepress-id-9\">\n<tbody class=\"row-striping row-hover\">\n<tr class=\"row-1\">\n\t<td class=\"column-1\">Jovens M\/W<\/td><td class=\"column-2\">10 -> 18<\/td>\n<\/tr>\n<tr class=\"row-2\">\n\t<td class=\"column-1\">Seniores M\/W<\/td><td class=\"column-2\">20 -> 35<\/td>\n<\/tr>\n<tr class=\"row-3\">\n\t<td class=\"column-1\">Veteranos M\/W<\/td><td class=\"column-2\">40 -> 60<\/td>\n<\/tr>\n<tr class=\"row-4\">\n\t<td class=\"column-1\">Super Veteranos M\/W<\/td><td class=\"column-2\">60 -> 65<\/td>\n<\/tr>\n<\/tbody>\n<\/table>\n<\/div>\n<p><\/p>","protected":false},"excerpt":{"rendered":"<p>Escal\u00f5es Etapas 1 a 4 e Sprint Noturno Escal\u00f5es para o Sprint Relay Estafeta Percursos Individuais<\/p>\n","protected":false},"author":12,"featured_media":0,"parent":0,"menu_order":0,"comment_status":"closed","ping_status":"closed","template":"","meta":{"_monsterinsights_skip_tracking":false,"_monsterinsights_sitenote_active":false,"_monsterinsights_sitenote_note":"","_monsterinsights_sitenote_category":0,"footnotes":""},"class_list":["post-626","page","type-page","status-publish","hentry"],"_links":{"self":[{"href":"https:\/\/pom.pt\/2019\/wp-json\/wp\/v2\/pages\/626","targetHints":{"allow":["GET"]}}],"collection":[{"href":"https:\/\/pom.pt\/2019\/wp-json\/wp\/v2\/pages"}],"about":[{"href":"https:\/\/pom.pt\/2019\/wp-json\/wp\/v2\/types\/page"}],"author":[{"embeddable":true,"href":"https:\/\/pom.pt\/2019\/wp-json\/wp\/v2\/users\/12"}],"replies":[{"embeddable":true,"href":"https:\/\/pom.pt\/2019\/wp-json\/wp\/v2\/comments?post=626"}],"version-history":[{"count":114,"href":"https:\/\/pom.pt\/2019\/wp-json\/wp\/v2\/pages\/626\/revisions"}],"predecessor-version":[{"id":777,"href":"https:\/\/pom.pt\/2019\/wp-json\/wp\/v2\/pages\/626\/revisions\/777"}],"wp:attachment":[{"href":"https:\/\/pom.pt\/2019\/wp-json\/wp\/v2\/media?parent=626"}],"curies":[{"name":"wp","href":"https:\/\/api.w.org\/{rel}","templated":true}]}}