{"id":60,"date":"2018-02-16T21:44:39","date_gmt":"2018-02-16T21:44:39","guid":{"rendered":"http:\/\/pom.pt\/2019\/?page_id=60"},"modified":"2018-02-24T09:42:25","modified_gmt":"2018-02-24T09:42:25","slug":"bem-vindos","status":"publish","type":"page","link":"https:\/\/pom.pt\/2019\/bem-vindos\/","title":{"rendered":"Apresenta\u00e7\u00e3o"},"content":{"rendered":"<p>A Associa\u00e7\u00e3o Desportiva do Mondego (ADM-Ori Mondego), vai organizar o Portugal\u00a0\u201cO\u201d Meeting, a maior prova da orienta\u00e7\u00e3o em Portugal.<\/p>\n<p>Depois de em 2010 a Figueira da Foz ter acolhido o evento vai agora, passados nove anos, voltar a receber nos terrenos de dunas e pinhal esta competi\u00e7\u00e3o.<\/p>\n<p>Desde a primeira hora que as entidades locais mostraram toda a disponibilidade para em conjunto com a Associa\u00e7\u00e3o Desportiva do Mondego (ADM-Ori Mondego) organizarmos um evento de qualidade e que satisfa\u00e7a todos os que nos ir\u00e3o visitar.<\/p>\n<p>O Portugal \u201cO\u201d Meeting \u00e9 um evento de orienta\u00e7\u00e3o pedestre, integrado no Ranking da Federa\u00e7\u00e3o Internacional de Orienta\u00e7\u00e3o (IOF) e no Ranking da ta\u00e7a de Portugal da\u00a0Federa\u00e7\u00e3o Portuguesa de Orienta\u00e7\u00e3o. \u00c9 um evento aberto a pessoas de qualquer idade, podendo participar nos escal\u00f5es de competi\u00e7\u00e3o ou nos escal\u00f5es abertos, individualmente ou em grupo.<\/p>\n<p>Convidamos todos amantes da Orienta\u00e7\u00e3o a participar neste evento, desejando desde j\u00e1 as boas vindas.<\/p>","protected":false},"excerpt":{"rendered":"<p>A Associa\u00e7\u00e3o Desportiva do Mondego (ADM-Ori Mondego), vai organizar o Portugal\u00a0\u201cO\u201d Meeting, a maior prova da orienta\u00e7\u00e3o em Portugal. Depois de em 2010 a Figueira da Foz ter acolhido o evento vai agora, passados nove anos, voltar a receber nos terrenos de dunas e pinhal esta competi\u00e7\u00e3o. Desde a primeira hora que as entidades locais mostraram toda a disponibilidade para em conjunto com a Associa\u00e7\u00e3o Desportiva do Mondego (ADM-Ori Mondego) organizarmos um evento de qualidade e que satisfa\u00e7a todos os que nos ir\u00e3o visitar. O Portugal \u201cO\u201d Meeting \u00e9 um evento de orienta\u00e7\u00e3o pedestre, integrado no Ranking da Federa\u00e7\u00e3o Internacional de Orienta\u00e7\u00e3o (IOF) e no Ranking da ta\u00e7a de Portugal [&hellip;]<\/p>\n","protected":false},"author":9,"featured_media":0,"parent":0,"menu_order":0,"comment_status":"closed","ping_status":"closed","template":"","meta":{"_monsterinsights_skip_tracking":false,"_monsterinsights_sitenote_active":false,"_monsterinsights_sitenote_note":"","_monsterinsights_sitenote_category":0,"footnotes":""},"class_list":["post-60","page","type-page","status-publish","hentry"],"_links":{"self":[{"href":"https:\/\/pom.pt\/2019\/wp-json\/wp\/v2\/pages\/60","targetHints":{"allow":["GET"]}}],"collection":[{"href":"https:\/\/pom.pt\/2019\/wp-json\/wp\/v2\/pages"}],"about":[{"href":"https:\/\/pom.pt\/2019\/wp-json\/wp\/v2\/types\/page"}],"author":[{"embeddable":true,"href":"https:\/\/pom.pt\/2019\/wp-json\/wp\/v2\/users\/9"}],"replies":[{"embeddable":true,"href":"https:\/\/pom.pt\/2019\/wp-json\/wp\/v2\/comments?post=60"}],"version-history":[{"count":6,"href":"https:\/\/pom.pt\/2019\/wp-json\/wp\/v2\/pages\/60\/revisions"}],"predecessor-version":[{"id":79,"href":"https:\/\/pom.pt\/2019\/wp-json\/wp\/v2\/pages\/60\/revisions\/79"}],"wp:attachment":[{"href":"https:\/\/pom.pt\/2019\/wp-json\/wp\/v2\/media?parent=60"}],"curies":[{"name":"wp","href":"https:\/\/api.w.org\/{rel}","templated":true}]}}