{"id":51,"date":"2018-02-16T21:32:54","date_gmt":"2018-02-16T21:32:54","guid":{"rendered":"http:\/\/pom.pt\/2019\/?page_id=51"},"modified":"2018-09-05T10:21:24","modified_gmt":"2018-09-05T10:21:24","slug":"campos-de-treino","status":"publish","type":"page","link":"https:\/\/pom.pt\/2019\/campos-de-treino\/","title":{"rendered":"Campos de treino"},"content":{"rendered":"<p><\/p>\n<div>A ADM Ori-Mondego tem uma parceria de coopera\u00e7\u00e3o com a empresa O-Portugal.<\/div>\n<div>O conceito desta parceria \u00e9 proporcionar oportunidades de treino de elevada qualidade a todos os atletas que pretendam, nesta altura do ano, ter possibilidade de efectuar treinos t\u00e9cnicos.<\/div>\n<div><\/div>\n<div>\n<div>A empresa oferece n\u00e3o s\u00f3 pacotes para campos de treino mas tamb\u00e9m pacotes para as v\u00e1rias competi\u00e7\u00f5es internacionais em Portugal.<\/div>\n<div>Em baixo podem ver os pacotes dispon\u00edveis perto do\u00a0Portugal &#8220;O&#8221; Meeting 2019.<\/div>\n<div><\/div>\n<div>\n<table class=\" alignleft\">\n<tbody>\n<tr>\n<td><a href=\"https:\/\/www.o-portugal.pt\/packages-tours\/pom-competition-package\/\"><img loading=\"lazy\" decoding=\"async\" class=\"aligncenter wp-image-221 size-medium\" src=\"http:\/\/pom.pt\/2019\/wp-content\/uploads\/sites\/5\/2018\/09\/pom_2-300x300.png\" alt=\"\" width=\"300\" height=\"300\" srcset=\"https:\/\/pom.pt\/2019\/wp-content\/uploads\/sites\/5\/2018\/09\/pom_2-300x300.png 300w, https:\/\/pom.pt\/2019\/wp-content\/uploads\/sites\/5\/2018\/09\/pom_2-150x150.png 150w, https:\/\/pom.pt\/2019\/wp-content\/uploads\/sites\/5\/2018\/09\/pom_2.png 401w\" sizes=\"auto, (max-width: 300px) 100vw, 300px\" \/><\/a><\/td>\n<td><a href=\"https:\/\/www.o-portugal.pt\/packages-tours\/sand-dunes\/\"><img loading=\"lazy\" decoding=\"async\" class=\"aligncenter wp-image-222 size-medium\" src=\"http:\/\/pom.pt\/2019\/wp-content\/uploads\/sites\/5\/2018\/09\/sd_1-300x300.png\" alt=\"\" width=\"300\" height=\"300\" srcset=\"https:\/\/pom.pt\/2019\/wp-content\/uploads\/sites\/5\/2018\/09\/sd_1-300x300.png 300w, https:\/\/pom.pt\/2019\/wp-content\/uploads\/sites\/5\/2018\/09\/sd_1-150x150.png 150w, https:\/\/pom.pt\/2019\/wp-content\/uploads\/sites\/5\/2018\/09\/sd_1.png 401w\" sizes=\"auto, (max-width: 300px) 100vw, 300px\" \/><\/a><\/td>\n<\/tr>\n<tr>\n<td style=\"vertical-align: top\">\n<h4 class=\" bd-textblock-47 bd-content-element\">POM 2019<\/h4>\n<p class=\" bd-textblock-8 bd-content-element\">Vai participar no Portugal &#8220;O&#8221; Meeting 2019?<br \/>\nEnt\u00e3o veja o pacote para o evento, incluindo alojamento, alimenta\u00e7\u00e3o e as inscri\u00e7\u00f5es no evento.<\/p>\n<\/td>\n<td>\n<h4 class=\" bd-textblock-42 bd-content-element\">Campos de Treino<\/h4>\n<p>Para quem procura realizar treinos de Orienta\u00e7\u00e3o de alta qualidade num terreno r\u00e1pido e t\u00e9cnico.<\/td>\n<\/tr>\n<\/tbody>\n<\/table>\n<\/div>\n<div><\/div>\n<div><\/div>\n<div><\/div>\n<\/div>\n<div><\/div>\n<div><\/div>\n<div><\/div>\n<div><\/div>\n<div><\/div>\n<div><\/div>\n<div>Para saber mais informa\u00e7\u00f5es sobre estes e outros pacotes aceda ao website:\u00a0<a href=\"http:\/\/www.o-portugal.pt\/\">www.o-portugal.pt<\/a><\/div>\n<p><\/p>","protected":false},"excerpt":{"rendered":"<p>A ADM Ori-Mondego tem uma parceria de coopera\u00e7\u00e3o com a empresa O-Portugal. O conceito desta parceria \u00e9 proporcionar oportunidades de treino de elevada qualidade a todos os atletas que pretendam, nesta altura do ano, ter possibilidade de efectuar treinos t\u00e9cnicos. A empresa oferece n\u00e3o s\u00f3 pacotes para campos de treino mas tamb\u00e9m pacotes para as v\u00e1rias competi\u00e7\u00f5es internacionais em Portugal. Em baixo podem ver os pacotes dispon\u00edveis perto do\u00a0Portugal &#8220;O&#8221; Meeting 2019. POM 2019 Vai participar no Portugal &#8220;O&#8221; Meeting 2019? Ent\u00e3o veja o pacote para o evento, incluindo alojamento, alimenta\u00e7\u00e3o e as inscri\u00e7\u00f5es no evento. Campos de Treino Para quem procura realizar treinos de Orienta\u00e7\u00e3o de alta qualidade num [&hellip;]<\/p>\n","protected":false},"author":9,"featured_media":0,"parent":0,"menu_order":0,"comment_status":"closed","ping_status":"closed","template":"","meta":{"_monsterinsights_skip_tracking":false,"_monsterinsights_sitenote_active":false,"_monsterinsights_sitenote_note":"","_monsterinsights_sitenote_category":0,"footnotes":""},"class_list":["post-51","page","type-page","status-publish","hentry"],"_links":{"self":[{"href":"https:\/\/pom.pt\/2019\/wp-json\/wp\/v2\/pages\/51","targetHints":{"allow":["GET"]}}],"collection":[{"href":"https:\/\/pom.pt\/2019\/wp-json\/wp\/v2\/pages"}],"about":[{"href":"https:\/\/pom.pt\/2019\/wp-json\/wp\/v2\/types\/page"}],"author":[{"embeddable":true,"href":"https:\/\/pom.pt\/2019\/wp-json\/wp\/v2\/users\/9"}],"replies":[{"embeddable":true,"href":"https:\/\/pom.pt\/2019\/wp-json\/wp\/v2\/comments?post=51"}],"version-history":[{"count":8,"href":"https:\/\/pom.pt\/2019\/wp-json\/wp\/v2\/pages\/51\/revisions"}],"predecessor-version":[{"id":225,"href":"https:\/\/pom.pt\/2019\/wp-json\/wp\/v2\/pages\/51\/revisions\/225"}],"wp:attachment":[{"href":"https:\/\/pom.pt\/2019\/wp-json\/wp\/v2\/media?parent=51"}],"curies":[{"name":"wp","href":"https:\/\/api.w.org\/{rel}","templated":true}]}}