{"id":49,"date":"2018-02-16T21:29:48","date_gmt":"2018-02-16T21:29:48","guid":{"rendered":"http:\/\/pom.pt\/2019\/?page_id=49"},"modified":"2018-08-01T22:03:38","modified_gmt":"2018-08-01T22:03:38","slug":"alojamento","status":"publish","type":"page","link":"https:\/\/pom.pt\/2019\/alojamento\/","title":{"rendered":"Alojamento"},"content":{"rendered":"<p><\/p>\n<h2><strong>Alojamentos<\/strong><\/h2>\n<p>&nbsp;<\/p>\n<p>Temos v\u00e1rios alojamentos dispon\u00edveis para o Portugal O Meeting 2019, na Figueira da Foz e arredores.<br \/>\n<img loading=\"lazy\" decoding=\"async\" class=\"size-medium wp-image-144 alignright\" src=\"http:\/\/pom.pt\/2019\/wp-content\/uploads\/sites\/5\/2018\/08\/figueira-300x191.png\" alt=\"\" width=\"300\" height=\"191\" srcset=\"https:\/\/pom.pt\/2019\/wp-content\/uploads\/sites\/5\/2018\/08\/figueira-300x191.png 300w, https:\/\/pom.pt\/2019\/wp-content\/uploads\/sites\/5\/2018\/08\/figueira-768x490.png 768w, https:\/\/pom.pt\/2019\/wp-content\/uploads\/sites\/5\/2018\/08\/figueira-1024x653.png 1024w, https:\/\/pom.pt\/2019\/wp-content\/uploads\/sites\/5\/2018\/08\/figueira.png 1668w\" sizes=\"auto, (max-width: 300px) 100vw, 300px\" \/><\/p>\n<h3><strong>Hot\u00e9is &amp; Hostels<\/strong><\/h3>\n<p style=\"text-align: left\">Podem ver a sele\u00e7\u00e3o de hot\u00e9is e hostels que temos dispon\u00edveis para para reserva durante o Portugal \u201cO\u201d Meeting 2019.<\/p>\n<p>Poder\u00e3o ser adicionadas mais op\u00e7\u00f5es posteriormente, pelo que, podem voltar a visitar a p\u00e1gina no futuro caso n\u00e3o encontrem a tipologia de alojamento que pretendem.<\/p>\n<p>&nbsp;<\/p>\n<h3><strong>Pre\u00e7os<\/strong><\/h3>\n<h4>\n<table id=\"tablepress-1\" class=\"tablepress tablepress-id-1\">\n<thead>\n<tr class=\"row-1\">\n\t<td class=\"column-1\"><\/td><th class=\"column-2\"><strong>Single Room<\/strong><\/th><th class=\"column-3\"><strong>Double Room<\/strong><\/th><th class=\"column-4\"><strong>Triple Room<\/strong><\/th><th class=\"column-5\"><strong>Half Board<\/strong><\/th><td class=\"column-6\"><\/td><td class=\"column-7\"><\/td><td class=\"column-8\"><\/td><td class=\"column-9\"><\/td>\n<\/tr>\n<\/thead>\n<tbody class=\"row-striping row-hover\">\n<tr class=\"row-2\">\n\t<td class=\"column-1\"><strong>Quiaios Hotel<\/strong><\/td><td class=\"column-2\">42,00\u20ac<\/td><td class=\"column-3\">52,00\u20ac<\/td><td class=\"column-4\">72,00\u20ac<\/td><td class=\"column-5\">14,00\u20ac<\/td><td class=\"column-6\"><\/td><td class=\"column-7\"><\/td><td class=\"column-8\"><\/td><td class=\"column-9\"><\/td>\n<\/tr>\n<tr class=\"row-3\">\n\t<td class=\"column-1\"><strong>Universal Boutique Hotel<\/strong><\/td><td class=\"column-2\">60,00\u20ac<\/td><td class=\"column-3\">65,00\u20ac<\/td><td class=\"column-4\">89,00\u20ac<\/td><td class=\"column-5\">not available<\/td><td class=\"column-6\"><\/td><td class=\"column-7\"><\/td><td class=\"column-8\"><\/td><td class=\"column-9\"><\/td>\n<\/tr>\n<tr class=\"row-4\">\n\t<td class=\"column-1\"><strong>Hotel Wellington<\/strong><\/td><td class=\"column-2\">53,00\u20ac<\/td><td class=\"column-3\">59,00\u20ac<\/td><td class=\"column-4\">not available<\/td><td class=\"column-5\">14,50\u20ac<\/td><td class=\"column-6\"><\/td><td class=\"column-7\"><\/td><td class=\"column-8\"><\/td><td class=\"column-9\"><\/td>\n<\/tr>\n<tr class=\"row-5\">\n\t<td class=\"column-1\"><\/td><td class=\"column-2\"><\/td><td class=\"column-3\"><strong>6 pax Room<\/strong><\/td><td class=\"column-4\"><strong>5 pax Room<\/strong><\/td><td class=\"column-5\"><strong>4 pax<\/strong><\/td><td class=\"column-6\"><strong>2 pax Room<\/strong><\/td><td class=\"column-7\"><\/td><td class=\"column-8\"><strong>7 pax Room<\/strong><\/td><td class=\"column-9\"><strong>2 to 4 pax Room<\/strong><\/td>\n<\/tr>\n<tr class=\"row-6\">\n\t<td class=\"column-1\"><strong>Meeting Hostel<\/strong><\/td><td class=\"column-2\">Rooms with Shared Bathroom<\/td><td class=\"column-3\">84,00\u20ac<br \/>\n(14\u20ac per person)<\/td><td class=\"column-4\">70,00\u20ac<br \/>\n(14\u20ac per person)<\/td><td class=\"column-5\">60,00\u20ac<br \/>\n(15\u20ac per person)<\/td><td class=\"column-6\">30,00\u20ac<br \/>\n(15\u20ac per person)<\/td><td class=\"column-7\">Rooms with Private Bathroom<\/td><td class=\"column-8\">112,00\u20ac<br \/>\n(16\u20ac per person)<\/td><td class=\"column-9\">29\u20ac-42\u20ac-54\u20ac<\/td>\n<\/tr>\n<tr class=\"row-7\">\n\t<td class=\"column-1\"><\/td><td class=\"column-2\"><strong>2 pax Room<\/strong><\/td><td class=\"column-3\"><strong>2-3 pax Room<\/strong><\/td><td class=\"column-4\"><strong>2-4 pax<\/strong><\/td><td class=\"column-5\"><strong>2-5 pax Room<\/strong><\/td><td class=\"column-6\"><\/td><td class=\"column-7\"><\/td><td class=\"column-8\"><\/td><td class=\"column-9\"><\/td>\n<\/tr>\n<tr class=\"row-8\">\n\t<td class=\"column-1\"><strong>Bike Suite &amp; Lounge<\/strong><\/td><td class=\"column-2\">33,00\u20ac<\/td><td class=\"column-3\">32\u20ac \/ 46\u20ac<\/td><td class=\"column-4\">36\u20ac \/ 48\u20ac \/ 60\u20ac<\/td><td class=\"column-5\">39\u20ac \/ 51\u20ac \/ 63\u20ac \/ 75\u20ac<\/td><td class=\"column-6\"><\/td><td class=\"column-7\"><\/td><td class=\"column-8\"><\/td><td class=\"column-9\"><\/td>\n<\/tr>\n<\/tbody>\n<\/table>\n<!-- #tablepress-1 from cache --><\/h4>\n<h4><\/h4>\n<p>&nbsp;<\/p>\n<h2><strong>Alojamentos<\/strong><\/h2>\n<h4><strong>Quiaios Hotel<\/strong><\/h4>\n<p style=\"text-align: right\"><a href=\"http:\/\/www.o-portugal.pt\/booking-accommodation-pom2019\/\">RESERVAR AGORA<\/a><\/p>\n<p>Este hotel com uma localiza\u00e7\u00e3o pac\u00edfica apresenta vistas sobre a Praia de Quiaios, bem como um centro de bem-estar com uma piscina interior envidra\u00e7ada. A Figueira da Foz encontra-se a 12 km.<\/p>\n<p>O Quiaios Hotel apresenta quartos confort\u00e1veis com mobili\u00e1rio simples, uma casa de banho privada e uma banheira. Todos os quartos est\u00e3o equipados com uma televis\u00e3o por sat\u00e9lite, mini-bar e ar condicionado.<\/p>\n<p>Os h\u00f3spedes beneficiam de acesso gratuito ao Health Club Rosa N\u00e1utica, apenas a 40 metros do Hotel Quiaios. O hotel alberga um gin\u00e1sio bem equipado, 2 campos de t\u00e9nis e uma piscina interior. Para relaxar, est\u00e3o dispon\u00edveis massagens tailandesas, saunas secas e h\u00famidas, uma banheira de hidromassagem e um chuveiro escoc\u00eas.<\/p>\n<p>O buffet de pequeno-almo\u00e7o di\u00e1rio poder\u00e1 ser servido no quarto e o restaurante do hotel prop\u00f5e uma variedade de pratos locais e internacionais para o almo\u00e7o e jantar. Os funcion\u00e1rios tamb\u00e9m poder\u00e3o providenciar o aluguer de bicicletas.<\/p>\n<p>\u00c9 o hotel mais perto do dia 3 e 4 do Portugal &#8220;O&#8221; Meeting 2019.<\/p>\n<table class=\" aligncenter\" width=\"898\">\n<tbody>\n<tr>\n<td width=\"279\"><img loading=\"lazy\" decoding=\"async\" class=\"size-medium wp-image-145 aligncenter\" src=\"http:\/\/pom.pt\/2019\/wp-content\/uploads\/sites\/5\/2018\/08\/6609204-300x227.jpg\" alt=\"\" width=\"300\" height=\"227\" srcset=\"https:\/\/pom.pt\/2019\/wp-content\/uploads\/sites\/5\/2018\/08\/6609204-300x227.jpg 300w, https:\/\/pom.pt\/2019\/wp-content\/uploads\/sites\/5\/2018\/08\/6609204-768x582.jpg 768w, https:\/\/pom.pt\/2019\/wp-content\/uploads\/sites\/5\/2018\/08\/6609204.jpg 800w\" sizes=\"auto, (max-width: 300px) 100vw, 300px\" \/><\/td>\n<td width=\"281\"><img loading=\"lazy\" decoding=\"async\" class=\"size-medium wp-image-147 aligncenter\" src=\"http:\/\/pom.pt\/2019\/wp-content\/uploads\/sites\/5\/2018\/08\/3519728-300x225.jpg\" alt=\"\" width=\"300\" height=\"225\" srcset=\"https:\/\/pom.pt\/2019\/wp-content\/uploads\/sites\/5\/2018\/08\/3519728-300x225.jpg 300w, https:\/\/pom.pt\/2019\/wp-content\/uploads\/sites\/5\/2018\/08\/3519728-768x577.jpg 768w, https:\/\/pom.pt\/2019\/wp-content\/uploads\/sites\/5\/2018\/08\/3519728-1024x769.jpg 1024w, https:\/\/pom.pt\/2019\/wp-content\/uploads\/sites\/5\/2018\/08\/3519728.jpg 1198w\" sizes=\"auto, (max-width: 300px) 100vw, 300px\" \/><\/td>\n<td width=\"316\"><img loading=\"lazy\" decoding=\"async\" class=\"size-medium wp-image-148 aligncenter\" src=\"http:\/\/pom.pt\/2019\/wp-content\/uploads\/sites\/5\/2018\/08\/6609192-300x200.jpg\" alt=\"\" width=\"300\" height=\"200\" srcset=\"https:\/\/pom.pt\/2019\/wp-content\/uploads\/sites\/5\/2018\/08\/6609192-300x200.jpg 300w, https:\/\/pom.pt\/2019\/wp-content\/uploads\/sites\/5\/2018\/08\/6609192-768x512.jpg 768w, https:\/\/pom.pt\/2019\/wp-content\/uploads\/sites\/5\/2018\/08\/6609192.jpg 900w\" sizes=\"auto, (max-width: 300px) 100vw, 300px\" \/><\/td>\n<\/tr>\n<\/tbody>\n<\/table>\n<p>&nbsp;<\/p>\n<h4><strong>Universal Boutique Hotel<\/strong><\/h4>\n<p style=\"text-align: right\"><a href=\"http:\/\/www.o-portugal.pt\/booking-accommodation-pom2019\/\">RESERVAR AGORA<\/a><\/p>\n<p>Este alojamento fica a minutos a p\u00e9 da praia. O Universal Boutique Hotel de 4 estrelas est\u00e1 localizado no centro da Figueira da Foz, apenas a 50 metros da praia e do emblem\u00e1tico casino. O acesso Wi-Fi est\u00e1 dispon\u00edvel gratuitamente em todas as \u00e1reas.<\/p>\n<p>Situado numa das \u00e1reas mais elegantes da cidade, o Universal Boutique Hotel apresenta quartos tem\u00e1ticos duplos ou twin com mobili\u00e1rio contempor\u00e2neo, televis\u00e3o de ecr\u00e3 plano, ar condicionado, mini-bar e cofre.<\/p>\n<p>A uma curta dist\u00e2ncia a p\u00e9, os h\u00f3spedes encontrar\u00e3o muitos restaurantes e bares onde s\u00e3o servidas especialidades gastron\u00f3micas.<\/p>\n<p>Cada piso do Universal Boutique Hotel representa uma perspectiva da cidade da Figueira da Foz. O hotel fica a 39 km da cidade hist\u00f3rica de Coimbra e a 154 km do Aeroporto Internacional do Porto.<\/p>\n<table class=\" aligncenter\" width=\"898\">\n<tbody>\n<tr>\n<td width=\"279\"><img loading=\"lazy\" decoding=\"async\" class=\"size-medium wp-image-157 aligncenter\" src=\"http:\/\/pom.pt\/2019\/wp-content\/uploads\/sites\/5\/2018\/08\/48565608-300x167.jpg\" alt=\"\" width=\"300\" height=\"167\" srcset=\"https:\/\/pom.pt\/2019\/wp-content\/uploads\/sites\/5\/2018\/08\/48565608-300x167.jpg 300w, https:\/\/pom.pt\/2019\/wp-content\/uploads\/sites\/5\/2018\/08\/48565608-768x427.jpg 768w, https:\/\/pom.pt\/2019\/wp-content\/uploads\/sites\/5\/2018\/08\/48565608-1024x569.jpg 1024w, https:\/\/pom.pt\/2019\/wp-content\/uploads\/sites\/5\/2018\/08\/48565608.jpg 1280w\" sizes=\"auto, (max-width: 300px) 100vw, 300px\" \/><\/td>\n<td width=\"281\"><img loading=\"lazy\" decoding=\"async\" class=\"size-medium wp-image-159 aligncenter\" src=\"http:\/\/pom.pt\/2019\/wp-content\/uploads\/sites\/5\/2018\/08\/48565626-300x200.jpg\" alt=\"\" width=\"300\" height=\"200\" srcset=\"https:\/\/pom.pt\/2019\/wp-content\/uploads\/sites\/5\/2018\/08\/48565626-300x200.jpg 300w, https:\/\/pom.pt\/2019\/wp-content\/uploads\/sites\/5\/2018\/08\/48565626-768x512.jpg 768w, https:\/\/pom.pt\/2019\/wp-content\/uploads\/sites\/5\/2018\/08\/48565626-1024x683.jpg 1024w, https:\/\/pom.pt\/2019\/wp-content\/uploads\/sites\/5\/2018\/08\/48565626.jpg 1280w\" sizes=\"auto, (max-width: 300px) 100vw, 300px\" \/><\/td>\n<td width=\"316\"><img loading=\"lazy\" decoding=\"async\" class=\"size-medium wp-image-158 aligncenter\" src=\"http:\/\/pom.pt\/2019\/wp-content\/uploads\/sites\/5\/2018\/08\/48565624-300x186.jpg\" alt=\"\" width=\"300\" height=\"186\" srcset=\"https:\/\/pom.pt\/2019\/wp-content\/uploads\/sites\/5\/2018\/08\/48565624-300x186.jpg 300w, https:\/\/pom.pt\/2019\/wp-content\/uploads\/sites\/5\/2018\/08\/48565624-768x477.jpg 768w, https:\/\/pom.pt\/2019\/wp-content\/uploads\/sites\/5\/2018\/08\/48565624-1024x636.jpg 1024w, https:\/\/pom.pt\/2019\/wp-content\/uploads\/sites\/5\/2018\/08\/48565624.jpg 1280w\" sizes=\"auto, (max-width: 300px) 100vw, 300px\" \/><\/td>\n<\/tr>\n<\/tbody>\n<\/table>\n<p>&nbsp;<\/p>\n<p><strong>\u00a0<\/strong><\/p>\n<h4><strong>Hotel Wellington<\/strong><\/h4>\n<p style=\"text-align: right\"><a href=\"http:\/\/www.o-portugal.pt\/booking-accommodation-pom2019\/\">RESERVAR AGORA<\/a><\/p>\n<p>Este alojamento fica a 4 minutos a p\u00e9 da praia. O Hotel Wellington situa-se a 100 metros da praia, ao lado do Casino da Figueira da Foz, e disp\u00f5e de quartos modernos com piso em madeira e um restaurante italiano.<\/p>\n<p>Os quartos e as suites do Wellington apresentam uma decora\u00e7\u00e3o elegante, acesso Wi-Fi gratuito, ar condicionado e comodidades para preparar ch\u00e1 e caf\u00e9. Os quartos incluem uma casa de banho privativa com um secador de cabelo.<\/p>\n<p>O Wellington Ristorante Italiano serve cozinha italiana num ambiente elegante com piso em parquet e mobili\u00e1rio elegante. O bar proporciona um ambiente relaxante para tomar uma bebida ou para assistir a eventos desportivos.<\/p>\n<p>O Hotel Wellington situa-se a 40 minutos de carro de Coimbra e Aveiro.<\/p>\n<table class=\" aligncenter\" width=\"898\">\n<tbody>\n<tr>\n<td width=\"279\"><img loading=\"lazy\" decoding=\"async\" class=\"size-medium wp-image-163 aligncenter\" src=\"http:\/\/pom.pt\/2019\/wp-content\/uploads\/sites\/5\/2018\/08\/61556457-300x199.jpg\" alt=\"\" width=\"300\" height=\"199\" srcset=\"https:\/\/pom.pt\/2019\/wp-content\/uploads\/sites\/5\/2018\/08\/61556457-300x199.jpg 300w, https:\/\/pom.pt\/2019\/wp-content\/uploads\/sites\/5\/2018\/08\/61556457-768x510.jpg 768w, https:\/\/pom.pt\/2019\/wp-content\/uploads\/sites\/5\/2018\/08\/61556457-1024x680.jpg 1024w, https:\/\/pom.pt\/2019\/wp-content\/uploads\/sites\/5\/2018\/08\/61556457.jpg 1280w\" sizes=\"auto, (max-width: 300px) 100vw, 300px\" \/><\/td>\n<td width=\"281\"><img loading=\"lazy\" decoding=\"async\" class=\"size-medium wp-image-162 aligncenter\" src=\"http:\/\/pom.pt\/2019\/wp-content\/uploads\/sites\/5\/2018\/08\/138771088-300x211.jpg\" alt=\"\" width=\"300\" height=\"211\" srcset=\"https:\/\/pom.pt\/2019\/wp-content\/uploads\/sites\/5\/2018\/08\/138771088-300x211.jpg 300w, https:\/\/pom.pt\/2019\/wp-content\/uploads\/sites\/5\/2018\/08\/138771088-768x540.jpg 768w, https:\/\/pom.pt\/2019\/wp-content\/uploads\/sites\/5\/2018\/08\/138771088-1024x720.jpg 1024w, https:\/\/pom.pt\/2019\/wp-content\/uploads\/sites\/5\/2018\/08\/138771088.jpg 1280w\" sizes=\"auto, (max-width: 300px) 100vw, 300px\" \/><\/td>\n<td width=\"316\"><img loading=\"lazy\" decoding=\"async\" class=\"size-medium wp-image-161 aligncenter\" src=\"http:\/\/pom.pt\/2019\/wp-content\/uploads\/sites\/5\/2018\/08\/61569210-300x199.jpg\" alt=\"\" width=\"300\" height=\"199\" srcset=\"https:\/\/pom.pt\/2019\/wp-content\/uploads\/sites\/5\/2018\/08\/61569210-300x199.jpg 300w, https:\/\/pom.pt\/2019\/wp-content\/uploads\/sites\/5\/2018\/08\/61569210-768x510.jpg 768w, https:\/\/pom.pt\/2019\/wp-content\/uploads\/sites\/5\/2018\/08\/61569210-1024x680.jpg 1024w, https:\/\/pom.pt\/2019\/wp-content\/uploads\/sites\/5\/2018\/08\/61569210.jpg 1280w\" sizes=\"auto, (max-width: 300px) 100vw, 300px\" \/><\/td>\n<\/tr>\n<\/tbody>\n<\/table>\n<p>&nbsp;<\/p>\n<h4><strong>Meeting Hostel<\/strong><\/h4>\n<p style=\"text-align: right\"><a href=\"http:\/\/www.o-portugal.pt\/booking-accommodation-pom2019\/\">RESERVAR AGORA<\/a><\/p>\n<div id=\"summary\" class=\"\">\n<p>Este alojamento fica a 3 minutos a p\u00e9 da praia. O Meeting Hostel est\u00e1 localizado na Figueira da Foz e disponibiliza acomoda\u00e7\u00f5es em quartos privados e dormit\u00f3rios. Est\u00e1 dispon\u00edvel acesso Wi-Fi gratuito.<\/p>\n<p>Todos os quartos, excepto as suites, t\u00eam acesso a casas de banho partilhadas. A unidade tamb\u00e9m tem uma \u00e1rea de estar comum e uma cozinha totalmente equipada, onde os h\u00f3spedes podem preparar as suas pr\u00f3prias refei\u00e7\u00f5es.<\/p>\n<p>O centro da Figueira da Foz fica apenas a 3 minutos a p\u00e9, com v\u00e1rios restaurantes na \u00e1rea. A unidade fica apenas a 400 metros da praia, onde nata\u00e7\u00e3o, sol, surf e ciclismo est\u00e3o entre as actividades favoritas.<\/p>\n<p>Para os ciclistas, tem um lugar fechado e seguro onde podem guardar as bicicletas, bem como tudo o que necessita para fazer a manuten\u00e7\u00e3o e\/ou lavar a roupa. A propriedade faz parte da Rota Costeira Atl\u00e2ntica.<\/p>\n<p>O Aeroporto Internacional do Porto encontra-se a 140 km.<\/p>\n<\/div>\n<table class=\" aligncenter\" width=\"898\">\n<tbody>\n<tr>\n<td width=\"279\"><img loading=\"lazy\" decoding=\"async\" class=\"size-medium wp-image-166 aligncenter\" src=\"http:\/\/pom.pt\/2019\/wp-content\/uploads\/sites\/5\/2018\/08\/32810459_10155187229361567_4081324060644999168_n-1-300x225.jpg\" alt=\"\" width=\"300\" height=\"225\" srcset=\"https:\/\/pom.pt\/2019\/wp-content\/uploads\/sites\/5\/2018\/08\/32810459_10155187229361567_4081324060644999168_n-1-300x225.jpg 300w, https:\/\/pom.pt\/2019\/wp-content\/uploads\/sites\/5\/2018\/08\/32810459_10155187229361567_4081324060644999168_n-1-768x576.jpg 768w, https:\/\/pom.pt\/2019\/wp-content\/uploads\/sites\/5\/2018\/08\/32810459_10155187229361567_4081324060644999168_n-1.jpg 960w\" sizes=\"auto, (max-width: 300px) 100vw, 300px\" \/><\/td>\n<td width=\"281\"><img loading=\"lazy\" decoding=\"async\" class=\"size-medium wp-image-167 aligncenter\" src=\"http:\/\/pom.pt\/2019\/wp-content\/uploads\/sites\/5\/2018\/08\/IMG_2143-300x200.jpg\" alt=\"\" width=\"300\" height=\"200\" srcset=\"https:\/\/pom.pt\/2019\/wp-content\/uploads\/sites\/5\/2018\/08\/IMG_2143-300x200.jpg 300w, https:\/\/pom.pt\/2019\/wp-content\/uploads\/sites\/5\/2018\/08\/IMG_2143-768x512.jpg 768w, https:\/\/pom.pt\/2019\/wp-content\/uploads\/sites\/5\/2018\/08\/IMG_2143-1024x683.jpg 1024w\" sizes=\"auto, (max-width: 300px) 100vw, 300px\" \/><\/td>\n<td width=\"316\"><img loading=\"lazy\" decoding=\"async\" class=\"size-medium wp-image-168 aligncenter\" src=\"http:\/\/pom.pt\/2019\/wp-content\/uploads\/sites\/5\/2018\/08\/IMG_9453-300x225.jpg\" alt=\"\" width=\"300\" height=\"225\" srcset=\"https:\/\/pom.pt\/2019\/wp-content\/uploads\/sites\/5\/2018\/08\/IMG_9453-300x225.jpg 300w, https:\/\/pom.pt\/2019\/wp-content\/uploads\/sites\/5\/2018\/08\/IMG_9453-768x576.jpg 768w, https:\/\/pom.pt\/2019\/wp-content\/uploads\/sites\/5\/2018\/08\/IMG_9453-1024x768.jpg 1024w\" sizes=\"auto, (max-width: 300px) 100vw, 300px\" \/><\/td>\n<\/tr>\n<\/tbody>\n<\/table>\n<p>&nbsp;<\/p>\n<h4><strong>Bike Suite &amp; Lounge<\/strong><\/h4>\n<p style=\"text-align: right\"><a href=\"http:\/\/www.o-portugal.pt\/booking-accommodation-pom2019\/\">RESERVAR AGORA<\/a><\/p>\n<p>Este alojamento fica a 3 minutos a p\u00e9 da praia. O Bike Suite &amp; Lounge disp\u00f5e de acomoda\u00e7\u00f5es que permitem animais de estima\u00e7\u00e3o na Figueira da Foz. Os h\u00f3spedes podem desfrutar do bar no local.<\/p>\n<p>O Bike Suite &amp; Lounge providencia acesso Wi-Fi gratuito por toda a propriedade. \u00c9 fornecida uma televis\u00e3o de ecr\u00e3 plano com canais por sat\u00e9lite.<\/p>\n<p>A propriedade beneficia de um local para armazenar bagagens.<\/p>\n<p>Os h\u00f3spedes podem participar em v\u00e1rias actividades nas imedia\u00e7\u00f5es, como passeios de bicicleta e caminhadas. O alojamento tamb\u00e9m providencia o servi\u00e7o de aluguer de bicicletas. O Bike Suite &amp; Lounge encontra-se a 37 km de Coimbra e a 45 km de Leiria.<\/p>\n<table class=\" aligncenter\" width=\"898\">\n<tbody>\n<tr>\n<td width=\"279\"><img loading=\"lazy\" decoding=\"async\" class=\"size-medium wp-image-171 aligncenter\" src=\"http:\/\/pom.pt\/2019\/wp-content\/uploads\/sites\/5\/2018\/08\/IMG_4910-300x200.jpg\" alt=\"\" width=\"300\" height=\"200\" srcset=\"https:\/\/pom.pt\/2019\/wp-content\/uploads\/sites\/5\/2018\/08\/IMG_4910-300x200.jpg 300w, https:\/\/pom.pt\/2019\/wp-content\/uploads\/sites\/5\/2018\/08\/IMG_4910-768x512.jpg 768w, https:\/\/pom.pt\/2019\/wp-content\/uploads\/sites\/5\/2018\/08\/IMG_4910-1024x683.jpg 1024w\" sizes=\"auto, (max-width: 300px) 100vw, 300px\" \/><\/td>\n<td width=\"281\"><img loading=\"lazy\" decoding=\"async\" class=\"size-medium wp-image-170 aligncenter\" src=\"http:\/\/pom.pt\/2019\/wp-content\/uploads\/sites\/5\/2018\/08\/IMG_5001-300x200.jpg\" alt=\"\" width=\"300\" height=\"200\" srcset=\"https:\/\/pom.pt\/2019\/wp-content\/uploads\/sites\/5\/2018\/08\/IMG_5001-300x200.jpg 300w, https:\/\/pom.pt\/2019\/wp-content\/uploads\/sites\/5\/2018\/08\/IMG_5001-768x512.jpg 768w, https:\/\/pom.pt\/2019\/wp-content\/uploads\/sites\/5\/2018\/08\/IMG_5001-1024x683.jpg 1024w\" sizes=\"auto, (max-width: 300px) 100vw, 300px\" \/><\/td>\n<td style=\"text-align: center\" width=\"316\"><img loading=\"lazy\" decoding=\"async\" class=\"size-medium wp-image-169 aligncenter\" src=\"http:\/\/pom.pt\/2019\/wp-content\/uploads\/sites\/5\/2018\/08\/IMG_4912-300x200.jpg\" alt=\"\" width=\"300\" height=\"200\" srcset=\"https:\/\/pom.pt\/2019\/wp-content\/uploads\/sites\/5\/2018\/08\/IMG_4912-300x200.jpg 300w, https:\/\/pom.pt\/2019\/wp-content\/uploads\/sites\/5\/2018\/08\/IMG_4912-768x512.jpg 768w, https:\/\/pom.pt\/2019\/wp-content\/uploads\/sites\/5\/2018\/08\/IMG_4912-1024x683.jpg 1024w\" sizes=\"auto, (max-width: 300px) 100vw, 300px\" \/><\/td>\n<\/tr>\n<\/tbody>\n<\/table>\n<p>&nbsp;<\/p>\n<h2><strong>Localiza\u00e7\u00e3o dos alojamentos<\/strong><\/h2>\n<p>&nbsp;<\/p>\n<p><strong>Onde dormir na Figueira da Foz?<\/strong><\/p>\n<ul>\n<li><a href=\"https:\/\/www.cm-figfoz.pt\/index.php\/onde-dormir\/estabelecimento-hoteleiro\">Estabelecimentos Hoteleiros<\/a><\/li>\n<li><a href=\"https:\/\/www.cm-figfoz.pt\/index.php\/onde-dormir\/alojamento-local\">Alojamento Local<\/a><\/li>\n<li><a href=\"https:\/\/www.cm-figfoz.pt\/index.php\/onde-dormir\/parques-de-campismo\">Parque de Campismo \/ Caravanismo<\/a><\/li>\n<li><a href=\"https:\/\/www.cm-figfoz.pt\/index.php\/onde-dormir\/turismo-espaco-rural\">Turismo Rural<\/a><\/li>\n<\/ul>\n<p><strong>Onde comer na Figueira da Foz?<\/strong><\/p>\n<ul>\n<li><a href=\"https:\/\/www.cm-figfoz.pt\/index.php\/onde-comer\/restauracao\">Restaurantes na Figueira da Foz<\/a><\/li>\n<\/ul>\n<p>&nbsp;<\/p>\n<p>Mais oportunidades de alojamento e treino est\u00e3o dispon\u00edveis no website da O-Portugal (<a href=\"http:\/\/www.o-portugal.pt\/\">www.o-portugal.pt<\/a>).<\/p>","protected":false},"excerpt":{"rendered":"<p>Alojamentos &nbsp; Temos v\u00e1rios alojamentos dispon\u00edveis para o Portugal O Meeting 2019, na Figueira da Foz e arredores. Hot\u00e9is &amp; Hostels Podem ver a sele\u00e7\u00e3o de hot\u00e9is e hostels que temos dispon\u00edveis para para reserva durante o Portugal \u201cO\u201d Meeting 2019. Poder\u00e3o ser adicionadas mais op\u00e7\u00f5es posteriormente, pelo que, podem voltar a visitar a p\u00e1gina no futuro caso n\u00e3o encontrem a tipologia de alojamento que pretendem. &nbsp; Pre\u00e7os &nbsp; Alojamentos Quiaios Hotel RESERVAR AGORA Este hotel com uma localiza\u00e7\u00e3o pac\u00edfica apresenta vistas sobre a Praia de Quiaios, bem como um centro de bem-estar com uma piscina interior envidra\u00e7ada. A Figueira da Foz encontra-se a 12 km. O Quiaios Hotel apresenta [&hellip;]<\/p>\n","protected":false},"author":9,"featured_media":0,"parent":0,"menu_order":0,"comment_status":"closed","ping_status":"closed","template":"","meta":{"_monsterinsights_skip_tracking":false,"_monsterinsights_sitenote_active":false,"_monsterinsights_sitenote_note":"","_monsterinsights_sitenote_category":0,"footnotes":""},"class_list":["post-49","page","type-page","status-publish","hentry"],"_links":{"self":[{"href":"https:\/\/pom.pt\/2019\/wp-json\/wp\/v2\/pages\/49","targetHints":{"allow":["GET"]}}],"collection":[{"href":"https:\/\/pom.pt\/2019\/wp-json\/wp\/v2\/pages"}],"about":[{"href":"https:\/\/pom.pt\/2019\/wp-json\/wp\/v2\/types\/page"}],"author":[{"embeddable":true,"href":"https:\/\/pom.pt\/2019\/wp-json\/wp\/v2\/users\/9"}],"replies":[{"embeddable":true,"href":"https:\/\/pom.pt\/2019\/wp-json\/wp\/v2\/comments?post=49"}],"version-history":[{"count":35,"href":"https:\/\/pom.pt\/2019\/wp-json\/wp\/v2\/pages\/49\/revisions"}],"predecessor-version":[{"id":201,"href":"https:\/\/pom.pt\/2019\/wp-json\/wp\/v2\/pages\/49\/revisions\/201"}],"wp:attachment":[{"href":"https:\/\/pom.pt\/2019\/wp-json\/wp\/v2\/media?parent=49"}],"curies":[{"name":"wp","href":"https:\/\/api.w.org\/{rel}","templated":true}]}}