{"id":46,"date":"2019-01-13T19:12:55","date_gmt":"2019-01-13T19:12:55","guid":{"rendered":"http:\/\/pom.pt\/2019\/?page_id=46"},"modified":"2019-02-20T19:05:23","modified_gmt":"2019-02-20T19:05:23","slug":"english-how-to-pay","status":"publish","type":"page","link":"https:\/\/pom.pt\/2019\/english-how-to-pay\/","title":{"rendered":"Como Pagar"},"content":{"rendered":"<p><\/p>\n<h1>Como pagar<\/h1>\n<div class=\"text\">\n<p>O pagamento das inscri\u00e7\u00f5es do POM2019 poder\u00e1 ser efectuado por transfer\u00eancia banc\u00e1ria, multibanco, Pay-Pal ou directamente no Event Center em dinheiro.<br \/>\nDe forma a facilitar o processo de acredita\u00e7\u00e3o, a Organiza\u00e7\u00e3o tem prefer\u00eancia que os pagamentos sejam feitos por transfer\u00eancia banc\u00e1ria.<\/p>\n<p>Dados para pagamento<\/p>\n<p><strong>Banco<\/strong>: Caixa Geral de Dep\u00f3sitos<\/p>\n<p><strong>Nome:\u00a0<\/strong>ASSOCIACAO D MONDEGO, ORI-MONDEGO<\/p>\n<p><strong>IBAN<\/strong>:\u00a0PT50 0035 0321 00103221 930 81<br \/>\n<strong>SWIFT CODE BIC<\/strong>:\u00a0CGDIPTPL<\/p>\n<p>&nbsp;<\/p>\n<p>Processo de pagamento<\/p>\n<p><strong>Para\u00a0<\/strong><strong>Inscri\u00e7\u00f5es Express do\u00a0<a title=\"Plataforma de inscri\u00e7\u00f5es - OriOasis POM2015\" href=\"http:\/\/www.orioasis.pt\/oasis\/entries.php?action=club_class&amp;eventid=1395\" target=\"_blank\" rel=\"noopener\">OriOasis<\/a>, por favor coloque o Express Code no descritivo do pagamento.<br \/>\n<\/strong><\/p>\n<p>Para<strong>\u00a0pagamentos totais de clubes<\/strong>, indique sempre o nome clube no descritivo.<br \/>\nPara\u00a0<strong>pagamentos parciais de clubes<\/strong>, indique nos coment\u00e1rios o clube e a lista de atletas a que se refere o pagamento, ou envie um email (<a href=\"mailto:entries@pom.pt\" target=\"_blank\" rel=\"noopener\">payment@pom.pt<\/a>)\u00a0\u00e0 organiza\u00e7\u00e3o com a lista de atletas e o comprovativo da transfer\u00eancia.<\/p>\n<p><strong><br \/>\n<\/strong><strong>Notas<\/strong>: Para todas as inscri\u00e7\u00f5es pagas por transfer\u00eancia banc\u00e1ria, \u00e9 necess\u00e1rio enviar comprovativo da opera\u00e7\u00e3o para o email:\u00a0<a href=\"mailto:entries@pom.pt\" target=\"_blank\" rel=\"noopener\">payment@pom.pt<\/a><\/p>\n<p><a href=\"mailto:entries@pom.pt\" target=\"_blank\" rel=\"noopener\"><br \/>\n<\/a>Todas as despesas inerentes \u00e0s transfer\u00eancias banc\u00e1rias devem ser suportadas pelo ordenante.\u00a0Se alguma despesa\u00a0\u00a0referente \u00e0s transfer\u00eancias banc\u00e1rias for indevidamente cobrada \u00e0 Organiza\u00e7\u00e3o, as mesmas ser\u00e3o pagas posteriormente pelos clubes ou atletas.<\/p>\n<p>Por favor utilize o endere\u00e7o\u00a0<a href=\"mailto:entries@pom.pt\" target=\"_blank\" rel=\"noopener\">payment@pom.pt<\/a>\u00a0para todos os emails relacionados com o pagamento de inscri\u00e7\u00f5es.<\/p>\n<\/div>\n<p><\/p>","protected":false},"excerpt":{"rendered":"<p>Como pagar O pagamento das inscri\u00e7\u00f5es do POM2019 poder\u00e1 ser efectuado por transfer\u00eancia banc\u00e1ria, multibanco, Pay-Pal ou directamente no Event Center em dinheiro. De forma a facilitar o processo de acredita\u00e7\u00e3o, a Organiza\u00e7\u00e3o tem prefer\u00eancia que os pagamentos sejam feitos por transfer\u00eancia banc\u00e1ria. Dados para pagamento Banco: Caixa Geral de Dep\u00f3sitos Nome:\u00a0ASSOCIACAO D MONDEGO, ORI-MONDEGO IBAN:\u00a0PT50 0035 0321 00103221 930 81 SWIFT CODE BIC:\u00a0CGDIPTPL &nbsp; Processo de pagamento Para\u00a0Inscri\u00e7\u00f5es Express do\u00a0OriOasis, por favor coloque o Express Code no descritivo do pagamento. Para\u00a0pagamentos totais de clubes, indique sempre o nome clube no descritivo. Para\u00a0pagamentos parciais de clubes, indique nos coment\u00e1rios o clube e a lista de atletas a que se refere [&hellip;]<\/p>\n","protected":false},"author":9,"featured_media":0,"parent":0,"menu_order":0,"comment_status":"closed","ping_status":"closed","template":"","meta":{"_monsterinsights_skip_tracking":false,"_monsterinsights_sitenote_active":false,"_monsterinsights_sitenote_note":"","_monsterinsights_sitenote_category":0,"footnotes":""},"class_list":["post-46","page","type-page","status-publish","hentry"],"_links":{"self":[{"href":"https:\/\/pom.pt\/2019\/wp-json\/wp\/v2\/pages\/46","targetHints":{"allow":["GET"]}}],"collection":[{"href":"https:\/\/pom.pt\/2019\/wp-json\/wp\/v2\/pages"}],"about":[{"href":"https:\/\/pom.pt\/2019\/wp-json\/wp\/v2\/types\/page"}],"author":[{"embeddable":true,"href":"https:\/\/pom.pt\/2019\/wp-json\/wp\/v2\/users\/9"}],"replies":[{"embeddable":true,"href":"https:\/\/pom.pt\/2019\/wp-json\/wp\/v2\/comments?post=46"}],"version-history":[{"count":23,"href":"https:\/\/pom.pt\/2019\/wp-json\/wp\/v2\/pages\/46\/revisions"}],"predecessor-version":[{"id":910,"href":"https:\/\/pom.pt\/2019\/wp-json\/wp\/v2\/pages\/46\/revisions\/910"}],"wp:attachment":[{"href":"https:\/\/pom.pt\/2019\/wp-json\/wp\/v2\/media?parent=46"}],"curies":[{"name":"wp","href":"https:\/\/api.w.org\/{rel}","templated":true}]}}