{"id":40,"date":"2018-02-16T22:16:21","date_gmt":"2018-02-16T22:16:21","guid":{"rendered":"http:\/\/pom.pt\/2019\/?page_id=40"},"modified":"2019-02-27T16:26:23","modified_gmt":"2019-02-27T16:26:23","slug":"programa-2","status":"publish","type":"page","link":"https:\/\/pom.pt\/2019\/programa-2\/","title":{"rendered":"Programa"},"content":{"rendered":"<p><strong>11 de fevereiro (segunda-feira):<\/strong><\/p>\n<p><del>Final do 1\u00ba prazo para inscri\u00e7\u00f5es com pre\u00e7os vantajosos.<\/del><br \/>\n<em><span style=\"color: #ff6600;\">&gt;&gt; Mesmos pre\u00e7os at\u00e9 dia 18!&lt;&lt;<\/span><\/em><\/p>\n<p><strong>18 de <\/strong><strong>fevereiro<\/strong><strong> (segunda-feira):<\/strong><\/p>\n<p>Termino das inscri\u00e7\u00f5es em escal\u00f5es de competi\u00e7\u00e3o. Ap\u00f3s esta data apenas ser\u00e3o aceites inscri\u00e7\u00f5es nos escal\u00f5es abertos, at\u00e9 ao dia do evento, estando estas condicionadas \u00e0 exist\u00eancia de mapas.<\/p>\n<p>&nbsp;<\/p>\n<p><strong>27 de fevereiro\u00a0(dia -2 \u2013 quarta-feira):<\/strong><\/p>\n<p>10h00 \u2013 Abertura do Secretariado \u2013\u00a0Figueira &#8211; Event Center<\/p>\n<p>11h00 \u2013 Abertura dos\u00a0Model Events\u00a0\u2013 Leirosa (Floresta) \/ Figueira (Urbano)<\/p>\n<p>16h00 \u2013 Encerramento dos Model Events\u00a0\u2013 Leirosa (Floresta) \/ Figueira (Urbano)<\/p>\n<p>20h00 \u2013 Abertura do Solo Duro<\/p>\n<p>21h00 \u2013 Fecho do Secretariado \u2013\u00a0Figueira &#8211; Event Center<\/p>\n<p>&nbsp;<\/p>\n<p><strong>28 de fevereiro\u00a0(dia -1 \u2013 quinta-feira):<\/strong><\/p>\n<p>10h00 \u2013 Abertura do Secretariado \u2013\u00a0Figueira &#8211; Event Center<\/p>\n<p>11h00 \u2013 Abertura dos\u00a0Model Events\u00a0\u2013 Leirosa (Floresta) \/ Figueira (Urbano)<\/p>\n<p>16h00 \u2013 Encerramento dos\u00a0Model Events\u00a0\u2013 Leirosa (Floresta) \/ Figueira (Urbano)<\/p>\n<p>21h00 \u2013 Fecho do Secretariado \u2013\u00a0Figueira &#8211; Event Center<\/p>\n<p>&nbsp;<\/p>\n<p><strong>01 de mar\u00e7o (dia 0 \u2013 sexta-feira): Sprint Relay SPORTident<\/strong><\/p>\n<p>10h00 \u2013 Abertura do Secretariado \u2013 Figueira &#8211; Event Center<\/p>\n<p>11h00 \u2013 Abertura dos\u00a0Model Events\u00a0\u2013 Leirosa (Floresta) \/ Figueira (Urbano)<\/p>\n<p>13h30 \u2013\u00a0<span style=\"color: #ff0000;\"><strong>Fecho da quarentena<\/strong><\/span> da Sprint Relay (para todos os atletas, Estafetas e individuais) \u2013 Arena<\/p>\n<p>13h40 \u2013 Cerim\u00f3nia de Abertura do POM 2019 &#8211; Arena Sprint Relay<\/p>\n<p>14h00 \u2013 Sprint Relay \u2013 Partida em Massa &#8211; (Equipas Competi\u00e7\u00e3o)<\/p>\n<p>14h10\u00a0\u2013 Sprint Relay \u2013 Partida em Massa &#8211; (Equipas Aberto)<\/p>\n<p>14h20\u00a0\u2013 Sprint Relay \u2013 In\u00edcio partidas escal\u00f5es individuais<\/p>\n<p>15h30 \u2013 Sprint Relay \u2013 Partida em Massa \u2013 (Atletas Estafetas que n\u00e3o partiram)<\/p>\n<p>16h30 \u2013 Sprint Relay \u2013 Entrega de pr\u00e9mios \u2013 Arena Sprint Relay<\/p>\n<p>17h00 \u2013 Encerramento dos\u00a0Model Events\u00a0\u2013 Leirosa (Floresta) \/ Figueira (Urbano)<\/p>\n<p>17h15 \u2013\u00a0Abertura do Secretariado \u2013 Figueira &#8211; Event Center<\/p>\n<p>22:00 \u2013 Encerramento do Secretariado \u2013 Figueira &#8211; Event Center<\/p>\n<p>&nbsp;<\/p>\n<p><strong>02 de mar\u00e7o (dia 1 \u2013 s\u00e1bado): Dist\u00e2ncia M\u00e9dia Palheir\u00e3o Sprint Noturno Buarcos<\/strong><\/p>\n<p>08h00 \u2013 Abertura do Secretariado \u2013 Palheir\u00e3o &#8211; Arena<\/p>\n<p>10h00 \u2013 Dist\u00e2ncia M\u00e9dia \u2013 Competi\u00e7\u00e3o<\/p>\n<p>10h30 \u2013 In\u00edcio partida para os escal\u00f5es abertos e de forma\u00e7\u00e3o<\/p>\n<p>18h00 \u2013 Abertura do Secretariado \u2013 Buarcos<\/p>\n<p>19h00 \u2013 Sprint Noturno\u00a0\u2013 Buarcos<\/p>\n<p>19h30 \u2013\u00a0In\u00edcio partida para os escal\u00f5es abertos e de forma\u00e7\u00e3o<\/p>\n<p>21h30\u00a0\u2013\u00a0Sprint Noturno \u2013 Cerim\u00f3nia de entrega de pr\u00e9mios \u2013 Buarcos<\/p>\n<p>22h00 \u2013 Fecho do Secretariado \u2013 Buarcos<\/p>\n<p>&nbsp;<\/p>\n<p><strong>03 de mar\u00e7o (dia 2 \u2013 domingo): Quiaios<\/strong><\/p>\n<p>08h00 \u2013 Abertura do Secretariado \u2013 Arena Quiaios<\/p>\n<p>10h00 \u2013\u00a0Dist\u00e2ncia M\u00e9dia \u2013 Competi\u00e7\u00e3o<\/p>\n<p>10h30 \u2013\u00a0In\u00edcio partida para os escal\u00f5es abertos e de forma\u00e7\u00e3o<\/p>\n<p>13h30 \u2013 PreO\u00a0\u2013 Quiaios (partidas a 1200m da arena)<\/p>\n<p>18h00 \u2013 PreO \u2013 Cerim\u00f3nia de entrega de pr\u00e9mios \u2013 Arena Quiaios<\/p>\n<p>19h30 \u2013 Abertura do Secretariado \u2013 Event Center<\/p>\n<p>22h00 \u2013 Fecho de Secretariado \u2013 Event Center<\/p>\n<p>&nbsp;<\/p>\n<p><strong>04 de mar\u00e7o (dia 3 \u2013 segunda-feira): Dist\u00e2ncia M\u00e9dia EDP WRE<\/strong><\/p>\n<p>08h00 \u2013 Abertura do Secretariado \u2013 Arena Quiaios<\/p>\n<p>10h00 \u2013 Dist\u00e2ncia M\u00e9dia <strong>EDP<\/strong>\u00a0<strong>WRE<\/strong><\/p>\n<p>10h30 \u2013\u00a0In\u00edcio partida para os escal\u00f5es abertos e de forma\u00e7\u00e3o<\/p>\n<p>15h00 \u2013 Cerim\u00f3nia de entrega de pr\u00e9mios WRE &#8211; Arena Quiaios<\/p>\n<p>&nbsp;<\/p>\n<p><strong>05 de mar\u00e7o (dia 4 \u2013 ter\u00e7a-feira): Dist\u00e2ncia Longa Quiaios<\/strong><\/p>\n<p>08h00 \u2013 Abertura do Secretarido \u2013 Arena Quiaios<\/p>\n<p>09h00 \u2013\u00a0Dist\u00e2ncia Longa\u00a0(chasing start para os escal\u00f5es de Elite na arena) \u2013 Quiaios<\/p>\n<p>09h30 \u2013\u00a0In\u00edcio partida para os escal\u00f5es abertos e de forma\u00e7\u00e3o<\/p>\n<p>10h00 \u2013 Mass Start para os restantes atletas dos escal\u00f5es de Elite na arena \u2013 Quiaios<\/p>\n<p>14h00 \u2013 POM2019 \u2013 Cerim\u00f3nia de entrega de pr\u00e9mios \u2013 Arena Quiaios<\/p>\n<p>15H30 &#8211; Fecho de Secretariado \u2013 Arena Quiaios<\/p>\n<p>16h00 \u2013 Fecho dos Solos Duros<\/p>","protected":false},"excerpt":{"rendered":"<p>11 de fevereiro (segunda-feira): Final do 1\u00ba prazo para inscri\u00e7\u00f5es com pre\u00e7os vantajosos. &gt;&gt; Mesmos pre\u00e7os at\u00e9 dia 18!&lt;&lt; 18 de fevereiro (segunda-feira): Termino das inscri\u00e7\u00f5es em escal\u00f5es de competi\u00e7\u00e3o. Ap\u00f3s esta data apenas ser\u00e3o aceites inscri\u00e7\u00f5es nos escal\u00f5es abertos, at\u00e9 ao dia do evento, estando estas condicionadas \u00e0 exist\u00eancia de mapas. &nbsp; 27 de fevereiro\u00a0(dia -2 \u2013 quarta-feira): 10h00 \u2013 Abertura do Secretariado \u2013\u00a0Figueira &#8211; Event Center 11h00 \u2013 Abertura dos\u00a0Model Events\u00a0\u2013 Leirosa (Floresta) \/ Figueira (Urbano) 16h00 \u2013 Encerramento dos Model Events\u00a0\u2013 Leirosa (Floresta) \/ Figueira (Urbano) 20h00 \u2013 Abertura do Solo Duro 21h00 \u2013 Fecho do Secretariado \u2013\u00a0Figueira &#8211; Event Center &nbsp; 28 de fevereiro\u00a0(dia -1 \u2013 [&hellip;]<\/p>\n","protected":false},"author":9,"featured_media":0,"parent":0,"menu_order":0,"comment_status":"closed","ping_status":"closed","template":"","meta":{"_monsterinsights_skip_tracking":false,"_monsterinsights_sitenote_active":false,"_monsterinsights_sitenote_note":"","_monsterinsights_sitenote_category":0,"footnotes":""},"class_list":["post-40","page","type-page","status-publish","hentry"],"_links":{"self":[{"href":"https:\/\/pom.pt\/2019\/wp-json\/wp\/v2\/pages\/40","targetHints":{"allow":["GET"]}}],"collection":[{"href":"https:\/\/pom.pt\/2019\/wp-json\/wp\/v2\/pages"}],"about":[{"href":"https:\/\/pom.pt\/2019\/wp-json\/wp\/v2\/types\/page"}],"author":[{"embeddable":true,"href":"https:\/\/pom.pt\/2019\/wp-json\/wp\/v2\/users\/9"}],"replies":[{"embeddable":true,"href":"https:\/\/pom.pt\/2019\/wp-json\/wp\/v2\/comments?post=40"}],"version-history":[{"count":22,"href":"https:\/\/pom.pt\/2019\/wp-json\/wp\/v2\/pages\/40\/revisions"}],"predecessor-version":[{"id":963,"href":"https:\/\/pom.pt\/2019\/wp-json\/wp\/v2\/pages\/40\/revisions\/963"}],"wp:attachment":[{"href":"https:\/\/pom.pt\/2019\/wp-json\/wp\/v2\/media?parent=40"}],"curies":[{"name":"wp","href":"https:\/\/api.w.org\/{rel}","templated":true}]}}