{"id":276,"date":"2018-09-07T10:14:21","date_gmt":"2018-09-07T10:14:21","guid":{"rendered":"http:\/\/pom.pt\/2019\/?page_id=276"},"modified":"2019-02-25T00:58:01","modified_gmt":"2019-02-25T00:58:01","slug":"sprint-relay-arena-torre-do-relogio","status":"publish","type":"page","link":"https:\/\/pom.pt\/2019\/localizacao\/sprint-relay-arena-torre-do-relogio\/","title":{"rendered":"Sprint Relay: Torre do Rel\u00f3gio"},"content":{"rendered":"<p><strong>Mapa:<\/strong>\u00a0Figueira da Foz (atualizado em 2018)<\/p>\n<p><strong>Terreno:<\/strong>\u00a0Zona urbana envolvente ao Casino da Figueira. Zona de ruas mais geom\u00e9tricas, mas que possibilitam a cria\u00e7\u00e3o de boas op\u00e7\u00f5es de itiner\u00e1rio.<\/p>\n<p><strong>Cart\u00f3grafo:<\/strong>\u00a0Rafael Miguel (Portugal)<\/p>\n<p><strong>Tra\u00e7ador de percursos:<\/strong>\u00a0Bruno Naz\u00e1rio<\/p>\n<p><strong>Escala do mapa:<\/strong>\u00a01:4.000<\/p>\n<p><strong>Equidist\u00e2ncia:<\/strong>\u00a02,5m<\/p>\n<p><strong>Estacionamento:<\/strong>\u00a0Parque de estacionamento junto ao Forte de Santa Catarina.<\/p>\n<p><strong>Informa\u00e7\u00e3o adicional:<\/strong><\/p>\n<p>&#8211; Existir\u00e1 uma\u00a0quarentena\u00a0para todos os atletas. Os atletas devem entrar na quarentena entre as 13h00 e as 13h30.<br \/>\n&#8211; No escal\u00e3o de Estafetas Competi\u00e7\u00e3o a partida em massa (Mass Start) ser\u00e1 \u00e0s 14h00.<br \/>\n&#8211; No escal\u00e3o de Estafetas Aberto a partida em massa (Mass Start) ser\u00e1 \u00e0s 14h10.<br \/>\n&#8211; O SPORTident Air+ estar\u00e1 ativo.<br \/>\n&#8211; O Secretariado a funcionar durante o Sprint Relay apenas servir\u00e1 para assuntos relacionados com a referida competi\u00e7\u00e3o.<\/p>\n<p><a href=\"http:\/\/pom.pt\/2019\/wp-content\/uploads\/sites\/5\/2019\/02\/POM2019-SprntRelayArenaLayout.pdf\" target=\"_blank\" rel=\"noopener\">Layout Arena Sprint Relay<\/a><\/p>\n<h2><strong>Informa\u00e7\u00f5es t\u00e9cnicas finais<\/strong><\/h2>\n<p><img loading=\"lazy\" decoding=\"async\" class=\"size-full wp-image-898 aligncenter\" src=\"http:\/\/pom.pt\/2019\/wp-content\/uploads\/sites\/5\/2019\/02\/Sprint-Relay_POR.png\" alt=\"\" width=\"789\" height=\"270\" srcset=\"https:\/\/pom.pt\/2019\/wp-content\/uploads\/sites\/5\/2019\/02\/Sprint-Relay_POR.png 789w, https:\/\/pom.pt\/2019\/wp-content\/uploads\/sites\/5\/2019\/02\/Sprint-Relay_POR-300x103.png 300w, https:\/\/pom.pt\/2019\/wp-content\/uploads\/sites\/5\/2019\/02\/Sprint-Relay_POR-768x263.png 768w\" sizes=\"auto, (max-width: 789px) 100vw, 789px\" \/><\/p>\n<h2><strong>Excerto de mapa<\/strong><\/h2>\n<p><img loading=\"lazy\" decoding=\"async\" class=\" wp-image-299 aligncenter\" src=\"http:\/\/pom.pt\/2019\/wp-content\/uploads\/sites\/5\/2018\/10\/sprint-relay.png\" alt=\"\" width=\"319\" height=\"205\" srcset=\"https:\/\/pom.pt\/2019\/wp-content\/uploads\/sites\/5\/2018\/10\/sprint-relay.png 696w, https:\/\/pom.pt\/2019\/wp-content\/uploads\/sites\/5\/2018\/10\/sprint-relay-300x193.png 300w\" sizes=\"auto, (max-width: 319px) 100vw, 319px\" \/><\/p>\n<h2><strong>Fotos do terreno<\/strong><\/h2>\n<p><img loading=\"lazy\" decoding=\"async\" class=\"wp-image-301 aligncenter\" src=\"http:\/\/pom.pt\/2019\/wp-content\/uploads\/sites\/5\/2018\/10\/sprintrelay_1.png\" alt=\"\" width=\"484\" height=\"322\" srcset=\"https:\/\/pom.pt\/2019\/wp-content\/uploads\/sites\/5\/2018\/10\/sprintrelay_1.png 700w, https:\/\/pom.pt\/2019\/wp-content\/uploads\/sites\/5\/2018\/10\/sprintrelay_1-300x200.png 300w\" sizes=\"auto, (max-width: 484px) 100vw, 484px\" \/><\/p>\n<p style=\"text-align: center;\">Torre do rel\u00f3gio &#8211; refer\u00eancia da localiza\u00e7\u00e3o da arena do Sprint-Relay do POM2019<\/p>\n<p><img loading=\"lazy\" decoding=\"async\" class=\"wp-image-302 aligncenter\" src=\"http:\/\/pom.pt\/2019\/wp-content\/uploads\/sites\/5\/2018\/10\/sprintrelay_2.png\" alt=\"\" width=\"452\" height=\"301\" srcset=\"https:\/\/pom.pt\/2019\/wp-content\/uploads\/sites\/5\/2018\/10\/sprintrelay_2.png 700w, https:\/\/pom.pt\/2019\/wp-content\/uploads\/sites\/5\/2018\/10\/sprintrelay_2-300x200.png 300w\" sizes=\"auto, (max-width: 452px) 100vw, 452px\" \/><\/p>\n<p style=\"text-align: center;\">Torre do rel\u00f3gio &#8211; arena ir\u00e1 ficar localizada no areal, com vista para o oceano atl\u00e2ntico<\/p>\n<p><\/p>","protected":false},"excerpt":{"rendered":"<p>Mapa:\u00a0Figueira da Foz (atualizado em 2018) Terreno:\u00a0Zona urbana envolvente ao Casino da Figueira. Zona de ruas mais geom\u00e9tricas, mas que possibilitam a cria\u00e7\u00e3o de boas op\u00e7\u00f5es de itiner\u00e1rio. Cart\u00f3grafo:\u00a0Rafael Miguel (Portugal) Tra\u00e7ador de percursos:\u00a0Bruno Naz\u00e1rio Escala do mapa:\u00a01:4.000 Equidist\u00e2ncia:\u00a02,5m Estacionamento:\u00a0Parque de estacionamento junto ao Forte de Santa Catarina. Informa\u00e7\u00e3o adicional: &#8211; Existir\u00e1 uma\u00a0quarentena\u00a0para todos os atletas. Os atletas devem entrar na quarentena entre as 13h00 e as 13h30. &#8211; No escal\u00e3o de Estafetas Competi\u00e7\u00e3o a partida em massa (Mass Start) ser\u00e1 \u00e0s 14h00. &#8211; No escal\u00e3o de Estafetas Aberto a partida em massa (Mass Start) ser\u00e1 \u00e0s 14h10. &#8211; O SPORTident Air+ estar\u00e1 ativo. &#8211; O Secretariado a funcionar durante [&hellip;]<\/p>\n","protected":false},"author":11,"featured_media":0,"parent":134,"menu_order":2,"comment_status":"closed","ping_status":"closed","template":"","meta":{"_monsterinsights_skip_tracking":false,"_monsterinsights_sitenote_active":false,"_monsterinsights_sitenote_note":"","_monsterinsights_sitenote_category":0,"footnotes":""},"class_list":["post-276","page","type-page","status-publish","hentry"],"_links":{"self":[{"href":"https:\/\/pom.pt\/2019\/wp-json\/wp\/v2\/pages\/276","targetHints":{"allow":["GET"]}}],"collection":[{"href":"https:\/\/pom.pt\/2019\/wp-json\/wp\/v2\/pages"}],"about":[{"href":"https:\/\/pom.pt\/2019\/wp-json\/wp\/v2\/types\/page"}],"author":[{"embeddable":true,"href":"https:\/\/pom.pt\/2019\/wp-json\/wp\/v2\/users\/11"}],"replies":[{"embeddable":true,"href":"https:\/\/pom.pt\/2019\/wp-json\/wp\/v2\/comments?post=276"}],"version-history":[{"count":9,"href":"https:\/\/pom.pt\/2019\/wp-json\/wp\/v2\/pages\/276\/revisions"}],"predecessor-version":[{"id":938,"href":"https:\/\/pom.pt\/2019\/wp-json\/wp\/v2\/pages\/276\/revisions\/938"}],"up":[{"embeddable":true,"href":"https:\/\/pom.pt\/2019\/wp-json\/wp\/v2\/pages\/134"}],"wp:attachment":[{"href":"https:\/\/pom.pt\/2019\/wp-json\/wp\/v2\/media?parent=276"}],"curies":[{"name":"wp","href":"https:\/\/api.w.org\/{rel}","templated":true}]}}