{"id":272,"date":"2018-09-07T10:12:17","date_gmt":"2018-09-07T10:12:17","guid":{"rendered":"http:\/\/pom.pt\/2019\/?page_id=272"},"modified":"2019-02-25T01:03:53","modified_gmt":"2019-02-25T01:03:53","slug":"dia-3-dia-4-arena-quiaios","status":"publish","type":"page","link":"https:\/\/pom.pt\/2019\/localizacao\/dia-3-dia-4-arena-quiaios\/","title":{"rendered":"Dia 2, 3 e 4: Quiaios"},"content":{"rendered":"<p><strong>Mapa:<\/strong>\u00a0Quiaios (2018)<\/p>\n<p><strong>Terreno:<\/strong>\u00a0Terreno t\u00edpico de dunas portuguesas, com floresta coberta de pinheiros e algumas pequenas zonas abertas. Existem v\u00e1rias \u00e1reas\/pontos de vegeta\u00e7\u00e3o densa, predominantemente causadas pela presen\u00e7a de mimosas (Acacia dealbata), e algumas zonas de vegeta\u00e7\u00e3o rasteira. Progress\u00e3o e visibilidade boa\/muito boa.<\/p>\n<p>Mapa final ir\u00e1 utilizar partes dos mapas do POM2010.<\/p>\n<p><strong>Cart\u00f3grafo:<\/strong>\u00a0Alexandre Reis (Portugal)<\/p>\n<p><strong>Tra\u00e7adores de percursos:<\/strong>\u00a0Bruno Naz\u00e1rio (Dist\u00e2ncia M\u00e9dia &#8211; dia 2 e Dist\u00e2ncia M\u00e9dia WRE\u2013 dia 3); Rafael Miguel (Dist\u00e2ncia Longa \u2013 dia 4)<\/p>\n<p><strong>Escala do mapa:<\/strong>\u00a01:15.000, 1:10.000 e 1:7.500<\/p>\n<p><strong>Equidist\u00e2ncia:<\/strong>\u00a02,5m<\/p>\n<p><strong>Estacionamento:<\/strong>\u00a0Nos locais indicados pela Organiza\u00e7\u00e3o<\/p>\n<p><strong>Informa\u00e7\u00e3o adicional:<\/strong><\/p>\n<p>&#8211; Existir\u00e3o pontos de \u00e1gua (dist\u00e2ncia longa)<br \/>\n&#8211; Primeira partida: Dia 2 &amp; 3: 10h00; Dia 4 &#8211; 9h00<br \/>\n&#8211; In\u00edcio das partidas dos escal\u00f5es abertos e de forma\u00e7\u00e3o:\u00a0Dia 2 &amp; 3: 10h30; Dia 4 &#8211; 9h30<\/p>\n<p><a href=\"http:\/\/pom.pt\/2019\/wp-content\/uploads\/sites\/5\/2019\/02\/POM2019-Day2-3-4ArenaLayout.pdf\" target=\"_blank\" rel=\"noopener\">Layout Arena Dias 2,3 e 4<\/a><\/p>\n<h2><strong>Informa\u00e7\u00e3o t\u00e9cnica final<\/strong><\/h2>\n<p><img loading=\"lazy\" decoding=\"async\" class=\"wp-image-932 aligncenter\" src=\"http:\/\/pom.pt\/2019\/wp-content\/uploads\/sites\/5\/2019\/02\/Dia-2_POR2.png\" alt=\"\" width=\"607\" height=\"544\" \/><\/p>\n<p><img loading=\"lazy\" decoding=\"async\" class=\"size-full wp-image-882 aligncenter\" src=\"http:\/\/pom.pt\/2019\/wp-content\/uploads\/sites\/5\/2019\/02\/Dia-3_POR.png\" alt=\"\" width=\"578\" height=\"591\" srcset=\"https:\/\/pom.pt\/2019\/wp-content\/uploads\/sites\/5\/2019\/02\/Dia-3_POR.png 578w, https:\/\/pom.pt\/2019\/wp-content\/uploads\/sites\/5\/2019\/02\/Dia-3_POR-293x300.png 293w\" sizes=\"auto, (max-width: 578px) 100vw, 578px\" \/><\/p>\n<p><img loading=\"lazy\" decoding=\"async\" class=\"size-full wp-image-913 aligncenter\" src=\"http:\/\/pom.pt\/2019\/wp-content\/uploads\/sites\/5\/2019\/02\/Dia-4_POR-1.png\" alt=\"\" width=\"586\" height=\"595\" srcset=\"https:\/\/pom.pt\/2019\/wp-content\/uploads\/sites\/5\/2019\/02\/Dia-4_POR-1.png 586w, https:\/\/pom.pt\/2019\/wp-content\/uploads\/sites\/5\/2019\/02\/Dia-4_POR-1-295x300.png 295w\" sizes=\"auto, (max-width: 586px) 100vw, 586px\" \/><\/p>\n<h2><strong>Excerto de mapa<\/strong><\/h2>\n<p><img loading=\"lazy\" decoding=\"async\" class=\" wp-image-323 aligncenter\" src=\"http:\/\/pom.pt\/2019\/wp-content\/uploads\/sites\/5\/2018\/10\/floresta_dia3_4.png\" alt=\"\" width=\"345\" height=\"198\" srcset=\"https:\/\/pom.pt\/2019\/wp-content\/uploads\/sites\/5\/2018\/10\/floresta_dia3_4.png 682w, https:\/\/pom.pt\/2019\/wp-content\/uploads\/sites\/5\/2018\/10\/floresta_dia3_4-300x172.png 300w\" sizes=\"auto, (max-width: 345px) 100vw, 345px\" \/><\/p>\n<p><img loading=\"lazy\" decoding=\"async\" class=\"wp-image-345 aligncenter\" src=\"http:\/\/pom.pt\/2019\/wp-content\/uploads\/sites\/5\/2019\/01\/quiaios_1.png\" alt=\"\" width=\"338\" height=\"223\" srcset=\"https:\/\/pom.pt\/2019\/wp-content\/uploads\/sites\/5\/2019\/01\/quiaios_1.png 1015w, https:\/\/pom.pt\/2019\/wp-content\/uploads\/sites\/5\/2019\/01\/quiaios_1-300x198.png 300w, https:\/\/pom.pt\/2019\/wp-content\/uploads\/sites\/5\/2019\/01\/quiaios_1-768x506.png 768w\" sizes=\"auto, (max-width: 338px) 100vw, 338px\" \/><\/p>\n<h2><img loading=\"lazy\" decoding=\"async\" class=\"wp-image-346 aligncenter\" src=\"http:\/\/pom.pt\/2019\/wp-content\/uploads\/sites\/5\/2019\/01\/quiaios_2.png\" alt=\"\" width=\"328\" height=\"216\" srcset=\"https:\/\/pom.pt\/2019\/wp-content\/uploads\/sites\/5\/2019\/01\/quiaios_2.png 1015w, https:\/\/pom.pt\/2019\/wp-content\/uploads\/sites\/5\/2019\/01\/quiaios_2-300x198.png 300w, https:\/\/pom.pt\/2019\/wp-content\/uploads\/sites\/5\/2019\/01\/quiaios_2-768x506.png 768w\" sizes=\"auto, (max-width: 328px) 100vw, 328px\" \/><\/h2>\n<h2><\/h2>\n<h2><strong>Fotos do terreno<\/strong><\/h2>\n<h2><img loading=\"lazy\" decoding=\"async\" class=\" wp-image-317 aligncenter\" src=\"http:\/\/pom.pt\/2019\/wp-content\/uploads\/sites\/5\/2018\/10\/floresta_dia3_4_a.png\" alt=\"\" width=\"361\" height=\"241\" srcset=\"https:\/\/pom.pt\/2019\/wp-content\/uploads\/sites\/5\/2018\/10\/floresta_dia3_4_a.png 700w, https:\/\/pom.pt\/2019\/wp-content\/uploads\/sites\/5\/2018\/10\/floresta_dia3_4_a-300x200.png 300w\" sizes=\"auto, (max-width: 361px) 100vw, 361px\" \/><\/h2>\n<h2><img loading=\"lazy\" decoding=\"async\" class=\" wp-image-318 aligncenter\" src=\"http:\/\/pom.pt\/2019\/wp-content\/uploads\/sites\/5\/2018\/10\/floresta_dia3_4_b.png\" alt=\"\" width=\"366\" height=\"244\" srcset=\"https:\/\/pom.pt\/2019\/wp-content\/uploads\/sites\/5\/2018\/10\/floresta_dia3_4_b.png 700w, https:\/\/pom.pt\/2019\/wp-content\/uploads\/sites\/5\/2018\/10\/floresta_dia3_4_b-300x200.png 300w\" sizes=\"auto, (max-width: 366px) 100vw, 366px\" \/><\/h2>\n<h2><img loading=\"lazy\" decoding=\"async\" class=\" wp-image-319 aligncenter\" src=\"http:\/\/pom.pt\/2019\/wp-content\/uploads\/sites\/5\/2018\/10\/floresta_dia3_4_c.png\" alt=\"\" width=\"358\" height=\"238\" srcset=\"https:\/\/pom.pt\/2019\/wp-content\/uploads\/sites\/5\/2018\/10\/floresta_dia3_4_c.png 700w, https:\/\/pom.pt\/2019\/wp-content\/uploads\/sites\/5\/2018\/10\/floresta_dia3_4_c-300x200.png 300w\" sizes=\"auto, (max-width: 358px) 100vw, 358px\" \/><\/h2>\n<h2><img loading=\"lazy\" decoding=\"async\" class=\" wp-image-320 aligncenter\" src=\"http:\/\/pom.pt\/2019\/wp-content\/uploads\/sites\/5\/2018\/10\/floresta_dia3_4_d.png\" alt=\"\" width=\"366\" height=\"244\" srcset=\"https:\/\/pom.pt\/2019\/wp-content\/uploads\/sites\/5\/2018\/10\/floresta_dia3_4_d.png 700w, https:\/\/pom.pt\/2019\/wp-content\/uploads\/sites\/5\/2018\/10\/floresta_dia3_4_d-300x200.png 300w\" sizes=\"auto, (max-width: 366px) 100vw, 366px\" \/><\/h2>\n<h2><img loading=\"lazy\" decoding=\"async\" class=\"wp-image-321 aligncenter\" src=\"http:\/\/pom.pt\/2019\/wp-content\/uploads\/sites\/5\/2018\/10\/floresta_dia3_4_e.png\" alt=\"\" width=\"369\" height=\"246\" srcset=\"https:\/\/pom.pt\/2019\/wp-content\/uploads\/sites\/5\/2018\/10\/floresta_dia3_4_e.png 700w, https:\/\/pom.pt\/2019\/wp-content\/uploads\/sites\/5\/2018\/10\/floresta_dia3_4_e-300x200.png 300w\" sizes=\"auto, (max-width: 369px) 100vw, 369px\" \/><\/h2>\n<p>&nbsp;<\/p>","protected":false},"excerpt":{"rendered":"<p>Mapa:\u00a0Quiaios (2018) Terreno:\u00a0Terreno t\u00edpico de dunas portuguesas, com floresta coberta de pinheiros e algumas pequenas zonas abertas. Existem v\u00e1rias \u00e1reas\/pontos de vegeta\u00e7\u00e3o densa, predominantemente causadas pela presen\u00e7a de mimosas (Acacia dealbata), e algumas zonas de vegeta\u00e7\u00e3o rasteira. Progress\u00e3o e visibilidade boa\/muito boa. Mapa final ir\u00e1 utilizar partes dos mapas do POM2010. Cart\u00f3grafo:\u00a0Alexandre Reis (Portugal) Tra\u00e7adores de percursos:\u00a0Bruno Naz\u00e1rio (Dist\u00e2ncia M\u00e9dia &#8211; dia 2 e Dist\u00e2ncia M\u00e9dia WRE\u2013 dia 3); Rafael Miguel (Dist\u00e2ncia Longa \u2013 dia 4) Escala do mapa:\u00a01:15.000, 1:10.000 e 1:7.500 Equidist\u00e2ncia:\u00a02,5m Estacionamento:\u00a0Nos locais indicados pela Organiza\u00e7\u00e3o Informa\u00e7\u00e3o adicional: &#8211; Existir\u00e3o pontos de \u00e1gua (dist\u00e2ncia longa) &#8211; Primeira partida: Dia 2 &amp; 3: 10h00; Dia 4 &#8211; 9h00 &#8211; [&hellip;]<\/p>\n","protected":false},"author":11,"featured_media":0,"parent":134,"menu_order":10,"comment_status":"closed","ping_status":"closed","template":"","meta":{"_monsterinsights_skip_tracking":false,"_monsterinsights_sitenote_active":false,"_monsterinsights_sitenote_note":"","_monsterinsights_sitenote_category":0,"footnotes":""},"class_list":["post-272","page","type-page","status-publish","hentry"],"_links":{"self":[{"href":"https:\/\/pom.pt\/2019\/wp-json\/wp\/v2\/pages\/272","targetHints":{"allow":["GET"]}}],"collection":[{"href":"https:\/\/pom.pt\/2019\/wp-json\/wp\/v2\/pages"}],"about":[{"href":"https:\/\/pom.pt\/2019\/wp-json\/wp\/v2\/types\/page"}],"author":[{"embeddable":true,"href":"https:\/\/pom.pt\/2019\/wp-json\/wp\/v2\/users\/11"}],"replies":[{"embeddable":true,"href":"https:\/\/pom.pt\/2019\/wp-json\/wp\/v2\/comments?post=272"}],"version-history":[{"count":46,"href":"https:\/\/pom.pt\/2019\/wp-json\/wp\/v2\/pages\/272\/revisions"}],"predecessor-version":[{"id":942,"href":"https:\/\/pom.pt\/2019\/wp-json\/wp\/v2\/pages\/272\/revisions\/942"}],"up":[{"embeddable":true,"href":"https:\/\/pom.pt\/2019\/wp-json\/wp\/v2\/pages\/134"}],"wp:attachment":[{"href":"https:\/\/pom.pt\/2019\/wp-json\/wp\/v2\/media?parent=272"}],"curies":[{"name":"wp","href":"https:\/\/api.w.org\/{rel}","templated":true}]}}