{"id":270,"date":"2018-09-07T10:11:25","date_gmt":"2018-09-07T10:11:25","guid":{"rendered":"http:\/\/pom.pt\/2019\/?page_id=270"},"modified":"2019-02-25T00:59:41","modified_gmt":"2019-02-25T00:59:41","slug":"dia-1-dia-2-arena-leirosa","status":"publish","type":"page","link":"https:\/\/pom.pt\/2019\/localizacao\/dia-1-dia-2-arena-leirosa\/","title":{"rendered":"Dia 1: Arena Dunas da Tocha"},"content":{"rendered":"<p><strong>Mapa:<\/strong>\u00a0Dunas da Tocha (2019)<\/p>\n<p><strong>Terreno:<\/strong>\u00a0Terreno t\u00edpico de dunas portuguesas, com floresta coberta de pinheiros e algumas pequenas zonas abertas, caracterizada pela abund\u00e2ncia de pormenores de relevo.<\/p>\n<p>Existem v\u00e1rias \u00e1reas\/pontos de vegeta\u00e7\u00e3o densa, predominantemente causadas pela presen\u00e7a de mimosas (Acacia dealbata), e algumas zonas de vegeta\u00e7\u00e3o rasteira. Progress\u00e3o e visibilidade boa\/muito boa.<\/p>\n<p><strong>Cart\u00f3grafo:<\/strong>\u00a0Rui Antunes e Jos\u00e9 Baptista (Portugal)<\/p>\n<p><strong>Tra\u00e7ador de percursos:<\/strong>\u00a0Rafael Miguel (Dist\u00e2ncia M\u00e9dia \u2013 dia 1)<\/p>\n<p><strong>Escala do mapa:<\/strong>\u00a01:10.000 e 1:7.500<\/p>\n<p><strong>Equidist\u00e2ncia:<\/strong>\u00a02,5m<\/p>\n<p><strong>Estacionamento:<\/strong>\u00a0Nos locais indicados pela Organiza\u00e7\u00e3o<\/p>\n<p><strong>Informa\u00e7\u00e3o adicional:<\/strong><\/p>\n<p>&#8211; Primeira partida: 10h00<\/p>\n<p>&#8211; In\u00edcio das partidas dos escal\u00f5es abertos e de forma\u00e7\u00e3o: 10h30<\/p>\n<p><strong>\u00a0<a href=\"http:\/\/pom.pt\/2019\/wp-content\/uploads\/sites\/5\/2019\/02\/POM2019-Day1ArenaLayout.pdf\" target=\"_blank\" rel=\"noopener\">Layout Arena Dia 1<\/a><\/strong><\/p>\n<h2><strong>Informa\u00e7\u00e3o T\u00e9cnica<\/strong><\/h2>\n<p><img loading=\"lazy\" decoding=\"async\" class=\"wp-image-928 aligncenter\" src=\"http:\/\/pom.pt\/2019\/wp-content\/uploads\/sites\/5\/2019\/02\/Dia-1_POR.png\" alt=\"\" width=\"581\" height=\"543\" \/><\/p>\n<h2><strong>Excerto de mapa<\/strong><\/h2>\n<h2><img loading=\"lazy\" decoding=\"async\" class=\"wp-image-338 aligncenter\" src=\"http:\/\/pom.pt\/2019\/wp-content\/uploads\/sites\/5\/2019\/01\/Dunas-Tocha_POM.png\" alt=\"\" width=\"315\" height=\"203\" \/><\/h2>\n<p><img loading=\"lazy\" decoding=\"async\" class=\" wp-image-339 aligncenter\" src=\"http:\/\/pom.pt\/2019\/wp-content\/uploads\/sites\/5\/2019\/01\/dunas-tocha_2.png\" alt=\"\" width=\"325\" height=\"168\" \/><\/p>\n<h2><strong>Fotos do Terreno<\/strong><\/h2>\n<h2><img loading=\"lazy\" decoding=\"async\" class=\" wp-image-311 aligncenter\" src=\"http:\/\/pom.pt\/2019\/wp-content\/uploads\/sites\/5\/2018\/10\/floresta_dia1_2_b.png\" alt=\"\" width=\"405\" height=\"230\" \/><\/h2>\n<h2><img loading=\"lazy\" decoding=\"async\" class=\" wp-image-312 aligncenter\" src=\"http:\/\/pom.pt\/2019\/wp-content\/uploads\/sites\/5\/2018\/10\/floresta_dia1_2_c.png\" alt=\"\" width=\"405\" height=\"265\" \/><\/h2>\n<h2><img loading=\"lazy\" decoding=\"async\" class=\" wp-image-313 aligncenter\" src=\"http:\/\/pom.pt\/2019\/wp-content\/uploads\/sites\/5\/2018\/10\/floresta_dia1_2_d.png\" alt=\"\" width=\"412\" height=\"271\" \/><\/h2>\n<p>&nbsp;<\/p>","protected":false},"excerpt":{"rendered":"<p>Mapa:\u00a0Dunas da Tocha (2019) Terreno:\u00a0Terreno t\u00edpico de dunas portuguesas, com floresta coberta de pinheiros e algumas pequenas zonas abertas, caracterizada pela abund\u00e2ncia de pormenores de relevo. Existem v\u00e1rias \u00e1reas\/pontos de vegeta\u00e7\u00e3o densa, predominantemente causadas pela presen\u00e7a de mimosas (Acacia dealbata), e algumas zonas de vegeta\u00e7\u00e3o rasteira. Progress\u00e3o e visibilidade boa\/muito boa. Cart\u00f3grafo:\u00a0Rui Antunes e Jos\u00e9 Baptista (Portugal) Tra\u00e7ador de percursos:\u00a0Rafael Miguel (Dist\u00e2ncia M\u00e9dia \u2013 dia 1) Escala do mapa:\u00a01:10.000 e 1:7.500 Equidist\u00e2ncia:\u00a02,5m Estacionamento:\u00a0Nos locais indicados pela Organiza\u00e7\u00e3o Informa\u00e7\u00e3o adicional: &#8211; Primeira partida: 10h00 &#8211; In\u00edcio das partidas dos escal\u00f5es abertos e de forma\u00e7\u00e3o: 10h30 \u00a0Layout Arena Dia 1 Informa\u00e7\u00e3o T\u00e9cnica Excerto de mapa Fotos do Terreno &nbsp;<\/p>\n","protected":false},"author":11,"featured_media":0,"parent":134,"menu_order":3,"comment_status":"closed","ping_status":"closed","template":"","meta":{"_monsterinsights_skip_tracking":false,"_monsterinsights_sitenote_active":false,"_monsterinsights_sitenote_note":"","_monsterinsights_sitenote_category":0,"footnotes":""},"class_list":["post-270","page","type-page","status-publish","hentry"],"_links":{"self":[{"href":"https:\/\/pom.pt\/2019\/wp-json\/wp\/v2\/pages\/270","targetHints":{"allow":["GET"]}}],"collection":[{"href":"https:\/\/pom.pt\/2019\/wp-json\/wp\/v2\/pages"}],"about":[{"href":"https:\/\/pom.pt\/2019\/wp-json\/wp\/v2\/types\/page"}],"author":[{"embeddable":true,"href":"https:\/\/pom.pt\/2019\/wp-json\/wp\/v2\/users\/11"}],"replies":[{"embeddable":true,"href":"https:\/\/pom.pt\/2019\/wp-json\/wp\/v2\/comments?post=270"}],"version-history":[{"count":9,"href":"https:\/\/pom.pt\/2019\/wp-json\/wp\/v2\/pages\/270\/revisions"}],"predecessor-version":[{"id":939,"href":"https:\/\/pom.pt\/2019\/wp-json\/wp\/v2\/pages\/270\/revisions\/939"}],"up":[{"embeddable":true,"href":"https:\/\/pom.pt\/2019\/wp-json\/wp\/v2\/pages\/134"}],"wp:attachment":[{"href":"https:\/\/pom.pt\/2019\/wp-json\/wp\/v2\/media?parent=270"}],"curies":[{"name":"wp","href":"https:\/\/api.w.org\/{rel}","templated":true}]}}