{"id":270,"date":"2018-09-07T10:11:25","date_gmt":"2018-09-07T10:11:25","guid":{"rendered":"http:\/\/pom.pt\/2019\/?page_id=270"},"modified":"2019-02-25T00:59:41","modified_gmt":"2019-02-25T00:59:41","slug":"dia-1-dia-2-arena-leirosa","status":"publish","type":"page","link":"https:\/\/pom.pt\/2019\/en\/localizacao\/dia-1-dia-2-arena-leirosa\/","title":{"rendered":"Stage 1: Arena Dunas da Tocha"},"content":{"rendered":"<p><strong>Map:<\/strong> Dunas da Tocha (2019)<\/p>\n<p><strong>Terrain:<\/strong>\u00a0Typical Portuguese Sand Dunes terrain, with pine forest and some very small open areas. This area is particularly known for presenting many contour details.<\/p>\n<p>Several small green areas\/dots mostly caused by mimosas (Acacia dealbata) and some undergrowth vegetation areas. Good\/very good visibility and runnability.<\/p>\n<p><strong>Map maker:<\/strong> Rui Antunes e Jos\u00e9 Baptista (Portugal)<\/p>\n<p><strong>Course setter:<\/strong> Rafael Miguel (Dist\u00e2ncia M\u00e9dia \u2013 dia 1)<\/p>\n<p><strong>Map scale:<\/strong>\u00a01:10.000 e 1:7.500<\/p>\n<p><strong>Contour Interval:<\/strong>\u00a02,5m<\/p>\n<p><strong>Parking:<\/strong>\u00a0In the places indicated by Organization<\/p>\n<p><strong>Additional information:<\/strong><\/p>\n<p>&#8211; There will be refreshment controls (long distance)<\/p>\n<p>&#8211; First start: 10h00<\/p>\n<p>&#8211; Starts for open and formation classes: free start-time from 10h30<\/p>\n<p><strong>\u00a0<a href=\"http:\/\/pom.pt\/2019\/wp-content\/uploads\/sites\/5\/2019\/02\/POM2019-Day1ArenaLayout.pdf\" target=\"_blank\" rel=\"noopener\">Layout Arena Day 1<\/a><\/strong><\/p>\n<h2><strong>Technical Information<\/strong><\/h2>\n<p><img loading=\"lazy\" decoding=\"async\" class=\"wp-image-929 aligncenter\" src=\"http:\/\/pom.pt\/2019\/wp-content\/uploads\/sites\/5\/2019\/02\/Dia-1_ENG.png\" alt=\"\" width=\"624\" height=\"550\" \/><\/p>\n<p><strong>\u00a0<\/strong><\/p>\n<h2><strong>Map sample<\/strong><\/h2>\n<h2><img loading=\"lazy\" decoding=\"async\" class=\"wp-image-338 aligncenter\" src=\"http:\/\/pom.pt\/2019\/wp-content\/uploads\/sites\/5\/2019\/01\/Dunas-Tocha_POM.png\" alt=\"\" width=\"315\" height=\"203\" \/><\/h2>\n<p><img loading=\"lazy\" decoding=\"async\" class=\" wp-image-339 aligncenter\" src=\"http:\/\/pom.pt\/2019\/wp-content\/uploads\/sites\/5\/2019\/01\/dunas-tocha_2.png\" alt=\"\" width=\"325\" height=\"168\" \/><\/p>\n<h2><strong>Terrain photos<\/strong><\/h2>\n<h2><img loading=\"lazy\" decoding=\"async\" class=\" wp-image-311 aligncenter\" src=\"http:\/\/pom.pt\/2019\/wp-content\/uploads\/sites\/5\/2018\/10\/floresta_dia1_2_b.png\" alt=\"\" width=\"405\" height=\"230\" \/><\/h2>\n<h2><img loading=\"lazy\" decoding=\"async\" class=\" wp-image-312 aligncenter\" src=\"http:\/\/pom.pt\/2019\/wp-content\/uploads\/sites\/5\/2018\/10\/floresta_dia1_2_c.png\" alt=\"\" width=\"405\" height=\"265\" \/><\/h2>\n<h2><img loading=\"lazy\" decoding=\"async\" class=\" wp-image-313 aligncenter\" src=\"http:\/\/pom.pt\/2019\/wp-content\/uploads\/sites\/5\/2018\/10\/floresta_dia1_2_d.png\" alt=\"\" width=\"412\" height=\"271\" \/><\/h2>\n<p>&nbsp;<\/p>","protected":false},"excerpt":{"rendered":"<p>Map: Dunas da Tocha (2019) Terrain:\u00a0Typical Portuguese Sand Dunes terrain, with pine forest and some very small open areas. This area is particularly known for presenting many contour details. Several small green areas\/dots mostly caused by mimosas (Acacia dealbata) and some undergrowth vegetation areas. Good\/very good visibility and runnability. Map maker: Rui Antunes e Jos\u00e9 Baptista (Portugal) Course setter: Rafael Miguel (Dist\u00e2ncia M\u00e9dia \u2013 dia 1) Map scale:\u00a01:10.000 e 1:7.500 Contour Interval:\u00a02,5m Parking:\u00a0In the places indicated by Organization Additional information: &#8211; There will be refreshment controls (long distance) &#8211; First start: 10h00 &#8211; Starts for open and formation classes: free start-time from 10h30 \u00a0Layout Arena Day 1 Technical Information \u00a0 [&hellip;]<\/p>\n","protected":false},"author":11,"featured_media":0,"parent":134,"menu_order":3,"comment_status":"closed","ping_status":"closed","template":"","meta":{"_monsterinsights_skip_tracking":false,"_monsterinsights_sitenote_active":false,"_monsterinsights_sitenote_note":"","_monsterinsights_sitenote_category":0,"footnotes":""},"class_list":["post-270","page","type-page","status-publish","hentry"],"_links":{"self":[{"href":"https:\/\/pom.pt\/2019\/en\/wp-json\/wp\/v2\/pages\/270","targetHints":{"allow":["GET"]}}],"collection":[{"href":"https:\/\/pom.pt\/2019\/en\/wp-json\/wp\/v2\/pages"}],"about":[{"href":"https:\/\/pom.pt\/2019\/en\/wp-json\/wp\/v2\/types\/page"}],"author":[{"embeddable":true,"href":"https:\/\/pom.pt\/2019\/en\/wp-json\/wp\/v2\/users\/11"}],"replies":[{"embeddable":true,"href":"https:\/\/pom.pt\/2019\/en\/wp-json\/wp\/v2\/comments?post=270"}],"version-history":[{"count":9,"href":"https:\/\/pom.pt\/2019\/en\/wp-json\/wp\/v2\/pages\/270\/revisions"}],"predecessor-version":[{"id":939,"href":"https:\/\/pom.pt\/2019\/en\/wp-json\/wp\/v2\/pages\/270\/revisions\/939"}],"up":[{"embeddable":true,"href":"https:\/\/pom.pt\/2019\/en\/wp-json\/wp\/v2\/pages\/134"}],"wp:attachment":[{"href":"https:\/\/pom.pt\/2019\/en\/wp-json\/wp\/v2\/media?parent=270"}],"curies":[{"name":"wp","href":"https:\/\/api.w.org\/{rel}","templated":true}]}}