{"id":61,"date":"2017-03-14T08:27:27","date_gmt":"2017-03-14T08:27:27","guid":{"rendered":"http:\/\/pom.pt\/2018\/?page_id=61"},"modified":"2018-01-11T02:04:49","modified_gmt":"2018-01-11T02:04:49","slug":"informacao-geral","status":"publish","type":"page","link":"https:\/\/pom.pt\/2018\/informacao-geral\/","title":{"rendered":"Info Geral"},"content":{"rendered":"<p><span style=\"color: #ff0000\"><strong><span style=\"text-decoration: underline\">Avisos<\/span><\/strong><\/span><\/p>\n<p>Informa-se que o parqueamento de todas as autocaravanas para os dias 2\/3\/4 ser\u00e1 efetuado na localidade de Oriola, que dista +\/- 7 Kms de S\u00e3o Bartolomeu do Outeiro, sendo o transporte de todos os atletas para a Arena e de volta ao parque, assegurado atrav\u00e9s de autocarro, com os hor\u00e1rios a serem definidos posteriormente. Informa-se ainda que para os utilizadores das autocaravanas que a\u00ed quiserem pernoitar, est\u00e3o assegurados os banhos no campo de futebol de Oriola.<\/p>\n<p><strong><u>Peitorais e SI Card<\/u><\/strong><\/p>\n<ul>\n<li>\u00c9 obrigat\u00f3rio o uso do peitoral do POM 2018 que tem impresso; Horas de sa\u00edda em cada etapa; N\u00ba de SI Card; Escal\u00e3o; Clube e Pa\u00eds.<\/li>\n<\/ul>\n<ul>\n<li>N\u00e3o ser\u00e1 permitida a partida de nenhum atleta que n\u00e3o tenha o peitoral devidamente fixado no seu equipamento.<\/li>\n<\/ul>\n<ul>\n<li>Cada Team Leader dever\u00e1 levantar os peitorais no secretariado (dias 8 e 9 no Monte Alentejano \u2013 Rossio de S. Br\u00e1z em \u00c9vora, arena do 1\u00ba dia e nas arenas nos restantes dias).<\/li>\n<\/ul>\n<ul>\n<li>Em caso de extravio do peitoral o atleta deve proceder \u00e0 sua substitui\u00e7\u00e3o adquirindo uma 2\u00aa via no secretariado pelo pre\u00e7o de 2,00\u20ac (dois euros).<\/li>\n<\/ul>\n<ul>\n<li>Nos caos em que o atleta, por qualquer motivo, mude de SI Card, \u00e9 obrigat\u00f3rio validar essa altera\u00e7\u00e3o no secretariado sem a qual n\u00e3o ser\u00e1 autorizado a partir.<\/li>\n<\/ul>\n<p>&nbsp;<\/p>\n<p><strong><u>Tempos e partida e tempo m\u00e1ximo de prova<\/u><\/strong><\/p>\n<ul>\n<li>N\u00e3o haver\u00e1 altera\u00e7\u00e3o das horas de partida no pr\u00f3prio dia nos escal\u00f5es de competi\u00e7\u00e3o.<\/li>\n<\/ul>\n<ul>\n<li>Nas classes (escal\u00f5es) de elite, caso o n\u00famero de atletas seja superior a 100, haver\u00e1 divis\u00e3o para dois percursos \u2013 Super elite e Elite. A divis\u00e3o ser\u00e1 feita de acordo com a classifica\u00e7\u00e3o no Ranking mundial no dia 01 de janeiro de 2018. (ver\u00a0<a href=\"http:\/\/ranking.orienteering.org\/Ranking\">http:\/\/ranking.orienteering.org\/Ranking<\/a>). Os atletas melhor classificados ser\u00e3o movidos para um escal\u00e3o SuperElite. Ambos realizar\u00e3o um percurso semelhante.<\/li>\n<\/ul>\n<ul>\n<li>Tempo limite para cada percurso; 03H00 (tr\u00eas horas) para dist\u00e2ncia longa e 02H00 (duas horas) para dist\u00e2ncia m\u00e9dia.<\/li>\n<\/ul>\n<p>&nbsp;<\/p>\n<p><strong><u>Resultados<\/u><\/strong><\/p>\n<ul>\n<li>O resultado final do POM 2018, \u00e9 definido pela soma dos pontos obtidos nas 4 etapas.<\/li>\n<\/ul>\n<ul>\n<li>A competi\u00e7\u00e3o rege-se pelo RC da FPO para a \u00e9poca 2018. Em casos omissos no RC da FPO ser\u00e1 aplicado o regulamento da IOF.<\/li>\n<\/ul>\n<ul>\n<li>Chasing start &#8211; Na \u00faltima etapa, todos os escal\u00f5es de Elite (M21E e W21E) partir\u00e3o em regime de Chasing Start.\u00a0Os atletas que se encontrem a mais de uma hora da lideran\u00e7a ou que n\u00e3o tenham corrido uma das etapas de floresta partir\u00e3o em Mass Start, uma hora ap\u00f3s a partida do primeiro atleta.\u00a0O primeiro atleta a terminar a sua prova ser\u00e1 o vencedor do respectivo escal\u00e3o.<\/li>\n<\/ul>\n<p>&nbsp;<\/p>\n<p><strong><u>Mapas<\/u><\/strong><\/p>\n<ul>\n<li>N\u00e3o haver\u00e1 recolha de mapas no final dos percursos. Apela-se ao Fair-Play de todos os participantes.<\/li>\n<\/ul>\n<p>&nbsp;<\/p>\n<p><strong><u>Sistema de controlo electr\u00f3nico<\/u><\/strong><\/p>\n<ul>\n<li>Sport Ident (SI CARD) ser\u00e1 o sistema de controlo electr\u00f3nico utilizado nesta prova.<\/li>\n<\/ul>\n<ul>\n<li>Os chips alugados dever\u00e3o ser devolvidos no final da prova.<\/li>\n<\/ul>\n<p>&nbsp;<\/p>\n<p><strong><u>Pr\u00e9mios<\/u><\/strong><\/p>\n<p><em><u>WRE \u2013 2\u00aa etapa do POM<\/u><\/em><\/p>\n<ul>\n<li>Pr\u00e9mios aos 5 primeiros W\/M Elite<\/li>\n<\/ul>\n<p><em><u>POM \u2013 Ta\u00e7a de Portugal \u2013 somat\u00f3rio dos pontos das 4 etapas<\/u><\/em><\/p>\n<ul>\n<li>Pr\u00e9mios para os tr\u00eas (cinco nas elites) melhor classificados em todos os escal\u00f5es de forma\u00e7\u00e3o e competi\u00e7\u00e3o.<\/li>\n<\/ul>\n<ul>\n<li>Trof\u00e9us para os cinco clubes melhor classificados.<\/li>\n<\/ul>\n<ul>\n<li>Lembran\u00e7as para os escal\u00f5es de forma\u00e7\u00e3o H\/D10 e H\/D 12<\/li>\n<\/ul>\n<p><em>\u00a0\u00a0 <u>\u00a0Sprint \u2013 Pr\u00e9mios para os tr\u00eas primeiros de cada escal\u00e3o<\/u><\/em><\/p>\n<ul>\n<li>Pr\u00e9mios para os tr\u00eas melhores classificados em todos os escal\u00f5es de forma\u00e7\u00e3o e competi\u00e7\u00e3o.<\/li>\n<\/ul>\n<p><em>\u00a0\u00a0\u00a0 <u>PreO<\/u><\/em><\/p>\n<ul>\n<li>Pr\u00e9mios para os tr\u00eas primeiros de cada classe.<\/li>\n<\/ul>\n<p>&nbsp;<\/p>\n<p><strong><u>Arena<\/u><\/strong><\/p>\n<p>Incluir\u00e1: Secretariado; Bar; Baby-Sitting; Vendas; Primeiros socorros e chegadas.<\/p>\n<ul>\n<li>Partidas \u2013 sinalizadas a partir da arena<\/li>\n<\/ul>\n<ul>\n<li>Chegadas \u2013 nas arenas<\/li>\n<\/ul>\n<ul>\n<li>Secretariado \u2013 A funcionar na arena da competi\u00e7\u00e3o nos 4 (quatro) dias. No 1\u00ba dia Monte Alentejano (Rossio de S. Br\u00e1s em \u00c9vora), nos restantes dias no pavilh\u00e3o de S. Bartolomeu do Outeiro.<\/li>\n<\/ul>\n<ul>\n<li>Banhos \u2013 Pavilh\u00e3o Municipal de Portel.<\/li>\n<\/ul>\n<ul>\n<li>Baby- Sitting \u2013 No 1\u00ba dia funciona na arena de \u00c9vora (local das chegadas), nos restantes dias no Pavilh\u00e3o de S. Bartolomeu do Outeiro.<\/li>\n<\/ul>\n<ul>\n<li>Primeiro socorros \u2013 A funcionar nas arenas. Caso se verifique a necessidade de cuidados acrescidos, ser\u00e1 feita a evacua\u00e7\u00e3o para uma unidade de sa\u00fade identificada para o efeito.<\/li>\n<\/ul>\n<p>&nbsp;<\/p>\n<p><strong><u>Solo Duro<\/u><\/strong><\/p>\n<ul>\n<li>Solo duro no pavilh\u00e3o Municipal de Portel a partir das 16H00 de s\u00e1bado, (dia 10 de Fevereiro) at\u00e9 \u00e0s 16H00 de ter\u00e7a-feira, (dia 13 de Fevereiro). Antes dessa data o solo duro funcionar\u00e1 em \u00c9vora (local a designar oportunamente).<\/li>\n<\/ul>\n<ul>\n<li>Os atletas dever\u00e3o trazer saco cama e colch\u00e3o.<\/li>\n<\/ul>\n<ul>\n<li>Faz-se um apelo ao civismo dos atletas para o rigoroso respeito pelo sil\u00eancio, regras de viv\u00eancia neste tipo de espa\u00e7o e extremos cuidados de higiene.<\/li>\n<\/ul>\n<ul>\n<li>\u00c9 expressamente proibido a utiliza\u00e7\u00e3o de cal\u00e7ado de competi\u00e7\u00e3o no interior do Pavilh\u00e3o, incluindo sanit\u00e1rios.<\/li>\n<\/ul>\n<p>&nbsp;<\/p>\n<p><strong><u>Esquema das arenas<\/u><\/strong><\/p>\n<p>Brevemente<\/p>","protected":false},"excerpt":{"rendered":"<p>Avisos Informa-se que o parqueamento de todas as autocaravanas para os dias 2\/3\/4 ser\u00e1 efetuado na localidade de Oriola, que dista +\/- 7 Kms de S\u00e3o Bartolomeu do Outeiro, sendo o transporte de todos os atletas para a Arena e de volta ao parque, assegurado atrav\u00e9s de autocarro, com os hor\u00e1rios a serem definidos posteriormente. Informa-se ainda que para os utilizadores das autocaravanas que a\u00ed quiserem pernoitar, est\u00e3o assegurados os banhos no campo de futebol de Oriola. Peitorais e SI Card \u00c9 obrigat\u00f3rio o uso do peitoral do POM 2018 que tem impresso; Horas de sa\u00edda em cada etapa; N\u00ba de SI Card; Escal\u00e3o; Clube e Pa\u00eds. N\u00e3o ser\u00e1 permitida &hellip; <a href=\"https:\/\/pom.pt\/2018\/informacao-geral\/\" class=\"more-link\">Continuar a ler <span class=\"screen-reader-text\">Info Geral<\/span><\/a><\/p>\n","protected":false},"author":8,"featured_media":0,"parent":0,"menu_order":0,"comment_status":"closed","ping_status":"closed","template":"","meta":{"_monsterinsights_skip_tracking":false,"_monsterinsights_sitenote_active":false,"_monsterinsights_sitenote_note":"","_monsterinsights_sitenote_category":0,"footnotes":""},"class_list":["post-61","page","type-page","status-publish","hentry"],"_links":{"self":[{"href":"https:\/\/pom.pt\/2018\/wp-json\/wp\/v2\/pages\/61","targetHints":{"allow":["GET"]}}],"collection":[{"href":"https:\/\/pom.pt\/2018\/wp-json\/wp\/v2\/pages"}],"about":[{"href":"https:\/\/pom.pt\/2018\/wp-json\/wp\/v2\/types\/page"}],"author":[{"embeddable":true,"href":"https:\/\/pom.pt\/2018\/wp-json\/wp\/v2\/users\/8"}],"replies":[{"embeddable":true,"href":"https:\/\/pom.pt\/2018\/wp-json\/wp\/v2\/comments?post=61"}],"version-history":[{"count":8,"href":"https:\/\/pom.pt\/2018\/wp-json\/wp\/v2\/pages\/61\/revisions"}],"predecessor-version":[{"id":488,"href":"https:\/\/pom.pt\/2018\/wp-json\/wp\/v2\/pages\/61\/revisions\/488"}],"wp:attachment":[{"href":"https:\/\/pom.pt\/2018\/wp-json\/wp\/v2\/media?parent=61"}],"curies":[{"name":"wp","href":"https:\/\/api.w.org\/{rel}","templated":true}]}}