{"id":5,"date":"2017-01-28T13:22:10","date_gmt":"2017-01-28T13:22:10","guid":{"rendered":"http:\/\/pom.pt\/2018\/en\/?page_id=5"},"modified":"2018-01-11T01:59:42","modified_gmt":"2018-01-11T01:59:42","slug":"programa","status":"publish","type":"page","link":"https:\/\/pom.pt\/2018\/programa\/","title":{"rendered":"Programa"},"content":{"rendered":"<p><strong><span style=\"text-decoration: underline\">26 de Janeiro (sexta-feira)<\/span><\/strong><\/p>\n<p>Final do 1\u00ba prazo de inscri\u00e7\u00f5es com pre\u00e7os vantajosos<\/p>\n<p>&nbsp;<\/p>\n<p><strong><span style=\"text-decoration: underline\">30 de Janeiro (ter\u00e7a-feira)<\/span><\/strong><\/p>\n<p>Termino das inscri\u00e7\u00f5es nos escal\u00f5es de competi\u00e7\u00e3o. Ap\u00f3s esta data s\u00f3 ser\u00e3o aceites inscri\u00e7\u00f5es nos escal\u00f5es abertos at\u00e9 ao dia da prova, mas condicionadas h\u00e1 exist\u00eancia de mapas.<\/p>\n<p>&nbsp;<\/p>\n<p><strong><span style=\"text-decoration: underline\">8 de Fevereiro (quinta-feira)<\/span><\/strong><\/p>\n<p>08:30\u00a0 &#8211; Abertura do secretariado em \u00c9vora (Monte Alentejano \u2013 Rossio de S. Br\u00e1s)<\/p>\n<p>09:30 \u2013 Abertura dos Models Events<\/p>\n<p style=\"padding-left: 60px\">Model Event 1 \u2013 Torre dos Coelheiros \u2013 30 Km de \u00c9vora<\/p>\n<p style=\"padding-left: 60px\">Model Event 2 \u2013 S. Bento de Castriz \u2013 5 Km\u00a0 de \u00c9vora<\/p>\n<p style=\"padding-left: 60px\">Model Event 3 \u2013 \u00c9vora \/ Malagueira (urbano)<\/p>\n<p>21:00 &#8211; Encerramento do secretariado<\/p>\n<p>&nbsp;<\/p>\n<p><strong><span style=\"text-decoration: underline\">9 de Fevereiro (sexta-feira)<\/span><\/strong><\/p>\n<p>08:30 \u2013 Abertura do secretariado em \u00c9vora (Monte Alentejano \u2013 Rossio de S. Br\u00e1s)<\/p>\n<p>09:30 \u2013 Abertura dos Models Events<\/p>\n<p style=\"padding-left: 60px\">Model Event 1 \u2013 Torre dos Coelheiros \u2013 30 Km de \u00c9vora<\/p>\n<p style=\"padding-left: 60px\">Model Event 2 \u2013 S. Bento de Castriz \u2013 5 Km\u00a0 de \u00c9vora<\/p>\n<p style=\"padding-left: 60px\">Model Event 3 \u2013 \u00c9vora \/ Malagueira (urbano)<\/p>\n<p>21:00 &#8211; Encerramento do secretariado<\/p>\n<p>&nbsp;<\/p>\n<p><strong><span style=\"text-decoration: underline\">10 de Fevereiro (s\u00e1bado)<\/span><\/strong><\/p>\n<p>09:00 \u2013 Abertura do secretariado em \u00c9vora (Monte Alentejano \u2013 Rossio de S. Br\u00e1s)<\/p>\n<p>11:00 \u2013 Dist\u00e2ncia M\u00e9dia Urbana \/ EDP Distribui\u00e7\u00e3o (centro hist\u00f3rico de \u00c9vora, classificado patrim\u00f3nio da humanidade pela UNESCO)<\/p>\n<p>11:15 \/ 12:30 \u2013 Partidas dos escal\u00f5es abertos e de forma\u00e7\u00e3o<\/p>\n<p>&nbsp;<\/p>\n<p><strong><span style=\"text-decoration: underline\">11 de Fevereiro (domingo)<\/span><\/strong><\/p>\n<p>08:00 \u2013 Abertura do secretariado em S. Bartolomeu do Outeiro<\/p>\n<p>09:00 \u2013 Dist\u00e2ncia longa \u2013 WRE \/ CARMIM<\/p>\n<p>09:45 \/ 10:45 &#8211; Partidas dos escal\u00f5es abertos e de forma\u00e7\u00e3o<\/p>\n<p>13:00 &#8211; Abertura do secretariado da prova de PreO em S. Bartolomeu do Outeiro (no local de competi\u00e7\u00e3o)<\/p>\n<p>14:00 \u2013 Prova de PreO<\/p>\n<p>15:30 \u2013 Entrega de pr\u00e9mios WRE<\/p>\n<p>17:30 \u2013 Entrega de pr\u00e9mios da PreO em S. Bartolomeu do Outeiro<\/p>\n<p>&nbsp;<\/p>\n<p><strong><span style=\"text-decoration: underline\">12 de Fevereiro (segunda-feira)<\/span><\/strong><\/p>\n<p>08:30 \u2013 Abertura do secretariado em S. Bartolomeu do Outeiro<\/p>\n<p>09:30 \u2013 ERT\/Dist\u00e2ncia M\u00e9dia<\/p>\n<p>09:45 \/ 10:45 &#8211; Partidas dos escal\u00f5es abertos e de forma\u00e7\u00e3o<\/p>\n<p>18:00\u00a0 &#8211; Abertura do secretariado do sprint em Portel na arena (local das chegadas)<\/p>\n<p>19:00 \u2013 Sprint noturno urbano na Vila de Portel<\/p>\n<p>19:15 \/ 20:00 &#8211; Partidas dos escal\u00f5es abertos e de forma\u00e7\u00e3o<\/p>\n<p>&nbsp;<\/p>\n<p><strong><span style=\"text-decoration: underline\">13 de Fevereiro (ter\u00e7a-feira)<\/span><\/strong><\/p>\n<p>08:00 &#8211; Abertura do secretariado em S. Bartolomeu do Outeiro<\/p>\n<p>09:00 &#8211; Associa\u00e7\u00e3o Mutualista Montepio &#8211; Dist\u00e2ncia Longa Chasing Start &#8211; WE \/ ME<\/p>\n<p>09:15 &#8211; Inicio das partidas dos outros escal\u00f5es de competi\u00e7\u00e3o<\/p>\n<p>09:30 \/ 10:30 &#8211; Partidas dos escal\u00f5es abertos e de forma\u00e7\u00e3o<\/p>\n<p>10:00 &#8211; Mass Start para WE e ME<\/p>\n<p>10:30 &#8211; Associa\u00e7\u00e3o Mutualista Montepio &#8211; Dist\u00e2ncia Longa Chasing Start \u2013 MSE<\/p>\n<p>11:30 &#8211; Mass Start para MSE<\/p>\n<p>13:30 &#8211; Entrega de pr\u00e9mios e encerramento do POM 2018 em S. Bartolomeu do Outeiro<\/p>","protected":false},"excerpt":{"rendered":"<p>26 de Janeiro (sexta-feira) Final do 1\u00ba prazo de inscri\u00e7\u00f5es com pre\u00e7os vantajosos &nbsp; 30 de Janeiro (ter\u00e7a-feira) Termino das inscri\u00e7\u00f5es nos escal\u00f5es de competi\u00e7\u00e3o. Ap\u00f3s esta data s\u00f3 ser\u00e3o aceites inscri\u00e7\u00f5es nos escal\u00f5es abertos at\u00e9 ao dia da prova, mas condicionadas h\u00e1 exist\u00eancia de mapas. &nbsp; 8 de Fevereiro (quinta-feira) 08:30\u00a0 &#8211; Abertura do secretariado em \u00c9vora (Monte Alentejano \u2013 Rossio de S. Br\u00e1s) 09:30 \u2013 Abertura dos Models Events Model Event 1 \u2013 Torre dos Coelheiros \u2013 30 Km de \u00c9vora Model Event 2 \u2013 S. Bento de Castriz \u2013 5 Km\u00a0 de \u00c9vora Model Event 3 \u2013 \u00c9vora \/ Malagueira (urbano) 21:00 &#8211; Encerramento do secretariado &nbsp; &hellip; <a href=\"https:\/\/pom.pt\/2018\/programa\/\" class=\"more-link\">Continuar a ler <span class=\"screen-reader-text\">Programa<\/span><\/a><\/p>\n","protected":false},"author":1,"featured_media":0,"parent":0,"menu_order":0,"comment_status":"closed","ping_status":"closed","template":"","meta":{"_monsterinsights_skip_tracking":false,"_monsterinsights_sitenote_active":false,"_monsterinsights_sitenote_note":"","_monsterinsights_sitenote_category":0,"footnotes":""},"class_list":["post-5","page","type-page","status-publish","hentry"],"_links":{"self":[{"href":"https:\/\/pom.pt\/2018\/wp-json\/wp\/v2\/pages\/5","targetHints":{"allow":["GET"]}}],"collection":[{"href":"https:\/\/pom.pt\/2018\/wp-json\/wp\/v2\/pages"}],"about":[{"href":"https:\/\/pom.pt\/2018\/wp-json\/wp\/v2\/types\/page"}],"author":[{"embeddable":true,"href":"https:\/\/pom.pt\/2018\/wp-json\/wp\/v2\/users\/1"}],"replies":[{"embeddable":true,"href":"https:\/\/pom.pt\/2018\/wp-json\/wp\/v2\/comments?post=5"}],"version-history":[{"count":29,"href":"https:\/\/pom.pt\/2018\/wp-json\/wp\/v2\/pages\/5\/revisions"}],"predecessor-version":[{"id":487,"href":"https:\/\/pom.pt\/2018\/wp-json\/wp\/v2\/pages\/5\/revisions\/487"}],"wp:attachment":[{"href":"https:\/\/pom.pt\/2018\/wp-json\/wp\/v2\/media?parent=5"}],"curies":[{"name":"wp","href":"https:\/\/api.w.org\/{rel}","templated":true}]}}