{"id":497,"date":"2018-01-22T16:15:31","date_gmt":"2018-01-22T16:15:31","guid":{"rendered":"http:\/\/pom.pt\/2018\/?page_id=497"},"modified":"2018-02-08T12:46:44","modified_gmt":"2018-02-08T12:46:44","slug":"preo","status":"publish","type":"page","link":"https:\/\/pom.pt\/2018\/preo\/","title":{"rendered":"PreO"},"content":{"rendered":"<p><span style=\"color: #ff0000\">Informa\u00e7\u00f5es de \u00faltima hora<\/span><\/p>\n<p>Devido ao elevado n\u00famero de inscritos (142, record em Portugal), o in\u00edcio da prova de PreO teve de ser antecipado para as 12:00 e os participantes foram separados em duas s\u00e9ries.<br \/>\nForam divulgados os tempos em que os participantes ser\u00e3o chamados a realizar os seus 3 pontos cronometrados, a que se seguir\u00e1 a partida para o percurso formal com 20 pontos n\u00e3o-cronometrados.<br \/>\nOs primeiros participantes a serem chamados, ou n\u00e3o participam na prova pedestre (longa), ou s\u00e3o os primeiros a partir nos respectivos escal\u00f5es.<br \/>\nDe qualquer modo, se algu\u00e9m n\u00e3o conseguir chegar \u00e0 hora marcada, ir\u00e1 ser chamado posteriormente, mas nunca antes de terem decorrido 8min desde a chamada de algum eventual colega de clube.<br \/>\nRelembramos que o local de chamada para os pontos cronometrados fica a cerca de 1.200 metros da arena.<\/p>\n<p>&nbsp;<\/p>\n<p><strong>11 de Fevereiro de 2018 &#8211; Pre O \u2013 S\u00e3o Bartolomeu do Outeiro<\/strong><\/p>\n<p><strong>Mapa: S\u00e3o Bartolomeu do Outeiro<\/strong> \u2013 Escala 1\/4.000, Equidist\u00e2ncia \u2013 2,5m, de acordo com a especifica\u00e7\u00e3o do ISOM.<\/p>\n<p><strong>Terreno<\/strong>: Terreno t\u00edpico de montado alentejano com alguns pormenores de relevo, pedras e vegeta\u00e7\u00e3o. A maior parte do percurso decorrer\u00e1 em um caminho arenoso, com o risco de ficar enlameado em caso de fortes chuvas.<\/p>\n<p><strong>Cart\u00f3grafo<\/strong>: Alexandre Reis (Agosto 2017)<br \/>\n<strong>Tra\u00e7ador de percursos<\/strong>: Alexandre Reis<br \/>\n<b>Adviser<\/b>: Ac\u00e1cio Porta Nova<br \/>\n<strong>Escal\u00f5es<\/strong>:\u00a0Aberto e Paral\u00edmpico<br \/>\n<strong>Pontos cronometrados<\/strong>: 1 esta\u00e7\u00e3o com tr\u00eas desafios para resolver.<\/p>\n<p><strong>GPS<\/strong>: 38\u00b021&#8217;29.14&#8243;N\u00a0\u00a0 7\u00b054&#8217;27.86&#8243;W<\/p>\n<p><strong>Regulamentos:<\/strong><br \/>\nAs regras aplic\u00e1veis seguem o regulamento de Competi\u00e7\u00f5es da Federa\u00e7\u00e3o Portuguesa de Orienta\u00e7\u00e3o (FPO) para 2018. Os casos omissos ser\u00e3o decididos pela organiza\u00e7\u00e3o com base nos regulamentos da IOF.<\/p>\n<p><strong>Mapa \u2013 S. Bartolomeu do Outeiro <\/strong><\/p>\n<p><img loading=\"lazy\" decoding=\"async\" class=\"alignnone wp-image-498\" src=\"http:\/\/pom.pt\/2018\/wp-content\/uploads\/sites\/4\/2018\/01\/s.bartolomeu.png\" alt=\"\" width=\"249\" height=\"228\" \/>\u00a0 \u00a0<img loading=\"lazy\" decoding=\"async\" class=\"alignnone wp-image-499\" src=\"http:\/\/pom.pt\/2018\/wp-content\/uploads\/sites\/4\/2018\/01\/start_preO.jpg\" alt=\"\" width=\"260\" height=\"251\" srcset=\"https:\/\/pom.pt\/2018\/wp-content\/uploads\/sites\/4\/2018\/01\/start_preO.jpg 572w, https:\/\/pom.pt\/2018\/wp-content\/uploads\/sites\/4\/2018\/01\/start_preO-300x290.jpg 300w\" sizes=\"auto, (max-width: 260px) 100vw, 260px\" \/><\/p>\n<p><strong>Outras informa\u00e7\u00f5es:<\/strong><\/p>\n<p>A organiza\u00e7\u00e3o fornecer\u00e1 volunt\u00e1rios para auxiliar os concorrentes de cadeiras de rodas durante o percurso, se solicitado.<\/p>\n<p><strong>Na resolu\u00e7\u00e3o dos desafios, os concorrentes devem favorecer a leitura do mapa e a interpreta\u00e7\u00e3o do terreno. N\u00e3o devem ser considerados alinhamentos ou azimutes de precis\u00e3o.<\/strong><\/p>\n<p>O prazo para a apresenta\u00e7\u00e3o de reclama\u00e7\u00f5es \u00e9 de 15 minutos ap\u00f3s a publica\u00e7\u00e3o dos resultados. Qualquer queixa deve ser feita por escrito e submetida ao Secretariado.<\/p>\n<p><strong>Especifica\u00e7\u00f5es:<\/strong><\/p>\n<table style=\"height: 184px\" width=\"738\">\n<tbody>\n<tr>\n<td width=\"92\"><strong>Class<\/strong><\/td>\n<td width=\"74\"><strong>Length\u00a0 \u00a0<\/strong><strong>(m)<\/strong><\/td>\n<td width=\"62\"><strong>Climb (m)<\/strong><\/td>\n<td width=\"69\"><strong>Controls<\/strong><\/td>\n<td width=\"75\"><strong>Timed Controls<\/strong><\/td>\n<td width=\"56\"><strong>Map Scale<\/strong><\/td>\n<td width=\"83\"><strong>Contour Interval<\/strong><\/td>\n<td width=\"88\"><strong>Time Allowed<\/strong><\/td>\n<\/tr>\n<tr>\n<td width=\"92\">Aberto<\/td>\n<td width=\"74\">900<\/td>\n<td width=\"62\">7,5<\/td>\n<td width=\"69\">20<\/td>\n<td width=\"75\">1\u00d73<\/td>\n<td width=\"56\">1:4000<\/td>\n<td width=\"83\">2,5m<\/td>\n<td width=\"88\">87<\/td>\n<\/tr>\n<tr>\n<td width=\"92\">Paral\u00edmpico<\/td>\n<td width=\"74\">900<\/td>\n<td width=\"62\">7,5<\/td>\n<td width=\"69\">20<\/td>\n<td width=\"75\">1\u00d73<\/td>\n<td width=\"56\">1:4000<\/td>\n<td width=\"83\">2,5m<\/td>\n<td width=\"88\">90<\/td>\n<\/tr>\n<\/tbody>\n<\/table>\n<p>Tempo permitido em pontos cronometrados &#8211; 1 minuto e 30 segundos<\/p>","protected":false},"excerpt":{"rendered":"<p>Informa\u00e7\u00f5es de \u00faltima hora Devido ao elevado n\u00famero de inscritos (142, record em Portugal), o in\u00edcio da prova de PreO teve de ser antecipado para as 12:00 e os participantes foram separados em duas s\u00e9ries. Foram divulgados os tempos em que os participantes ser\u00e3o chamados a realizar os seus 3 pontos cronometrados, a que se seguir\u00e1 a partida para o percurso formal com 20 pontos n\u00e3o-cronometrados. Os primeiros participantes a serem chamados, ou n\u00e3o participam na prova pedestre (longa), ou s\u00e3o os primeiros a partir nos respectivos escal\u00f5es. De qualquer modo, se algu\u00e9m n\u00e3o conseguir chegar \u00e0 hora marcada, ir\u00e1 ser chamado posteriormente, mas nunca antes de terem decorrido 8min &hellip; <a href=\"https:\/\/pom.pt\/2018\/preo\/\" class=\"more-link\">Continuar a ler <span class=\"screen-reader-text\">PreO<\/span><\/a><\/p>\n","protected":false},"author":8,"featured_media":0,"parent":0,"menu_order":0,"comment_status":"closed","ping_status":"closed","template":"","meta":{"_monsterinsights_skip_tracking":false,"_monsterinsights_sitenote_active":false,"_monsterinsights_sitenote_note":"","_monsterinsights_sitenote_category":0,"footnotes":""},"class_list":["post-497","page","type-page","status-publish","hentry"],"_links":{"self":[{"href":"https:\/\/pom.pt\/2018\/wp-json\/wp\/v2\/pages\/497","targetHints":{"allow":["GET"]}}],"collection":[{"href":"https:\/\/pom.pt\/2018\/wp-json\/wp\/v2\/pages"}],"about":[{"href":"https:\/\/pom.pt\/2018\/wp-json\/wp\/v2\/types\/page"}],"author":[{"embeddable":true,"href":"https:\/\/pom.pt\/2018\/wp-json\/wp\/v2\/users\/8"}],"replies":[{"embeddable":true,"href":"https:\/\/pom.pt\/2018\/wp-json\/wp\/v2\/comments?post=497"}],"version-history":[{"count":13,"href":"https:\/\/pom.pt\/2018\/wp-json\/wp\/v2\/pages\/497\/revisions"}],"predecessor-version":[{"id":576,"href":"https:\/\/pom.pt\/2018\/wp-json\/wp\/v2\/pages\/497\/revisions\/576"}],"wp:attachment":[{"href":"https:\/\/pom.pt\/2018\/wp-json\/wp\/v2\/media?parent=497"}],"curies":[{"name":"wp","href":"https:\/\/api.w.org\/{rel}","templated":true}]}}