{"id":49,"date":"2017-03-10T15:15:03","date_gmt":"2017-03-10T15:15:03","guid":{"rendered":"http:\/\/pom.pt\/2018\/?page_id=49"},"modified":"2017-10-17T19:54:17","modified_gmt":"2017-10-17T19:54:17","slug":"organizacao","status":"publish","type":"page","link":"https:\/\/pom.pt\/2018\/organizacao\/","title":{"rendered":"Organiza\u00e7\u00e3o"},"content":{"rendered":"<p>ADFA \u2013 Associa\u00e7\u00e3o dos Deficientes das For\u00e7as Armadas<\/p>\n<p>FPO \u2013Federa\u00e7\u00e3o Portuguesa de Orienta\u00e7\u00e3o<\/p>\n<p>CME \u2013 C\u00e2mara Municipal de \u00c9vora<\/p>\n<p>CMP \u2013 C\u00e2mara Municipal de Portel<\/p>\n<p>IOF \u2013 International Orieentering Federation<\/p>\n<p>Director do Evento \u2013 M\u00e1rio Duarte<\/p>\n<p>Cart\u00f3grafos \u2013 Alexandre Reis e Valdemar Sendim<\/p>\n<p>Tra\u00e7adores de percursos \u2013 Alexandre Reis<\/p>\n<p>Supervisor POM &#8211; Rui Morais<\/p>\n<p>Supervisor PreO &#8211;\u00a0Ac\u00e1cio Porta Nova<\/p>","protected":false},"excerpt":{"rendered":"<p>ADFA \u2013 Associa\u00e7\u00e3o dos Deficientes das For\u00e7as Armadas FPO \u2013Federa\u00e7\u00e3o Portuguesa de Orienta\u00e7\u00e3o CME \u2013 C\u00e2mara Municipal de \u00c9vora CMP \u2013 C\u00e2mara Municipal de Portel IOF \u2013 International Orieentering Federation Director do Evento \u2013 M\u00e1rio Duarte Cart\u00f3grafos \u2013 Alexandre Reis e Valdemar Sendim Tra\u00e7adores de percursos \u2013 Alexandre Reis Supervisor POM &#8211; Rui Morais Supervisor PreO &#8211;\u00a0Ac\u00e1cio Porta Nova<\/p>\n","protected":false},"author":8,"featured_media":0,"parent":0,"menu_order":0,"comment_status":"closed","ping_status":"closed","template":"","meta":{"_monsterinsights_skip_tracking":false,"_monsterinsights_sitenote_active":false,"_monsterinsights_sitenote_note":"","_monsterinsights_sitenote_category":0,"footnotes":""},"class_list":["post-49","page","type-page","status-publish","hentry"],"_links":{"self":[{"href":"https:\/\/pom.pt\/2018\/wp-json\/wp\/v2\/pages\/49","targetHints":{"allow":["GET"]}}],"collection":[{"href":"https:\/\/pom.pt\/2018\/wp-json\/wp\/v2\/pages"}],"about":[{"href":"https:\/\/pom.pt\/2018\/wp-json\/wp\/v2\/types\/page"}],"author":[{"embeddable":true,"href":"https:\/\/pom.pt\/2018\/wp-json\/wp\/v2\/users\/8"}],"replies":[{"embeddable":true,"href":"https:\/\/pom.pt\/2018\/wp-json\/wp\/v2\/comments?post=49"}],"version-history":[{"count":5,"href":"https:\/\/pom.pt\/2018\/wp-json\/wp\/v2\/pages\/49\/revisions"}],"predecessor-version":[{"id":350,"href":"https:\/\/pom.pt\/2018\/wp-json\/wp\/v2\/pages\/49\/revisions\/350"}],"wp:attachment":[{"href":"https:\/\/pom.pt\/2018\/wp-json\/wp\/v2\/media?parent=49"}],"curies":[{"name":"wp","href":"https:\/\/api.w.org\/{rel}","templated":true}]}}