{"id":26,"date":"2017-03-02T15:39:38","date_gmt":"2017-03-02T15:39:38","guid":{"rendered":"http:\/\/pom.pt\/2018\/?page_id=26"},"modified":"2018-01-11T02:43:16","modified_gmt":"2018-01-11T02:43:16","slug":"alojamento","status":"publish","type":"page","link":"https:\/\/pom.pt\/2018\/alojamento\/","title":{"rendered":"Alojamento"},"content":{"rendered":"<p><img loading=\"lazy\" decoding=\"async\" class=\"aligncenter wp-image-123 size-full\" src=\"http:\/\/pom.pt\/2018\/wp-content\/uploads\/sites\/4\/2017\/03\/alojamentos.png\" alt=\"\" width=\"879\" height=\"604\" srcset=\"https:\/\/pom.pt\/2018\/wp-content\/uploads\/sites\/4\/2017\/03\/alojamentos.png 879w, https:\/\/pom.pt\/2018\/wp-content\/uploads\/sites\/4\/2017\/03\/alojamentos-300x206.png 300w, https:\/\/pom.pt\/2018\/wp-content\/uploads\/sites\/4\/2017\/03\/alojamentos-768x528.png 768w\" sizes=\"auto, (max-width: 879px) 100vw, 879px\" \/><\/p>\n<hr \/>\n<p>Clique num alojamento para informa\u00e7\u00f5es detalhadas:<\/p>\n<p><a href=\"#aqueduto\"><b>M&#8217;AR De AR AQUEDUTO\u00a0\u2605 \u2605 \u2605 \u2605 \u2605<\/b><\/a><\/p>\n<p><a href=\"#muralha\"><b>M&#8217;AR De AR MURALHAS\u00a0\u2605 \u2605 \u2605 \u2605<\/b><\/a><\/p>\n<p><a href=\"#gale\"><strong>Vila Gal\u00e9 \u00c9vora \u2605 \u2605 \u2605 \u2605<\/strong><\/a><\/p>\n<p><a href=\"#evora\"><strong>\u00c9vora Hotel<\/strong>\u00a0<strong>\u2605 \u2605 \u2605 \u2605<\/strong><\/a><\/p>\n<p><a href=\"#vitoria\"><strong>Vit\u00f3ria Stone Hotel\u00a0\u2605 \u2605 \u2605 \u2605<\/strong><\/a><\/p>\n<p><a href=\"#graca\"><strong>Gra\u00e7a Hotel\u00a0\u2605 \u2605 \u2605<\/strong><\/a><\/p>\n<p><a href=\"#ibis\"><strong>Hotel Ibis \u00c9vora<\/strong>\u00a0<strong>\u2605 \u2605 \u2605<\/strong><\/a><\/p>\n<p><a href=\"#fernando\"><strong>Hotel Dom Fernando<\/strong>\u00a0<strong>\u2605 \u2605 \u2605<\/strong><\/a><\/p>\n<p><a href=\"#vale\"><strong>Hotel Casa do Vale\u00a0\u2605 \u2605 \u2605<\/strong><\/a><\/p>\n<p><a href=\"#moov\"><strong>Moov Hotel \u00c9vora<\/strong>\u00a0<strong>\u2605 \u2605<\/strong><\/a><\/p>\n<p><a href=\"#montado\"><strong>Casas do Montado<\/strong><\/a><\/p>\n<hr id=\"aqueduto\" \/>\n<p><b>M&#8217;AR De AR AQUEDUTO\u00a0<strong>\u2605 \u2605 \u2605 \u2605 \u2605<\/strong><\/b><\/p>\n<p>Rua C\u00e2ndido dos Reis, 72<br \/>\n7000-782 \u00c9vora<br \/>\nTel.: (+ 351) 266 740 700<br \/>\nFax: (+ 351) 266 740 735<\/p>\n<p><img loading=\"lazy\" decoding=\"async\" class=\"irc_mi\" src=\"http:\/\/h.otcdn.com\/imglib\/hotelfotos\/8\/214\/hotel-mar-de-ar-aqueduto-vora-024.jpg\" alt=\"Resultado de imagem para hotel mar d ar aqueduto\" width=\"575\" height=\"393\" \/><\/p>\n<hr id=\"muralha\" \/>\n<p><b>M&#8217;AR De AR MURALHAS\u00a0<strong>\u2605 \u2605 \u2605 \u2605<\/strong><\/b><\/p>\n<p>Travessa da Palmeira, 4\/6<br \/>\n7000-546 \u00c9vora<br \/>\nTel.: (+ 351) 266 739 300<br \/>\nFax: (+ 351) 266 739 305<\/p>\n<p><img loading=\"lazy\" decoding=\"async\" class=\"irc_mi\" src=\"https:\/\/s-ec.bstatic.com\/images\/hotel\/max1024x768\/679\/6795431.jpg\" alt=\"Resultado de imagem para hotel mar d ar muralhas\" width=\"590\" height=\"393\" \/><\/p>\n<hr id=\"gale\" \/>\n<p><strong>Vila Gal\u00e9 \u00c9vora \u2605 \u2605 \u2605 \u2605<\/strong><\/p>\n<p>Avenida T\u00falio Espanca<br \/>\n7005-840 \u00c9vora<br \/>\nGPS: N 38\u00ba 34&#8217;1.576 &#8211; W 7\u00ba 54&#8217;56.395<br \/>\nTel.: (+351) 266 758 100<br \/>\nFax: (+351) 266 758 150<\/p>\n<p><img decoding=\"async\" src=\"http:\/\/www.vilagale.com\/media\/27233\/evora-aereas-2.jpg\" \/><\/p>\n<hr id=\"evora\" \/>\n<p><strong>\u00c9vora Hotel<\/strong>\u00a0<strong>\u2605 \u2605 \u2605 \u2605<\/strong><\/p>\n<p>Av. T\u00falio Espanca Apart. 93<br \/>\n7002-502 \u00c9vora<br \/>\nGPS: 38.563088, -7.932928<br \/>\nTel.: (+351) 266 748 800<\/p>\n<p><img decoding=\"async\" src=\"http:\/\/evorahotel.pt\/wp-content\/uploads\/evorahotel.jpg\" \/><\/p>\n<hr id=\"vitoria\" \/>\n<p><strong>Vit\u00f3ria Stone Hotel\u00a0\u2605 \u2605 \u2605 \u2605<\/strong><\/p>\n<p>Rua Diana de Lis, 5<br \/>\n7005-413 \u00c9vora<br \/>\nGPS: N 38\u00ba 33.840&#8242; W 7\u00ba 54.738&#8242;<br \/>\nTel.: (+351) 266 707 174<br \/>\nFax: (+351) 266 700 199<\/p>\n<p><img decoding=\"async\" src=\"http:\/\/www.qren.pt\/np4\/file\/4510\/vitoria_stone1.jpg\" \/><\/p>\n<hr id=\"graca\" \/>\n<p><strong>Gra\u00e7a Hotel\u00a0\u2605 \u2605 \u2605<\/strong><\/p>\n<p>Quinta Branca do Faial lote 4<br \/>\n7005-864 \u00c9vora<br \/>\nTel.: (+351)\u00a0266 700 444<\/p>\n<p><img decoding=\"async\" src=\"https:\/\/s-ec.bstatic.com\/images\/hotel\/max1024x768\/490\/49072614.jpg\" \/><\/p>\n<hr id=\"ibis\" \/>\n<p><strong>Hotel Ibis \u00c9vora<\/strong>\u00a0<strong>\u2605 \u2605 \u2605<\/strong><\/p>\n<p>Rua de Viana, 18 &#8211; Quinta Da Tapada &#8211; Urbaniza\u00e7\u00e3o Da Muralha<br \/>\n7000-968 \u00c9vora<br \/>\nGPS: N 38\u00b0 33&#8242; 57.24&#8221; W 7\u00b0 54&#8242; 46.98&#8221;<br \/>\nTel.:\u00a0<span class=\"numberTel\">(+351) 266 760 700<\/span><br \/>\nFax:\u00a0<span class=\"numberTel\">(+351) 266 760 799<\/span><\/p>\n<p><img decoding=\"async\" src=\"http:\/\/e.otcdn.com\/imglib\/hotelfotos\/8\/148\/hotel-ibis-evora-vora-001.jpg\" \/><\/p>\n<hr id=\"fernando\" \/>\n<p><strong>Hotel Dom Fernando<\/strong>\u00a0<strong>\u2605 \u2605 \u2605<\/strong><\/p>\n<p>Av. Dr. Barahona, 2<br \/>\n7005-150 \u00c9vora<br \/>\nTel.: (+351) 266 737 990<br \/>\nFax: (+ 351) 266 737 999<\/p>\n<p><img decoding=\"async\" src=\"http:\/\/www.portugalvia.com\/vp\/wp-content\/uploads\/2011\/05\/Hotel-Dom-Fernando1.jpg\" \/><\/p>\n<hr id=\"vale\" \/>\n<p><strong>Hotel Casa do Vale\u00a0\u2605 \u2605 \u2605<\/strong><\/p>\n<p>EN 114, Quinta de Vales Vazios<br \/>\n7000-800 \u00c9vora<br \/>\nTel.: (+351) 266 738 030<\/p>\n<p><img decoding=\"async\" src=\"https:\/\/media-cdn.tripadvisor.com\/media\/photo-s\/03\/60\/35\/1c\/casa-do-vale-hotel.jpg\" \/><\/p>\n<hr id=\"moov\" \/>\n<p><strong>Moov Hotel \u00c9vora<\/strong>\u00a0<strong>\u2605 \u2605<\/strong><\/p>\n<p>Rua Do Raimundo 99<br \/>\n7000-661 \u00c9vora<br \/>\nTel.: (+351) 220 407 000<\/p>\n<p><img loading=\"lazy\" decoding=\"async\" class=\"alignnone wp-image-268\" src=\"http:\/\/pom.pt\/2018\/wp-content\/uploads\/sites\/4\/2017\/03\/N16_5804-Edit-300x174.jpg\" alt=\"\" width=\"545\" height=\"316\" srcset=\"https:\/\/pom.pt\/2018\/wp-content\/uploads\/sites\/4\/2017\/03\/N16_5804-Edit-300x174.jpg 300w, https:\/\/pom.pt\/2018\/wp-content\/uploads\/sites\/4\/2017\/03\/N16_5804-Edit-768x446.jpg 768w, https:\/\/pom.pt\/2018\/wp-content\/uploads\/sites\/4\/2017\/03\/N16_5804-Edit.jpg 1000w\" sizes=\"auto, (max-width: 545px) 100vw, 545px\" \/><\/p>\n<hr id=\"montado\" \/>\n<p><strong>Casas do Montado<\/strong><\/p>\n<p>Rua de \u00c9vora, 40<br \/>\n7220-397 Portel<br \/>\nTel.: (+351) 917 629 261<br \/>\n(+351) 937 114 930<\/p>\n<p><img decoding=\"async\" src=\"http:\/\/www.casasdomontado.com\/images\/Casas\/8.png\" \/><\/p>\n<p><img decoding=\"async\" src=\"http:\/\/www.casasdomontado.com\/images\/Casas\/10.png\" \/><\/p>\n<p><img decoding=\"async\" src=\"http:\/\/www.casasdomontado.com\/images\/Casas\/11.png\" \/><\/p>\n<p>Condi\u00e7\u00f5es de reserva:<\/p>\n<p>Pre\u00e7os para reservas para 3 ou mais noites<\/p>\n<ul>\n<li>Casa A Colmeia<\/li>\n<\/ul>\n<p>Capacidade m\u00e1xima 10 pessoas<\/p>\n<p>T4 &#8211; Casa com 4 quartos duplos, 2 com 1 cama extra, 1 sala, 2 casas de banho e uma cozinha. (ar condicionado na cozinha)<\/p>\n<p>Pre\u00e7o por noite: 175,00 \u20ac<\/p>\n<ul>\n<li>Casa A Azinheira<\/li>\n<\/ul>\n<p>Capacidade m\u00e1xima 10 pessoas<\/p>\n<p>T4 &#8211; Casa com 2 quartos duplos e 2 quarto duplos com 1 cama extra, 1 sala, 2 casas de banho e uma cozinha. (ar condicionado no hall dos quartos)<\/p>\n<p>Pre\u00e7o por noite: 175,00 \u20ac<\/p>\n<p>&nbsp;<\/p>\n<p>Pequeno almo\u00e7o:<\/p>\n<p>O pequeno almo\u00e7o consiste no fornecimento de Caf\u00e9 em p\u00f3, um pacote de leite, a\u00e7\u00facar, ch\u00e1, fiambre fatiado, queijo da barra fatiado, manteiga individual, compotas individuais e p\u00e3o tradicional Alentejano. Estes produtos ser\u00e3o disponibilizados de v\u00e9spera na casa e s\u00e3o os pr\u00f3prios hospedes que preparam o seu pequeno almo\u00e7o.<\/p>\n<p>Observa\u00e7\u00f5es: A casa esta equipada com fog\u00e3o, microondas, frigorifico, jarro el\u00e9ctrico, torradeira, loi\u00e7a e alguns utens\u00edlios necess\u00e1rios \u00e0 confec\u00e7\u00e3o. N\u00e3o temos televis\u00e3o.<\/p>\n<p>A limpeza \u00e9 feita diariamente<\/p>\n<p>Entre todos n\u00f3s Falamos: Ingl\u00eas, Russo, Espanhol e Franc\u00eas<\/p>","protected":false},"excerpt":{"rendered":"<p>Clique num alojamento para informa\u00e7\u00f5es detalhadas: M&#8217;AR De AR AQUEDUTO\u00a0\u2605 \u2605 \u2605 \u2605 \u2605 M&#8217;AR De AR MURALHAS\u00a0\u2605 \u2605 \u2605 \u2605 Vila Gal\u00e9 \u00c9vora \u2605 \u2605 \u2605 \u2605 \u00c9vora Hotel\u00a0\u2605 \u2605 \u2605 \u2605 Vit\u00f3ria Stone Hotel\u00a0\u2605 \u2605 \u2605 \u2605 Gra\u00e7a Hotel\u00a0\u2605 \u2605 \u2605 Hotel Ibis \u00c9vora\u00a0\u2605 \u2605 \u2605 Hotel Dom Fernando\u00a0\u2605 \u2605 \u2605 Hotel Casa do Vale\u00a0\u2605 \u2605 \u2605 Moov Hotel \u00c9vora\u00a0\u2605 \u2605 Casas do Montado M&#8217;AR De AR AQUEDUTO\u00a0\u2605 \u2605 \u2605 \u2605 \u2605 Rua C\u00e2ndido dos Reis, 72 7000-782 \u00c9vora Tel.: (+ 351) 266 740 700 Fax: (+ 351) 266 740 735 M&#8217;AR De AR MURALHAS\u00a0\u2605 \u2605 \u2605 \u2605 Travessa da Palmeira, 4\/6 7000-546 \u00c9vora Tel.: (+ 351) 266 &hellip; <a href=\"https:\/\/pom.pt\/2018\/alojamento\/\" class=\"more-link\">Continuar a ler <span class=\"screen-reader-text\">Alojamento<\/span><\/a><\/p>\n","protected":false},"author":8,"featured_media":0,"parent":0,"menu_order":0,"comment_status":"closed","ping_status":"closed","template":"","meta":{"_monsterinsights_skip_tracking":false,"_monsterinsights_sitenote_active":false,"_monsterinsights_sitenote_note":"","_monsterinsights_sitenote_category":0,"footnotes":""},"class_list":["post-26","page","type-page","status-publish","hentry"],"_links":{"self":[{"href":"https:\/\/pom.pt\/2018\/wp-json\/wp\/v2\/pages\/26","targetHints":{"allow":["GET"]}}],"collection":[{"href":"https:\/\/pom.pt\/2018\/wp-json\/wp\/v2\/pages"}],"about":[{"href":"https:\/\/pom.pt\/2018\/wp-json\/wp\/v2\/types\/page"}],"author":[{"embeddable":true,"href":"https:\/\/pom.pt\/2018\/wp-json\/wp\/v2\/users\/8"}],"replies":[{"embeddable":true,"href":"https:\/\/pom.pt\/2018\/wp-json\/wp\/v2\/comments?post=26"}],"version-history":[{"count":22,"href":"https:\/\/pom.pt\/2018\/wp-json\/wp\/v2\/pages\/26\/revisions"}],"predecessor-version":[{"id":494,"href":"https:\/\/pom.pt\/2018\/wp-json\/wp\/v2\/pages\/26\/revisions\/494"}],"wp:attachment":[{"href":"https:\/\/pom.pt\/2018\/wp-json\/wp\/v2\/media?parent=26"}],"curies":[{"name":"wp","href":"https:\/\/api.w.org\/{rel}","templated":true}]}}