{"id":207,"date":"2017-07-11T14:08:04","date_gmt":"2017-07-11T14:08:04","guid":{"rendered":"http:\/\/pom.pt\/2018\/?page_id=207"},"modified":"2018-02-02T15:32:18","modified_gmt":"2018-02-02T15:32:18","slug":"dia-2-wre-s-bartolomeu-do-outeiro","status":"publish","type":"page","link":"https:\/\/pom.pt\/2018\/dia-2-wre-s-bartolomeu-do-outeiro\/","title":{"rendered":"Dia 2 (WRE) &#8211; Dist\u00e2ncia Longa &#8211; S. Bartolomeu do Outeiro"},"content":{"rendered":"<p>Tra\u00e7ador de percursos \u2013 Alexandre Reis<\/p>\n<p>Terreno de floresta de montado alentejano, com muitos detalhes rochosos. Pouco desn\u00edvel e corrida f\u00e1cil. Exist\u00eancia de algumas cercas. Parcialmente novo. Mapa actualizado.<\/p>\n<p><span style=\"text-decoration: underline\"><strong>Dist\u00e2ncias<\/strong><\/span><\/p>\n<table width=\"576\">\n<tbody>\n<tr>\n<td width=\"113\"><strong><em>Class<\/em><\/strong><\/td>\n<td width=\"95\"><strong><em>Length (m)<\/em><\/strong><\/td>\n<td width=\"94\"><strong><em>Climb (m)<\/em><\/strong><\/td>\n<td width=\"76\"><strong><em>Controls<\/em><\/strong><\/td>\n<td width=\"85\"><strong><em>Scale<\/em><\/strong><\/td>\n<td width=\"113\"><strong><em>Obs.<\/em><\/strong><\/td>\n<\/tr>\n<tr>\n<td width=\"113\"><strong><em>M10<\/em><\/strong><\/td>\n<td width=\"95\">2.800<\/td>\n<td width=\"94\">20<\/td>\n<td width=\"76\">12<\/td>\n<td rowspan=\"4\" width=\"85\">&nbsp;<\/p>\n<p>1:7.500<\/td>\n<td width=\"113\"><strong>\u00a0<\/strong><\/td>\n<\/tr>\n<tr>\n<td width=\"113\"><strong><em>W10<\/em><\/strong><\/td>\n<td width=\"95\">2.800<\/td>\n<td width=\"94\">20<\/td>\n<td width=\"76\">12<\/td>\n<td width=\"113\"><strong>\u00a0<\/strong><\/td>\n<\/tr>\n<tr>\n<td width=\"113\"><strong><em>M12<\/em><\/strong><\/td>\n<td width=\"95\">3.500<\/td>\n<td width=\"94\">30<\/td>\n<td width=\"76\">14<\/td>\n<td width=\"113\"><strong>\u00a0<\/strong><\/td>\n<\/tr>\n<tr>\n<td width=\"113\"><strong><em>W12<\/em><\/strong><\/td>\n<td width=\"95\">3.500<\/td>\n<td width=\"94\">30<\/td>\n<td width=\"76\">14<\/td>\n<td width=\"113\"><strong>\u00a0<\/strong><\/td>\n<\/tr>\n<tr>\n<td width=\"113\"><strong><em>M14<\/em><\/strong><\/td>\n<td width=\"95\">3.900<\/td>\n<td width=\"94\">95<\/td>\n<td width=\"76\">12<\/td>\n<td rowspan=\"4\" width=\"85\">&nbsp;<\/p>\n<p>1:10.000<\/td>\n<td width=\"113\"><strong>\u00a0<\/strong><\/td>\n<\/tr>\n<tr>\n<td width=\"113\"><strong><em>W14<\/em><\/strong><\/td>\n<td width=\"95\">3.800<\/td>\n<td width=\"94\">95<\/td>\n<td width=\"76\">12<\/td>\n<td width=\"113\"><strong>\u00a0<\/strong><\/td>\n<\/tr>\n<tr>\n<td width=\"113\"><strong><em>M16<\/em><\/strong><\/td>\n<td width=\"95\">6.600<\/td>\n<td width=\"94\">175<\/td>\n<td width=\"76\">13<\/td>\n<td width=\"113\"><strong>\u00a0<\/strong><\/td>\n<\/tr>\n<tr>\n<td width=\"113\"><strong><em>W16<\/em><\/strong><\/td>\n<td width=\"95\">6.000<\/td>\n<td width=\"94\">150<\/td>\n<td width=\"76\">16<\/td>\n<td width=\"113\"><strong>\u00a0<\/strong><\/td>\n<\/tr>\n<tr>\n<td width=\"113\"><strong><em>M18<\/em><\/strong><\/td>\n<td width=\"95\">8.700<\/td>\n<td width=\"94\">210<\/td>\n<td width=\"76\">13<\/td>\n<td rowspan=\"9\" width=\"85\">&nbsp;<\/p>\n<p>&nbsp;<\/p>\n<p>&nbsp;<\/p>\n<p>&nbsp;<\/p>\n<p>1:15.000<\/td>\n<td width=\"113\"><strong>\u00a0<\/strong><\/td>\n<\/tr>\n<tr>\n<td width=\"113\"><strong><em>W18<\/em><\/strong><\/td>\n<td width=\"95\">7.000<\/td>\n<td width=\"94\">185<\/td>\n<td width=\"76\">11<\/td>\n<td width=\"113\"><strong>\u00a0<\/strong><\/td>\n<\/tr>\n<tr>\n<td width=\"113\"><strong><em>M20<\/em><\/strong><\/td>\n<td width=\"95\">11.400<\/td>\n<td width=\"94\">390<\/td>\n<td width=\"76\">22<\/td>\n<td width=\"113\"><strong>\u00a0<\/strong><\/td>\n<\/tr>\n<tr>\n<td width=\"113\"><strong><em>W20<\/em><\/strong><\/td>\n<td width=\"95\">8.000<\/td>\n<td width=\"94\">205<\/td>\n<td width=\"76\">12<\/td>\n<td width=\"113\"><strong>\u00a0<\/strong><\/td>\n<\/tr>\n<tr>\n<td width=\"113\"><strong><em>M21A<\/em><\/strong><\/td>\n<td width=\"95\">9.800<\/td>\n<td width=\"94\">245<\/td>\n<td width=\"76\">16<\/td>\n<td width=\"113\"><strong>\u00a0<\/strong><\/td>\n<\/tr>\n<tr>\n<td width=\"113\"><strong><em>W21A<\/em><\/strong><\/td>\n<td width=\"95\">6.900<\/td>\n<td width=\"94\">165<\/td>\n<td width=\"76\">14<\/td>\n<td width=\"113\"><strong>\u00a0<\/strong><\/td>\n<\/tr>\n<tr>\n<td width=\"113\"><strong><em>MSE<\/em><\/strong><\/td>\n<td width=\"95\">18.000<\/td>\n<td width=\"94\">620<\/td>\n<td width=\"76\">29<\/td>\n<td width=\"113\">Spectators control<\/td>\n<\/tr>\n<tr>\n<td width=\"113\"><strong><em>ME<\/em><\/strong><\/td>\n<td width=\"95\">18.000<\/td>\n<td width=\"94\">620<\/td>\n<td width=\"76\">30<\/td>\n<td width=\"113\">Spectators control<\/td>\n<\/tr>\n<tr>\n<td width=\"113\"><strong><em>WE<\/em><\/strong><\/td>\n<td width=\"95\">11.600<\/td>\n<td width=\"94\">405<\/td>\n<td width=\"76\">19<\/td>\n<td width=\"113\">Spectators control<\/td>\n<\/tr>\n<tr>\n<td width=\"113\"><strong><em>M21B<\/em><\/strong><\/td>\n<td width=\"95\">5.300<\/td>\n<td width=\"94\">145<\/td>\n<td width=\"76\">15<\/td>\n<td rowspan=\"2\" width=\"85\">1:10.000<\/td>\n<td width=\"113\"><strong>\u00a0<\/strong><\/td>\n<\/tr>\n<tr>\n<td width=\"113\"><strong><em>W21B<\/em><\/strong><\/td>\n<td width=\"95\">4.600<\/td>\n<td width=\"94\">120<\/td>\n<td width=\"76\">12<\/td>\n<td width=\"113\"><strong>\u00a0<\/strong><\/td>\n<\/tr>\n<tr>\n<td width=\"113\"><strong><em>M35<\/em><\/strong><\/td>\n<td width=\"95\">11.100<\/td>\n<td width=\"94\">385<\/td>\n<td width=\"76\">15<\/td>\n<td rowspan=\"4\" width=\"85\">&nbsp;<\/p>\n<p>1:15.000<\/td>\n<td width=\"113\"><strong>\u00a0<\/strong><\/td>\n<\/tr>\n<tr>\n<td width=\"113\"><strong><em>W35<\/em><\/strong><\/td>\n<td width=\"95\">7.200<\/td>\n<td width=\"94\">195<\/td>\n<td width=\"76\">12<\/td>\n<td width=\"113\"><strong>\u00a0<\/strong><\/td>\n<\/tr>\n<tr>\n<td width=\"113\"><strong><em>M40<\/em><\/strong><\/td>\n<td width=\"95\">9.800<\/td>\n<td width=\"94\">320<\/td>\n<td width=\"76\">17<\/td>\n<td width=\"113\"><strong>\u00a0<\/strong><\/td>\n<\/tr>\n<tr>\n<td width=\"113\"><strong><em>W40<\/em><\/strong><\/td>\n<td width=\"95\">7.000<\/td>\n<td width=\"94\">185<\/td>\n<td width=\"76\">13<\/td>\n<td width=\"113\"><strong>\u00a0<\/strong><\/td>\n<\/tr>\n<tr>\n<td width=\"113\"><strong><em>M45<\/em><\/strong><\/td>\n<td width=\"95\">9.700<\/td>\n<td width=\"94\">245<\/td>\n<td width=\"76\">15<\/td>\n<td rowspan=\"8\" width=\"85\">&nbsp;<\/p>\n<p>&nbsp;<\/p>\n<p>&nbsp;<\/p>\n<p>1:10.000<\/td>\n<td width=\"113\"><strong>\u00a0<\/strong><\/td>\n<\/tr>\n<tr>\n<td width=\"113\"><strong><em>W45<\/em><\/strong><\/td>\n<td width=\"95\">5.900<\/td>\n<td width=\"94\">155<\/td>\n<td width=\"76\">14<\/td>\n<td width=\"113\"><strong>\u00a0<\/strong><\/td>\n<\/tr>\n<tr>\n<td width=\"113\"><strong><em>M50<\/em><\/strong><\/td>\n<td width=\"95\">8.700<\/td>\n<td width=\"94\">225<\/td>\n<td width=\"76\">12<\/td>\n<td width=\"113\"><strong>\u00a0<\/strong><\/td>\n<\/tr>\n<tr>\n<td width=\"113\"><strong><em>W50<\/em><\/strong><\/td>\n<td width=\"95\">5.500<\/td>\n<td width=\"94\">140<\/td>\n<td width=\"76\">12<\/td>\n<td width=\"113\"><strong>\u00a0<\/strong><\/td>\n<\/tr>\n<tr>\n<td width=\"113\"><strong><em>M55<\/em><\/strong><\/td>\n<td width=\"95\">6.900<\/td>\n<td width=\"94\">170<\/td>\n<td width=\"76\">13<\/td>\n<td width=\"113\"><strong>\u00a0<\/strong><\/td>\n<\/tr>\n<tr>\n<td width=\"113\"><strong><em>W55<\/em><\/strong><\/td>\n<td width=\"95\">5.200<\/td>\n<td width=\"94\">130<\/td>\n<td width=\"76\">13<\/td>\n<td width=\"113\"><strong>\u00a0<\/strong><\/td>\n<\/tr>\n<tr>\n<td width=\"113\"><strong><em>M60<\/em><\/strong><\/td>\n<td width=\"95\">6.500<\/td>\n<td width=\"94\">150<\/td>\n<td width=\"76\">18<\/td>\n<td width=\"113\"><strong>\u00a0<\/strong><\/td>\n<\/tr>\n<tr>\n<td width=\"113\"><strong><em>W60<\/em><\/strong><\/td>\n<td width=\"95\">4.500<\/td>\n<td width=\"94\">105<\/td>\n<td width=\"76\">13<\/td>\n<td width=\"113\"><strong>\u00a0<\/strong><\/td>\n<\/tr>\n<tr>\n<td width=\"113\"><strong><em>M65<\/em><\/strong><\/td>\n<td width=\"95\">6.000<\/td>\n<td width=\"94\">160<\/td>\n<td width=\"76\">17<\/td>\n<td rowspan=\"11\" width=\"85\">&nbsp;<\/p>\n<p>&nbsp;<\/p>\n<p>&nbsp;<\/p>\n<p>&nbsp;<\/p>\n<p>1:7.500<\/td>\n<td width=\"113\"><strong>\u00a0<\/strong><\/td>\n<\/tr>\n<tr>\n<td width=\"113\"><strong><em>W65<\/em><\/strong><\/td>\n<td width=\"95\">3.800<\/td>\n<td width=\"94\">95<\/td>\n<td width=\"76\">12<\/td>\n<td width=\"113\"><strong>\u00a0<\/strong><\/td>\n<\/tr>\n<tr>\n<td width=\"113\"><strong><em>M70<\/em><\/strong><\/td>\n<td width=\"95\">5.500<\/td>\n<td width=\"94\">145<\/td>\n<td width=\"76\">16<\/td>\n<td width=\"113\"><strong>\u00a0<\/strong><\/td>\n<\/tr>\n<tr>\n<td width=\"113\"><strong><em>W70<\/em><\/strong><\/td>\n<td width=\"95\">3.500<\/td>\n<td width=\"94\">85<\/td>\n<td width=\"76\">12<\/td>\n<td width=\"113\"><strong>\u00a0<\/strong><\/td>\n<\/tr>\n<tr>\n<td width=\"113\"><strong><em>M75<\/em><\/strong><\/td>\n<td width=\"95\">3.800<\/td>\n<td width=\"94\">95<\/td>\n<td width=\"76\">12<\/td>\n<td width=\"113\"><strong>\u00a0<\/strong><\/td>\n<\/tr>\n<tr>\n<td width=\"113\"><strong><em>W75<\/em><\/strong><\/td>\n<td width=\"95\">3.000<\/td>\n<td width=\"94\">75<\/td>\n<td width=\"76\">11<\/td>\n<td width=\"113\"><strong>\u00a0<\/strong><\/td>\n<\/tr>\n<tr>\n<td width=\"113\"><strong><em>M80<\/em><\/strong><\/td>\n<td width=\"95\">3.500<\/td>\n<td width=\"94\">85<\/td>\n<td width=\"76\">12<\/td>\n<td width=\"113\"><strong>\u00a0<\/strong><\/td>\n<\/tr>\n<tr>\n<td width=\"113\"><strong><em>W80<\/em><\/strong><\/td>\n<td width=\"95\">3.000<\/td>\n<td width=\"94\">75<\/td>\n<td width=\"76\">11<\/td>\n<td width=\"113\"><strong>\u00a0<\/strong><\/td>\n<\/tr>\n<tr>\n<td width=\"113\"><strong><em>M85<\/em><\/strong><\/td>\n<td width=\"95\">3.000<\/td>\n<td width=\"94\">75<\/td>\n<td width=\"76\">11<\/td>\n<td width=\"113\"><strong>\u00a0<\/strong><\/td>\n<\/tr>\n<tr>\n<td width=\"113\"><strong><em>W85<\/em><\/strong><\/td>\n<td width=\"95\">3.000<\/td>\n<td width=\"94\">75<\/td>\n<td width=\"76\">11<\/td>\n<td width=\"113\"><strong>\u00a0<\/strong><\/td>\n<\/tr>\n<tr>\n<td width=\"113\"><strong><em>Easy Short<\/em><\/strong><\/td>\n<td width=\"95\">2.800<\/td>\n<td width=\"94\">10<\/td>\n<td width=\"76\">12<\/td>\n<td width=\"113\"><strong>\u00a0<\/strong><\/td>\n<\/tr>\n<tr>\n<td width=\"113\"><strong><em>Easy long<\/em><\/strong><\/td>\n<td width=\"95\">3.800<\/td>\n<td width=\"94\">95<\/td>\n<td width=\"76\">12<\/td>\n<td rowspan=\"3\" width=\"85\">&nbsp;<\/p>\n<p>1:10.000<\/td>\n<td width=\"113\"><strong>\u00a0<\/strong><\/td>\n<\/tr>\n<tr>\n<td width=\"113\"><strong><em>Dificult Short<\/em><\/strong><\/td>\n<td width=\"95\">4.000<\/td>\n<td width=\"94\">140<\/td>\n<td width=\"76\">9<\/td>\n<td width=\"113\"><strong>\u00a0<\/strong><\/td>\n<\/tr>\n<tr>\n<td width=\"113\"><strong><em>Dificult Long<\/em><\/strong><\/td>\n<td width=\"95\">6.400<\/td>\n<td width=\"94\">140<\/td>\n<td width=\"76\">9<\/td>\n<td width=\"113\"><strong>\u00a0<\/strong><\/td>\n<\/tr>\n<\/tbody>\n<\/table>\n<p><img loading=\"lazy\" decoding=\"async\" class=\"alignnone size-full wp-image-190\" src=\"http:\/\/pom.pt\/2018\/wp-content\/uploads\/sites\/4\/2017\/04\/S-Bartolomeu_.png\" alt=\"\" width=\"284\" height=\"262\" \/><\/p>\n<p><img loading=\"lazy\" decoding=\"async\" class=\"alignnone size-full wp-image-191\" src=\"http:\/\/pom.pt\/2018\/wp-content\/uploads\/sites\/4\/2017\/04\/S.-bartolomeu.png\" alt=\"\" width=\"269\" height=\"246\" \/><\/p>\n<p><img loading=\"lazy\" decoding=\"async\" class=\"alignnone size-medium wp-image-166\" src=\"http:\/\/pom.pt\/2018\/wp-content\/uploads\/sites\/4\/2017\/04\/fotos_terreno_3-300x225.jpg\" alt=\"\" width=\"300\" height=\"225\" srcset=\"https:\/\/pom.pt\/2018\/wp-content\/uploads\/sites\/4\/2017\/04\/fotos_terreno_3-300x225.jpg 300w, https:\/\/pom.pt\/2018\/wp-content\/uploads\/sites\/4\/2017\/04\/fotos_terreno_3-768x576.jpg 768w, https:\/\/pom.pt\/2018\/wp-content\/uploads\/sites\/4\/2017\/04\/fotos_terreno_3.jpg 1000w\" sizes=\"auto, (max-width: 300px) 100vw, 300px\" \/><\/p>\n<p><img loading=\"lazy\" decoding=\"async\" class=\"alignnone size-medium wp-image-165\" src=\"http:\/\/pom.pt\/2018\/wp-content\/uploads\/sites\/4\/2017\/04\/fotos_terreno_2-300x225.jpg\" alt=\"\" width=\"300\" height=\"225\" srcset=\"https:\/\/pom.pt\/2018\/wp-content\/uploads\/sites\/4\/2017\/04\/fotos_terreno_2-300x225.jpg 300w, https:\/\/pom.pt\/2018\/wp-content\/uploads\/sites\/4\/2017\/04\/fotos_terreno_2-768x576.jpg 768w, https:\/\/pom.pt\/2018\/wp-content\/uploads\/sites\/4\/2017\/04\/fotos_terreno_2.jpg 1000w\" sizes=\"auto, (max-width: 300px) 100vw, 300px\" \/><\/p>\n<p><img loading=\"lazy\" decoding=\"async\" class=\"alignnone size-medium wp-image-164\" src=\"http:\/\/pom.pt\/2018\/wp-content\/uploads\/sites\/4\/2017\/04\/fotos_terreno_1-300x225.jpg\" alt=\"\" width=\"300\" height=\"225\" srcset=\"https:\/\/pom.pt\/2018\/wp-content\/uploads\/sites\/4\/2017\/04\/fotos_terreno_1-300x225.jpg 300w, https:\/\/pom.pt\/2018\/wp-content\/uploads\/sites\/4\/2017\/04\/fotos_terreno_1-768x576.jpg 768w, https:\/\/pom.pt\/2018\/wp-content\/uploads\/sites\/4\/2017\/04\/fotos_terreno_1.jpg 1000w\" sizes=\"auto, (max-width: 300px) 100vw, 300px\" \/><\/p>","protected":false},"excerpt":{"rendered":"<p>Tra\u00e7ador de percursos \u2013 Alexandre Reis Terreno de floresta de montado alentejano, com muitos detalhes rochosos. Pouco desn\u00edvel e corrida f\u00e1cil. Exist\u00eancia de algumas cercas. Parcialmente novo. Mapa actualizado. Dist\u00e2ncias Class Length (m) Climb (m) Controls Scale Obs. M10 2.800 20 12 &nbsp; 1:7.500 \u00a0 W10 2.800 20 12 \u00a0 M12 3.500 30 14 \u00a0 W12 3.500 30 14 \u00a0 M14 3.900 95 12 &nbsp; 1:10.000 \u00a0 W14 3.800 95 12 \u00a0 M16 6.600 175 13 \u00a0 W16 6.000 150 16 \u00a0 M18 8.700 210 13 &nbsp; &nbsp; &nbsp; &nbsp; 1:15.000 \u00a0 W18 7.000 185 11 \u00a0 M20 11.400 390 22 \u00a0 W20 8.000 205 12 \u00a0 M21A 9.800 245 &hellip; <a href=\"https:\/\/pom.pt\/2018\/dia-2-wre-s-bartolomeu-do-outeiro\/\" class=\"more-link\">Continuar a ler <span class=\"screen-reader-text\">Dia 2 (WRE) &#8211; Dist\u00e2ncia Longa &#8211; S. Bartolomeu do Outeiro<\/span><\/a><\/p>\n","protected":false},"author":8,"featured_media":0,"parent":0,"menu_order":0,"comment_status":"closed","ping_status":"closed","template":"","meta":{"_monsterinsights_skip_tracking":false,"_monsterinsights_sitenote_active":false,"_monsterinsights_sitenote_note":"","_monsterinsights_sitenote_category":0,"footnotes":""},"class_list":["post-207","page","type-page","status-publish","hentry"],"_links":{"self":[{"href":"https:\/\/pom.pt\/2018\/wp-json\/wp\/v2\/pages\/207","targetHints":{"allow":["GET"]}}],"collection":[{"href":"https:\/\/pom.pt\/2018\/wp-json\/wp\/v2\/pages"}],"about":[{"href":"https:\/\/pom.pt\/2018\/wp-json\/wp\/v2\/types\/page"}],"author":[{"embeddable":true,"href":"https:\/\/pom.pt\/2018\/wp-json\/wp\/v2\/users\/8"}],"replies":[{"embeddable":true,"href":"https:\/\/pom.pt\/2018\/wp-json\/wp\/v2\/comments?post=207"}],"version-history":[{"count":9,"href":"https:\/\/pom.pt\/2018\/wp-json\/wp\/v2\/pages\/207\/revisions"}],"predecessor-version":[{"id":542,"href":"https:\/\/pom.pt\/2018\/wp-json\/wp\/v2\/pages\/207\/revisions\/542"}],"wp:attachment":[{"href":"https:\/\/pom.pt\/2018\/wp-json\/wp\/v2\/media?parent=207"}],"curies":[{"name":"wp","href":"https:\/\/api.w.org\/{rel}","templated":true}]}}