{"id":204,"date":"2017-07-11T14:01:37","date_gmt":"2017-07-11T14:01:37","guid":{"rendered":"http:\/\/pom.pt\/2018\/?page_id=204"},"modified":"2018-02-02T15:23:39","modified_gmt":"2018-02-02T15:23:39","slug":"dia-1-evora","status":"publish","type":"page","link":"https:\/\/pom.pt\/2018\/dia-1-evora\/","title":{"rendered":"Dia 1 &#8211; Dist\u00e2ncia M\u00e9dia &#8211; \u00c9vora"},"content":{"rendered":"<p>Cart\u00f3grafos \u2013 Alexandre Shirinin<\/p>\n<p>Actualiza\u00e7\u00e3o \u2013 Soares dos Reis\/Valdemar Sendim<\/p>\n<p>Tra\u00e7ador de percursos \u2013 Pedro Nogueira<\/p>\n<p>Mapa urbano do centro hist\u00f3rico de \u00c9vora, classificado patrim\u00f3nio da humanidade pela UNESCO.<\/p>\n<p>Mapa actualizado.<\/p>\n<p><span style=\"text-decoration: underline\"><strong>Dist\u00e2ncias<\/strong><\/span><\/p>\n<table width=\"482\">\n<tbody>\n<tr>\n<td width=\"117\"><strong><em>Class<\/em><\/strong><\/td>\n<td width=\"91\"><strong><em>Length (m)<\/em><\/strong><\/td>\n<td width=\"94\"><strong><em>Climb (m)<\/em><\/strong><\/td>\n<td width=\"76\"><strong><em>Controls<\/em><\/strong><\/td>\n<td width=\"104\"><strong><em>Scale<\/em><\/strong><\/td>\n<\/tr>\n<tr>\n<td width=\"117\"><strong><em>M10<\/em><\/strong><\/td>\n<td width=\"91\">1.800<\/td>\n<td width=\"94\">20<\/td>\n<td width=\"76\">15<\/td>\n<td rowspan=\"45\" width=\"104\">&nbsp;<\/p>\n<p>&nbsp;<\/p>\n<p>&nbsp;<\/p>\n<p>&nbsp;<\/p>\n<p>&nbsp;<\/p>\n<p>&nbsp;<\/p>\n<p>&nbsp;<\/p>\n<p>&nbsp;<\/p>\n<p>&nbsp;<\/p>\n<p>&nbsp;<\/p>\n<p>&nbsp;<\/p>\n<p>&nbsp;<\/p>\n<p>&nbsp;<\/p>\n<p>&nbsp;<\/p>\n<p>&nbsp;<\/p>\n<p>&nbsp;<\/p>\n<p>&nbsp;<\/p>\n<p>&nbsp;<\/p>\n<p>&nbsp;<\/p>\n<p>&nbsp;<\/p>\n<p>&nbsp;<\/p>\n<p>1:4.000<\/td>\n<\/tr>\n<tr>\n<td width=\"117\"><strong><em>W10<\/em><\/strong><\/td>\n<td width=\"91\">1.800<\/td>\n<td width=\"94\">20<\/td>\n<td width=\"76\">15<\/td>\n<\/tr>\n<tr>\n<td width=\"117\"><strong><em>M12<\/em><\/strong><\/td>\n<td width=\"91\">2.100<\/td>\n<td width=\"94\">25<\/td>\n<td width=\"76\">17<\/td>\n<\/tr>\n<tr>\n<td width=\"117\"><strong><em>W12<\/em><\/strong><\/td>\n<td width=\"91\">2.100<\/td>\n<td width=\"94\">25<\/td>\n<td width=\"76\">17<\/td>\n<\/tr>\n<tr>\n<td width=\"117\"><strong><em>M14<\/em><\/strong><\/td>\n<td width=\"91\">3.200<\/td>\n<td width=\"94\">45<\/td>\n<td width=\"76\">18<\/td>\n<\/tr>\n<tr>\n<td width=\"117\"><strong><em>W14<\/em><\/strong><\/td>\n<td width=\"91\">2.700<\/td>\n<td width=\"94\">40<\/td>\n<td width=\"76\">17<\/td>\n<\/tr>\n<tr>\n<td width=\"117\"><strong><em>M16<\/em><\/strong><\/td>\n<td width=\"91\">5.500<\/td>\n<td width=\"94\">70<\/td>\n<td width=\"76\">22<\/td>\n<\/tr>\n<tr>\n<td width=\"117\"><strong><em>W16<\/em><\/strong><\/td>\n<td width=\"91\">4.100<\/td>\n<td width=\"94\">60<\/td>\n<td width=\"76\">16<\/td>\n<\/tr>\n<tr>\n<td width=\"117\"><strong><em>M18<\/em><\/strong><\/td>\n<td width=\"91\">7.000<\/td>\n<td width=\"94\">85<\/td>\n<td width=\"76\">25<\/td>\n<\/tr>\n<tr>\n<td width=\"117\"><strong><em>W18<\/em><\/strong><\/td>\n<td width=\"91\">5.900<\/td>\n<td width=\"94\">75<\/td>\n<td width=\"76\">20<\/td>\n<\/tr>\n<tr>\n<td width=\"117\"><strong><em>M20<\/em><\/strong><\/td>\n<td width=\"91\">8.100<\/td>\n<td width=\"94\">100<\/td>\n<td width=\"76\">25<\/td>\n<\/tr>\n<tr>\n<td width=\"117\"><strong><em>W20<\/em><\/strong><\/td>\n<td width=\"91\">7.100<\/td>\n<td width=\"94\">85<\/td>\n<td width=\"76\">22<\/td>\n<\/tr>\n<tr>\n<td width=\"117\"><strong><em>M21A<\/em><\/strong><\/td>\n<td width=\"91\">7.600<\/td>\n<td width=\"94\">95<\/td>\n<td width=\"76\">25<\/td>\n<\/tr>\n<tr>\n<td width=\"117\"><strong><em>W21A<\/em><\/strong><\/td>\n<td width=\"91\">6.100<\/td>\n<td width=\"94\">80<\/td>\n<td width=\"76\">22<\/td>\n<\/tr>\n<tr>\n<td width=\"117\"><strong><em>MSE<\/em><\/strong><\/td>\n<td width=\"91\">8.600<\/td>\n<td width=\"94\">120<\/td>\n<td width=\"76\">28<\/td>\n<\/tr>\n<tr>\n<td width=\"117\"><strong><em>ME<\/em><\/strong><\/td>\n<td width=\"91\">8.600<\/td>\n<td width=\"94\">120<\/td>\n<td width=\"76\">28<\/td>\n<\/tr>\n<tr>\n<td width=\"117\"><strong><em>WE<\/em><\/strong><\/td>\n<td width=\"91\">7.600<\/td>\n<td width=\"94\">100<\/td>\n<td width=\"76\">25<\/td>\n<\/tr>\n<tr>\n<td width=\"117\"><strong><em>M21B<\/em><\/strong><\/td>\n<td width=\"91\">5.200<\/td>\n<td width=\"94\">65<\/td>\n<td width=\"76\">18<\/td>\n<\/tr>\n<tr>\n<td width=\"117\"><strong><em>W21B<\/em><\/strong><\/td>\n<td width=\"91\">4.000<\/td>\n<td width=\"94\">50<\/td>\n<td width=\"76\">16<\/td>\n<\/tr>\n<tr>\n<td width=\"117\"><strong><em>M35<\/em><\/strong><\/td>\n<td width=\"91\">7.200<\/td>\n<td width=\"94\">95<\/td>\n<td width=\"76\">25<\/td>\n<\/tr>\n<tr>\n<td width=\"117\"><strong><em>W35<\/em><\/strong><\/td>\n<td width=\"91\">6.000<\/td>\n<td width=\"94\">80<\/td>\n<td width=\"76\">19<\/td>\n<\/tr>\n<tr>\n<td width=\"117\"><strong><em>M40<\/em><\/strong><\/td>\n<td width=\"91\">6.800<\/td>\n<td width=\"94\">85<\/td>\n<td width=\"76\">22<\/td>\n<\/tr>\n<tr>\n<td width=\"117\"><strong><em>W40<\/em><\/strong><\/td>\n<td width=\"91\">5.400<\/td>\n<td width=\"94\">70<\/td>\n<td width=\"76\">18<\/td>\n<\/tr>\n<tr>\n<td width=\"117\"><strong><em>M45<\/em><\/strong><\/td>\n<td width=\"91\">6.400<\/td>\n<td width=\"94\">85<\/td>\n<td width=\"76\">25<\/td>\n<\/tr>\n<tr>\n<td width=\"117\"><strong><em>W45<\/em><\/strong><\/td>\n<td width=\"91\">5.100<\/td>\n<td width=\"94\">65<\/td>\n<td width=\"76\">17<\/td>\n<\/tr>\n<tr>\n<td width=\"117\"><strong><em>M50<\/em><\/strong><\/td>\n<td width=\"91\">6.300<\/td>\n<td width=\"94\">80<\/td>\n<td width=\"76\">23<\/td>\n<\/tr>\n<tr>\n<td width=\"117\"><strong><em>W50<\/em><\/strong><\/td>\n<td width=\"91\">4.200<\/td>\n<td width=\"94\">50<\/td>\n<td width=\"76\">15<\/td>\n<\/tr>\n<tr>\n<td width=\"117\"><strong><em>M55<\/em><\/strong><\/td>\n<td width=\"91\">5.900<\/td>\n<td width=\"94\">75<\/td>\n<td width=\"76\">19<\/td>\n<\/tr>\n<tr>\n<td width=\"117\"><strong><em>W55<\/em><\/strong><\/td>\n<td width=\"91\">3.400<\/td>\n<td width=\"94\">50<\/td>\n<td width=\"76\">14<\/td>\n<\/tr>\n<tr>\n<td width=\"117\"><strong><em>M60<\/em><\/strong><\/td>\n<td width=\"91\">5.200<\/td>\n<td width=\"94\">65<\/td>\n<td width=\"76\">20<\/td>\n<\/tr>\n<tr>\n<td width=\"117\"><strong><em>W60<\/em><\/strong><\/td>\n<td width=\"91\">3.100<\/td>\n<td width=\"94\">40<\/td>\n<td width=\"76\">15<\/td>\n<\/tr>\n<tr>\n<td width=\"117\"><strong><em>M65<\/em><\/strong><\/td>\n<td width=\"91\">4.400<\/td>\n<td width=\"94\">60<\/td>\n<td width=\"76\">17<\/td>\n<\/tr>\n<tr>\n<td width=\"117\"><strong><em>W65<\/em><\/strong><\/td>\n<td width=\"91\">2.800<\/td>\n<td width=\"94\">40<\/td>\n<td width=\"76\">14<\/td>\n<\/tr>\n<tr>\n<td width=\"117\"><strong><em>M70<\/em><\/strong><\/td>\n<td width=\"91\">3.400<\/td>\n<td width=\"94\">45<\/td>\n<td width=\"76\">13<\/td>\n<\/tr>\n<tr>\n<td width=\"117\"><strong><em>W70<\/em><\/strong><\/td>\n<td width=\"91\">2.400<\/td>\n<td width=\"94\">35<\/td>\n<td width=\"76\">12<\/td>\n<\/tr>\n<tr>\n<td width=\"117\"><strong><em>M75<\/em><\/strong><\/td>\n<td width=\"91\">2.800<\/td>\n<td width=\"94\">40<\/td>\n<td width=\"76\">14<\/td>\n<\/tr>\n<tr>\n<td width=\"117\"><strong><em>W75<\/em><\/strong><\/td>\n<td width=\"91\">2.100<\/td>\n<td width=\"94\">30<\/td>\n<td width=\"76\">11<\/td>\n<\/tr>\n<tr>\n<td width=\"117\"><strong><em>M80<\/em><\/strong><\/td>\n<td width=\"91\">2.400<\/td>\n<td width=\"94\">35<\/td>\n<td width=\"76\">12<\/td>\n<\/tr>\n<tr>\n<td width=\"117\"><strong><em>W80<\/em><\/strong><\/td>\n<td width=\"91\">2.100<\/td>\n<td width=\"94\">30<\/td>\n<td width=\"76\">11<\/td>\n<\/tr>\n<tr>\n<td width=\"117\"><strong><em>M85<\/em><\/strong><\/td>\n<td width=\"91\">2.100<\/td>\n<td width=\"94\">30<\/td>\n<td width=\"76\">11<\/td>\n<\/tr>\n<tr>\n<td width=\"117\"><strong><em>W85<\/em><\/strong><\/td>\n<td width=\"91\">2.100<\/td>\n<td width=\"94\">30<\/td>\n<td width=\"76\">11<\/td>\n<\/tr>\n<tr>\n<td width=\"117\"><strong><em>Easy Short<\/em><\/strong><\/td>\n<td width=\"91\">1.900<\/td>\n<td width=\"94\">25<\/td>\n<td width=\"76\">15<\/td>\n<\/tr>\n<tr>\n<td width=\"117\"><strong><em>Easy long<\/em><\/strong><\/td>\n<td width=\"91\">2.700<\/td>\n<td width=\"94\">30<\/td>\n<td width=\"76\">16<\/td>\n<\/tr>\n<tr>\n<td width=\"117\"><strong><em>Dificult Short<\/em><\/strong><\/td>\n<td width=\"91\">3.500<\/td>\n<td width=\"94\">50<\/td>\n<td width=\"76\">14<\/td>\n<\/tr>\n<tr>\n<td width=\"117\"><strong><em>Dificult Long<\/em><\/strong><\/td>\n<td width=\"91\">5.600<\/td>\n<td width=\"94\">80<\/td>\n<td width=\"76\">19<\/td>\n<\/tr>\n<\/tbody>\n<\/table>\n<p><img loading=\"lazy\" decoding=\"async\" class=\"alignnone size-medium wp-image-189\" src=\"http:\/\/pom.pt\/2018\/wp-content\/uploads\/sites\/4\/2017\/04\/\u00c9vora-300x279.png\" alt=\"\" width=\"300\" height=\"279\" srcset=\"https:\/\/pom.pt\/2018\/wp-content\/uploads\/sites\/4\/2017\/04\/\u00c9vora-300x279.png 300w, https:\/\/pom.pt\/2018\/wp-content\/uploads\/sites\/4\/2017\/04\/\u00c9vora.png 623w\" sizes=\"auto, (max-width: 300px) 100vw, 300px\" \/><\/p>","protected":false},"excerpt":{"rendered":"<p>Cart\u00f3grafos \u2013 Alexandre Shirinin Actualiza\u00e7\u00e3o \u2013 Soares dos Reis\/Valdemar Sendim Tra\u00e7ador de percursos \u2013 Pedro Nogueira Mapa urbano do centro hist\u00f3rico de \u00c9vora, classificado patrim\u00f3nio da humanidade pela UNESCO. Mapa actualizado. Dist\u00e2ncias Class Length (m) Climb (m) Controls Scale M10 1.800 20 15 &nbsp; &nbsp; &nbsp; &nbsp; &nbsp; &nbsp; &nbsp; &nbsp; &nbsp; &nbsp; &nbsp; &nbsp; &nbsp; &nbsp; &nbsp; &nbsp; &nbsp; &nbsp; &nbsp; &nbsp; &nbsp; 1:4.000 W10 1.800 20 15 M12 2.100 25 17 W12 2.100 25 17 M14 3.200 45 18 W14 2.700 40 17 M16 5.500 70 22 W16 4.100 60 16 M18 7.000 85 25 W18 5.900 75 20 M20 8.100 100 25 W20 7.100 85 22 M21A &hellip; <a href=\"https:\/\/pom.pt\/2018\/dia-1-evora\/\" class=\"more-link\">Continuar a ler <span class=\"screen-reader-text\">Dia 1 &#8211; Dist\u00e2ncia M\u00e9dia &#8211; \u00c9vora<\/span><\/a><\/p>\n","protected":false},"author":8,"featured_media":0,"parent":0,"menu_order":0,"comment_status":"closed","ping_status":"closed","template":"","meta":{"_monsterinsights_skip_tracking":false,"_monsterinsights_sitenote_active":false,"_monsterinsights_sitenote_note":"","_monsterinsights_sitenote_category":0,"footnotes":""},"class_list":["post-204","page","type-page","status-publish","hentry"],"_links":{"self":[{"href":"https:\/\/pom.pt\/2018\/wp-json\/wp\/v2\/pages\/204","targetHints":{"allow":["GET"]}}],"collection":[{"href":"https:\/\/pom.pt\/2018\/wp-json\/wp\/v2\/pages"}],"about":[{"href":"https:\/\/pom.pt\/2018\/wp-json\/wp\/v2\/types\/page"}],"author":[{"embeddable":true,"href":"https:\/\/pom.pt\/2018\/wp-json\/wp\/v2\/users\/8"}],"replies":[{"embeddable":true,"href":"https:\/\/pom.pt\/2018\/wp-json\/wp\/v2\/comments?post=204"}],"version-history":[{"count":7,"href":"https:\/\/pom.pt\/2018\/wp-json\/wp\/v2\/pages\/204\/revisions"}],"predecessor-version":[{"id":536,"href":"https:\/\/pom.pt\/2018\/wp-json\/wp\/v2\/pages\/204\/revisions\/536"}],"wp:attachment":[{"href":"https:\/\/pom.pt\/2018\/wp-json\/wp\/v2\/media?parent=204"}],"curies":[{"name":"wp","href":"https:\/\/api.w.org\/{rel}","templated":true}]}}