{"id":19,"date":"2017-03-01T21:32:21","date_gmt":"2017-03-01T21:32:21","guid":{"rendered":"http:\/\/pom.pt\/2018\/?page_id=19"},"modified":"2017-09-08T15:01:25","modified_gmt":"2017-09-08T15:01:25","slug":"boas-vindas","status":"publish","type":"page","link":"https:\/\/pom.pt\/2018\/boas-vindas\/","title":{"rendered":"Boas Vindas"},"content":{"rendered":"<p><strong>Mensagem do\u00a0Presidente da C\u00e2mara Municipal de \u00c9vora<\/strong><\/p>\n<p>N\u00e3o posso deixar de agradecer o am\u00e1vel convite que a Associa\u00e7\u00e3o dos Deficientes das For\u00e7as Armadas me endere\u00e7ou para, em nome da C\u00e2mara Municipal de \u00c9vora dar as boas vindas a todos os participantes no POM 2018.<\/p>\n<p>N\u00e3o poderemos deixar de apoiar esta iniciativa e os seus organizadores, uma vez que ela representa uma mais valia para toda a regi\u00e3o, proporcionando uma estadia no nosso Concelho de um n\u00famero significativo de participantes nacionais e estrangeiros, que v\u00e3o passar a dispor de um conhecimento mais rico e mais exacto da riqueza monumental desta cidade. Somos um Munic\u00edpio de gente acolhedora, que sabe receber e tem orgulho numa forma de vida onde a modernidade se casa com o respeito por ricas tradi\u00e7\u00f5es ancestrais.<\/p>\n<p>A todos, votos de boa estadia e de uma boa prova.<\/p>\n<p><img loading=\"lazy\" decoding=\"async\" class=\"\" src=\"http:\/\/www.cm-evora.pt\/pt\/site-municipio\/OrgaosMunicipio\/PublishingImages\/presidente%20pinto%20de%20sa.jpg\" width=\"145\" height=\"158\" \/><\/p>\n<p>Carlos Pinto de S\u00e1<\/p>\n<hr \/>\n<p><strong>Mensagem do\u00a0Presidente da C\u00e2mara Municipal de Portel<\/strong><\/p>\n<p>A C\u00e2mara Municipal de Portel congratula-se com a organiza\u00e7\u00e3o desta importante prova Internacional que se realiza na nossa regi\u00e3o.<\/p>\n<p>Saudamos primeiro os organizadores, a Federa\u00e7\u00e3o Portuguesa de Orienta\u00e7\u00e3o e a Associa\u00e7\u00e3o dos Deficientes das For\u00e7as Armadas que em boa hora trouxeram para o nosso concelho este evento e saudamos especialmente todos os participantes desejando uma boa estadia para todos, com bons resultados desportivos e acima de tudo que fiquem com vontade de voltar. A realiza\u00e7\u00e3o de provas desportivas s\u00e3o um factor importante de promo\u00e7\u00e3o dos nossos valores, com particular destaque para esta prova de orienta\u00e7\u00e3o que revela, pela sua natureza, os valores ambientais e paisag\u00edsticos que queremos preservar e promover.<\/p>\n<p>Esperamos por v\u00f3s.<\/p>\n<p><img loading=\"lazy\" decoding=\"async\" class=\"alignnone wp-image-259\" src=\"http:\/\/pom.pt\/2018\/wp-content\/uploads\/sites\/4\/2017\/03\/pres_portel-1-300x239.jpg\" alt=\"\" width=\"165\" height=\"131\" srcset=\"https:\/\/pom.pt\/2018\/wp-content\/uploads\/sites\/4\/2017\/03\/pres_portel-1-300x239.jpg 300w, https:\/\/pom.pt\/2018\/wp-content\/uploads\/sites\/4\/2017\/03\/pres_portel-1.jpg 455w\" sizes=\"auto, (max-width: 165px) 100vw, 165px\" \/><\/p>\n<p>Jos\u00e9 Manuel Clemente Grilo<\/p>\n<hr \/>\n<p><strong>Mensagem do Presidente da Delega\u00e7\u00e3o de \u00c9vora da ADFA<\/strong><\/p>\n<p>A Delega\u00e7\u00e3o de \u00c9vora da ADFA (Associa\u00e7\u00e3o dos Deficientes das For\u00e7as Armadas) sente-se honrada pela responsabilidade que lhe foi cometida pela Federa\u00e7\u00e3o Portuguesa de Orienta\u00e7\u00e3o de organizar o Portugal \u201cO\u201d Meeting 2018. Para nos abalan\u00e7armos a levar \u00e0 pr\u00e1tica esta pesada iniciativa foi imprescind\u00edvel o enorme apoio e o entusiasmo manifestado, desde o primeiro momento da candidatura, das C\u00e2maras Municipais de \u00c9vora e de Portel, em cujos territ\u00f3rios a prova se realiza.<\/p>\n<p>S\u00f3 o grande empenho destes munic\u00edpios e apoios mecen\u00e1ticos nos permitir\u00e3o corresponder aos encargos com uma prova desta envergadura, sem essas colabora\u00e7\u00f5es n\u00e3o poder\u00edamos incumbir-nos da sua organiza\u00e7\u00e3o. Aqui fica o nosso reconhecimento e o nosso agradecimento.<\/p>\n<p>Saudamos os atletas participantes e desejamos-lhes uma boa estadia entre n\u00f3s e uma \u00f3ptima participa\u00e7\u00e3o com resultados gratificantes e compat\u00edveis com o esfor\u00e7o despendido na sua prepara\u00e7\u00e3o.<\/p>\n<p><img loading=\"lazy\" decoding=\"async\" class=\"alignnone size-full wp-image-21\" src=\"http:\/\/pom.pt\/2018\/wp-content\/uploads\/sites\/4\/2017\/03\/adfa_president.png\" alt=\"\" width=\"120\" height=\"150\" \/><\/p>\n<p>Manuel Joaquim Calhau Branco<\/p>\n<hr \/>\n<p><strong>Mensagem do\u00a0Presidente da Federa\u00e7\u00e3o Portuguesa de Orienta\u00e7\u00e3o<\/strong><\/p>\n<p>Bem-vindo ao Portugal \u2018O\u2019 Meeting 2018!<\/p>\n<p>A comunidade portuguesa de orienta\u00e7\u00e3o sente-se feliz por vos receber. No Portugal \u2018O\u2019 Meeting 2018 onde voc\u00ea ir\u00e1 fazer orienta\u00e7\u00e3o na cidade hist\u00f3rica de \u00c9vora, Patrim\u00f3nio Mundial, que inclui um impressionante templo romano, uma majestosa catedral, intrigantes pedras pr\u00e9-hist\u00f3ricas e uma macabra Capela dos Ossos.<\/p>\n<p>A curta dist\u00e2ncia de \u00c9vora teremos Portel e S. Bartolomeu do Outeiro, a curta viagem n\u00e3o ser\u00e1 suficiente para aproveitar tudo o que a plan\u00edcie Alentejana tem para oferecer, onde o horizonte se estende t\u00e3o longe quanto poss\u00edvel, numa regi\u00e3o de cidades fortificadas, vilas tradicionais e terra aberta ao sol com olivais dispersos, sobreiros e vastas vinhas adornadas com detalhes rochosos onde poder\u00e1 explorar e encontrar balizas de orienta\u00e7\u00e3o.<\/p>\n<p>Cuidado! Infelizmente, a regi\u00e3o do Alentejo n\u00e3o \u00e9 s\u00f3 isso e tem grandes problemas para os atletas: deliciosas cozinhas regionais, petiscos da taverna do Mediterr\u00e2neo e vinhos regionais do Alentejo.<\/p>\n<p>Sejam bem vindos, todos.<\/p>\n<p><img loading=\"lazy\" decoding=\"async\" class=\"alignnone wp-image-260\" src=\"http:\/\/pom.pt\/2018\/wp-content\/uploads\/sites\/4\/2017\/03\/pres_fed-253x300.png\" alt=\"\" width=\"134\" height=\"159\" srcset=\"https:\/\/pom.pt\/2018\/wp-content\/uploads\/sites\/4\/2017\/03\/pres_fed-253x300.png 253w, https:\/\/pom.pt\/2018\/wp-content\/uploads\/sites\/4\/2017\/03\/pres_fed.png 416w\" sizes=\"auto, (max-width: 134px) 100vw, 134px\" \/><\/p>\n<p>Marco Alpande P\u00f3voa<\/p>\n<hr \/>\n<p><strong>Mensagem do Director do Evento<\/strong><\/p>\n<p>Como Director do POM2018, principal evento de orienta\u00e7\u00e3o pedestre que se realiza em Portugal, quero desde j\u00e1 agradecer a todos os que nos visitarem.<\/p>\n<p>A minha equipa organizativa, vai empenhar-se em proporcionar a todos, um evento de qualidade que seja do vosso agrado.<\/p>\n<p>Aliado ao factor desportivo, est\u00e3o seguramente os factores culturais e gastron\u00f3micos, que nesta regi\u00e3o de excel\u00eancia ser\u00e3o aspectos para mais tarde recordar por todos.<\/p>\n<p>Por estes motivos, convidamos todos a marcarem presen\u00e7a no Portugal \u201cO\u201d Meeting 2018.<\/p>\n<p><img decoding=\"async\" src=\"http:\/\/pom.pt\/dev\/www.pom.pt\/imagem\/mario_duarte_1256.jpg\" \/><\/p>\n<p>M\u00e1rio Duarte<\/p>","protected":false},"excerpt":{"rendered":"<p>Mensagem do\u00a0Presidente da C\u00e2mara Municipal de \u00c9vora N\u00e3o posso deixar de agradecer o am\u00e1vel convite que a Associa\u00e7\u00e3o dos Deficientes das For\u00e7as Armadas me endere\u00e7ou para, em nome da C\u00e2mara Municipal de \u00c9vora dar as boas vindas a todos os participantes no POM 2018. N\u00e3o poderemos deixar de apoiar esta iniciativa e os seus organizadores, uma vez que ela representa uma mais valia para toda a regi\u00e3o, proporcionando uma estadia no nosso Concelho de um n\u00famero significativo de participantes nacionais e estrangeiros, que v\u00e3o passar a dispor de um conhecimento mais rico e mais exacto da riqueza monumental desta cidade. Somos um Munic\u00edpio de gente acolhedora, que sabe receber e &hellip; <a href=\"https:\/\/pom.pt\/2018\/boas-vindas\/\" class=\"more-link\">Continuar a ler <span class=\"screen-reader-text\">Boas Vindas<\/span><\/a><\/p>\n","protected":false},"author":8,"featured_media":0,"parent":0,"menu_order":0,"comment_status":"closed","ping_status":"closed","template":"","meta":{"_monsterinsights_skip_tracking":false,"_monsterinsights_sitenote_active":false,"_monsterinsights_sitenote_note":"","_monsterinsights_sitenote_category":0,"footnotes":""},"class_list":["post-19","page","type-page","status-publish","hentry"],"_links":{"self":[{"href":"https:\/\/pom.pt\/2018\/wp-json\/wp\/v2\/pages\/19","targetHints":{"allow":["GET"]}}],"collection":[{"href":"https:\/\/pom.pt\/2018\/wp-json\/wp\/v2\/pages"}],"about":[{"href":"https:\/\/pom.pt\/2018\/wp-json\/wp\/v2\/types\/page"}],"author":[{"embeddable":true,"href":"https:\/\/pom.pt\/2018\/wp-json\/wp\/v2\/users\/8"}],"replies":[{"embeddable":true,"href":"https:\/\/pom.pt\/2018\/wp-json\/wp\/v2\/comments?post=19"}],"version-history":[{"count":12,"href":"https:\/\/pom.pt\/2018\/wp-json\/wp\/v2\/pages\/19\/revisions"}],"predecessor-version":[{"id":302,"href":"https:\/\/pom.pt\/2018\/wp-json\/wp\/v2\/pages\/19\/revisions\/302"}],"wp:attachment":[{"href":"https:\/\/pom.pt\/2018\/wp-json\/wp\/v2\/media?parent=19"}],"curies":[{"name":"wp","href":"https:\/\/api.w.org\/{rel}","templated":true}]}}