{"id":16,"date":"2017-03-01T21:11:14","date_gmt":"2017-03-01T21:11:14","guid":{"rendered":"http:\/\/pom.pt\/2018\/?page_id=16"},"modified":"2017-03-15T19:57:03","modified_gmt":"2017-03-15T19:57:03","slug":"apresentacao","status":"publish","type":"page","link":"https:\/\/pom.pt\/2018\/apresentacao\/","title":{"rendered":"Apresenta\u00e7\u00e3o"},"content":{"rendered":"<p>Pela terceira vez a ADFA vai organizar o Portugal \u201cO\u201d Meeting. Depois de em 2004 termos organizado a prova em \u00c9vora e Reguengos de Monsaraz e de em 2013 termos escolhido o munic\u00edpio de Idanha-a-Nova para nosso parceiro nesta organiza\u00e7\u00e3o, em 2018 voltamos aos terrenos alentejanos dos munic\u00edpios de \u00c9vora e Portel, que desde a primeira hora mostraram toda a disponibilidade para em conjunto com a sec\u00e7\u00e3o de orienta\u00e7\u00e3o da Associa\u00e7\u00e3o dos Deficientes das For\u00e7as Armadas (ADFA) organizarmos um evento que fique na mem\u00f3ria (pelos melhores motivos) de todos os que nos ir\u00e3o visitar.<\/p>\n<p>O Portugal \u201cO\u201d Meeting \u00e9 um evento de orienta\u00e7\u00e3o pedestre, integrado no Ranking da Federa\u00e7\u00e3o Internacional de Orienta\u00e7\u00e3o (IOF) e no Ranking da ta\u00e7a de Portugal da Federa\u00e7\u00e3o Portuguesa de Orienta\u00e7\u00e3o. \u00c9 um evento aberto a pessoas de qualquer idade, podendo participar nos escal\u00f5es de competi\u00e7\u00e3o ou nos escal\u00f5es abertos, individualmente ou em grupo.<\/p>","protected":false},"excerpt":{"rendered":"<p>Pela terceira vez a ADFA vai organizar o Portugal \u201cO\u201d Meeting. Depois de em 2004 termos organizado a prova em \u00c9vora e Reguengos de Monsaraz e de em 2013 termos escolhido o munic\u00edpio de Idanha-a-Nova para nosso parceiro nesta organiza\u00e7\u00e3o, em 2018 voltamos aos terrenos alentejanos dos munic\u00edpios de \u00c9vora e Portel, que desde a primeira hora mostraram toda a disponibilidade para em conjunto com a sec\u00e7\u00e3o de orienta\u00e7\u00e3o da Associa\u00e7\u00e3o dos Deficientes das For\u00e7as Armadas (ADFA) organizarmos um evento que fique na mem\u00f3ria (pelos melhores motivos) de todos os que nos ir\u00e3o visitar. O Portugal \u201cO\u201d Meeting \u00e9 um evento de orienta\u00e7\u00e3o pedestre, integrado no Ranking da Federa\u00e7\u00e3o Internacional &hellip; <a href=\"https:\/\/pom.pt\/2018\/apresentacao\/\" class=\"more-link\">Continuar a ler <span class=\"screen-reader-text\">Apresenta\u00e7\u00e3o<\/span><\/a><\/p>\n","protected":false},"author":8,"featured_media":0,"parent":0,"menu_order":0,"comment_status":"closed","ping_status":"closed","template":"","meta":{"_monsterinsights_skip_tracking":false,"_monsterinsights_sitenote_active":false,"_monsterinsights_sitenote_note":"","_monsterinsights_sitenote_category":0,"footnotes":""},"class_list":["post-16","page","type-page","status-publish","hentry"],"_links":{"self":[{"href":"https:\/\/pom.pt\/2018\/wp-json\/wp\/v2\/pages\/16","targetHints":{"allow":["GET"]}}],"collection":[{"href":"https:\/\/pom.pt\/2018\/wp-json\/wp\/v2\/pages"}],"about":[{"href":"https:\/\/pom.pt\/2018\/wp-json\/wp\/v2\/types\/page"}],"author":[{"embeddable":true,"href":"https:\/\/pom.pt\/2018\/wp-json\/wp\/v2\/users\/8"}],"replies":[{"embeddable":true,"href":"https:\/\/pom.pt\/2018\/wp-json\/wp\/v2\/comments?post=16"}],"version-history":[{"count":3,"href":"https:\/\/pom.pt\/2018\/wp-json\/wp\/v2\/pages\/16\/revisions"}],"predecessor-version":[{"id":69,"href":"https:\/\/pom.pt\/2018\/wp-json\/wp\/v2\/pages\/16\/revisions\/69"}],"wp:attachment":[{"href":"https:\/\/pom.pt\/2018\/wp-json\/wp\/v2\/media?parent=16"}],"curies":[{"name":"wp","href":"https:\/\/api.w.org\/{rel}","templated":true}]}}