{"id":5,"date":"2017-01-28T13:22:10","date_gmt":"2017-01-28T13:22:10","guid":{"rendered":"http:\/\/pom.pt\/2018\/en\/?page_id=5"},"modified":"2018-01-11T01:59:42","modified_gmt":"2018-01-11T01:59:42","slug":"programa","status":"publish","type":"page","link":"https:\/\/pom.pt\/2018\/en\/programa\/","title":{"rendered":"Programme"},"content":{"rendered":"<p><strong><span style=\"text-decoration: underline\">January 26 (Friday)<\/span><\/strong><\/p>\n<p>End of 1st period of registrations with advantageous prices<\/p>\n<p>&nbsp;<\/p>\n<p><strong><span style=\"text-decoration: underline\">January 30 (Tuesday)<\/span><\/strong><\/p>\n<p>End of entries in the competition. After this date, only registrations in the open courses\u00a0up to the day of the race, but limited to the existence of maps.<\/p>\n<p>&nbsp;<\/p>\n<p><strong><span style=\"text-decoration: underline\">February 8 (Thursday)<\/span><\/strong><\/p>\n<p>08:30 &#8211; Opening of the secretariat in \u00c9vora (Monte Alentejano &#8211; Rossio de S. Br\u00e1s)<\/p>\n<p>09:30 &#8211; Opening of Model Events<\/p>\n<p style=\"padding-left: 60px\">Model Event 1 &#8211; Torre dos Coelheiros &#8211; 30 Km from \u00c9vora<\/p>\n<p style=\"padding-left: 60px\">Model Event 2 &#8211; S. Bento de Castriz &#8211; 5 Km from \u00c9vora<\/p>\n<p style=\"padding-left: 60px\">Model Event 3 &#8211; \u00c9vora \/ Malagueira (urban)<\/p>\n<p>21:00 &#8211; Closing of the secretariat<\/p>\n<p>&nbsp;<\/p>\n<p><strong><span style=\"text-decoration: underline\">February 9 (Friday)<\/span><\/strong><\/p>\n<p>08:30 &#8211; Opening of the secretariat in \u00c9vora (Monte Alentejano &#8211; Rossio de S. Br\u00e1s)<\/p>\n<p>09:30 &#8211; Opening of Model Events<\/p>\n<p style=\"padding-left: 60px\">Model event 1 &#8211; Torre dos Coelheiros &#8211; 30 Km from \u00c9vora<\/p>\n<p style=\"padding-left: 60px\">Model event 2 &#8211; S. Bento de Castriz &#8211; 5 Km from \u00c9vora<\/p>\n<p style=\"padding-left: 60px\">Model event 3 &#8211; \u00c9vora \/ Malagueira (urban)<\/p>\n<p>21:00 &#8211; Closing of the secretariat<\/p>\n<p>&nbsp;<\/p>\n<p><strong><span style=\"text-decoration: underline\">February 10 (Saturday)<\/span><\/strong><\/p>\n<p>09:00 &#8211; Opening of the secretariat in \u00c9vora (Monte Alentejano &#8211; Rossio de S. Br\u00e1s)<\/p>\n<p>11:00 &#8211; Middle Urban Distance \/ EDP Distribui\u00e7\u00e3o (historical center of \u00c9vora, classified Heritage of humanity by UNESCO)<\/p>\n<p>11:15 \/ 12:30 &#8211; Start for open and training classes<\/p>\n<p>&nbsp;<\/p>\n<p><strong><span style=\"text-decoration: underline\">February 11 (Sunday)<\/span><\/strong><\/p>\n<p>08:00 &#8211; Opening of the secretariat in S. Bartolomeu do Outeiro<\/p>\n<p>09:00 &#8211; Long Distance &#8211; WRE \/ CARMIM<\/p>\n<p>09:45 \/ 10:45 &#8211; Start for open and training classes<\/p>\n<p>13:00 &#8211; Opening of the PreO secretariat in S. Bartolomeu do Outeiro (at the competition place)<\/p>\n<p>14:00 &#8211; PreO in S. Bartolomeu do Outeiro<\/p>\n<p>15:30 &#8211; Delivery of prizes of WRE<\/p>\n<p>17:30 &#8211; Delivery of prizes of PreO in S. Bartolomeu do Outeiro<\/p>\n<p>&nbsp;<\/p>\n<p><strong><span style=\"text-decoration: underline\">February 12 (Monday)<\/span><\/strong><\/p>\n<p>08:30 &#8211; Opening of the secretariat in S. Bartolomeu do Outeiro<\/p>\n<p>09:30 &#8211; ERT\/Middle Distance<\/p>\n<p>09:45 \/ 10:45 &#8211; Start for open and training classes<\/p>\n<p>18:00 &#8211; Opening of the secretariat of the sprint in Portel in the arena ( arrivals location)<\/p>\n<p>19:00 &#8211; Urban Night Sprint in the village of Portel<\/p>\n<p>19:15 \/ 20:00 &#8211; Start for open and training classes<\/p>\n<p>&nbsp;<\/p>\n<p><strong><span style=\"text-decoration: underline\">February 13 (Tuesday)<\/span><\/strong><\/p>\n<p>08:00 &#8211; Opening of the secretariat in S. Bartolomeu do Outeiro<\/p>\n<p>09:00 &#8211;\u00a0Associa\u00e7\u00e3o Mutualista Montepio &#8211; Long Distance Chasing Start &#8211; WE \/ ME<\/p>\n<p>09:15 &#8211; Long Distance for the other competition classes<\/p>\n<p>09:30 \/ 10:30 &#8211; Start for open and training classes<\/p>\n<p>10:00 &#8211; Mass Start for WE and ME<\/p>\n<p>10:30 &#8211; Associa\u00e7\u00e3o Mutualista Montepio &#8211; Long Distance Chasing Start \u2013 MSE<\/p>\n<p>11:30 &#8211; Mass Start for MSE<\/p>\n<p>13:30 &#8211; Prizes and closing ceremony of POM 2018 in S. Bartolomeu do Outeiro<\/p>","protected":false},"excerpt":{"rendered":"<p>January 26 (Friday) End of 1st period of registrations with advantageous prices &nbsp; January 30 (Tuesday) End of entries in the competition. After this date, only registrations in the open courses\u00a0up to the day of the race, but limited to the existence of maps. &nbsp; February 8 (Thursday) 08:30 &#8211; Opening of the secretariat in \u00c9vora (Monte Alentejano &#8211; Rossio de S. Br\u00e1s) 09:30 &#8211; Opening of Model Events Model Event 1 &#8211; Torre dos Coelheiros &#8211; 30 Km from \u00c9vora Model Event 2 &#8211; S. Bento de Castriz &#8211; 5 Km from \u00c9vora Model Event 3 &#8211; \u00c9vora \/ Malagueira (urban) 21:00 &#8211; Closing of the secretariat &nbsp; February &hellip; <a href=\"https:\/\/pom.pt\/2018\/en\/programa\/\" class=\"more-link\">Continue reading <span class=\"screen-reader-text\">Programme<\/span><\/a><\/p>\n","protected":false},"author":1,"featured_media":0,"parent":0,"menu_order":0,"comment_status":"closed","ping_status":"closed","template":"","meta":{"_monsterinsights_skip_tracking":false,"_monsterinsights_sitenote_active":false,"_monsterinsights_sitenote_note":"","_monsterinsights_sitenote_category":0,"footnotes":""},"class_list":["post-5","page","type-page","status-publish","hentry"],"_links":{"self":[{"href":"https:\/\/pom.pt\/2018\/en\/wp-json\/wp\/v2\/pages\/5","targetHints":{"allow":["GET"]}}],"collection":[{"href":"https:\/\/pom.pt\/2018\/en\/wp-json\/wp\/v2\/pages"}],"about":[{"href":"https:\/\/pom.pt\/2018\/en\/wp-json\/wp\/v2\/types\/page"}],"author":[{"embeddable":true,"href":"https:\/\/pom.pt\/2018\/en\/wp-json\/wp\/v2\/users\/1"}],"replies":[{"embeddable":true,"href":"https:\/\/pom.pt\/2018\/en\/wp-json\/wp\/v2\/comments?post=5"}],"version-history":[{"count":29,"href":"https:\/\/pom.pt\/2018\/en\/wp-json\/wp\/v2\/pages\/5\/revisions"}],"predecessor-version":[{"id":487,"href":"https:\/\/pom.pt\/2018\/en\/wp-json\/wp\/v2\/pages\/5\/revisions\/487"}],"wp:attachment":[{"href":"https:\/\/pom.pt\/2018\/en\/wp-json\/wp\/v2\/media?parent=5"}],"curies":[{"name":"wp","href":"https:\/\/api.w.org\/{rel}","templated":true}]}}