{"id":19,"date":"2017-03-01T21:32:21","date_gmt":"2017-03-01T21:32:21","guid":{"rendered":"http:\/\/pom.pt\/2018\/?page_id=19"},"modified":"2017-09-08T15:01:25","modified_gmt":"2017-09-08T15:01:25","slug":"boas-vindas","status":"publish","type":"page","link":"https:\/\/pom.pt\/2018\/en\/boas-vindas\/","title":{"rendered":"Welcome"},"content":{"rendered":"<p><strong>Message from the\u00a0Mayor of the Municipality of \u00c9vora<\/strong><\/p>\n<p>I cannot fail to thank the kind invitation addressed to me by the Associa\u00e7\u00e3o dos Deficientes das For\u00e7as Armadas to welcome all the participants in the POM2018 on behalf of \u00c9vora\u2019s City Hall.<\/p>\n<p>We cannot fail to support this initiative and its organizers, since it represents an added value for the whole region, providing a stay in our county of a significant number of national and foreign participants, who will come to have an enriched and more accurate knowledge of the monumental wealth of this city. We are a municipality of welcoming people who know how to receive and be proud of a lifestyle where modernity marries respect for rich ancestral traditions.<\/p>\n<p>To all, wishes of a good stay and a good event.<\/p>\n<p><img loading=\"lazy\" decoding=\"async\" class=\"\" src=\"http:\/\/www.cm-evora.pt\/pt\/site-municipio\/OrgaosMunicipio\/PublishingImages\/presidente%20pinto%20de%20sa.jpg\" width=\"151\" height=\"165\" \/><\/p>\n<p>Carlos Pinto de S\u00e1<\/p>\n<hr \/>\n<p><strong>Message from the\u00a0Mayor of the Municipality of Portel<\/strong><\/p>\n<p>The Municipality of Portel welcomes the organization of this important international event that takes place in our region.<\/p>\n<p>We greet first the organizers, the Portuguese Orienteering Federation and the Associa\u00e7\u00e3o dos Deficientes das For\u00e7as Armadas, who in good time brought this event to our region. We particularly welcome all the participants wishing them a good stay, with good sporting results and above all that they wish to return to our region. Holding sporting events is an important factor in promoting our values, with particular emphasis on this orienteering event that reveals, by its nature, the environmental and landscape values that we want to preserve and promote.<\/p>\n<p>We are waiting for you.<\/p>\n<p><img loading=\"lazy\" decoding=\"async\" class=\"alignnone wp-image-259\" src=\"http:\/\/pom.pt\/2018\/wp-content\/uploads\/sites\/4\/2017\/03\/pres_portel-1-300x239.jpg\" alt=\"\" width=\"152\" height=\"121\" srcset=\"https:\/\/pom.pt\/2018\/wp-content\/uploads\/sites\/4\/2017\/03\/pres_portel-1-300x239.jpg 300w, https:\/\/pom.pt\/2018\/wp-content\/uploads\/sites\/4\/2017\/03\/pres_portel-1.jpg 455w\" sizes=\"auto, (max-width: 152px) 100vw, 152px\" \/><\/p>\n<p>Jos\u00e9 Manuel Clemente Grilo<\/p>\n<hr \/>\n<p><strong>Message from the\u00a0President of the \u00c9vora Delegation<\/strong><\/p>\n<p>The ADFA\u2019s Delegation of \u00c9vora (Associa\u00e7\u00e3o dos Deficientes das For\u00e7as Armadas) is honored by the responsibility given by the Portuguese Orienteering Federation to organize Portugal &#8220;O&#8221; Meeting 2018. In order to move towards carrying out this heavy initiative it was essential the enormous support and enthusiasm, from the first moment of the candidacy, of the Municipalities of \u00c9vora and Portel in whose territories the event is held.<\/p>\n<p>Only the great commitment of these municipalities and patronage support will allow us to meet the requirements of an event of this magnitude; without these collaboration, we could not be in charge of its organization. Here is our acknowledgment and thanks.<\/p>\n<p>We greet the participating athletes and wish them a good stay among us and a great participation with gratifying results and compatible with the effort spent in their preparation.<\/p>\n<p><img loading=\"lazy\" decoding=\"async\" class=\"alignnone size-full wp-image-21\" src=\"http:\/\/pom.pt\/2018\/wp-content\/uploads\/sites\/4\/2017\/03\/adfa_president.png\" alt=\"\" width=\"120\" height=\"150\" \/><\/p>\n<p>Manuel Joaquim Calhau Branco<\/p>\n<hr \/>\n<p><strong>Message from the\u00a0President of the Portuguese Orienteering Federation<\/strong><\/p>\n<p>Welcome to Portugal \u2018O\u2019 Meeting 2018!<\/p>\n<p>The Portuguese Orienteering Community is happy to welcome you to the event. During the Portugal \u2018O\u2019 Meeting 2018 you are going to do Orienteering in historical city of Evora, World Heritage Site, that includes an impressive roman temple, a majestic cathedral, intriguing prehistoric standing stones and the macabre Chapel of Bones.<\/p>\n<p>The short distance from Evora to Portel and to S. Bartolomeu do Outeiro will be somewhat sad since it will not be enough to enjoy all the Alentejo landscape attractiveness, where the skyline extends as far as the eye can see, a region of fortified towns, traditional villages and sun-baked open land with scattered olive groves, cork oaks and vast vineyards with some rocky details, all of which are a joy to explore and to find orienteering control flags.<\/p>\n<p>Caution! Unfortunately, Alentejo region is not only that and has big problems to athletes: delicious regional cuisines, Mediterranean tavern snacks and Alentejo Regional Wines.<\/p>\n<p>Once again, we welcome you and wish a pleasant stay.<\/p>\n<p><img loading=\"lazy\" decoding=\"async\" class=\"alignnone wp-image-260\" src=\"http:\/\/pom.pt\/2018\/wp-content\/uploads\/sites\/4\/2017\/03\/pres_fed-253x300.png\" alt=\"\" width=\"139\" height=\"164\" srcset=\"https:\/\/pom.pt\/2018\/wp-content\/uploads\/sites\/4\/2017\/03\/pres_fed-253x300.png 253w, https:\/\/pom.pt\/2018\/wp-content\/uploads\/sites\/4\/2017\/03\/pres_fed.png 416w\" sizes=\"auto, (max-width: 139px) 100vw, 139px\" \/><\/p>\n<p>Marco Alpande P\u00f3voa<\/p>\n<hr \/>\n<p><strong>Message from the Director of the Event<\/strong><\/p>\n<p>As Director of POM2018, the main foot orienteering event in Portugal, I would like to thank all the visitors.<\/p>\n<p>My organizing team will strive to provide everyone with a quality event that is to your liking.<\/p>\n<p>Allied to the sporting side, there are surely cultural and gastronomic factors that in this region of excellence will be aspects that later everyone will remember.<\/p>\n<p>For these reasons, we invite everyone to attend Portugal \u201cO\u201d Meeting 2018.<\/p>\n<p><img decoding=\"async\" src=\"http:\/\/pom.pt\/dev\/www.pom.pt\/imagem\/mario_duarte_1256.jpg\" \/><\/p>\n<p>M\u00e1rio Duarte<\/p>","protected":false},"excerpt":{"rendered":"<p>Message from the\u00a0Mayor of the Municipality of \u00c9vora I cannot fail to thank the kind invitation addressed to me by the Associa\u00e7\u00e3o dos Deficientes das For\u00e7as Armadas to welcome all the participants in the POM2018 on behalf of \u00c9vora\u2019s City Hall. We cannot fail to support this initiative and its organizers, since it represents an added value for the whole region, providing a stay in our county of a significant number of national and foreign participants, who will come to have an enriched and more accurate knowledge of the monumental wealth of this city. We are a municipality of welcoming people who know how to receive and be proud of &hellip; <a href=\"https:\/\/pom.pt\/2018\/en\/boas-vindas\/\" class=\"more-link\">Continue reading <span class=\"screen-reader-text\">Welcome<\/span><\/a><\/p>\n","protected":false},"author":8,"featured_media":0,"parent":0,"menu_order":0,"comment_status":"closed","ping_status":"closed","template":"","meta":{"_monsterinsights_skip_tracking":false,"_monsterinsights_sitenote_active":false,"_monsterinsights_sitenote_note":"","_monsterinsights_sitenote_category":0,"footnotes":""},"class_list":["post-19","page","type-page","status-publish","hentry"],"_links":{"self":[{"href":"https:\/\/pom.pt\/2018\/en\/wp-json\/wp\/v2\/pages\/19","targetHints":{"allow":["GET"]}}],"collection":[{"href":"https:\/\/pom.pt\/2018\/en\/wp-json\/wp\/v2\/pages"}],"about":[{"href":"https:\/\/pom.pt\/2018\/en\/wp-json\/wp\/v2\/types\/page"}],"author":[{"embeddable":true,"href":"https:\/\/pom.pt\/2018\/en\/wp-json\/wp\/v2\/users\/8"}],"replies":[{"embeddable":true,"href":"https:\/\/pom.pt\/2018\/en\/wp-json\/wp\/v2\/comments?post=19"}],"version-history":[{"count":12,"href":"https:\/\/pom.pt\/2018\/en\/wp-json\/wp\/v2\/pages\/19\/revisions"}],"predecessor-version":[{"id":302,"href":"https:\/\/pom.pt\/2018\/en\/wp-json\/wp\/v2\/pages\/19\/revisions\/302"}],"wp:attachment":[{"href":"https:\/\/pom.pt\/2018\/en\/wp-json\/wp\/v2\/media?parent=19"}],"curies":[{"name":"wp","href":"https:\/\/api.w.org\/{rel}","templated":true}]}}