{"id":3661,"date":"2017-01-29T18:42:54","date_gmt":"2017-01-29T18:42:54","guid":{"rendered":"http:\/\/pom.pt\/2017\/?page_id=3661"},"modified":"2017-01-29T18:42:54","modified_gmt":"2017-01-29T18:42:54","slug":"reportagens","status":"publish","type":"page","link":"https:\/\/pom.pt\/2017\/reportagens\/","title":{"rendered":"Reportagens"},"content":{"rendered":"<p><\/p>\n<h3><a href=\"http:\/\/pom.pt\/2017\/?p=3652\">Etapa de Orienta\u00e7\u00e3o de Precis\u00e3o regista quase uma centena de inscritos<\/a><\/h3>\n<p>29\/01\/2016 &#8211; Joaquim Margarido<\/p>\n<p><img loading=\"lazy\" decoding=\"async\" class=\"alignleft wp-image-3654 size-medium\" src=\"http:\/\/pom.pt\/2017\/wp-content\/uploads\/sites\/3\/2017\/01\/preo-article-small-300x200.jpg\" width=\"300\" height=\"200\" srcset=\"https:\/\/pom.pt\/2017\/wp-content\/uploads\/sites\/3\/2017\/01\/preo-article-small-300x200.jpg 300w, https:\/\/pom.pt\/2017\/wp-content\/uploads\/sites\/3\/2017\/01\/preo-article-small-768x511.jpg 768w, https:\/\/pom.pt\/2017\/wp-content\/uploads\/sites\/3\/2017\/01\/preo-article-small.jpg 778w\" sizes=\"auto, (max-width: 300px) 100vw, 300px\" \/><\/p>","protected":false},"excerpt":{"rendered":"<p>Etapa de Orienta\u00e7\u00e3o de Precis\u00e3o regista quase uma centena de inscritos 29\/01\/2016 &#8211; Joaquim Margarido<\/p>\n","protected":false},"author":4,"featured_media":0,"parent":0,"menu_order":0,"comment_status":"closed","ping_status":"closed","template":"","meta":{"_monsterinsights_skip_tracking":false,"_monsterinsights_sitenote_active":false,"_monsterinsights_sitenote_note":"","_monsterinsights_sitenote_category":0,"footnotes":""},"class_list":["post-3661","page","type-page","status-publish","hentry"],"_links":{"self":[{"href":"https:\/\/pom.pt\/2017\/wp-json\/wp\/v2\/pages\/3661","targetHints":{"allow":["GET"]}}],"collection":[{"href":"https:\/\/pom.pt\/2017\/wp-json\/wp\/v2\/pages"}],"about":[{"href":"https:\/\/pom.pt\/2017\/wp-json\/wp\/v2\/types\/page"}],"author":[{"embeddable":true,"href":"https:\/\/pom.pt\/2017\/wp-json\/wp\/v2\/users\/4"}],"replies":[{"embeddable":true,"href":"https:\/\/pom.pt\/2017\/wp-json\/wp\/v2\/comments?post=3661"}],"version-history":[{"count":4,"href":"https:\/\/pom.pt\/2017\/wp-json\/wp\/v2\/pages\/3661\/revisions"}],"predecessor-version":[{"id":3665,"href":"https:\/\/pom.pt\/2017\/wp-json\/wp\/v2\/pages\/3661\/revisions\/3665"}],"wp:attachment":[{"href":"https:\/\/pom.pt\/2017\/wp-json\/wp\/v2\/media?parent=3661"}],"curies":[{"name":"wp","href":"https:\/\/api.w.org\/{rel}","templated":true}]}}