{"id":3280,"date":"2016-11-01T16:58:56","date_gmt":"2016-11-01T16:58:56","guid":{"rendered":"http:\/\/pom.pt\/2017\/?page_id=3280"},"modified":"2017-02-16T10:50:05","modified_gmt":"2017-02-16T10:50:05","slug":"model-event-lage-do-meio-dia-oeste","status":"publish","type":"page","link":"https:\/\/pom.pt\/2017\/model-event-lage-do-meio-dia-oeste\/","title":{"rendered":"23 e 24\/2 &#8211; Model Event 2"},"content":{"rendered":"<p><span style=\"color: #000000;\"><strong>23rd and 24th February 2017 \u2013 MODEL EVENT \u2013 LAGE do MEIO DIA Oeste<\/strong><\/span><\/p>\n<p>Os mapas da prova de treino poder\u00e3o ser levantados no secretariado no Castelo de Alter do Ch\u00e3o.<br \/>\nNo terreno os pontos de controlo estar\u00e3o marcados com estacas de madeira com o respetivo c\u00f3digo.<br \/>\nNo acesso ao model event devem respeitar a zona de estacionamento.<\/p>\n<p><span style=\"color: #000000;\"><strong>Terreno:<\/strong><\/span> T\u00edpico de montado com grande quantidade de elementos caracter\u00edsticos rochosos<br \/>\n<strong><span style=\"color: #000000;\">Cart\u00f3grafo:<\/span><\/strong> Armando Rodrigues<br \/>\n<span style=\"color: #000000;\"><strong>Mapa:<\/strong><\/span> Trabalho de Campo \u2013 realizado em 2010<br \/>\n<span style=\"color: #000000;\"><strong>Escala<\/strong><strong>:<\/strong><\/span> 1\/7.500 and 1\/10.000<br \/>\n<span style=\"color: #000000;\"><strong>GPS: <\/strong><\/span>39\u00b018&#8217;10.2&#8243;N 7\u00b041&#8217;34.4&#8243;W<\/p>\n<table border=\"0\" cellspacing=\"0\" cellpadding=\"0\">\n<tbody>\n<tr>\n<td valign=\"top\" width=\"274\"><img loading=\"lazy\" decoding=\"async\" class=\"alignleft size-medium wp-image-3281\" src=\"http:\/\/pom.pt\/2017\/wp-content\/uploads\/sites\/3\/2016\/11\/excerto_model2-300x300.jpg\" alt=\"excerto_model2\" width=\"274\" height=\"274\" srcset=\"https:\/\/pom.pt\/2017\/wp-content\/uploads\/sites\/3\/2016\/11\/excerto_model2-300x300.jpg 300w, https:\/\/pom.pt\/2017\/wp-content\/uploads\/sites\/3\/2016\/11\/excerto_model2-150x150.jpg 150w, https:\/\/pom.pt\/2017\/wp-content\/uploads\/sites\/3\/2016\/11\/excerto_model2.jpg 450w\" sizes=\"auto, (max-width: 274px) 100vw, 274px\" \/><\/td>\n<td valign=\"top\" width=\"274\"><img decoding=\"async\" class=\"alignleft size-medium wp-image-3281\" src=\"http:\/\/pom.pt\/2017\/wp-content\/uploads\/sites\/3\/2016\/11\/foto_model2-300x300.jpg\" alt=\"foto-model2\" height=\"274\" \/><\/td>\n<\/tr>\n<\/tbody>\n<\/table>\n<p><\/p>","protected":false},"excerpt":{"rendered":"<p>23rd and 24th February 2017 \u2013 MODEL EVENT \u2013 LAGE do MEIO DIA Oeste Os mapas da prova de treino poder\u00e3o ser levantados no secretariado no Castelo de Alter do Ch\u00e3o. No terreno os pontos de controlo estar\u00e3o marcados com estacas de madeira com o respetivo c\u00f3digo. No acesso ao model event devem respeitar a zona de estacionamento. Terreno: T\u00edpico de montado com grande quantidade de elementos caracter\u00edsticos rochosos Cart\u00f3grafo: Armando Rodrigues Mapa: Trabalho de Campo \u2013 realizado em 2010 Escala: 1\/7.500 and 1\/10.000 GPS: 39\u00b018&#8217;10.2&#8243;N 7\u00b041&#8217;34.4&#8243;W<\/p>\n","protected":false},"author":4,"featured_media":0,"parent":0,"menu_order":0,"comment_status":"closed","ping_status":"closed","template":"","meta":{"_monsterinsights_skip_tracking":false,"_monsterinsights_sitenote_active":false,"_monsterinsights_sitenote_note":"","_monsterinsights_sitenote_category":0,"footnotes":""},"class_list":["post-3280","page","type-page","status-publish","hentry"],"_links":{"self":[{"href":"https:\/\/pom.pt\/2017\/wp-json\/wp\/v2\/pages\/3280","targetHints":{"allow":["GET"]}}],"collection":[{"href":"https:\/\/pom.pt\/2017\/wp-json\/wp\/v2\/pages"}],"about":[{"href":"https:\/\/pom.pt\/2017\/wp-json\/wp\/v2\/types\/page"}],"author":[{"embeddable":true,"href":"https:\/\/pom.pt\/2017\/wp-json\/wp\/v2\/users\/4"}],"replies":[{"embeddable":true,"href":"https:\/\/pom.pt\/2017\/wp-json\/wp\/v2\/comments?post=3280"}],"version-history":[{"count":9,"href":"https:\/\/pom.pt\/2017\/wp-json\/wp\/v2\/pages\/3280\/revisions"}],"predecessor-version":[{"id":3741,"href":"https:\/\/pom.pt\/2017\/wp-json\/wp\/v2\/pages\/3280\/revisions\/3741"}],"wp:attachment":[{"href":"https:\/\/pom.pt\/2017\/wp-json\/wp\/v2\/media?parent=3280"}],"curies":[{"name":"wp","href":"https:\/\/api.w.org\/{rel}","templated":true}]}}