{"id":3178,"date":"2016-10-24T13:31:59","date_gmt":"2016-10-24T12:31:59","guid":{"rendered":"http:\/\/pom.pt\/2017\/?page_id=3178"},"modified":"2017-02-24T12:45:24","modified_gmt":"2017-02-24T12:45:24","slug":"282-distancia-longa","status":"publish","type":"page","link":"https:\/\/pom.pt\/2017\/282-distancia-longa\/","title":{"rendered":"28\/2 &#8211; Dist\u00e2ncia Longa"},"content":{"rendered":"<p><span style=\"color: #000000;\"><strong>28 Fevereiro 2017 \u2013 DIST\u00c2NCIA LONGA \u2013 PORTALEGRE (Mapa Novo)<\/strong><\/span><\/p>\n<p><span style=\"color: #000000;\"><strong>Mapa (Novo)<\/strong>:<\/span> Entre-Ribeiras e Coutadas \u2013 Escala 1\/10.000 e 1\/7500.<br \/>\n<span style=\"color: #000000;\"><strong>Terreno<\/strong>:<\/span> Terreno na maioria aberto com elementos caracter\u00edsticos rochosos, de relevo e de vegeta\u00e7\u00e3o.<br \/>\n<span style=\"color: #000000;\"><strong>Cart\u00f3grafos<\/strong>:<\/span> Tiago Aires e Raquel Costa (Junho 2016)<br \/>\n<span style=\"color: #000000;\"><strong>Tra\u00e7ador de Percursos<\/strong>:<\/span> Victor Delgado<br \/>\n<span style=\"color: #000000;\"><strong>Supervisor<\/strong>:<\/span>\u00a0Lu\u00eds Santos<br \/>\n<span style=\"color: #000000;\"><strong>GPS:<\/strong><\/span> 39\u00b014\u201933.8\u2033N 7\u00b027\u201902.6\u2033W<\/p>\n<p><span style=\"color: #000000;\"><strong>Avisos:<\/strong><\/span><\/p>\n<p><span style=\"color: #000000;\"><strong>Escala do Mapa<\/strong><\/span><br \/>\n<span style=\"color: #000000;\"><strong>&#8220;Para benef\u00edcio da competi\u00e7\u00e3o e melhor visibilidade do mapa num terreno com grande densidade de objetos, a escala de competi\u00e7\u00e3o foi alterada de 1:15000 para 1:10000.&#8221;<\/strong><\/span><br \/>\n\u2013 Arena \u2013 engloba: Secretariado, inform\u00e1tica, speaker, chegada, babysitting e Bar.<br \/>\n\u2013\u00a0O Estacionamento ser\u00e1 realizado num terreno a 1600m da arena com acesso atrav\u00e9s de um estrad\u00e3o de terra com um \u00fanico sentido de circula\u00e7\u00e3o.\u00a0Os participantes dever\u00e3o respeitar as indica\u00e7\u00f5es da organiza\u00e7\u00e3o e das autoridades locais.<\/p>\n<p><span style=\"color: #000000;\"><strong>Dist\u00e2ncias:<\/strong><\/span><br \/>\n\u2013 Estacionamento \u2013 1600 m da arena.<br \/>\n\u2013 Partida \u2013 600 m da arena.<\/p>\n<p><span style=\"color: #000000;\"><strong>Chasing start<\/strong><\/span><\/p>\n<p>\u2013 Na \u00faltima etapa, todos os escal\u00f5es de Elite ( M21E e W21E) partir\u00e3o em regime de Chasing Start.<\/p>\n<p>\u2013 Os atletas que se encontrem a mais de uma hora da lideran\u00e7a ou que n\u00e3o tenham corrido uma das etapas de floresta partir\u00e3o em Mass Start, uma hora ap\u00f3s a partida do primeiro atleta.<\/p>\n<p>\u2013 O primeiro atleta a terminar a sua prova ser\u00e1 o vencedor do respectivo escal\u00e3o.<\/p>\n<table border=\"0\" cellspacing=\"0\" cellpadding=\"0\">\n<tbody>\n<tr>\n<td valign=\"top\" width=\"274\">\u00a0<img loading=\"lazy\" decoding=\"async\" class=\"alignleft size-medium wp-image-3343\" src=\"http:\/\/pom.pt\/2017\/wp-content\/uploads\/sites\/3\/2016\/10\/excerto3-1-300x289.jpg\" alt=\"excerto3\" width=\"300\" height=\"289\" \/><\/td>\n<td valign=\"top\" width=\"274\">\u00a0<img loading=\"lazy\" decoding=\"async\" class=\"alignnone size-full wp-image-2814\" src=\"http:\/\/pom.pt\/2017\/wp-content\/uploads\/sites\/3\/2016\/05\/pom_2017_day28.jpg\" alt=\"pom_2017_day28\" width=\"274\" height=\"274\" srcset=\"https:\/\/pom.pt\/2017\/wp-content\/uploads\/sites\/3\/2016\/05\/pom_2017_day28.jpg 274w, https:\/\/pom.pt\/2017\/wp-content\/uploads\/sites\/3\/2016\/05\/pom_2017_day28-150x150.jpg 150w\" sizes=\"auto, (max-width: 274px) 100vw, 274px\" \/><\/td>\n<\/tr>\n<\/tbody>\n<\/table>\n<p><img loading=\"lazy\" decoding=\"async\" class=\"alignleft size-full wp-image-3854\" src=\"http:\/\/pom.pt\/2017\/wp-content\/uploads\/sites\/3\/2017\/02\/day-3-4-map.png\" alt=\"\" width=\"502\" height=\"536\" srcset=\"https:\/\/pom.pt\/2017\/wp-content\/uploads\/sites\/3\/2017\/02\/day-3-4-map.png 502w, https:\/\/pom.pt\/2017\/wp-content\/uploads\/sites\/3\/2017\/02\/day-3-4-map-281x300.png 281w\" sizes=\"auto, (max-width: 502px) 100vw, 502px\" \/><\/p>\n<table>\n<tbody>\n<tr>\n<th><span style=\"font-weight: normal;\">ESCAL\u00d5ES<\/span><\/th>\n<th><span style=\"font-weight: normal;\">DIST\u00c2NCIA (m)<\/span><\/th>\n<th><span style=\"font-weight: normal;\">DESN\u00cdVEL (m)<\/span><\/th>\n<th><span style=\"font-weight: normal;\">CONTROLOS<\/span><\/th>\n<th><span style=\"font-weight: normal;\">ESCALA<\/span><\/th>\n<th><span style=\"font-weight: normal;\">TEMPO VENCEDOR<\/span><\/th>\n<th><span style=\"font-weight: normal;\">OBS.<\/span><\/th>\n<\/tr>\n<tr>\n<td style=\"text-align: center;\">M10<\/td>\n<td style=\"text-align: center;\">2400<\/td>\n<td style=\"text-align: center;\">65<\/td>\n<td style=\"text-align: center;\">11<\/td>\n<td style=\"text-align: center;\">7.500 &#8211; 5m<\/td>\n<td style=\"text-align: center;\">20-25 min<\/td>\n<td style=\"text-align: center;\">&#8211;<\/td>\n<\/tr>\n<tr>\n<td style=\"text-align: center;\">W10<\/td>\n<td style=\"text-align: center;\">2400<\/td>\n<td style=\"text-align: center;\">65<\/td>\n<td style=\"text-align: center;\">11<\/td>\n<td style=\"text-align: center;\">7.500 &#8211; 5m<\/td>\n<td style=\"text-align: center;\">20-25 min<\/td>\n<td style=\"text-align: center;\">&#8211;<\/td>\n<\/tr>\n<tr>\n<td style=\"text-align: center;\">M12<\/td>\n<td style=\"text-align: center;\">3300<\/td>\n<td style=\"text-align: center;\">95<\/td>\n<td style=\"text-align: center;\">11<\/td>\n<td style=\"text-align: center;\">7.500 &#8211; 5m<\/td>\n<td style=\"text-align: center;\">20-25 min<\/td>\n<td style=\"text-align: center;\">&#8211;<\/td>\n<\/tr>\n<tr>\n<td style=\"text-align: center;\">W12<\/td>\n<td style=\"text-align: center;\">3300<\/td>\n<td style=\"text-align: center;\">95<\/td>\n<td style=\"text-align: center;\">11<\/td>\n<td style=\"text-align: center;\">7.500 &#8211; 5m<\/td>\n<td style=\"text-align: center;\">20-25 min<\/td>\n<td style=\"text-align: center;\">&#8211;<\/td>\n<\/tr>\n<tr>\n<td style=\"text-align: center;\">M14<\/td>\n<td style=\"text-align: center;\">4700<\/td>\n<td style=\"text-align: center;\">145<\/td>\n<td style=\"text-align: center;\">14<\/td>\n<td style=\"text-align: center;\">10.000 &#8211; 5m<\/td>\n<td style=\"text-align: center;\">35-40 min<\/td>\n<td style=\"text-align: center;\">&#8211;<\/td>\n<\/tr>\n<tr>\n<td style=\"text-align: center;\">W14<\/td>\n<td style=\"text-align: center;\">3800<\/td>\n<td style=\"text-align: center;\">130<\/td>\n<td style=\"text-align: center;\">11<\/td>\n<td style=\"text-align: center;\">10.000 &#8211; 5m<\/td>\n<td style=\"text-align: center;\">35-40 min<\/td>\n<td style=\"text-align: center;\">&#8211;<\/td>\n<\/tr>\n<tr>\n<td style=\"text-align: center;\">M16<\/td>\n<td style=\"text-align: center;\">7100<\/td>\n<td style=\"text-align: center;\">215<\/td>\n<td style=\"text-align: center;\">21<\/td>\n<td style=\"text-align: center;\">10.000 &#8211; 5m<\/td>\n<td style=\"text-align: center;\">40-45 min<\/td>\n<td style=\"text-align: center;\">Ponto de Espectadores<\/td>\n<\/tr>\n<tr>\n<td style=\"text-align: center;\">W16<\/td>\n<td style=\"text-align: center;\">5400<\/td>\n<td style=\"text-align: center;\">190<\/td>\n<td style=\"text-align: center;\">13<\/td>\n<td style=\"text-align: center;\">10.000 &#8211; 5m<\/td>\n<td style=\"text-align: center;\">35-40 min<\/td>\n<td style=\"text-align: center;\">&#8211;<\/td>\n<\/tr>\n<tr>\n<td style=\"text-align: center;\">M18<\/td>\n<td style=\"text-align: center;\">9300<\/td>\n<td style=\"text-align: center;\">355<\/td>\n<td style=\"text-align: center;\">15<\/td>\n<td style=\"text-align: center;\">10.000 &#8211; 5m<\/td>\n<td style=\"text-align: center;\">55-60 min<\/td>\n<td style=\"text-align: center;\">Ponto de Espectadores<\/td>\n<\/tr>\n<tr>\n<td style=\"text-align: center;\">W18<\/td>\n<td style=\"text-align: center;\">6800<\/td>\n<td style=\"text-align: center;\">295<\/td>\n<td style=\"text-align: center;\">18<\/td>\n<td style=\"text-align: center;\">10.000 &#8211; 5m<\/td>\n<td style=\"text-align: center;\">50-55 min<\/td>\n<td style=\"text-align: center;\">Ponto de Espectadores<\/td>\n<\/tr>\n<tr>\n<td style=\"text-align: center;\">M20<\/td>\n<td style=\"text-align: center;\">11400<\/td>\n<td style=\"text-align: center;\">455<\/td>\n<td style=\"text-align: center;\">20<\/td>\n<td style=\"text-align: center;\">10.000 &#8211; 5m<\/td>\n<td style=\"text-align: center;\">65-70 min<\/td>\n<td style=\"text-align: center;\">Ponto de Espectadores<\/td>\n<\/tr>\n<tr>\n<td style=\"text-align: center;\">W20<\/td>\n<td style=\"text-align: center;\">7800<\/td>\n<td style=\"text-align: center;\">310<\/td>\n<td style=\"text-align: center;\">14<\/td>\n<td style=\"text-align: center;\">10.000 &#8211; 5m<\/td>\n<td style=\"text-align: center;\">55-60 min<\/td>\n<td style=\"text-align: center;\">Ponto de Espectadores<\/td>\n<\/tr>\n<tr>\n<td style=\"text-align: center;\">M21B<\/td>\n<td style=\"text-align: center;\">6300<\/td>\n<td style=\"text-align: center;\">225<\/td>\n<td style=\"text-align: center;\">16<\/td>\n<td style=\"text-align: center;\">10.000 &#8211; 5m<\/td>\n<td style=\"text-align: center;\">50-55 min<\/td>\n<td style=\"text-align: center;\">&#8211;<\/td>\n<\/tr>\n<tr>\n<td style=\"text-align: center;\">W21B<\/td>\n<td style=\"text-align: center;\">4000<\/td>\n<td style=\"text-align: center;\">140<\/td>\n<td style=\"text-align: center;\">12<\/td>\n<td style=\"text-align: center;\">10.000 &#8211; 5m<\/td>\n<td style=\"text-align: center;\">40-45 min<\/td>\n<td style=\"text-align: center;\">&#8211;<\/td>\n<\/tr>\n<tr>\n<td style=\"text-align: center;\">M21A<\/td>\n<td style=\"text-align: center;\">9100<\/td>\n<td style=\"text-align: center;\">375<\/td>\n<td style=\"text-align: center;\">16<\/td>\n<td style=\"text-align: center;\">10.000 &#8211; 5m<\/td>\n<td style=\"text-align: center;\">60-65 min<\/td>\n<td style=\"text-align: center;\">Ponto de Espectadores<\/td>\n<\/tr>\n<tr>\n<td style=\"text-align: center;\">W21A<\/td>\n<td style=\"text-align: center;\">6500<\/td>\n<td style=\"text-align: center;\">275<\/td>\n<td style=\"text-align: center;\">15<\/td>\n<td style=\"text-align: center;\">10.000 &#8211; 5m<\/td>\n<td style=\"text-align: center;\">50-55 min<\/td>\n<td style=\"text-align: center;\">Ponto de Espectadores<\/td>\n<\/tr>\n<tr>\n<td style=\"text-align: center;\">MSE<\/td>\n<td style=\"text-align: center;\">16900<\/td>\n<td style=\"text-align: center;\">660<\/td>\n<td style=\"text-align: center;\">31<\/td>\n<td style=\"text-align: center;\">10.000 &#8211; 5m<\/td>\n<td style=\"text-align: center;\">90-100 min<\/td>\n<td style=\"text-align: center;\">Loops + Ponto de Espectadores<\/td>\n<\/tr>\n<tr>\n<td style=\"text-align: center;\">ME<\/td>\n<td style=\"text-align: center;\">16900<\/td>\n<td style=\"text-align: center;\">660<\/td>\n<td style=\"text-align: center;\">31<\/td>\n<td style=\"text-align: center;\">10.000 &#8211; 5m<\/td>\n<td style=\"text-align: center;\">90-100 min<\/td>\n<td style=\"text-align: center;\">Loops + Ponto de Espectadores<\/td>\n<\/tr>\n<tr>\n<td style=\"text-align: center;\">WE<\/td>\n<td style=\"text-align: center;\">10900<\/td>\n<td style=\"text-align: center;\">440<\/td>\n<td style=\"text-align: center;\">23<\/td>\n<td style=\"text-align: center;\">10.000 &#8211; 5m<\/td>\n<td style=\"text-align: center;\">70-80 min<\/td>\n<td style=\"text-align: center;\">Loops + Ponto de Espectadores<\/td>\n<\/tr>\n<tr>\n<td style=\"text-align: center;\">M35<\/td>\n<td style=\"text-align: center;\">10700<\/td>\n<td style=\"text-align: center;\">415<\/td>\n<td style=\"text-align: center;\">20<\/td>\n<td style=\"text-align: center;\">10.000 &#8211; 5m<\/td>\n<td style=\"text-align: center;\">65-70 min<\/td>\n<td style=\"text-align: center;\">Ponto de Espectadores<\/td>\n<\/tr>\n<tr>\n<td style=\"text-align: center;\">W35<\/td>\n<td style=\"text-align: center;\">7800<\/td>\n<td style=\"text-align: center;\">310<\/td>\n<td style=\"text-align: center;\">14<\/td>\n<td style=\"text-align: center;\">10.000 &#8211; 5m<\/td>\n<td style=\"text-align: center;\">50-55 min<\/td>\n<td style=\"text-align: center;\">Ponto de Espectadores<\/td>\n<\/tr>\n<tr>\n<td style=\"text-align: center;\">M40<\/td>\n<td style=\"text-align: center;\">10100<\/td>\n<td style=\"text-align: center;\">405<\/td>\n<td style=\"text-align: center;\">21<\/td>\n<td style=\"text-align: center;\">10.000 &#8211; 5m<\/td>\n<td style=\"text-align: center;\">65-70 min<\/td>\n<td style=\"text-align: center;\">Ponto de Espectadores<\/td>\n<\/tr>\n<tr>\n<td style=\"text-align: center;\">W40<\/td>\n<td style=\"text-align: center;\">6000<\/td>\n<td style=\"text-align: center;\">230<\/td>\n<td style=\"text-align: center;\">15<\/td>\n<td style=\"text-align: center;\">10.000 &#8211; 5m<\/td>\n<td style=\"text-align: center;\">50-55 min<\/td>\n<td style=\"text-align: center;\">&#8211;<\/td>\n<\/tr>\n<tr>\n<td style=\"text-align: center;\">M45<\/td>\n<td style=\"text-align: center;\">9300<\/td>\n<td style=\"text-align: center;\">365<\/td>\n<td style=\"text-align: center;\">17<\/td>\n<td style=\"text-align: center;\">10.000 &#8211; 5m<\/td>\n<td style=\"text-align: center;\">55-60 min<\/td>\n<td style=\"text-align: center;\">Ponto de Espectadores<\/td>\n<\/tr>\n<tr>\n<td style=\"text-align: center;\">W45<\/td>\n<td style=\"text-align: center;\">5900<\/td>\n<td style=\"text-align: center;\">225<\/td>\n<td style=\"text-align: center;\">16<\/td>\n<td style=\"text-align: center;\">10.000 &#8211; 5m<\/td>\n<td style=\"text-align: center;\">45-50 min<\/td>\n<td style=\"text-align: center;\">&#8211;<\/td>\n<\/tr>\n<tr>\n<td style=\"text-align: center;\">M50<\/td>\n<td style=\"text-align: center;\">8100<\/td>\n<td style=\"text-align: center;\">310<\/td>\n<td style=\"text-align: center;\">15<\/td>\n<td style=\"text-align: center;\">10.000 &#8211; 5m<\/td>\n<td style=\"text-align: center;\">55-60 min<\/td>\n<td style=\"text-align: center;\">Ponto de Espectadores<\/td>\n<\/tr>\n<tr>\n<td style=\"text-align: center;\">W50<\/td>\n<td style=\"text-align: center;\">5400<\/td>\n<td style=\"text-align: center;\">190<\/td>\n<td style=\"text-align: center;\">13<\/td>\n<td style=\"text-align: center;\">10.000 &#8211; 5m<\/td>\n<td style=\"text-align: center;\">45-50 min<\/td>\n<td style=\"text-align: center;\">&#8211;<\/td>\n<\/tr>\n<tr>\n<td style=\"text-align: center;\">M55<\/td>\n<td style=\"text-align: center;\">7900<\/td>\n<td style=\"text-align: center;\">355<\/td>\n<td style=\"text-align: center;\">15<\/td>\n<td style=\"text-align: center;\">10.000 &#8211; 5m<\/td>\n<td style=\"text-align: center;\">50-55 min<\/td>\n<td style=\"text-align: center;\">Ponto de Espectadores<\/td>\n<\/tr>\n<tr>\n<td style=\"text-align: center;\">W55<\/td>\n<td style=\"text-align: center;\">4700<\/td>\n<td style=\"text-align: center;\">180<\/td>\n<td style=\"text-align: center;\">11<\/td>\n<td style=\"text-align: center;\">10.000 &#8211; 5m<\/td>\n<td style=\"text-align: center;\">40-45 min<\/td>\n<td style=\"text-align: center;\">&#8211;<\/td>\n<\/tr>\n<tr>\n<td style=\"text-align: center;\">M60<\/td>\n<td style=\"text-align: center;\">6800<\/td>\n<td style=\"text-align: center;\">295<\/td>\n<td style=\"text-align: center;\">16<\/td>\n<td style=\"text-align: center;\">10.000 &#8211; 5m<\/td>\n<td style=\"text-align: center;\">50-55 min<\/td>\n<td style=\"text-align: center;\">Ponto de Espectadores<\/td>\n<\/tr>\n<tr>\n<td style=\"text-align: center;\">W60<\/td>\n<td style=\"text-align: center;\">4200<\/td>\n<td style=\"text-align: center;\">165<\/td>\n<td style=\"text-align: center;\">11<\/td>\n<td style=\"text-align: center;\">10.000 &#8211; 5m<\/td>\n<td style=\"text-align: center;\">40-45 min<\/td>\n<td style=\"text-align: center;\">&#8211;<\/td>\n<\/tr>\n<tr>\n<td style=\"text-align: center;\">M65<\/td>\n<td style=\"text-align: center;\">6300<\/td>\n<td style=\"text-align: center;\">275<\/td>\n<td style=\"text-align: center;\">13<\/td>\n<td style=\"text-align: center;\">7.500 &#8211; 5m<\/td>\n<td style=\"text-align: center;\">45-50 min<\/td>\n<td style=\"text-align: center;\">Ponto de Espectadores<\/td>\n<\/tr>\n<tr>\n<td style=\"text-align: center;\">W65<\/td>\n<td style=\"text-align: center;\">3700<\/td>\n<td style=\"text-align: center;\">155<\/td>\n<td style=\"text-align: center;\">12<\/td>\n<td style=\"text-align: center;\">7.500 &#8211; 5m<\/td>\n<td style=\"text-align: center;\">35-40 min<\/td>\n<td style=\"text-align: center;\">&#8211;<\/td>\n<\/tr>\n<tr>\n<td style=\"text-align: center;\">M70<\/td>\n<td style=\"text-align: center;\">5200<\/td>\n<td style=\"text-align: center;\">200<\/td>\n<td style=\"text-align: center;\">15<\/td>\n<td style=\"text-align: center;\">7.500 &#8211; 5m<\/td>\n<td style=\"text-align: center;\">45-50 min<\/td>\n<td style=\"text-align: center;\">&#8211;<\/td>\n<\/tr>\n<tr>\n<td style=\"text-align: center;\">W70<\/td>\n<td style=\"text-align: center;\">3400<\/td>\n<td style=\"text-align: center;\">110<\/td>\n<td style=\"text-align: center;\">12<\/td>\n<td style=\"text-align: center;\">7.500 &#8211; 5m<\/td>\n<td style=\"text-align: center;\">35-40 min<\/td>\n<td style=\"text-align: center;\">&#8211;<\/td>\n<\/tr>\n<tr>\n<td style=\"text-align: center;\">M75<\/td>\n<td style=\"text-align: center;\">3700<\/td>\n<td style=\"text-align: center;\">155<\/td>\n<td style=\"text-align: center;\">12<\/td>\n<td style=\"text-align: center;\">7.500 &#8211; 5m<\/td>\n<td style=\"text-align: center;\">40-45 min<\/td>\n<td style=\"text-align: center;\">&#8211;<\/td>\n<\/tr>\n<tr>\n<td style=\"text-align: center;\">W75<\/td>\n<td style=\"text-align: center;\">2100<\/td>\n<td style=\"text-align: center;\">70<\/td>\n<td style=\"text-align: center;\">8<\/td>\n<td style=\"text-align: center;\">7.500 &#8211; 5m<\/td>\n<td style=\"text-align: center;\">30-35 min<\/td>\n<td style=\"text-align: center;\">&#8211;<\/td>\n<\/tr>\n<tr>\n<td style=\"text-align: center;\">M80<\/td>\n<td style=\"text-align: center;\">3400<\/td>\n<td style=\"text-align: center;\">110<\/td>\n<td style=\"text-align: center;\">12<\/td>\n<td style=\"text-align: center;\">7.500 &#8211; 5m<\/td>\n<td style=\"text-align: center;\">35-40 min<\/td>\n<td style=\"text-align: center;\">&#8211;<\/td>\n<\/tr>\n<tr>\n<td style=\"text-align: center;\">W80<\/td>\n<td style=\"text-align: center;\">2100<\/td>\n<td style=\"text-align: center;\">70<\/td>\n<td style=\"text-align: center;\">8<\/td>\n<td style=\"text-align: center;\">7.500 &#8211; 5m<\/td>\n<td style=\"text-align: center;\">30-35 min<\/td>\n<td style=\"text-align: center;\">&#8211;<\/td>\n<\/tr>\n<tr>\n<td style=\"text-align: center;\">M85<\/td>\n<td style=\"text-align: center;\">2100<\/td>\n<td style=\"text-align: center;\">70<\/td>\n<td style=\"text-align: center;\">8<\/td>\n<td style=\"text-align: center;\">7.500 &#8211; 5m<\/td>\n<td style=\"text-align: center;\">30-35 min<\/td>\n<td style=\"text-align: center;\">&#8211;<\/td>\n<\/tr>\n<tr>\n<td style=\"text-align: center;\">F\u00c1CIL CURTO<\/td>\n<td style=\"text-align: center;\">3300<\/td>\n<td style=\"text-align: center;\">95<\/td>\n<td style=\"text-align: center;\">11<\/td>\n<td style=\"text-align: center;\">7.500 &#8211; 5m<\/td>\n<td style=\"text-align: center;\">20-25 min<\/td>\n<td style=\"text-align: center;\">&#8211;<\/td>\n<\/tr>\n<tr>\n<td style=\"text-align: center;\">F\u00c1CIL LONGO<\/td>\n<td style=\"text-align: center;\">4700<\/td>\n<td style=\"text-align: center;\">120<\/td>\n<td style=\"text-align: center;\">15<\/td>\n<td style=\"text-align: center;\">10.000 &#8211; 5m<\/td>\n<td style=\"text-align: center;\">45-50 min<\/td>\n<td style=\"text-align: center;\">&#8211;<\/td>\n<\/tr>\n<tr>\n<td style=\"text-align: center;\">DIF\u00cdCIL CURTO<\/td>\n<td style=\"text-align: center;\">3200<\/td>\n<td style=\"text-align: center;\">115<\/td>\n<td style=\"text-align: center;\">11<\/td>\n<td style=\"text-align: center;\">10.000 &#8211; 5m<\/td>\n<td style=\"text-align: center;\">25-30 min<\/td>\n<td style=\"text-align: center;\">&#8211;<\/td>\n<\/tr>\n<tr>\n<td style=\"text-align: center;\">DIF\u00cdCIL LONGO<\/td>\n<td style=\"text-align: center;\">4900<\/td>\n<td style=\"text-align: center;\">175<\/td>\n<td style=\"text-align: center;\">13<\/td>\n<td style=\"text-align: center;\">10.000 &#8211; 5m<\/td>\n<td style=\"text-align: center;\">45-50 min<\/td>\n<td style=\"text-align: center;\">&#8211;<\/td>\n<\/tr>\n<\/tbody>\n<\/table>\n<p><\/p>","protected":false},"excerpt":{"rendered":"<p>28 Fevereiro 2017 \u2013 DIST\u00c2NCIA LONGA \u2013 PORTALEGRE (Mapa Novo) Mapa (Novo): Entre-Ribeiras e Coutadas \u2013 Escala 1\/10.000 e 1\/7500. Terreno: Terreno na maioria aberto com elementos caracter\u00edsticos rochosos, de relevo e de vegeta\u00e7\u00e3o. Cart\u00f3grafos: Tiago Aires e Raquel Costa (Junho 2016) Tra\u00e7ador de Percursos: Victor Delgado Supervisor:\u00a0Lu\u00eds Santos GPS: 39\u00b014\u201933.8\u2033N 7\u00b027\u201902.6\u2033W Avisos: Escala do Mapa &#8220;Para benef\u00edcio da competi\u00e7\u00e3o e melhor visibilidade do mapa num terreno com grande densidade de objetos, a escala de competi\u00e7\u00e3o foi alterada de 1:15000 para 1:10000.&#8221; \u2013 Arena \u2013 engloba: Secretariado, inform\u00e1tica, speaker, chegada, babysitting e Bar. \u2013\u00a0O Estacionamento ser\u00e1 realizado num terreno a 1600m da arena com acesso atrav\u00e9s de um estrad\u00e3o de [&hellip;]<\/p>\n","protected":false},"author":4,"featured_media":0,"parent":0,"menu_order":0,"comment_status":"closed","ping_status":"closed","template":"","meta":{"_monsterinsights_skip_tracking":false,"_monsterinsights_sitenote_active":false,"_monsterinsights_sitenote_note":"","_monsterinsights_sitenote_category":0,"footnotes":""},"class_list":["post-3178","page","type-page","status-publish","hentry"],"_links":{"self":[{"href":"https:\/\/pom.pt\/2017\/wp-json\/wp\/v2\/pages\/3178","targetHints":{"allow":["GET"]}}],"collection":[{"href":"https:\/\/pom.pt\/2017\/wp-json\/wp\/v2\/pages"}],"about":[{"href":"https:\/\/pom.pt\/2017\/wp-json\/wp\/v2\/types\/page"}],"author":[{"embeddable":true,"href":"https:\/\/pom.pt\/2017\/wp-json\/wp\/v2\/users\/4"}],"replies":[{"embeddable":true,"href":"https:\/\/pom.pt\/2017\/wp-json\/wp\/v2\/comments?post=3178"}],"version-history":[{"count":45,"href":"https:\/\/pom.pt\/2017\/wp-json\/wp\/v2\/pages\/3178\/revisions"}],"predecessor-version":[{"id":3858,"href":"https:\/\/pom.pt\/2017\/wp-json\/wp\/v2\/pages\/3178\/revisions\/3858"}],"wp:attachment":[{"href":"https:\/\/pom.pt\/2017\/wp-json\/wp\/v2\/media?parent=3178"}],"curies":[{"name":"wp","href":"https:\/\/api.w.org\/{rel}","templated":true}]}}