{"id":3172,"date":"2016-10-24T13:24:50","date_gmt":"2016-10-24T12:24:50","guid":{"rendered":"http:\/\/pom.pt\/2017\/?page_id=3172"},"modified":"2017-02-20T23:58:52","modified_gmt":"2017-02-20T23:58:52","slug":"262-pre-o","status":"publish","type":"page","link":"https:\/\/pom.pt\/2017\/262-pre-o\/","title":{"rendered":"26\/2 &#8211; Pre O"},"content":{"rendered":"<p><span style=\"color: #000000;\"><strong>26 Fevereiro 2017 \u2013 Pre O \u2013 COUDELARIA DE ALTER<\/strong><\/span><\/p>\n<p><span style=\"color: #000000;\"><strong>Mapa (Novo)<\/strong>:<\/span> Coudelaria de Alter \u2013 Escala 1\/5.000, equidist\u00e2ncia 5m, segundo as normas ISSOM.<br \/>\n<span style=\"color: #000000;\"><strong>Terreno<\/strong>:<\/span> Terreno t\u00edpico de montado alentejano, de baixo relevo, com algumas zonas com oliveiras e elementos caracter\u00edsticos rochosos e de vegeta\u00e7\u00e3o. O percurso desenrola-se, na sua maioria, num percurso de terra batida, havendo o risco de ficar enlameado em caso de chuva, dificultando a progress\u00e3o das cadeiras de rodas.<br \/>\n<span style=\"color: #000000;\"><strong>Cart\u00f3grafos<\/strong>:<\/span> Tiago Aires e Raquel Costa (Maio 2016)<br \/>\n<span style=\"color: #000000;\"><strong>Tra\u00e7ador de Percursos<\/strong>:<\/span> Filipe Dias e Rui Pr\u00edncipe<br \/>\n<span style=\"color: #000000;\"><strong>Supervisor<\/strong>:<\/span> Joaquim Margarido<br \/>\n<span style=\"color: #000000;\"><strong>Classes<\/strong>:<\/span>\u00a0Aberta\u00a0e Paral\u00edmpica<br \/>\n<span style=\"color: #000000;\"><strong>Pontos cronometrados<\/strong>:<\/span> 1X3<br \/>\n<span style=\"color: #000000;\"><strong>GPS<\/strong>:<\/span> 39\u00b013\u201920.2\u2033N 7\u00b041\u201910.7\u2033W<br \/>\n<span style=\"color: #000000;\"><strong>Aviso<\/strong>:<\/span> <strong>O evento realiza-se numa \u00e1rea privada onde normalmente \u00e9 paga entrada. Cada participante dever\u00e1 ser identificado atrav\u00e9s do seu peitoral no controlo de acesso.<\/strong><br \/>\n<span style=\"color: #000000;\"><strong>Regulamento<\/strong>:<\/span><br \/>\nAplica-se integralmente o Regulamento de Competi\u00e7\u00f5es 2017 da Federa\u00e7\u00e3o Portuguesa de Orienta\u00e7\u00e3o (FPO); casos omissos ser\u00e3o decididos, pela organiza\u00e7\u00e3o, \u00e0 luz do regulamento da IOF.<\/p>\n<table border=\"0\" cellspacing=\"0\" cellpadding=\"0\">\n<tbody>\n<tr>\n<td valign=\"top\" width=\"274\">\u00a0<img loading=\"lazy\" decoding=\"async\" class=\"alignnone size-full wp-image-2846\" src=\"http:\/\/pom.pt\/2017\/wp-content\/uploads\/sites\/3\/2016\/05\/dia_26_coudelaria_pre_o.jpg\" alt=\"dia_26_coudelaria_pre_o\" width=\"274\" height=\"274\" srcset=\"https:\/\/pom.pt\/2017\/wp-content\/uploads\/sites\/3\/2016\/05\/dia_26_coudelaria_pre_o.jpg 274w, https:\/\/pom.pt\/2017\/wp-content\/uploads\/sites\/3\/2016\/05\/dia_26_coudelaria_pre_o-150x150.jpg 150w\" sizes=\"auto, (max-width: 274px) 100vw, 274px\" \/><\/td>\n<td valign=\"top\" width=\"274\">\u00a0<img loading=\"lazy\" decoding=\"async\" class=\"alignnone size-full wp-image-2811\" src=\"http:\/\/pom.pt\/2017\/wp-content\/uploads\/sites\/3\/2016\/05\/pom_2017_day26_preO.jpg\" alt=\"pom_2017_day26_preO\" width=\"274\" height=\"274\" srcset=\"https:\/\/pom.pt\/2017\/wp-content\/uploads\/sites\/3\/2016\/05\/pom_2017_day26_preO.jpg 274w, https:\/\/pom.pt\/2017\/wp-content\/uploads\/sites\/3\/2016\/05\/pom_2017_day26_preO-150x150.jpg 150w\" sizes=\"auto, (max-width: 274px) 100vw, 274px\" \/><\/td>\n<\/tr>\n<\/tbody>\n<\/table>\n<p><span style=\"color: #000000;\"><strong>Mapa antigo &#8211; \u00a0Coudelaria de Alter do Ch\u00e3o (2010)<\/strong><\/span> &#8211;<strong> \u00a0<a href=\"http:\/\/orievents.com\/Frontend\/usercontent\/outros\/coudelaria_10000.pdf\">VER AQUI<\/a><\/strong><\/p>\n<p><strong style=\"color: #000000;\">Arena<\/strong><\/p>\n<p><img loading=\"lazy\" decoding=\"async\" class=\"alignleft size-full wp-image-3801\" src=\"http:\/\/pom.pt\/2017\/wp-content\/uploads\/sites\/3\/2016\/10\/preo-map.png\" alt=\"\" width=\"503\" height=\"533\" srcset=\"https:\/\/pom.pt\/2017\/wp-content\/uploads\/sites\/3\/2016\/10\/preo-map.png 503w, https:\/\/pom.pt\/2017\/wp-content\/uploads\/sites\/3\/2016\/10\/preo-map-283x300.png 283w\" sizes=\"auto, (max-width: 503px) 100vw, 503px\" \/><\/p>\n<p>&nbsp;<\/p>\n<p>&nbsp;<\/p>\n<p>&nbsp;<\/p>\n<p>&nbsp;<\/p>\n<p>&nbsp;<\/p>\n<p>&nbsp;<\/p>\n<p>&nbsp;<\/p>\n<p>&nbsp;<\/p>\n<p>&nbsp;<\/p>\n<p>&nbsp;<\/p>\n<p>&nbsp;<\/p>\n<p>&nbsp;<\/p>\n<p>&nbsp;<\/p>\n<p>&nbsp;<\/p>\n<p><span style=\"color: #000000;\"><strong>Outras Informa\u00e7\u00f5es:<\/strong><\/span><\/p>\n<p>A organiza\u00e7\u00e3o disponibilizar\u00e1 volunt\u00e1rios para auxiliar na desloca\u00e7\u00e3o dos competidores em cadeiras de rodas.<br \/>\nO tempo limite para apresenta\u00e7\u00e3o de reclama\u00e7\u00f5es \u00e9 de 15 minutos ap\u00f3s a publica\u00e7\u00e3o dos resultados, devendo as mesmas ser entregues no Secretariado.<\/p>\n<p>Haver\u00e3o duas esta\u00e7\u00f5es cronometradas, com uma dist\u00e2ncia de 20 metros entre si e com os desafios comuns a ambos. A varia\u00e7\u00e3o do \u00e2ngulo de visualiza\u00e7\u00e3o entre ambas n\u00e3o coloca em causa a justi\u00e7a desportiva.<\/p>\n<h4><span style=\"color: #000000;\"><strong>Especifica\u00e7\u00f5es:<\/strong><\/span><\/h4>\n<table>\n<tbody>\n<tr>\n<th style=\"text-align: center;\"><strong>ESCAL\u00c3O<\/strong><\/th>\n<th style=\"text-align: center;\"><strong>DIST\u00c2NCIA (m)<\/strong><\/th>\n<th style=\"text-align: center;\"><strong>DESN\u00cdVEL (m)<\/strong><\/th>\n<th style=\"text-align: center;\"><strong>CONTROLOS<\/strong><\/th>\n<th style=\"text-align: center;\"><strong>PONTOS CRONOMETRADOS<\/strong><\/th>\n<th style=\"text-align: center;\"><strong>ESCALA<\/strong><\/th>\n<th style=\"text-align: center;\"><strong>EQUIDIST\u00c2NCIA<\/strong><\/th>\n<th style=\"text-align: center;\"><strong>TEMPO M\u00c1XIMO DE PROVA<\/strong><\/th>\n<\/tr>\n<tr>\n<td style=\"text-align: center;\">Aberto<\/td>\n<td style=\"text-align: center;\">1570<\/td>\n<td style=\"text-align: center;\">10<\/td>\n<td style=\"text-align: center;\">23<\/td>\n<td style=\"text-align: center;\">1&#215;3<\/td>\n<td style=\"text-align: center;\">1:5000<\/td>\n<td style=\"text-align: center;\">5m<\/td>\n<td style=\"text-align: center;\">115<\/td>\n<\/tr>\n<tr>\n<td style=\"text-align: center;\">Paral\u00edmpico<\/td>\n<td style=\"text-align: center;\">1570<\/td>\n<td style=\"text-align: center;\">10<\/td>\n<td style=\"text-align: center;\">23<\/td>\n<td style=\"text-align: center;\">1&#215;3<\/td>\n<td style=\"text-align: center;\">1:5000<\/td>\n<td style=\"text-align: center;\">5m<\/td>\n<td style=\"text-align: center;\">130<\/td>\n<\/tr>\n<\/tbody>\n<\/table>\n<p>Tempo m\u00e1ximo na esta\u00e7\u00e3o cronometrada &#8211; 1 minuto e 30 segundos.<\/p>","protected":false},"excerpt":{"rendered":"<p>26 Fevereiro 2017 \u2013 Pre O \u2013 COUDELARIA DE ALTER Mapa (Novo): Coudelaria de Alter \u2013 Escala 1\/5.000, equidist\u00e2ncia 5m, segundo as normas ISSOM. Terreno: Terreno t\u00edpico de montado alentejano, de baixo relevo, com algumas zonas com oliveiras e elementos caracter\u00edsticos rochosos e de vegeta\u00e7\u00e3o. O percurso desenrola-se, na sua maioria, num percurso de terra batida, havendo o risco de ficar enlameado em caso de chuva, dificultando a progress\u00e3o das cadeiras de rodas. Cart\u00f3grafos: Tiago Aires e Raquel Costa (Maio 2016) Tra\u00e7ador de Percursos: Filipe Dias e Rui Pr\u00edncipe Supervisor: Joaquim Margarido Classes:\u00a0Aberta\u00a0e Paral\u00edmpica Pontos cronometrados: 1X3 GPS: 39\u00b013\u201920.2\u2033N 7\u00b041\u201910.7\u2033W Aviso: O evento realiza-se numa \u00e1rea privada onde normalmente \u00e9 [&hellip;]<\/p>\n","protected":false},"author":4,"featured_media":0,"parent":0,"menu_order":0,"comment_status":"closed","ping_status":"closed","template":"","meta":{"_monsterinsights_skip_tracking":false,"_monsterinsights_sitenote_active":false,"_monsterinsights_sitenote_note":"","_monsterinsights_sitenote_category":0,"footnotes":""},"class_list":["post-3172","page","type-page","status-publish","hentry"],"_links":{"self":[{"href":"https:\/\/pom.pt\/2017\/wp-json\/wp\/v2\/pages\/3172","targetHints":{"allow":["GET"]}}],"collection":[{"href":"https:\/\/pom.pt\/2017\/wp-json\/wp\/v2\/pages"}],"about":[{"href":"https:\/\/pom.pt\/2017\/wp-json\/wp\/v2\/types\/page"}],"author":[{"embeddable":true,"href":"https:\/\/pom.pt\/2017\/wp-json\/wp\/v2\/users\/4"}],"replies":[{"embeddable":true,"href":"https:\/\/pom.pt\/2017\/wp-json\/wp\/v2\/comments?post=3172"}],"version-history":[{"count":38,"href":"https:\/\/pom.pt\/2017\/wp-json\/wp\/v2\/pages\/3172\/revisions"}],"predecessor-version":[{"id":3802,"href":"https:\/\/pom.pt\/2017\/wp-json\/wp\/v2\/pages\/3172\/revisions\/3802"}],"wp:attachment":[{"href":"https:\/\/pom.pt\/2017\/wp-json\/wp\/v2\/media?parent=3172"}],"curies":[{"name":"wp","href":"https:\/\/api.w.org\/{rel}","templated":true}]}}