{"id":3149,"date":"2016-10-21T14:29:55","date_gmt":"2016-10-21T13:29:55","guid":{"rendered":"http:\/\/pom.pt\/2017\/?page_id=3149"},"modified":"2017-02-16T10:49:07","modified_gmt":"2017-02-16T10:49:07","slug":"model-event-lage-do-meio-dia-este","status":"publish","type":"page","link":"https:\/\/pom.pt\/2017\/model-event-lage-do-meio-dia-este\/","title":{"rendered":"23 e 24\/2 &#8211; Model Event 1"},"content":{"rendered":"<p><span style=\"color: #000000;\"><strong>23 e 24 Fevereiro 2017 \u2013 MODEL EVENT \u2013 LAGE do MEIO DIA Este<\/strong><\/span><\/p>\n<p>Os mapas da prova de treino poder\u00e3o ser levantados no secretariado no Castelo de Alter do Ch\u00e3o.<br \/>\nNo terreno os pontos de controlo estar\u00e3o marcados com estacas de madeira com o respetivo c\u00f3digo.<br \/>\nNo acesso ao model event devem respeitar a zona de estacionamento.<\/p>\n<p><span style=\"color: #000000;\"><strong>Terreno:<\/strong> <\/span>T\u00edpico de montado com grande quantidade de elementos caracter\u00edsticos rochosos<br \/>\n<span style=\"color: #000000;\"><strong>Cart\u00f3grafo:<\/strong><\/span>\u00a0Armando Rodrigues<br \/>\n<span style=\"color: #000000;\"><strong>Mapa:<\/strong> <\/span>Trabalho de Campo \u2013 realizado em 2010<br \/>\n<span style=\"color: #000000;\"><strong>Escala:<\/strong><\/span> 1\/7.500 e 1\/10.000<br \/>\n<span style=\"color: #000000;\"><strong>GPS:<\/strong><\/span> 39\u00b011\u201956.4\u2033N 7\u00b039\u201930.9\u2033W<\/p>\n<table border=\"0\" cellspacing=\"0\" cellpadding=\"0\">\n<tbody>\n<tr>\n<td valign=\"top\" width=\"274\"><img loading=\"lazy\" decoding=\"async\" class=\"alignnone size-full wp-image-2757\" src=\"http:\/\/pom.pt\/2017\/wp-content\/uploads\/sites\/3\/2016\/05\/pom_2017_model_event.jpg\" sizes=\"auto, (max-width: 274px) 100vw, 274px\" srcset=\"http:\/\/pom.pt\/2017\/wp-content\/uploads\/sites\/3\/2016\/05\/pom_2017_model_event.jpg 274w, http:\/\/pom.pt\/2017\/wp-content\/uploads\/sites\/3\/2016\/05\/pom_2017_model_event-150x150.jpg 150w\" alt=\"pom_2017_model_event\" width=\"274\" height=\"274\" \/><\/td>\n<td valign=\"top\" width=\"274\"><img loading=\"lazy\" decoding=\"async\" class=\"alignnone size-full wp-image-2758\" src=\"http:\/\/pom.pt\/2017\/wp-content\/uploads\/sites\/3\/2016\/05\/pom_2017_model_event_terren.jpg\" sizes=\"auto, (max-width: 274px) 100vw, 274px\" srcset=\"http:\/\/pom.pt\/2017\/wp-content\/uploads\/sites\/3\/2016\/05\/pom_2017_model_event_terren.jpg 274w, http:\/\/pom.pt\/2017\/wp-content\/uploads\/sites\/3\/2016\/05\/pom_2017_model_event_terren-150x150.jpg 150w\" alt=\"pom_2017_model_event_terren\" width=\"274\" height=\"274\" \/><\/td>\n<\/tr>\n<\/tbody>\n<\/table>\n<p><\/p>","protected":false},"excerpt":{"rendered":"<p>23 e 24 Fevereiro 2017 \u2013 MODEL EVENT \u2013 LAGE do MEIO DIA Este Os mapas da prova de treino poder\u00e3o ser levantados no secretariado no Castelo de Alter do Ch\u00e3o. No terreno os pontos de controlo estar\u00e3o marcados com estacas de madeira com o respetivo c\u00f3digo. No acesso ao model event devem respeitar a zona de estacionamento. Terreno: T\u00edpico de montado com grande quantidade de elementos caracter\u00edsticos rochosos Cart\u00f3grafo:\u00a0Armando Rodrigues Mapa: Trabalho de Campo \u2013 realizado em 2010 Escala: 1\/7.500 e 1\/10.000 GPS: 39\u00b011\u201956.4\u2033N 7\u00b039\u201930.9\u2033W<\/p>\n","protected":false},"author":4,"featured_media":0,"parent":0,"menu_order":0,"comment_status":"closed","ping_status":"closed","template":"","meta":{"_monsterinsights_skip_tracking":false,"_monsterinsights_sitenote_active":false,"_monsterinsights_sitenote_note":"","_monsterinsights_sitenote_category":0,"footnotes":""},"class_list":["post-3149","page","type-page","status-publish","hentry"],"_links":{"self":[{"href":"https:\/\/pom.pt\/2017\/wp-json\/wp\/v2\/pages\/3149","targetHints":{"allow":["GET"]}}],"collection":[{"href":"https:\/\/pom.pt\/2017\/wp-json\/wp\/v2\/pages"}],"about":[{"href":"https:\/\/pom.pt\/2017\/wp-json\/wp\/v2\/types\/page"}],"author":[{"embeddable":true,"href":"https:\/\/pom.pt\/2017\/wp-json\/wp\/v2\/users\/4"}],"replies":[{"embeddable":true,"href":"https:\/\/pom.pt\/2017\/wp-json\/wp\/v2\/comments?post=3149"}],"version-history":[{"count":14,"href":"https:\/\/pom.pt\/2017\/wp-json\/wp\/v2\/pages\/3149\/revisions"}],"predecessor-version":[{"id":3740,"href":"https:\/\/pom.pt\/2017\/wp-json\/wp\/v2\/pages\/3149\/revisions\/3740"}],"wp:attachment":[{"href":"https:\/\/pom.pt\/2017\/wp-json\/wp\/v2\/media?parent=3149"}],"curies":[{"name":"wp","href":"https:\/\/api.w.org\/{rel}","templated":true}]}}