{"id":3064,"date":"2016-08-17T09:08:19","date_gmt":"2016-08-17T08:08:19","guid":{"rendered":"http:\/\/pom.pt\/2017\/?page_id=3064"},"modified":"2016-10-14T10:09:21","modified_gmt":"2016-10-14T09:09:21","slug":"o-que-fazer","status":"publish","type":"page","link":"https:\/\/pom.pt\/2017\/o-que-fazer\/","title":{"rendered":"O que fazer"},"content":{"rendered":"<p><strong>Portalegre<\/strong><\/p>\n<p><a href=\"http:\/\/www.cm-portalegre.pt\/pt\/atividade-municipal\/cultura\/museus\" target=\"_blank\">Museus de Portalegre:<\/a><br \/>\nMuseu Municipal de Portalegre<br \/>\nMuseu Jos\u00e9 R\u00e9gio<br \/>\nMuseu da Tape\u00e7aria de Portalegre Guy Fino<br \/>\nhttp:\/\/www.cm-portalegre.pt\/pt\/atividade-municipal\/cultura\/museus<\/p>\n<p><a href=\"http:\/\/www.mtportalegre.pt\/pt\/\" target=\"_blank\">Manufaturas de Tape\u00e7arias de Portalegre<\/a>:<br \/>\nhttp:\/\/www.mtportalegre.pt\/pt\/<\/p>\n<p><strong>Crato<\/strong><br \/>\nMosteiro de Santa Maria de Flor da Rosa<br \/>\nAnta Grande do Tapad\u00e3o<br \/>\nMuseu Municipal do Crato<br \/>\n<a href=\"http:\/\/scmcrato.com\/index1.php?p=10\" target=\"_blank\">Casa Museu Padre Belo<\/a><br \/>\nhttp:\/\/scmcrato.com\/index1.php?p=10<\/p>\n<p><strong>Alter do Ch\u00e3o<\/strong><br \/>\n<a href=\"http:\/\/www.cm-alter-chao.pt\/pt\/turismo\/museus\" target=\"_blank\">Museu Municipal de Alter do Ch\u00e3o:<\/a><br \/>\nhttp:\/\/www.cm-alter-chao.pt\/pt\/turismo\/museus<br \/>\n<a href=\"http:\/\/www.alterreal.pt\/\" target=\"_blank\">Coudelaria de Alter do Ch\u00e3o:<\/a><br \/>\nhttp:\/\/www.alterreal.pt\/<\/p>\n<p><strong>Nisa<\/strong><br \/>\n<a href=\"http:\/\/museubordadoebarro.cm-nisa.pt\/pt\/clayhistory\/\" target=\"_blank\">Museu do Bordado e do Barro de Nisa<\/a><br \/>\nhttp:\/\/museubordadoebarro.cm-nisa.pt\/pt\/clayhistory\/<\/p>\n<p><strong>Marv\u00e3o<\/strong><br \/>\n<a href=\"http:\/\/www.ammaia.pt\/\" target=\"_blank\">Funda\u00e7\u00e3o Cidade de Ammaia:<\/a><br \/>\nhttp:\/\/www.ammaia.pt\/<\/p>\n<p><strong>Castelo de Vide<\/strong><br \/>\n<a href=\"http:\/\/www.castelodevide.pt\/turismo\/pt\/ver-e-fazer\/patrimonio\/roteiro-judaico\" target=\"_blank\">Roteiro Judaico<\/a><br \/>\nhttp:\/\/www.castelodevide.pt\/turismo\/pt\/ver-e-fazer\/patrimonio\/roteiro-judaico<\/p>\n<p><a href=\"http:\/\/centrocienciacafe.com\/\" target=\"_blank\">Centro de Ci\u00eancia do Caf\u00e9:<\/a><br \/>\nhttp:\/\/centrocienciacafe.com\/<\/p>\n<p><\/p>","protected":false},"excerpt":{"rendered":"<p>Portalegre Museus de Portalegre: Museu Municipal de Portalegre Museu Jos\u00e9 R\u00e9gio Museu da Tape\u00e7aria de Portalegre Guy Fino http:\/\/www.cm-portalegre.pt\/pt\/atividade-municipal\/cultura\/museus Manufaturas de Tape\u00e7arias de Portalegre: http:\/\/www.mtportalegre.pt\/pt\/ Crato Mosteiro de Santa Maria de Flor da Rosa Anta Grande do Tapad\u00e3o Museu Municipal do Crato Casa Museu Padre Belo http:\/\/scmcrato.com\/index1.php?p=10 Alter do Ch\u00e3o Museu Municipal de Alter do Ch\u00e3o: http:\/\/www.cm-alter-chao.pt\/pt\/turismo\/museus Coudelaria de Alter do Ch\u00e3o: http:\/\/www.alterreal.pt\/ Nisa Museu do Bordado e do Barro de Nisa http:\/\/museubordadoebarro.cm-nisa.pt\/pt\/clayhistory\/ Marv\u00e3o Funda\u00e7\u00e3o Cidade de Ammaia: http:\/\/www.ammaia.pt\/ Castelo de Vide Roteiro Judaico http:\/\/www.castelodevide.pt\/turismo\/pt\/ver-e-fazer\/patrimonio\/roteiro-judaico Centro de Ci\u00eancia do Caf\u00e9: http:\/\/centrocienciacafe.com\/<\/p>\n","protected":false},"author":6,"featured_media":0,"parent":0,"menu_order":0,"comment_status":"closed","ping_status":"closed","template":"","meta":{"_monsterinsights_skip_tracking":false,"_monsterinsights_sitenote_active":false,"_monsterinsights_sitenote_note":"","_monsterinsights_sitenote_category":0,"footnotes":""},"class_list":["post-3064","page","type-page","status-publish","hentry"],"_links":{"self":[{"href":"https:\/\/pom.pt\/2017\/wp-json\/wp\/v2\/pages\/3064","targetHints":{"allow":["GET"]}}],"collection":[{"href":"https:\/\/pom.pt\/2017\/wp-json\/wp\/v2\/pages"}],"about":[{"href":"https:\/\/pom.pt\/2017\/wp-json\/wp\/v2\/types\/page"}],"author":[{"embeddable":true,"href":"https:\/\/pom.pt\/2017\/wp-json\/wp\/v2\/users\/6"}],"replies":[{"embeddable":true,"href":"https:\/\/pom.pt\/2017\/wp-json\/wp\/v2\/comments?post=3064"}],"version-history":[{"count":5,"href":"https:\/\/pom.pt\/2017\/wp-json\/wp\/v2\/pages\/3064\/revisions"}],"predecessor-version":[{"id":3106,"href":"https:\/\/pom.pt\/2017\/wp-json\/wp\/v2\/pages\/3064\/revisions\/3106"}],"wp:attachment":[{"href":"https:\/\/pom.pt\/2017\/wp-json\/wp\/v2\/media?parent=3064"}],"curies":[{"name":"wp","href":"https:\/\/api.w.org\/{rel}","templated":true}]}}