{"id":2746,"date":"2016-08-01T23:23:48","date_gmt":"2016-08-01T22:23:48","guid":{"rendered":"http:\/\/pom.pt\/2017\/?page_id=2746"},"modified":"2016-08-02T10:15:02","modified_gmt":"2016-08-02T09:15:02","slug":"historia-de-alter-do-chao","status":"publish","type":"page","link":"https:\/\/pom.pt\/2017\/historia-de-alter-do-chao\/","title":{"rendered":"HIST\u00d3RIA DE ALTER DO CH\u00c3O"},"content":{"rendered":"<p><\/p>\n<p style=\"text-align: justify;\"><img loading=\"lazy\" decoding=\"async\" class=\"alignright size-full wp-image-2775\" src=\"http:\/\/pom.pt\/2017\/wp-content\/uploads\/sites\/3\/2016\/08\/alter_1.jpg\" alt=\"alter_1\" width=\"294\" height=\"228\" \/>Vila de origem romana, Alter do Ch\u00e3o fica no cora\u00e7\u00e3o do Alto Alentejo &#8211; regi\u00e3o rica em patrim\u00f3nio natural &#8211; aqui pode inalar os cheiros da terra, passear pelas plan\u00edcies e descansar \u00e0 sombra das \u00e1rvores que enfeitam os campos.<\/p>\n<p style=\"text-align: justify;\">Neste cen\u00e1rio s\u00e3o criados os bel\u00edssimos cavalos \u00e1rabes e lusitanos, que poder\u00e3o ser apreciados na Coudelaria de Alter do Ch\u00e3o.<\/p>\n<p style=\"text-align: justify;\"><img loading=\"lazy\" decoding=\"async\" class=\"alignleft size-full wp-image-2776\" src=\"http:\/\/pom.pt\/2017\/wp-content\/uploads\/sites\/3\/2016\/08\/alter_2.jpg\" alt=\"alter_2\" width=\"290\" height=\"219\" \/>Este \u00e9 tamb\u00e9m um Concelho rico em monumentos hist\u00f3ricos, dentre os quais se destaca o emblem\u00e1tico Castelo, mandado construir por D. Pedro I, que embeleza o centro da vila e convida a um retorno \u00e0 \u00e9poca medieval.<\/p>\n<p style=\"text-align: justify;\">Atrav\u00e9s da harmonia uni\u00e3o entre o sumptuoso patrim\u00f3nio cultural e o magn\u00edfico patrim\u00f3nio natural, Alter do Ch\u00e3o afirma-se, inequivocamente, como excelente local para viver e visitar.<\/p>\n<p style=\"text-align: justify;\"><img loading=\"lazy\" decoding=\"async\" class=\"alignright size-full wp-image-2777\" src=\"http:\/\/pom.pt\/2017\/wp-content\/uploads\/sites\/3\/2016\/08\/alter_3.jpg\" alt=\"alter_3\" width=\"216\" height=\"260\" \/>Aventure-se e venha viver a Hist\u00f3ria, em estreita proximidade com a natureza e desfrutando da simpatia do povo alterense!<\/p>\n<p>&nbsp;<\/p>\n<p><span style=\"color: #000000;\"><strong>Telefones \u00fateis<\/strong><\/span><\/p>\n<p>N\u00famero de Emerg\u00eancia Municipal &#8211; <strong>808 203 140<\/strong><\/p>\n<p>C\u00e2mara Municipal &#8211; 245 610000<\/p>\n<p>FAX &#8211; 245 612 431<\/p>\n<p>Junta de Freguesia de CHAN\u00c7A &#8211; 245 637 422<\/p>\n<p>Junta de Freguesia de CUNHEIRA &#8211; 245 697191<\/p>\n<p>Junta de Freguesia de SEDA &#8211; 245 636 116<\/p>\n<p>Posto de Turismo &#8211; 245 610 004<\/p>\n<p>Centro de Sa\u00fade &#8211; 245 612 183<\/p>\n<p>Bombeiros Volunt\u00e1rios &#8211; 245 612 314<\/p>\n<p>Guarda Nacional Republicana &#8211; 245 612 162<\/p>\n<p>Coudelaria &#8211; 245 610 060<\/p>\n<p>Farm\u00e1cia Alter &#8211; 245 619 141<\/p>\n<p>&nbsp;<\/p>\n<p><span style=\"color: #000000;\"><strong>Informa\u00e7\u00e3o do Concelho<\/strong><\/span><\/p>\n<p>Distrito: Portalegre<\/p>\n<p>\u00c1rea do Concelho: 361 KM2<\/p>\n<p>Feriado Municipal: 21 de Maio<\/p>\n<p>Freguesias: 3 &#8211; Chan\u00e7a, Cunheira e Seda<\/p>\n<p>N\u00ba de Habitantes: 4019<\/p>","protected":false},"excerpt":{"rendered":"<p>Vila de origem romana, Alter do Ch\u00e3o fica no cora\u00e7\u00e3o do Alto Alentejo &#8211; regi\u00e3o rica em patrim\u00f3nio natural &#8211; aqui pode inalar os cheiros da terra, passear pelas plan\u00edcies e descansar \u00e0 sombra das \u00e1rvores que enfeitam os campos. Neste cen\u00e1rio s\u00e3o criados os bel\u00edssimos cavalos \u00e1rabes e lusitanos, que poder\u00e3o ser apreciados na Coudelaria de Alter do Ch\u00e3o. Este \u00e9 tamb\u00e9m um Concelho rico em monumentos hist\u00f3ricos, dentre os quais se destaca o emblem\u00e1tico Castelo, mandado construir por D. Pedro I, que embeleza o centro da vila e convida a um retorno \u00e0 \u00e9poca medieval. Atrav\u00e9s da harmonia uni\u00e3o entre o sumptuoso patrim\u00f3nio cultural e o magn\u00edfico patrim\u00f3nio [&hellip;]<\/p>\n","protected":false},"author":4,"featured_media":0,"parent":0,"menu_order":0,"comment_status":"closed","ping_status":"closed","template":"","meta":{"_monsterinsights_skip_tracking":false,"_monsterinsights_sitenote_active":false,"_monsterinsights_sitenote_note":"","_monsterinsights_sitenote_category":0,"footnotes":""},"class_list":["post-2746","page","type-page","status-publish","hentry"],"_links":{"self":[{"href":"https:\/\/pom.pt\/2017\/wp-json\/wp\/v2\/pages\/2746","targetHints":{"allow":["GET"]}}],"collection":[{"href":"https:\/\/pom.pt\/2017\/wp-json\/wp\/v2\/pages"}],"about":[{"href":"https:\/\/pom.pt\/2017\/wp-json\/wp\/v2\/types\/page"}],"author":[{"embeddable":true,"href":"https:\/\/pom.pt\/2017\/wp-json\/wp\/v2\/users\/4"}],"replies":[{"embeddable":true,"href":"https:\/\/pom.pt\/2017\/wp-json\/wp\/v2\/comments?post=2746"}],"version-history":[{"count":5,"href":"https:\/\/pom.pt\/2017\/wp-json\/wp\/v2\/pages\/2746\/revisions"}],"predecessor-version":[{"id":2779,"href":"https:\/\/pom.pt\/2017\/wp-json\/wp\/v2\/pages\/2746\/revisions\/2779"}],"wp:attachment":[{"href":"https:\/\/pom.pt\/2017\/wp-json\/wp\/v2\/media?parent=2746"}],"curies":[{"name":"wp","href":"https:\/\/api.w.org\/{rel}","templated":true}]}}