{"id":2666,"date":"2016-07-28T15:32:41","date_gmt":"2016-07-28T14:32:41","guid":{"rendered":"http:\/\/pom.pt\/2017\/?page_id=2666"},"modified":"2016-08-05T09:55:35","modified_gmt":"2016-08-05T08:55:35","slug":"historia-da-cidade","status":"publish","type":"page","link":"https:\/\/pom.pt\/2017\/historia-da-cidade\/","title":{"rendered":"HIST\u00d3RIA DA CIDADE"},"content":{"rendered":"<p><\/p>\n<p style=\"text-align: justify;\"><span style=\"color: #000000;\"><strong>Portalegre as origens da cidade<\/strong><\/span><\/p>\n<p style=\"text-align: justify;\">Quando a forma\u00e7\u00e3o do reino de Portugal, no s\u00e9culo XII, \u00e9 prov\u00e1vel que existisse no vale que separa a Penha de S. Tom\u00e9 (Serra da Penha), do Cabe\u00e7o do mouro, algumas casas que forneciam ref\u00fagio e mantimentos aos que por estas passagens viajassem. Neste Local de passagem (porto), situado numa regi\u00e3o verdejante e apraz\u00edvel (alegre), o casario foi aumentando, constituindo a cidade de Porto Alegre, que com o decorrer do tempo passou-se a designar Portalegre.<br \/>\nOs documentos hist\u00f3ricos demonstram que em 1229 Portalegre era vila do concelho de Marv\u00e3o e que em 1253 j\u00e1 era sede do concelho.<\/p>\n<p style=\"text-align: justify;\"><a href=\"http:\/\/pom.pt\/2017\/wp-content\/uploads\/sites\/3\/2016\/07\/portalegre_1.jpg\" target=\"_blank\"><img loading=\"lazy\" decoding=\"async\" class=\"alignleft wp-image-2673 size-medium\" src=\"http:\/\/pom.pt\/2017\/wp-content\/uploads\/sites\/3\/2016\/07\/portalegre_1-300x225.jpg\" alt=\"portalegre_1\" width=\"300\" height=\"225\" srcset=\"https:\/\/pom.pt\/2017\/wp-content\/uploads\/sites\/3\/2016\/07\/portalegre_1-300x225.jpg 300w, https:\/\/pom.pt\/2017\/wp-content\/uploads\/sites\/3\/2016\/07\/portalegre_1-768x576.jpg 768w, https:\/\/pom.pt\/2017\/wp-content\/uploads\/sites\/3\/2016\/07\/portalegre_1.jpg 907w\" sizes=\"auto, (max-width: 300px) 100vw, 300px\" \/><\/a>O 1\u00ba foral foi-lhe atribu\u00eddo por D. Afonso III em 1259. Este monarca mandou edificar uma fortaleza que, contudo, ficou incompleta. Em 1271 D. Afonso III doou ao seu segundo filho, o infante D. Afonso, as vilas de Portalegre e Marv\u00e3o e os senhorios de Vide e Arronches.<\/p>\n<p style=\"text-align: justify;\">Quando faleceu D. Afonso III, em 1279, o infante D. Afonso pretendeu suceder-lhe no trono, alegando que D. Dinis era filho ileg\u00edtimo. Esta pretens\u00e3o n\u00e3o foi tomada a s\u00e9rio mas deu origem a desaven\u00e7as entre os irm\u00e3os.<br \/>\nPortalegre esteve envolvida nesta querela e, em 1299, foi cercada por D. Dinis. O cerco durou cinco meses, e depois D. Afonso rendeu-se. \u00c9 importante referir que D. Dinis cercou as muralhas que ele pr\u00f3prio mandara edificar em 1290. Na realidade, neste ano, o rei remodelou a alc\u00e1\u00e7ova e a torre de menagem e construiu uma segunda cerca de que ainda hoje existem bastantes tro\u00e7os.<br \/>\nA torre ou atalaia que domina a cidade, conhecida pelo nome de \u201cAtalai\u00e3o\u201d admite-se que seja um pouco anterior \u00e0 fortifica\u00e7\u00e3o de D. Afonso III.<br \/>\nEm 1299 D. Dinis deu a Portalegre o privilegio de n\u00e3o ser concedido o senhorio da vila \u201cnem a infante, nem a homem rico, nem a rica-dona, mas ser d\u2019 el-Rei e de seu filho primeiro herdeiro\u201d.<\/p>\n<p style=\"text-align: justify;\"><a href=\"http:\/\/pom.pt\/2017\/wp-content\/uploads\/sites\/3\/2016\/07\/portalegre_2.jpg\" target=\"_blank\"><img loading=\"lazy\" decoding=\"async\" class=\"alignright wp-image-2674 size-medium\" src=\"http:\/\/pom.pt\/2017\/wp-content\/uploads\/sites\/3\/2016\/07\/portalegre_2-300x225.jpg\" alt=\"portalegre_2\" width=\"300\" height=\"225\" srcset=\"https:\/\/pom.pt\/2017\/wp-content\/uploads\/sites\/3\/2016\/07\/portalegre_2-300x225.jpg 300w, https:\/\/pom.pt\/2017\/wp-content\/uploads\/sites\/3\/2016\/07\/portalegre_2-768x576.jpg 768w, https:\/\/pom.pt\/2017\/wp-content\/uploads\/sites\/3\/2016\/07\/portalegre_2.jpg 907w\" sizes=\"auto, (max-width: 300px) 100vw, 300px\" \/><\/a>Quando em 1383 morreu o rei D. Fernando, ficou regente D. Leonor devendo suceder-lhe sua filha e, consequentemente, D. Jo\u00e3o I de Castela, o marido, facto que tra\u00edra a perda da independ\u00eancia.<\/p>\n<p style=\"text-align: justify;\">Estes acontecimentos provocaram a divis\u00e3o da nobreza portuguesa: a maior parte tomou partido de D. Leonor, enquanto outros seguiram o Mestre de Aviz, nomeadamente Nuno \u00c1lvares. Nesta altura era alcaide de Portalegre, D. Pedro \u00c1lvares Pereira, Prior do Crato, irm\u00e3o de Nuno \u00c1lvares e ferrenho partid\u00e1rio de D. Leonor, vivia tamb\u00e9m na vila, numa casa do \u201ccorro\u201d, a m\u00e3e dos \u00c1lvares Pereira, Fria Gon\u00e7alves. Em face das posi\u00e7\u00f5es assumidas pelo alcaide, o povo de Portalegre revoltou-se, cercou o castelo, tendo em consequ\u00eancia, fugido D. Pedro para o Crato.<br \/>\nO ex-alcaide viria a morrer em 1395, na batalha da Aljubarrota, quando combatia ao lado de Castela.<\/p>\n<p style=\"text-align: justify;\">Entretanto, a vila foi adquirindo muito import\u00e2ncia e, em 1549, dilig\u00eancias do rei D. Jo\u00e3o III permitiram que o papa Paulo III expedisse a bula que criava a nova diocese de Portalegre (at\u00e9 ent\u00e3o a vila esteve integrada na diocese da Guarda). Em 1550, D. Jo\u00e3o III escreveu a carta r\u00e9gia que levou Portalegre \u00e0 categoria de cidade.<\/p>\n<p style=\"text-align: justify;\">Este beneficio n\u00e3o foi fortuito, basta referir que, nesta \u00e9poca, Portalegre era, juntamente com Estremoz e Covilh\u00e3, um dos principais centros da ind\u00fastria de tecidos do pa\u00eds e que o imposto sobre as judiarias era ao do Porto e s\u00f3 ultrapassado por Lisboa, Santar\u00e9m e Set\u00fabal.<\/p>\n<p style=\"text-align: justify;\">(texto da autoria do Prof. Doutor Ant\u00f3nio Ventura)<\/p>\n<p><\/p>","protected":false},"excerpt":{"rendered":"<p>Portalegre as origens da cidade Quando a forma\u00e7\u00e3o do reino de Portugal, no s\u00e9culo XII, \u00e9 prov\u00e1vel que existisse no vale que separa a Penha de S. Tom\u00e9 (Serra da Penha), do Cabe\u00e7o do mouro, algumas casas que forneciam ref\u00fagio e mantimentos aos que por estas passagens viajassem. Neste Local de passagem (porto), situado numa regi\u00e3o verdejante e apraz\u00edvel (alegre), o casario foi aumentando, constituindo a cidade de Porto Alegre, que com o decorrer do tempo passou-se a designar Portalegre. Os documentos hist\u00f3ricos demonstram que em 1229 Portalegre era vila do concelho de Marv\u00e3o e que em 1253 j\u00e1 era sede do concelho. O 1\u00ba foral foi-lhe atribu\u00eddo por D. [&hellip;]<\/p>\n","protected":false},"author":4,"featured_media":0,"parent":0,"menu_order":0,"comment_status":"closed","ping_status":"closed","template":"","meta":{"_monsterinsights_skip_tracking":false,"_monsterinsights_sitenote_active":false,"_monsterinsights_sitenote_note":"","_monsterinsights_sitenote_category":0,"footnotes":""},"class_list":["post-2666","page","type-page","status-publish","hentry"],"_links":{"self":[{"href":"https:\/\/pom.pt\/2017\/wp-json\/wp\/v2\/pages\/2666","targetHints":{"allow":["GET"]}}],"collection":[{"href":"https:\/\/pom.pt\/2017\/wp-json\/wp\/v2\/pages"}],"about":[{"href":"https:\/\/pom.pt\/2017\/wp-json\/wp\/v2\/types\/page"}],"author":[{"embeddable":true,"href":"https:\/\/pom.pt\/2017\/wp-json\/wp\/v2\/users\/4"}],"replies":[{"embeddable":true,"href":"https:\/\/pom.pt\/2017\/wp-json\/wp\/v2\/comments?post=2666"}],"version-history":[{"count":15,"href":"https:\/\/pom.pt\/2017\/wp-json\/wp\/v2\/pages\/2666\/revisions"}],"predecessor-version":[{"id":2894,"href":"https:\/\/pom.pt\/2017\/wp-json\/wp\/v2\/pages\/2666\/revisions\/2894"}],"wp:attachment":[{"href":"https:\/\/pom.pt\/2017\/wp-json\/wp\/v2\/media?parent=2666"}],"curies":[{"name":"wp","href":"https:\/\/api.w.org\/{rel}","templated":true}]}}