{"id":2613,"date":"2016-07-27T09:10:06","date_gmt":"2016-07-27T08:10:06","guid":{"rendered":"http:\/\/pom.pt\/2017\/?page_id=2613"},"modified":"2017-02-19T17:38:47","modified_gmt":"2017-02-19T17:38:47","slug":"info-geral","status":"publish","type":"page","link":"https:\/\/pom.pt\/2017\/info-geral\/","title":{"rendered":"INFORMA\u00c7\u00c3O GERAL"},"content":{"rendered":"<p><\/p>\n<h3><strong>Informa\u00e7\u00f5es importantes<\/strong><\/h3>\n<ul>\n<li>N\u00e3o ser\u00e3o permitidas partidas a atletas sem um peitoral vis\u00edvel.<\/li>\n<li>Os peitorais ser\u00e3o atribu\u00eddos pela organiza\u00e7\u00e3o.<\/li>\n<li>N\u00e3o ser\u00e3o permitidas partidas a atletas sem cart\u00e3o SI (chip) ou com um n\u00famero diferente do constante da inscri\u00e7\u00e3o, altera\u00e7\u00f5es dever\u00e3o ser feitas com anteced\u00eancia por e-mail, no secretariado da prova.<\/li>\n<li>Se algum escal\u00e3o de Elite tiver mais de 120 atletas inscritos, ser\u00e1 dividido em dois escal\u00f5es com percursos equivalentes. A divis\u00e3o ser\u00e1 feita de acordo com a classifica\u00e7\u00e3o no Ranking mundial no dia 1 de Janeiro de 2017 (Ver <a href=\"http:\/\/ranking.orienteering.org\/Ranking\" target=\"_blank\">http:\/\/ranking.orienteering.org\/Ranking<\/a>). Os atletas melhor classificados ser\u00e3o movidos para um escal\u00e3o SuperElite. Ambos realizar\u00e3o um percurso semelhante.<\/li>\n<li>Chasing start &#8211;\u00a0\u2013 Na \u00faltima etapa, todos os escal\u00f5es de Elite (M21E e W21E) partir\u00e3o em regime de Chasing Start.\u00a0Os atletas que se encontrem a mais de uma hora da lideran\u00e7a ou que n\u00e3o tenham corrido uma das etapas de floresta partir\u00e3o em Mass Start, uma hora ap\u00f3s a partida do primeiro atleta.\u00a0O primeiro atleta a terminar a sua prova ser\u00e1 o vencedor do respectivo escal\u00e3o.<\/li>\n<li>A Classifica\u00e7\u00e3o final ser\u00e1 obtida pela soma das pontua\u00e7\u00f5es.<\/li>\n<li>Contactos: Tel. 936264216; e-mail: <a href=\"mailto:info@pom.pt\">info@pom.pt<\/a><\/li>\n<li><strong>Altera\u00e7\u00f5es no dia da prova ter\u00e3o um custo de 2,00\u20ac<\/strong><\/li>\n<\/ul>\n<h3>Inscri\u00e7\u00f5es<\/h3>\n<p>Consulte a <a href=\"http:\/\/pom.pt\/2017\/inscricoes\/\">p\u00e1gina de informa\u00e7\u00f5es sobre inscri\u00e7\u00f5es<\/a><\/p>\n<h3><strong>Escal\u00f5es de Competi\u00e7\u00e3o e Inicia\u00e7\u00e3o<\/strong><\/h3>\n<table border=\"1\" cellspacing=\"0\" cellpadding=\"0\">\n<tbody>\n<tr valign=\"top\">\n<td><strong>COMPETI\u00c7\u00c3O<\/strong><\/td>\n<td><strong>ANO DE NASCIMENTO<\/strong><\/td>\n<\/tr>\n<tr valign=\"top\">\n<td>H\/D 14<\/td>\n<td>2003 e 2004<\/td>\n<\/tr>\n<tr valign=\"top\">\n<td>H\/D 16<\/td>\n<td>2001 e 2002<\/td>\n<\/tr>\n<tr valign=\"top\">\n<td>H\/D 18<\/td>\n<td>1999 e 2000<\/td>\n<\/tr>\n<tr valign=\"top\">\n<td>H\/D 20<\/td>\n<td>1997 e 1998<\/td>\n<\/tr>\n<tr valign=\"top\">\n<td>H\/D 21E\/A\/B<\/td>\n<td>1983 a 1996<\/td>\n<\/tr>\n<tr valign=\"top\">\n<td>H\/D 35<\/td>\n<td>1978 a 1982<\/td>\n<\/tr>\n<tr valign=\"top\">\n<td>H\/D 40<\/td>\n<td>1973 a 1977<\/td>\n<\/tr>\n<tr valign=\"top\">\n<td>H\/D 45<\/td>\n<td>1968 a 1972<\/td>\n<\/tr>\n<tr valign=\"top\">\n<td>H\/D 50<\/td>\n<td>1963 a 1967<\/td>\n<\/tr>\n<tr valign=\"top\">\n<td>H\/D 55<\/td>\n<td>1958 a 1962<\/td>\n<\/tr>\n<tr valign=\"top\">\n<td>H\/D 60<\/td>\n<td>1953 a 1957<\/td>\n<\/tr>\n<tr valign=\"top\">\n<td>H\/D 65<\/td>\n<td>1948 a 1952<\/td>\n<\/tr>\n<tr valign=\"top\">\n<td>H\/D 70<\/td>\n<td>1943 a 1947<\/td>\n<\/tr>\n<tr valign=\"top\">\n<td>H\/D 75<\/td>\n<td>1938 a 1942<\/td>\n<\/tr>\n<tr valign=\"top\">\n<td>H\/D 80<\/td>\n<td>1933 a 1937<\/td>\n<\/tr>\n<tr valign=\"top\">\n<td>H 85<\/td>\n<td>1932 ou antes<\/td>\n<\/tr>\n<tr valign=\"top\">\n<td><strong>INICIA\u00c7\u00c3O<\/strong><\/td>\n<td><strong>ANO DE NASCIMENTO<\/strong><\/td>\n<\/tr>\n<tr valign=\"top\">\n<td>H\/D 10<\/td>\n<td>2007 ou depois<\/td>\n<\/tr>\n<tr valign=\"top\">\n<td>H\/D 12<\/td>\n<td>2005 e 2006<\/td>\n<\/tr>\n<\/tbody>\n<\/table>\n<h3><strong>Escal\u00f5es Abertos<\/strong><\/h3>\n<table border=\"1\" cellspacing=\"0\" cellpadding=\"0\">\n<tbody>\n<tr valign=\"top\">\n<td><strong>EVENTOS DIURNOS<\/strong><\/td>\n<td><strong>DESCRI\u00c7\u00c3O<\/strong><\/td>\n<\/tr>\n<tr valign=\"top\">\n<td>F\u00e1cil Curto<\/td>\n<td>Qualquer idade, sexo, individualmente ou em grupo.<br \/>\n2 a 4 kms ou tempo de execu\u00e7\u00e3o previsto inferior a 40 minutos, por recurso a elementos lineares (preferencialmente caminhos), sem dificuldade t\u00e9cnica, de reduzida exig\u00eancia f\u00edsica, com o maior interesse paisag\u00edstico poss\u00edvel, e aconselhamento t\u00e9cnico;<\/td>\n<\/tr>\n<tr valign=\"top\">\n<td>Dif\u00edcil Curto<\/td>\n<td>Qualquer idade, sexo, individualmente ou em grupo.<br \/>\n3 a 5 kms ou tempo de execu\u00e7\u00e3o previsto inferior a 60 minutos, exigindo algumas t\u00e9cnicas de orienta\u00e7\u00e3o, com dificuldade t\u00e9cnica m\u00e9dia, de baixa exig\u00eancia f\u00edsica;<\/td>\n<\/tr>\n<tr valign=\"top\">\n<td>F\u00e1cil Longo<\/td>\n<td>Qualquer idade, sexo, individualmente ou em grupo.<br \/>\n4 a 6 kms ou tempo de execu\u00e7\u00e3o previsto inferior a 60 minutos, por recurso a elementos lineares, com baixa dificuldade t\u00e9cnica, de baixa exig\u00eancia f\u00edsica, e o maior interesse paisag\u00edstico poss\u00edvel;<\/td>\n<\/tr>\n<tr valign=\"top\">\n<td>Dif\u00edcil Longo<\/td>\n<td>Qualquer idade, sexo, individualmente ou em grupo.<br \/>\n4 a 7 kms ou tempo de execu\u00e7\u00e3o previsto inferior a 80 minutos, percurso formal, exigindo algumas t\u00e9cnicas de orienta\u00e7\u00e3o, com alguma exig\u00eancia f\u00edsica e, tamb\u00e9m, para participa\u00e7\u00e3o de atletas federados que n\u00e3o se tenham inscrito dentro dos prazo fixados.<\/td>\n<\/tr>\n<tr valign=\"top\">\n<td><strong>EVENTOS NOTURNOS<\/strong><\/td>\n<td><strong>DESCRI\u00c7\u00c3O<\/strong><\/td>\n<\/tr>\n<tr valign=\"top\">\n<td>Open Curto<\/td>\n<td>Qualquer idade, sexo, individualmente ou em grupo.<\/td>\n<\/tr>\n<tr valign=\"top\">\n<td>Open Longo<\/td>\n<td>Qualquer idade, sexo, individualmente ou em grupo.<\/td>\n<\/tr>\n<\/tbody>\n<\/table>\n<h3><strong>Babysitting<\/strong><\/h3>\n<p>Nos dias 1 e 2 &#8211; O Babysitting ser\u00e1 instalado a 300m da arena, no lar de S. Ant\u00f3nio:<br \/>\nGPS &#8211;\u00a039\u00b018&#8217;12.5&#8243;N 7\u00b043&#8217;45.2&#8243;W<br \/>\nNos dias 3 e 4 &#8211; O Babysitting ser\u00e1 instalado na\u00a0arena.<br \/>\nNos eventos de Sprint e PreO n\u00e3o vai ser montado Babysitting.<\/p>\n<h3><strong>Localiza\u00e7\u00e3o \/ Direc\u00e7\u00f5es<\/strong><\/h3>\n<p>Os participantes devem seguir as indica\u00e7\u00f5es da organiza\u00e7\u00e3o, relativamente aos acessos aos locais dos eventos e estacionamento. Ver p\u00e1gina de <a href=\"http:\/\/pom.pt\/2017\/en\/local\/\">LOCALIZA\u00c7\u00d5ES<\/a>.<\/p>\n<h3><strong>Alojamento<\/strong><\/h3>\n<p>Solo duro dispon\u00edvel gratuitamente nos Pavilh\u00f5es Municipais de Alter do Ch\u00e3o e Portalegre. O Pavilh\u00e3o de Alter do Ch\u00e3o ser\u00e1 aberto no dia 23, enquanto o de Portalegre ser\u00e1 aberto no dia 25 de Fevereiro.<br \/>\nHor\u00e1rios:<br \/>\n<em><strong>Pavilh\u00e3o Municipal de Alter do Ch\u00e3o:<\/strong><\/em><br \/>\n&#8211; 23 Fevereiro (10h00) &#8211; 28 de Fevereiro (16h00).<br \/>\nGPS: 39\u00b011&#8217;55.2&#8243;N 7\u00b039&#8217;38.5&#8243;W<\/p>\n<p><em><strong>Pavilh\u00e3o Municipal de Portalegre:<\/strong><\/em><br \/>\n&#8211; 25 Fevereiro (12h00) &#8211; 28 de Fevereiro (16h00).<br \/>\nGPS:\u00a039\u00b017&#8217;53.4&#8243;N 7\u00b025&#8217;56.1&#8243;W<\/p>\n<p>Os participantes fazer uso do seu saco cama e colch\u00e3o.<br \/>\nOutras op\u00e7\u00f5es: Existem v\u00e1rias possibilidades de alojamento na \u00e1rea, por favor consultar a p\u00e1gina do <a href=\"http:\/\/pom.pt\/2017\/alojamento\/\">ALOJAMENTO<\/a>.<\/p>\n<h3><strong>Banhos<\/strong><\/h3>\n<p>Banhos dispon\u00edveis em:<br \/>\n&#8211; Pavilh\u00e3o Municipal de Alter do Ch\u00e3o &#8211; 23-28 de Fevereiro.<br \/>\n&#8211; Pavilh\u00e3o Municipal de Portalegre &#8211; 25-28 de Fevereiro.<\/p>\n<h3><strong>Controlo eletr\u00f3nico<\/strong><\/h3>\n<p>O Sportident \u00e9 o sistema electr\u00f3nico de controlo de provas oficial da FPO.<\/p>\n<h3>Contactos<\/h3>\n<p><strong>Grupo Desportivo dos Quatro Caminhos<\/strong><br \/>\n<strong>Telem\u00f3vel:<\/strong> 96 425 41 74 \/ 93 626 42 16<\/p>","protected":false},"excerpt":{"rendered":"<p>Informa\u00e7\u00f5es importantes N\u00e3o ser\u00e3o permitidas partidas a atletas sem um peitoral vis\u00edvel. Os peitorais ser\u00e3o atribu\u00eddos pela organiza\u00e7\u00e3o. N\u00e3o ser\u00e3o permitidas partidas a atletas sem cart\u00e3o SI (chip) ou com um n\u00famero diferente do constante da inscri\u00e7\u00e3o, altera\u00e7\u00f5es dever\u00e3o ser feitas com anteced\u00eancia por e-mail, no secretariado da prova. Se algum escal\u00e3o de Elite tiver mais de 120 atletas inscritos, ser\u00e1 dividido em dois escal\u00f5es com percursos equivalentes. A divis\u00e3o ser\u00e1 feita de acordo com a classifica\u00e7\u00e3o no Ranking mundial no dia 1 de Janeiro de 2017 (Ver http:\/\/ranking.orienteering.org\/Ranking). Os atletas melhor classificados ser\u00e3o movidos para um escal\u00e3o SuperElite. Ambos realizar\u00e3o um percurso semelhante. Chasing start &#8211;\u00a0\u2013 Na \u00faltima etapa, [&hellip;]<\/p>\n","protected":false},"author":4,"featured_media":0,"parent":0,"menu_order":0,"comment_status":"closed","ping_status":"closed","template":"","meta":{"_monsterinsights_skip_tracking":false,"_monsterinsights_sitenote_active":false,"_monsterinsights_sitenote_note":"","_monsterinsights_sitenote_category":0,"footnotes":""},"class_list":["post-2613","page","type-page","status-publish","hentry"],"_links":{"self":[{"href":"https:\/\/pom.pt\/2017\/wp-json\/wp\/v2\/pages\/2613","targetHints":{"allow":["GET"]}}],"collection":[{"href":"https:\/\/pom.pt\/2017\/wp-json\/wp\/v2\/pages"}],"about":[{"href":"https:\/\/pom.pt\/2017\/wp-json\/wp\/v2\/types\/page"}],"author":[{"embeddable":true,"href":"https:\/\/pom.pt\/2017\/wp-json\/wp\/v2\/users\/4"}],"replies":[{"embeddable":true,"href":"https:\/\/pom.pt\/2017\/wp-json\/wp\/v2\/comments?post=2613"}],"version-history":[{"count":40,"href":"https:\/\/pom.pt\/2017\/wp-json\/wp\/v2\/pages\/2613\/revisions"}],"predecessor-version":[{"id":3780,"href":"https:\/\/pom.pt\/2017\/wp-json\/wp\/v2\/pages\/2613\/revisions\/3780"}],"wp:attachment":[{"href":"https:\/\/pom.pt\/2017\/wp-json\/wp\/v2\/media?parent=2613"}],"curies":[{"name":"wp","href":"https:\/\/api.w.org\/{rel}","templated":true}]}}