{"id":2534,"date":"2016-07-24T17:18:02","date_gmt":"2016-07-24T16:18:02","guid":{"rendered":"http:\/\/pom.pt\/2017\/?page_id=2534"},"modified":"2017-01-20T18:37:29","modified_gmt":"2017-01-20T18:37:29","slug":"apresentacao","status":"publish","type":"page","link":"https:\/\/pom.pt\/2017\/apresentacao\/","title":{"rendered":"Apresenta\u00e7\u00e3o"},"content":{"rendered":"<p><\/p>\n<p style=\"text-align: justify\">Pela terceira vez no seu historial, o Grupo Desportivo dos Quatro Caminhos organiza o Portugal O\u2019 Meeting.<\/p>\n<p style=\"text-align: justify\">Em 2003 o palco escolhido foi o Minho (Paredes de Coura e Viana do Castelo).<\/p>\n<p style=\"text-align: justify\">Como em 2011 o POM 2017 regressa ao Alto Alentejo onde se funde com o nosso evento de elei\u00e7\u00e3o, o Norte Alentejano &#8220;O&#8221; Meeting.<\/p>\n<p style=\"text-align: justify\">S\u00e3o tr\u00eas Concelhos vizinhos com excelentes condi\u00e7\u00f5es para o Turismo e para o Desporto na Natureza (Portalegre, Alter do Ch\u00e3o e Crato) que d\u00e3o as m\u00e3os e unem esfor\u00e7os para realizar um evento inesquec\u00edvel.<\/p>\n<p style=\"text-align: justify\">O Portugal &#8220;O&#8221; Meeting \u00e9 um evento de Orienta\u00e7\u00e3o pedestre, integrado no Ranking Mundial da Federa\u00e7\u00e3o Internacional de Orienta\u00e7\u00e3o (IOF WRE) e no ranking da Ta\u00e7a de Portugal da Federa\u00e7\u00e3o Portuguesa de Orienta\u00e7\u00e3o, aberto a pessoas de qualquer idade, podendo participar nos escal\u00f5es de competi\u00e7\u00e3o ou nos escal\u00f5es abertos, individualmente, ou em grupo.<\/p>\n<p style=\"text-align: justify\">O Portugal &#8220;O&#8221; Meeting ser\u00e1 constitu\u00eddo pelos seguintes eventos:<\/p>\n<p style=\"text-align: justify\">\u2022 23 e 24 de Fevereiro 2017 &#8211; Provas de treino;<\/p>\n<p style=\"text-align: justify\">\u2022 25 de Fevereiro 2017 &#8211; Prova de dist\u00e2ncia M\u00e9dia &#8211; Crato (Aldeia da Mata);<\/p>\n<p style=\"text-align: justify\">\u2022 25 de Fevereiro 2017 &#8211; Prova de Sprint Noturno \u2013 Alter do Ch\u00e3o;<\/p>\n<p style=\"text-align: justify\">\u2022 26 de Fevereiro 2017 &#8211; Prova de dist\u00e2ncia Longa \u2013 Crato (Aldeia da Mata);<\/p>\n<p style=\"text-align: justify\">\u2022 26 de Fevereiro 2017 &#8211; PreO \u2013 Alter do Ch\u00e3o (Coudelaria de Alter);<\/p>\n<p style=\"text-align: justify\">\u2022\u00a027 de Fevereiro 2017 \u2013 Prova de dist\u00e2ncia M\u00e9dia &#8211; WRE (NAOM 2017) \u2013 Portalegre ;<\/p>\n<p style=\"text-align: justify\">\u2022 28 de Fevereiro 2017 &#8211; Prova de dist\u00e2ncia Longa &#8211; Portalegre<\/p>\n<p style=\"text-align: justify\">A organiza\u00e7\u00e3o d\u00e1 as boas vindas a todos os participantes no POM 2017.<\/p>\n<p><\/p>","protected":false},"excerpt":{"rendered":"<p>Pela terceira vez no seu historial, o Grupo Desportivo dos Quatro Caminhos organiza o Portugal O\u2019 Meeting. Em 2003 o palco escolhido foi o Minho (Paredes de Coura e Viana do Castelo). Como em 2011 o POM 2017 regressa ao Alto Alentejo onde se funde com o nosso evento de elei\u00e7\u00e3o, o Norte Alentejano &#8220;O&#8221; Meeting. S\u00e3o tr\u00eas Concelhos vizinhos com excelentes condi\u00e7\u00f5es para o Turismo e para o Desporto na Natureza (Portalegre, Alter do Ch\u00e3o e Crato) que d\u00e3o as m\u00e3os e unem esfor\u00e7os para realizar um evento inesquec\u00edvel. O Portugal &#8220;O&#8221; Meeting \u00e9 um evento de Orienta\u00e7\u00e3o pedestre, integrado no Ranking Mundial da Federa\u00e7\u00e3o Internacional de Orienta\u00e7\u00e3o (IOF [&hellip;]<\/p>\n","protected":false},"author":4,"featured_media":0,"parent":0,"menu_order":0,"comment_status":"closed","ping_status":"closed","template":"","meta":{"_monsterinsights_skip_tracking":false,"_monsterinsights_sitenote_active":false,"_monsterinsights_sitenote_note":"","_monsterinsights_sitenote_category":0,"footnotes":""},"class_list":["post-2534","page","type-page","status-publish","hentry"],"_links":{"self":[{"href":"https:\/\/pom.pt\/2017\/wp-json\/wp\/v2\/pages\/2534","targetHints":{"allow":["GET"]}}],"collection":[{"href":"https:\/\/pom.pt\/2017\/wp-json\/wp\/v2\/pages"}],"about":[{"href":"https:\/\/pom.pt\/2017\/wp-json\/wp\/v2\/types\/page"}],"author":[{"embeddable":true,"href":"https:\/\/pom.pt\/2017\/wp-json\/wp\/v2\/users\/4"}],"replies":[{"embeddable":true,"href":"https:\/\/pom.pt\/2017\/wp-json\/wp\/v2\/comments?post=2534"}],"version-history":[{"count":17,"href":"https:\/\/pom.pt\/2017\/wp-json\/wp\/v2\/pages\/2534\/revisions"}],"predecessor-version":[{"id":3592,"href":"https:\/\/pom.pt\/2017\/wp-json\/wp\/v2\/pages\/2534\/revisions\/3592"}],"wp:attachment":[{"href":"https:\/\/pom.pt\/2017\/wp-json\/wp\/v2\/media?parent=2534"}],"curies":[{"name":"wp","href":"https:\/\/api.w.org\/{rel}","templated":true}]}}