{"id":2488,"date":"2016-07-22T14:55:49","date_gmt":"2016-07-22T13:55:49","guid":{"rendered":"http:\/\/pom.pt\/2017\/?page_id=2488"},"modified":"2016-08-10T21:33:25","modified_gmt":"2016-08-10T20:33:25","slug":"camara-municipal-de-portalegre","status":"publish","type":"page","link":"https:\/\/pom.pt\/2017\/camara-municipal-de-portalegre\/","title":{"rendered":"C\u00e2mara Municipal de Portalegre"},"content":{"rendered":"<p><\/p>\n<p style=\"text-align: justify\"><img loading=\"lazy\" decoding=\"async\" class=\"alignleft wp-image-2496 size-full\" src=\"http:\/\/pom.pt\/2017\/wp-content\/uploads\/sites\/3\/2016\/07\/presidente_cm_portalegre.jpg\" width=\"319\" height=\"318\" srcset=\"https:\/\/pom.pt\/2017\/wp-content\/uploads\/sites\/3\/2016\/07\/presidente_cm_portalegre.jpg 319w, https:\/\/pom.pt\/2017\/wp-content\/uploads\/sites\/3\/2016\/07\/presidente_cm_portalegre-150x150.jpg 150w, https:\/\/pom.pt\/2017\/wp-content\/uploads\/sites\/3\/2016\/07\/presidente_cm_portalegre-300x300.jpg 300w\" sizes=\"auto, (max-width: 319px) 100vw, 319px\" \/><\/p>\n<p style=\"text-align: justify\">Uma vez mais, o munic\u00edpio de Portalegre vai receber o Portugal O\u2019Meeting, que em 2017 atingir\u00e1 a sua 22\u00aa edi\u00e7\u00e3o.<\/p>\n<p style=\"text-align: justify\">Como n\u00e3o poderia deixar de ser, e uma vez que estamos a falar do maior evento de orienta\u00e7\u00e3o pedestre que \u00e9 organizado de forma regular no nosso Pa\u00eds e de um dos maiores, e de refer\u00eancia, a n\u00edvel mundial, \u00e9 para n\u00f3s motivo de enorme satisfa\u00e7\u00e3o e orgulho recebermos esta prova e todos aqueles que nela participam ou que se deslocam \u00e0 nossa regi\u00e3o por causa da mesma (atletas, acompanhantes, elementos da organiza\u00e7\u00e3o, patrocinadores, comunica\u00e7\u00e3o social\u2026).<\/p>\n<p style=\"text-align: justify\">A todos apresentamos, desde j\u00e1, as nossas mais calorosas boas-vindas!<\/p>\n<p style=\"text-align: justify\">Estamos certos de que as excelentes condi\u00e7\u00f5es naturais de que dispomos para a pr\u00e1tica desta modalidade desportiva, a que se junta a forma franca e af\u00e1vel de receber e de acolher aqueles que nos visitam, que \u00e9 t\u00edpica das nossas gentes, contribuir\u00e3o de forma marcante para o sucesso deste evento.<\/p>\n<p style=\"text-align: justify\">Pela nossa parte, nesta e em futuras edi\u00e7\u00f5es do Portugal O\u2019Meeting que, eventualmente, se venham a realizar no nosso concelho e na nossa regi\u00e3o, tudo faremos para corresponder \u00e0s expectativas da organiza\u00e7\u00e3o e dos participantes na mesma.<\/p>\n<p style=\"text-align: justify\">Uma vez mais, sejam todos bem-vindos a Portalegre!<\/p>\n<p>Maria Adelaide Teixeira<\/p>\n<p>Presidente da C\u00e2mara Municipal de Portalegre<\/p>","protected":false},"excerpt":{"rendered":"<p>Uma vez mais, o munic\u00edpio de Portalegre vai receber o Portugal O\u2019Meeting, que em 2017 atingir\u00e1 a sua 22\u00aa edi\u00e7\u00e3o. Como n\u00e3o poderia deixar de ser, e uma vez que estamos a falar do maior evento de orienta\u00e7\u00e3o pedestre que \u00e9 organizado de forma regular no nosso Pa\u00eds e de um dos maiores, e de refer\u00eancia, a n\u00edvel mundial, \u00e9 para n\u00f3s motivo de enorme satisfa\u00e7\u00e3o e orgulho recebermos esta prova e todos aqueles que nela participam ou que se deslocam \u00e0 nossa regi\u00e3o por causa da mesma (atletas, acompanhantes, elementos da organiza\u00e7\u00e3o, patrocinadores, comunica\u00e7\u00e3o social\u2026). A todos apresentamos, desde j\u00e1, as nossas mais calorosas boas-vindas! Estamos certos de que [&hellip;]<\/p>\n","protected":false},"author":4,"featured_media":0,"parent":0,"menu_order":0,"comment_status":"closed","ping_status":"closed","template":"","meta":{"_monsterinsights_skip_tracking":false,"_monsterinsights_sitenote_active":false,"_monsterinsights_sitenote_note":"","_monsterinsights_sitenote_category":0,"footnotes":""},"class_list":["post-2488","page","type-page","status-publish","hentry"],"_links":{"self":[{"href":"https:\/\/pom.pt\/2017\/wp-json\/wp\/v2\/pages\/2488","targetHints":{"allow":["GET"]}}],"collection":[{"href":"https:\/\/pom.pt\/2017\/wp-json\/wp\/v2\/pages"}],"about":[{"href":"https:\/\/pom.pt\/2017\/wp-json\/wp\/v2\/types\/page"}],"author":[{"embeddable":true,"href":"https:\/\/pom.pt\/2017\/wp-json\/wp\/v2\/users\/4"}],"replies":[{"embeddable":true,"href":"https:\/\/pom.pt\/2017\/wp-json\/wp\/v2\/comments?post=2488"}],"version-history":[{"count":12,"href":"https:\/\/pom.pt\/2017\/wp-json\/wp\/v2\/pages\/2488\/revisions"}],"predecessor-version":[{"id":3035,"href":"https:\/\/pom.pt\/2017\/wp-json\/wp\/v2\/pages\/2488\/revisions\/3035"}],"wp:attachment":[{"href":"https:\/\/pom.pt\/2017\/wp-json\/wp\/v2\/media?parent=2488"}],"curies":[{"name":"wp","href":"https:\/\/api.w.org\/{rel}","templated":true}]}}