{"id":2484,"date":"2016-07-22T14:50:52","date_gmt":"2016-07-22T13:50:52","guid":{"rendered":"http:\/\/pom.pt\/2017\/?page_id=2484"},"modified":"2016-08-10T21:24:27","modified_gmt":"2016-08-10T20:24:27","slug":"cm-alter-do-chao","status":"publish","type":"page","link":"https:\/\/pom.pt\/2017\/cm-alter-do-chao\/","title":{"rendered":"C\u00e2mara Municipal de Alter do Ch\u00e3o"},"content":{"rendered":"<p><\/p>\n<p style=\"text-align: justify\"><img loading=\"lazy\" decoding=\"async\" class=\"alignleft size-full wp-image-2600\" src=\"http:\/\/pom.pt\/2017\/wp-content\/uploads\/sites\/3\/2016\/07\/presidente_cm_alter.jpg\" alt=\"cm_alter_president\" width=\"194\" height=\"275\" \/>Alter do Ch\u00e3o aceitou, uma vez mais, o desafio de receber, tal como em 2009, um dos mais importantes eventos desportivos levados a efeito na nossa regi\u00e3o, o Norte Alentejano O\u2019 Meeting. Esta prestigiada prova internacional encontra no Alto Alentejo condi\u00e7\u00f5es excecionais para a sua realiza\u00e7\u00e3o: a morfologia do terreno; a luminosidade impar do sol; a ligeira brisa associada \u00e0 claridade da lua; as paisagens e os cheiros das nossas flores silvestres, s\u00e3o atributos end\u00f3genos que deixo \u00e0 vossa descoberta.<\/p>\n<p style=\"text-align: justify\">Destaco ainda a arte de bem receber deste bom povo alentejano que, sem qualquer d\u00favida, se associar\u00e1 a esta iniciativa, acolhendo de forma calorosa todos os participantes.<\/p>\n<p style=\"text-align: justify\">A Coudelaria de Alter, \u00e9 a Coudelaria mais antiga do mundo sedeada no mesmo local. Aqui \u00e9 criado o famoso e brioso Cavalo Alter Real, modelo estatu\u00e1rio ao longo de gera\u00e7\u00f5es, encontrando-se devidamente imortalizado e homenageado numa rotunda em Alter do Ch\u00e3o e no Terreiro do Pa\u00e7o em Lisboa. A Coudelaria disp\u00f5e ainda de um patrim\u00f3nio arquitet\u00f3nico que \u00e9 impar no seu conjunto. Sendo que um dos locais escolhidos para uma das provas de orienta\u00e7\u00e3o \u00e9 a Coudelaria de Alter, todos os participantes e acompanhantes ter\u00e3o oportunidade de conhecer este magnifico espa\u00e7o.<\/p>\n<p style=\"text-align: justify\">O Portugal O\u2019 Meeting 2017 ser\u00e1 com toda a certeza um dos maiores eventos que Alter ir\u00e1 receber, tanto pela notoriedade que j\u00e1 conquistou, como tamb\u00e9m, pela grande mobiliza\u00e7\u00e3o de participantes que oferece a Alter do Ch\u00e3o e \u00e0 Regi\u00e3o, contribuindo para uma maior aflu\u00eancia de pessoas que podem beneficiar de toda a nossa oferta cultural, tur\u00edstica e gastron\u00f3mica.<\/p>\n<p style=\"text-align: justify\">Com votos de boas provas e \u00f3tima estadia na nossa terra, dou as boas vindas a todos os participantes, acompanhantes e organizadores, desejando que este acontecimento seja, mais uma vez, brindado pelo \u00eaxito!<\/p>\n<p style=\"text-align: justify\">Uma agrad\u00e1vel estadia para todos!<\/p>\n<p style=\"text-align: justify\">Joviano Vitorino<\/p>\n<p style=\"text-align: justify\">Presidente da C\u00e2mara Municipal de Alter do Ch\u00e3o<\/p>\n<p><\/p>","protected":false},"excerpt":{"rendered":"<p>Alter do Ch\u00e3o aceitou, uma vez mais, o desafio de receber, tal como em 2009, um dos mais importantes eventos desportivos levados a efeito na nossa regi\u00e3o, o Norte Alentejano O\u2019 Meeting. Esta prestigiada prova internacional encontra no Alto Alentejo condi\u00e7\u00f5es excecionais para a sua realiza\u00e7\u00e3o: a morfologia do terreno; a luminosidade impar do sol; a ligeira brisa associada \u00e0 claridade da lua; as paisagens e os cheiros das nossas flores silvestres, s\u00e3o atributos end\u00f3genos que deixo \u00e0 vossa descoberta. Destaco ainda a arte de bem receber deste bom povo alentejano que, sem qualquer d\u00favida, se associar\u00e1 a esta iniciativa, acolhendo de forma calorosa todos os participantes. A Coudelaria de [&hellip;]<\/p>\n","protected":false},"author":4,"featured_media":0,"parent":0,"menu_order":0,"comment_status":"closed","ping_status":"closed","template":"","meta":{"_monsterinsights_skip_tracking":false,"_monsterinsights_sitenote_active":false,"_monsterinsights_sitenote_note":"","_monsterinsights_sitenote_category":0,"footnotes":""},"class_list":["post-2484","page","type-page","status-publish","hentry"],"_links":{"self":[{"href":"https:\/\/pom.pt\/2017\/wp-json\/wp\/v2\/pages\/2484","targetHints":{"allow":["GET"]}}],"collection":[{"href":"https:\/\/pom.pt\/2017\/wp-json\/wp\/v2\/pages"}],"about":[{"href":"https:\/\/pom.pt\/2017\/wp-json\/wp\/v2\/types\/page"}],"author":[{"embeddable":true,"href":"https:\/\/pom.pt\/2017\/wp-json\/wp\/v2\/users\/4"}],"replies":[{"embeddable":true,"href":"https:\/\/pom.pt\/2017\/wp-json\/wp\/v2\/comments?post=2484"}],"version-history":[{"count":12,"href":"https:\/\/pom.pt\/2017\/wp-json\/wp\/v2\/pages\/2484\/revisions"}],"predecessor-version":[{"id":3033,"href":"https:\/\/pom.pt\/2017\/wp-json\/wp\/v2\/pages\/2484\/revisions\/3033"}],"wp:attachment":[{"href":"https:\/\/pom.pt\/2017\/wp-json\/wp\/v2\/media?parent=2484"}],"curies":[{"name":"wp","href":"https:\/\/api.w.org\/{rel}","templated":true}]}}