{"id":2476,"date":"2016-07-22T14:46:01","date_gmt":"2016-07-22T13:46:01","guid":{"rendered":"http:\/\/pom.pt\/2017\/?page_id=2476"},"modified":"2017-01-20T18:32:01","modified_gmt":"2017-01-20T18:32:01","slug":"federacao-portuguesa-de-orientacao","status":"publish","type":"page","link":"https:\/\/pom.pt\/2017\/federacao-portuguesa-de-orientacao\/","title":{"rendered":"Federa\u00e7\u00e3o Portuguesa de Orienta\u00e7\u00e3o"},"content":{"rendered":"<p><img loading=\"lazy\" decoding=\"async\" class=\"alignleft size-medium wp-image-3353\" src=\"http:\/\/pom.pt\/2017\/wp-content\/uploads\/sites\/3\/2016\/07\/fpo-300x225.jpg\" alt=\"fpo\" width=\"300\" height=\"225\" srcset=\"https:\/\/pom.pt\/2017\/wp-content\/uploads\/sites\/3\/2016\/07\/fpo-300x225.jpg 300w, https:\/\/pom.pt\/2017\/wp-content\/uploads\/sites\/3\/2016\/07\/fpo.jpg 640w\" sizes=\"auto, (max-width: 300px) 100vw, 300px\" \/><\/p>\n<p>As paisagens naturais adornadas por elementos gran\u00edticos e os labir\u00ednticos jardins floridos dos munic\u00edpios do Crato, Alter do Ch\u00e3o e Portalegre combinam-se no harmonioso quadro em que se disputam desafiantes percursos de orienta\u00e7\u00e3o do Portugal &#8220;O&#8221; Meeting 2017, organizado pelo Grupo Desportivo dos Quatro Caminhos. A todos os atletas participantes, nacionais e estrangeiros, desejo o melhor sucesso desportivo e uma inesquec\u00edvel experi\u00eancia social e humana, nestas terras de sol, hist\u00f3ria, mem\u00f3ria, cultura material e imaterial.<br \/>\n\u00c0s gentes da terra: bem-haja pelo calor que d\u00e3o a quem vos visita e juntem-se a n\u00f3s, no que \u00e9 vosso.<\/p>\n<p>Sejam bem vindos, todos.<\/p>\n<p>Marco Alpande P\u00f3voa<\/p>\n<p>Presidente da Federa\u00e7\u00e3o Portuguesa de Orienta\u00e7\u00e3o<\/p>","protected":false},"excerpt":{"rendered":"<p>As paisagens naturais adornadas por elementos gran\u00edticos e os labir\u00ednticos jardins floridos dos munic\u00edpios do Crato, Alter do Ch\u00e3o e Portalegre combinam-se no harmonioso quadro em que se disputam desafiantes percursos de orienta\u00e7\u00e3o do Portugal &#8220;O&#8221; Meeting 2017, organizado pelo Grupo Desportivo dos Quatro Caminhos. A todos os atletas participantes, nacionais e estrangeiros, desejo o melhor sucesso desportivo e uma inesquec\u00edvel experi\u00eancia social e humana, nestas terras de sol, hist\u00f3ria, mem\u00f3ria, cultura material e imaterial. \u00c0s gentes da terra: bem-haja pelo calor que d\u00e3o a quem vos visita e juntem-se a n\u00f3s, no que \u00e9 vosso. Sejam bem vindos, todos. Marco Alpande P\u00f3voa Presidente da Federa\u00e7\u00e3o Portuguesa de Orienta\u00e7\u00e3o<\/p>\n","protected":false},"author":4,"featured_media":0,"parent":0,"menu_order":0,"comment_status":"closed","ping_status":"closed","template":"","meta":{"_monsterinsights_skip_tracking":false,"_monsterinsights_sitenote_active":false,"_monsterinsights_sitenote_note":"","_monsterinsights_sitenote_category":0,"footnotes":""},"class_list":["post-2476","page","type-page","status-publish","hentry"],"_links":{"self":[{"href":"https:\/\/pom.pt\/2017\/wp-json\/wp\/v2\/pages\/2476","targetHints":{"allow":["GET"]}}],"collection":[{"href":"https:\/\/pom.pt\/2017\/wp-json\/wp\/v2\/pages"}],"about":[{"href":"https:\/\/pom.pt\/2017\/wp-json\/wp\/v2\/types\/page"}],"author":[{"embeddable":true,"href":"https:\/\/pom.pt\/2017\/wp-json\/wp\/v2\/users\/4"}],"replies":[{"embeddable":true,"href":"https:\/\/pom.pt\/2017\/wp-json\/wp\/v2\/comments?post=2476"}],"version-history":[{"count":8,"href":"https:\/\/pom.pt\/2017\/wp-json\/wp\/v2\/pages\/2476\/revisions"}],"predecessor-version":[{"id":3356,"href":"https:\/\/pom.pt\/2017\/wp-json\/wp\/v2\/pages\/2476\/revisions\/3356"}],"wp:attachment":[{"href":"https:\/\/pom.pt\/2017\/wp-json\/wp\/v2\/media?parent=2476"}],"curies":[{"name":"wp","href":"https:\/\/api.w.org\/{rel}","templated":true}]}}