{"id":2469,"date":"2016-07-22T14:40:30","date_gmt":"2016-07-22T13:40:30","guid":{"rendered":"http:\/\/pom.pt\/2017\/?page_id=2469"},"modified":"2017-01-20T18:26:08","modified_gmt":"2017-01-20T18:26:08","slug":"boas-vindas-grupo-desportivo-4-caminhos","status":"publish","type":"page","link":"https:\/\/pom.pt\/2017\/boas-vindas-grupo-desportivo-4-caminhos\/","title":{"rendered":"Grupo Desportivo 4 Caminhos"},"content":{"rendered":"<p><img loading=\"lazy\" decoding=\"async\" class=\"alignleft size-medium wp-image-3386\" src=\"http:\/\/pom.pt\/2017\/wp-content\/uploads\/sites\/3\/2016\/07\/luis-260x300.jpg\" alt=\"\" width=\"260\" height=\"300\" srcset=\"https:\/\/pom.pt\/2017\/wp-content\/uploads\/sites\/3\/2016\/07\/luis-260x300.jpg 260w, https:\/\/pom.pt\/2017\/wp-content\/uploads\/sites\/3\/2016\/07\/luis-768x887.jpg 768w, https:\/\/pom.pt\/2017\/wp-content\/uploads\/sites\/3\/2016\/07\/luis-886x1024.jpg 886w, https:\/\/pom.pt\/2017\/wp-content\/uploads\/sites\/3\/2016\/07\/luis.jpg 1936w\" sizes=\"auto, (max-width: 260px) 100vw, 260px\" \/><\/p>\n<p><span style=\"font-family: Times New Roman,serif;\"><span style=\"font-size: medium;\"><span style=\"color: #222222;\"><span style=\"font-family: Arial,serif;\"><span style=\"font-size: small;\">Caros Orientistas,<\/span><\/span><\/span><\/span><\/span><\/p>\n<p><span style=\"font-family: Times New Roman,serif;\"><span style=\"font-size: medium;\"><span style=\"color: #222222;\"><span style=\"font-family: Arial,serif;\"><span style=\"font-size: small;\">O Portugal O\u2019 Meeting \u00e9 o principal evento de orienta\u00e7\u00e3o Pedestre que se realiza anualmente em Portugal.<\/span><\/span><\/span><\/span><\/span><\/p>\n<p><span style=\"font-family: Times New Roman,serif;\"><span style=\"font-size: medium;\"><span style=\"color: #222222;\"><span style=\"font-family: Arial,serif;\"><span style=\"font-size: small;\">A organiza\u00e7\u00e3o pretende manter o n\u00edvel organizativo que o evento atingiu ao longo dos 21 anos da sua exist\u00eancia, com mapas e percursos de qualidade e uma vasta oferta tur\u00edstica que esta Regi\u00e3o tem para oferecer.<\/span><\/span><\/span><\/span><\/span><\/p>\n<p><span style=\"font-family: Times New Roman,serif;\"><span style=\"font-size: medium;\"><span style=\"color: #222222;\"><span style=\"font-family: Arial,serif;\"><span style=\"font-size: small;\">O evento WRE, a realizar no dia 27 de Fevereiro &#8211; Norte Alentejano O\u2019 Meeting, adoptou a denomina\u00e7\u00e3o do evento que nos \u00faltimos 10 anos leva a Orienta\u00e7\u00e3o a esta Regi\u00e3o.<\/span><\/span><\/span><\/span><\/span><\/p>\n<p><span style=\"font-family: Times New Roman,serif;\"><span style=\"font-size: medium;\"><span style=\"color: #222222;\"><span style=\"font-family: Arial,serif;\"><span style=\"font-size: small;\">Desejamos que desfrutem da melhor maneira o tempo que permanecerem em Portalegre, Alter do Ch\u00e3o e Crato, sempre num esp\u00edrito de s\u00e3 camaradagem, desportivismo e respeito pela natureza.<\/span><\/span><\/span><\/span><\/span><\/p>\n<p>&nbsp;<\/p>\n<p><span style=\"font-family: Times New Roman,serif;\"><span style=\"font-size: medium;\"><span style=\"color: #222222;\"><span style=\"font-family: Arial,serif;\"><span style=\"font-size: small;\">Luis Leite<\/span><\/span><\/span><\/span><\/span><\/p>\n<p><span style=\"font-family: Times New Roman,serif;\"><span style=\"font-size: medium;\"><span style=\"color: #222222;\"><span style=\"font-family: Arial,serif;\"><span style=\"font-size: small;\">Presidente do Grupo Desportivo dos Quatro Caminhos<\/span><\/span><\/span><\/span><\/span><\/p>","protected":false},"excerpt":{"rendered":"<p>Caros Orientistas, O Portugal O\u2019 Meeting \u00e9 o principal evento de orienta\u00e7\u00e3o Pedestre que se realiza anualmente em Portugal. A organiza\u00e7\u00e3o pretende manter o n\u00edvel organizativo que o evento atingiu ao longo dos 21 anos da sua exist\u00eancia, com mapas e percursos de qualidade e uma vasta oferta tur\u00edstica que esta Regi\u00e3o tem para oferecer. O evento WRE, a realizar no dia 27 de Fevereiro &#8211; Norte Alentejano O\u2019 Meeting, adoptou a denomina\u00e7\u00e3o do evento que nos \u00faltimos 10 anos leva a Orienta\u00e7\u00e3o a esta Regi\u00e3o. Desejamos que desfrutem da melhor maneira o tempo que permanecerem em Portalegre, Alter do Ch\u00e3o e Crato, sempre num esp\u00edrito de s\u00e3 camaradagem, desportivismo [&hellip;]<\/p>\n","protected":false},"author":4,"featured_media":0,"parent":0,"menu_order":0,"comment_status":"closed","ping_status":"closed","template":"","meta":{"_monsterinsights_skip_tracking":false,"_monsterinsights_sitenote_active":false,"_monsterinsights_sitenote_note":"","_monsterinsights_sitenote_category":0,"footnotes":""},"class_list":["post-2469","page","type-page","status-publish","hentry"],"_links":{"self":[{"href":"https:\/\/pom.pt\/2017\/wp-json\/wp\/v2\/pages\/2469","targetHints":{"allow":["GET"]}}],"collection":[{"href":"https:\/\/pom.pt\/2017\/wp-json\/wp\/v2\/pages"}],"about":[{"href":"https:\/\/pom.pt\/2017\/wp-json\/wp\/v2\/types\/page"}],"author":[{"embeddable":true,"href":"https:\/\/pom.pt\/2017\/wp-json\/wp\/v2\/users\/4"}],"replies":[{"embeddable":true,"href":"https:\/\/pom.pt\/2017\/wp-json\/wp\/v2\/comments?post=2469"}],"version-history":[{"count":11,"href":"https:\/\/pom.pt\/2017\/wp-json\/wp\/v2\/pages\/2469\/revisions"}],"predecessor-version":[{"id":3590,"href":"https:\/\/pom.pt\/2017\/wp-json\/wp\/v2\/pages\/2469\/revisions\/3590"}],"wp:attachment":[{"href":"https:\/\/pom.pt\/2017\/wp-json\/wp\/v2\/media?parent=2469"}],"curies":[{"name":"wp","href":"https:\/\/api.w.org\/{rel}","templated":true}]}}