{"id":2346,"date":"2016-05-16T16:30:23","date_gmt":"2016-05-16T16:30:23","guid":{"rendered":"http:\/\/pomteste.myone.pt\/?page_id=2346"},"modified":"2017-02-01T10:15:17","modified_gmt":"2017-02-01T10:15:17","slug":"inscricoes","status":"publish","type":"page","link":"https:\/\/pom.pt\/2017\/inscricoes\/","title":{"rendered":"INSCRI\u00c7\u00d5ES"},"content":{"rendered":"<p><strong>Taxas de inscri\u00e7\u00e3o para cada etapa de dist\u00e2ncia m\u00e9dia ou longa<br \/>\n<\/strong><\/p>\n<p>Nos escal\u00f5es abertos n\u00e3o \u00e9 cobrado aluguer de chip e n\u00e3o h\u00e1 agravamento de taxa at\u00e9 ao dia da prova, ficando, no entanto, condicionadas \u00e0 disponibilidade de mapas.<\/p>\n<table border=\"1\">\n<tbody>\n<tr>\n<td><strong>Filiados na FPO \u00a0e FEDO<\/strong><\/td>\n<td><strong>At\u00e9 10 Fev<\/strong><\/td>\n<td><strong>De 11 a 13 Fev<\/strong><\/td>\n<\/tr>\n<tr>\n<td>Nascidos em 1997 e depois<\/td>\n<td>3,00 \u20ac<\/td>\n<td>4,50 \u20ac<\/td>\n<\/tr>\n<tr>\n<td>Nascidos em 1996 e antes<\/td>\n<td>6,00 \u20ac<\/td>\n<td>9,00 \u20ac<\/td>\n<\/tr>\n<tr>\n<td>Escal\u00f5es Elite<\/td>\n<td>7,00 \u20ac<\/td>\n<td>10,00 \u20ac<\/td>\n<\/tr>\n<tr>\n<td><strong>Outros<\/strong><\/td>\n<td><\/td>\n<td><\/td>\n<\/tr>\n<tr>\n<td>Nascidos em 1996 e depois<\/td>\n<td>5,00 \u20ac<\/td>\n<td>7,50 \u20ac<\/td>\n<\/tr>\n<tr>\n<td>Nascidos em 1996 e antes<\/td>\n<td>10,00 \u20ac<\/td>\n<td>15,00 \u20ac<\/td>\n<\/tr>\n<tr>\n<td>Escal\u00f5es Elite<\/td>\n<td>11,00 \u20ac<\/td>\n<td>16,00 \u20ac<\/td>\n<\/tr>\n<\/tbody>\n<\/table>\n<p>&nbsp;<\/p>\n<p><strong>Taxas de inscri\u00e7\u00e3o no Sprint noturno<\/strong><\/p>\n<table border=\"1\">\n<tbody>\n<tr>\n<td><strong>Filiados na FPO \u00a0e FEDO<\/strong><\/td>\n<td><strong>At\u00e9 10 Fev<\/strong><\/td>\n<td><strong>De 11 a 13 Fev<\/strong><\/td>\n<\/tr>\n<tr>\n<td>Nascidos em 1997 e depois<\/td>\n<td>2,50 \u20ac<\/td>\n<td>3,00 \u20ac<\/td>\n<\/tr>\n<tr>\n<td>Nascidos em 1996 e antes<\/td>\n<td>4,00 \u20ac<\/td>\n<td>5,00 \u20ac<\/td>\n<\/tr>\n<tr>\n<td><strong>Outros<\/strong><\/td>\n<td><\/td>\n<td><\/td>\n<\/tr>\n<tr>\n<td>Nascidos em 1997 e depois<\/td>\n<td>3,00 \u20ac<\/td>\n<td>3,00 \u20ac<\/td>\n<\/tr>\n<tr>\n<td>Nascidos em 1996 e antes<\/td>\n<td>5,00 \u20ac<\/td>\n<td>5,00 \u20ac<\/td>\n<\/tr>\n<\/tbody>\n<\/table>\n<p>&nbsp;<\/p>\n<p><strong>Taxa de inscri\u00e7\u00e3o no PreO<\/strong><\/p>\n<table border=\"1\">\n<tbody>\n<tr>\n<td>Aberta<\/td>\n<td>3,00 \u20ac<\/td>\n<\/tr>\n<tr>\n<td>Paralimpica<\/td>\n<td>3,00 \u20ac<\/td>\n<\/tr>\n<\/tbody>\n<\/table>\n<p><em><br \/>\nParticipantes pertencentes a Associa\u00e7\u00f5es \/ Clubes dos Concelhos de Alter do Ch\u00e3o, Crato e Portalegre ter\u00e3o inscri\u00e7\u00f5es gratuitas<\/em><\/p>\n<p><strong>Outras Taxas:<\/strong><\/p>\n<ul>\n<li><strong>Model event:<\/strong> 3,00\u20ac<\/li>\n<li><strong>Altera\u00e7\u00f5es no dia do evento:<\/strong> 2,00\u20ac<\/li>\n<li><strong>Aluguer de chip para escal\u00f5es de competi\u00e7\u00e3o e forma\u00e7\u00e3o:<\/strong> 1,00\u20ac\/ dia<\/li>\n<\/ul>\n<p><strong>Processo de inscri\u00e7\u00e3o<\/strong><\/p>\n<p>Os atletas federados ou pertencentes a clubes filiados na FPO devem efectuar as inscri\u00e7\u00f5es online via <a href=\"http:\/\/www.orioasis.pt\/oasis\/guide.php?action=register_entry&amp;\" target=\"_blank\">OriOasis<\/a>.<\/p>\n<p>Para os restantes atletas podem fazer o mesmo ou enviar as inscri\u00e7\u00f5es por e-mail: <a href=\"mailto:info@pom.pt\">info@pom.pt<\/a><br \/>\nou para a seguinte morada:<br \/>\nGrupo Desportivo dos 4 Caminhos<br \/>\nEdificio Pr\u00e9-Escolar, EB Biquinha, Av. D.Maria II<br \/>\n4450-186 Matosinhos<br \/>\nInforma\u00e7\u00f5es: 936264216 \/ 229552641<\/p>\n<p>&nbsp;<\/p>\n<p><strong>Dados obrigat\u00f3rios para inscri\u00e7\u00e3o (individual ou em grupo):<br \/>\n<\/strong><\/p>\n<ul>\n<li>Nome(s) do(s) participante(s);<\/li>\n<li>Ano(s) de nascimento;<\/li>\n<li>Nome do Clube;<\/li>\n<li>N\u00ba de filiado na FPO (caso n\u00e3o seja filiado na FPO, o n\u00ba de Bilhete de Identidade ou de cart\u00e3o de cidad\u00e3o);<\/li>\n<li>WRanking ID para escal\u00f5es de Elite, n\u00e3o esquecer tamb\u00e9m inscri\u00e7\u00e3o em <a href=\"http:\/\/eventor.orienteering.org\" target=\"_blank\">eventor.orienteering.org<\/a><\/li>\n<li>N\u00ba do SI Card. Na aus\u00eancia deste, ser-lhe-\u00e1 alugado um (ver pre\u00e7os acima);<\/li>\n<li>A perda ou n\u00e3o devolu\u00e7\u00e3o do SI Card alugado implica o pagamento de 30\u20ac ou 37,50\u20ac, consoante o modelo;<\/li>\n<li>N\u00ba de telem\u00f3vel;<\/li>\n<li>Escal\u00e3o de participa\u00e7\u00e3o;<\/li>\n<li>Dias de participa\u00e7\u00e3o<\/li>\n<\/ul>\n<p>Nota: Os atletas que pretendem participar em grupo, devem efectuar apenas uma \u00fanica inscri\u00e7\u00e3o mencionando os dados obrigat\u00f3rios de todos os participantes que o constituem.<\/p>\n<p><strong>Pagamento Online Seguro (POS):<\/strong> V\u00e1rios cart\u00f5es de cr\u00e9dito ou Paypal aceites.<\/p>\n<p><strong>Pagamento por transfer\u00eancia banc\u00e1ria:<br \/>\n<\/strong> Montepio Geral<br \/>\nIBAN: PT50 0036 0295 9910 0001 1772 7<br \/>\nSWIFT \/ BIC CODE: MPIOPTPL<\/p>","protected":false},"excerpt":{"rendered":"<p>Taxas de inscri\u00e7\u00e3o para cada etapa de dist\u00e2ncia m\u00e9dia ou longa Nos escal\u00f5es abertos n\u00e3o \u00e9 cobrado aluguer de chip e n\u00e3o h\u00e1 agravamento de taxa at\u00e9 ao dia da prova, ficando, no entanto, condicionadas \u00e0 disponibilidade de mapas. Filiados na FPO \u00a0e FEDO At\u00e9 10 Fev De 11 a 13 Fev Nascidos em 1997 e depois 3,00 \u20ac 4,50 \u20ac Nascidos em 1996 e antes 6,00 \u20ac 9,00 \u20ac Escal\u00f5es Elite 7,00 \u20ac 10,00 \u20ac Outros Nascidos em 1996 e depois 5,00 \u20ac 7,50 \u20ac Nascidos em 1996 e antes 10,00 \u20ac 15,00 \u20ac Escal\u00f5es Elite 11,00 \u20ac 16,00 \u20ac &nbsp; Taxas de inscri\u00e7\u00e3o no Sprint noturno Filiados na [&hellip;]<\/p>\n","protected":false},"author":4,"featured_media":0,"parent":0,"menu_order":0,"comment_status":"closed","ping_status":"closed","template":"","meta":{"_monsterinsights_skip_tracking":false,"_monsterinsights_sitenote_active":false,"_monsterinsights_sitenote_note":"","_monsterinsights_sitenote_category":0,"footnotes":""},"class_list":["post-2346","page","type-page","status-publish","hentry"],"_links":{"self":[{"href":"https:\/\/pom.pt\/2017\/wp-json\/wp\/v2\/pages\/2346","targetHints":{"allow":["GET"]}}],"collection":[{"href":"https:\/\/pom.pt\/2017\/wp-json\/wp\/v2\/pages"}],"about":[{"href":"https:\/\/pom.pt\/2017\/wp-json\/wp\/v2\/types\/page"}],"author":[{"embeddable":true,"href":"https:\/\/pom.pt\/2017\/wp-json\/wp\/v2\/users\/4"}],"replies":[{"embeddable":true,"href":"https:\/\/pom.pt\/2017\/wp-json\/wp\/v2\/comments?post=2346"}],"version-history":[{"count":23,"href":"https:\/\/pom.pt\/2017\/wp-json\/wp\/v2\/pages\/2346\/revisions"}],"predecessor-version":[{"id":3669,"href":"https:\/\/pom.pt\/2017\/wp-json\/wp\/v2\/pages\/2346\/revisions\/3669"}],"wp:attachment":[{"href":"https:\/\/pom.pt\/2017\/wp-json\/wp\/v2\/media?parent=2346"}],"curies":[{"name":"wp","href":"https:\/\/api.w.org\/{rel}","templated":true}]}}