{"id":2338,"date":"2016-05-16T16:28:10","date_gmt":"2016-05-16T16:28:10","guid":{"rendered":"http:\/\/pomteste.myone.pt\/?page_id=2338"},"modified":"2016-11-01T17:23:44","modified_gmt":"2016-11-01T17:23:44","slug":"info-tecnica","status":"publish","type":"page","link":"https:\/\/pom.pt\/2017\/info-tecnica\/","title":{"rendered":"INFORMA\u00c7\u00c3O T\u00c9CNICA"},"content":{"rendered":"<p><a href=\"http:\/\/pom.pt\/2017\/model-event-lage-do-meio-dia-este\/\"><span style=\"color: #000000;\"><strong>23 e 24 Fevereiro 2017 &#8211; MODEL EVENT 1 \u2013 LAGE do MEIO DIA Este<\/strong><\/span><\/a><\/p>\n<p><a href=\"http:\/\/pom.pt\/2017\/model-event-lage-do-meio-dia-oeste\/\"><span style=\"color: #000000;\"><strong>23 e 24 Fevereiro 2017 &#8211; MODEL EVENT 2 \u2013 LAGE do MEIO DIA Oeste<\/strong><\/span><\/a><\/p>\n<p><a href=\"http:\/\/pom.pt\/2017\/252-distancia-media\/\"><span style=\"color: #000000;\"><strong>25 Fevereiro 2017 \u2013 DIST\u00c2NCIA M\u00c9DIA \u2013 CRATO (ALDEIA DA MATA)<\/strong><\/span><\/a><\/p>\n<p><a href=\"http:\/\/pom.pt\/2017\/252-sprint-noturno\/\"><span style=\"color: #000000;\"><strong>25 Fevereiro 2017 &#8211; SPRINT NOTURNO &#8211; ALTER DO CH\u00c3O<\/strong><\/span><\/a><\/p>\n<p><a href=\"http:\/\/pom.pt\/2017\/262-distancia-longa\/\"><span style=\"color: #000000;\"><strong>26 Fevereiro 2017 \u2013 DIST\u00c2NCIA LONGA \u2013 (ALDEIA DA MATA)<\/strong><\/span><\/a><\/p>\n<p><a href=\"http:\/\/pom.pt\/2017\/262-pre-o\/\"><span style=\"color: #000000;\"><strong>26 Fevereiro 2017 \u2013 PRE O &#8211; COUDELARIA DE ALTER<\/strong><\/span><\/a><\/p>\n<p><a href=\"http:\/\/pom.pt\/2017\/272-distancia-media\/\"><span style=\"color: #000000;\"><strong>27 Fevereiro 2017 \u2013DIST\u00c2NCIA M\u00c9DIA WRE (NAOM 2017) \u2013 PORTALEGRE<\/strong><\/span><\/a><\/p>\n<p><a href=\"http:\/\/pom.pt\/2017\/282-distancia-longa\/\"><span style=\"color: #000000;\"><strong>28 Fevereiro 2017 \u2013 DIST\u00c2NCIA LONGA \u2013 PORTALEGRE<\/strong><\/span><\/a><\/p>","protected":false},"excerpt":{"rendered":"<p>23 e 24 Fevereiro 2017 &#8211; MODEL EVENT 1 \u2013 LAGE do MEIO DIA Este 23 e 24 Fevereiro 2017 &#8211; MODEL EVENT 2 \u2013 LAGE do MEIO DIA Oeste 25 Fevereiro 2017 \u2013 DIST\u00c2NCIA M\u00c9DIA \u2013 CRATO (ALDEIA DA MATA) 25 Fevereiro 2017 &#8211; SPRINT NOTURNO &#8211; ALTER DO CH\u00c3O 26 Fevereiro 2017 \u2013 DIST\u00c2NCIA LONGA \u2013 (ALDEIA DA MATA) 26 Fevereiro 2017 \u2013 PRE O &#8211; COUDELARIA DE ALTER 27 Fevereiro 2017 \u2013DIST\u00c2NCIA M\u00c9DIA WRE (NAOM 2017) \u2013 PORTALEGRE 28 Fevereiro 2017 \u2013 DIST\u00c2NCIA LONGA \u2013 PORTALEGRE<\/p>\n","protected":false},"author":4,"featured_media":0,"parent":0,"menu_order":0,"comment_status":"closed","ping_status":"closed","template":"","meta":{"_monsterinsights_skip_tracking":false,"_monsterinsights_sitenote_active":false,"_monsterinsights_sitenote_note":"","_monsterinsights_sitenote_category":0,"footnotes":""},"class_list":["post-2338","page","type-page","status-publish","hentry"],"_links":{"self":[{"href":"https:\/\/pom.pt\/2017\/wp-json\/wp\/v2\/pages\/2338","targetHints":{"allow":["GET"]}}],"collection":[{"href":"https:\/\/pom.pt\/2017\/wp-json\/wp\/v2\/pages"}],"about":[{"href":"https:\/\/pom.pt\/2017\/wp-json\/wp\/v2\/types\/page"}],"author":[{"embeddable":true,"href":"https:\/\/pom.pt\/2017\/wp-json\/wp\/v2\/users\/4"}],"replies":[{"embeddable":true,"href":"https:\/\/pom.pt\/2017\/wp-json\/wp\/v2\/comments?post=2338"}],"version-history":[{"count":104,"href":"https:\/\/pom.pt\/2017\/wp-json\/wp\/v2\/pages\/2338\/revisions"}],"predecessor-version":[{"id":3291,"href":"https:\/\/pom.pt\/2017\/wp-json\/wp\/v2\/pages\/2338\/revisions\/3291"}],"wp:attachment":[{"href":"https:\/\/pom.pt\/2017\/wp-json\/wp\/v2\/media?parent=2338"}],"curies":[{"name":"wp","href":"https:\/\/api.w.org\/{rel}","templated":true}]}}