{"id":2330,"date":"2016-05-16T16:26:08","date_gmt":"2016-05-16T16:26:08","guid":{"rendered":"http:\/\/pomteste.myone.pt\/?page_id=2330"},"modified":"2017-03-10T22:35:14","modified_gmt":"2017-03-10T22:35:14","slug":"mapas","status":"publish","type":"page","link":"https:\/\/pom.pt\/2017\/mapas\/","title":{"rendered":"Mapas"},"content":{"rendered":"<p><\/p>\n<h3>Dia 1 &#8211; Dist\u00e2ncia M\u00e9dia &#8211; Aldeia da Mata<\/h3>\n<p><a href=\"http:\/\/pom.pt\/archive\/2017\/maps\/day2\/M14.png\" target=\"_blank\">M14<\/a><\/p>\n<p><a href=\"http:\/\/pom.pt\/archive\/2017\/maps\/day1\/W14.png\" target=\"_blank\">W14<\/a><\/p>\n<p><a href=\"http:\/\/pom.pt\/archive\/2017\/maps\/day1\/M16.png\" target=\"_blank\">M16<\/a><\/p>\n<p><a href=\"http:\/\/pom.pt\/archive\/2017\/maps\/day1\/W16_W50.png\" target=\"_blank\">W16<\/a><\/p>\n<p><a href=\"http:\/\/pom.pt\/archive\/2017\/maps\/day1\/M18.png\" target=\"_blank\">M18<\/a><\/p>\n<p><a href=\"http:\/\/pom.pt\/archive\/2017\/maps\/day1\/W18.png\" target=\"_blank\">W18<\/a><\/p>\n<p><a href=\"http:\/\/pom.pt\/archive\/2017\/maps\/day1\/M20.png\" target=\"_blank\">M20<\/a><\/p>\n<p><a href=\"http:\/\/pom.pt\/archive\/2017\/maps\/day1\/W20_W35.png\" target=\"_blank\">W20<\/a><\/p>\n<p><a href=\"http:\/\/pom.pt\/archive\/2017\/maps\/day1\/M21A.png\" target=\"_blank\">M21A<\/a><\/p>\n<p><a href=\"http:\/\/pom.pt\/archive\/2017\/maps\/day1\/W21A.png\" target=\"_blank\">W21A<\/a><\/p>\n<p><a href=\"http:\/\/pom.pt\/archive\/2017\/maps\/day1\/M21B.png\" target=\"_blank\">M21B<\/a><\/p>\n<p><a href=\"http:\/\/pom.pt\/archive\/2017\/maps\/day1\/W21B.png\" target=\"_blank\">W21B<\/a><\/p>\n<p><a href=\"http:\/\/pom.pt\/archive\/2017\/maps\/day1\/M21SE.png\" target=\"_blank\">MSE<\/a><\/p>\n<p><a href=\"http:\/\/pom.pt\/archive\/2017\/maps\/day1\/M21E.png\" target=\"_blank\">ME<\/a><\/p>\n<p><a href=\"http:\/\/pom.pt\/archive\/2017\/maps\/day1\/W21E.png\" target=\"_blank\">WE<\/a><\/p>\n<p><a href=\"http:\/\/pom.pt\/archive\/2017\/maps\/day1\/M35.png\" target=\"_blank\">M35<\/a><\/p>\n<p><a href=\"http:\/\/pom.pt\/archive\/2017\/maps\/day1\/W20_W35.png\" target=\"_blank\">W35<\/a><\/p>\n<p><a href=\"http:\/\/pom.pt\/archive\/2017\/maps\/day1\/M40.png\" target=\"_blank\">M40<\/a><\/p>\n<p><a href=\"http:\/\/pom.pt\/archive\/2017\/maps\/day1\/W40.png\" target=\"_blank\">W40<\/a><\/p>\n<p><a href=\"http:\/\/pom.pt\/archive\/2017\/maps\/day1\/M45.png\" target=\"_blank\">M45<\/a><\/p>\n<p><a href=\"http:\/\/pom.pt\/archive\/2017\/maps\/day1\/W45.png\" target=\"_blank\">W45<\/a><\/p>\n<p><a href=\"http:\/\/pom.pt\/archive\/2017\/maps\/day1\/M50.png\" target=\"_blank\">M50<\/a><\/p>\n<p><a href=\"http:\/\/pom.pt\/archive\/2017\/maps\/day1\/W16_W50.png\" target=\"_blank\">W50<\/a><\/p>\n<p><a href=\"http:\/\/pom.pt\/archive\/2017\/maps\/day1\/M55.png\" target=\"_blank\">M55<\/a><\/p>\n<p><a href=\"http:\/\/pom.pt\/archive\/2017\/maps\/day1\/W55.png\" target=\"_blank\">W55<\/a><\/p>\n<p><a href=\"http:\/\/pom.pt\/archive\/2017\/maps\/day1\/M60.png\" target=\"_blank\">M60<\/a><\/p>\n<p><a href=\"http:\/\/pom.pt\/archive\/2017\/maps\/day1\/M60.png\" target=\"_blank\">W60<\/a><\/p>\n<p><a href=\"http:\/\/pom.pt\/archive\/2017\/maps\/day1\/FL.png\" target=\"_blank\">F\u00e1cil Longo<\/a><\/p>\n<p><a href=\"http:\/\/pom.pt\/archive\/2017\/maps\/day1\/DC.png\" target=\"_blank\">Dificil Curto<\/a><\/p>\n<p><a href=\"http:\/\/pom.pt\/archive\/2017\/maps\/day1\/DL.png\" target=\"_blank\">Dificil Longo<\/a><\/p>\n<h3>Dia 2 &#8211; Dist\u00e2ncia Longa &#8211; Aldeia da Mata<\/h3>\n<p><a href=\"http:\/\/pom.pt\/archive\/2017\/maps\/day2\/M14.png\" target=\"_blank\">M14<\/a><\/p>\n<p><a href=\"http:\/\/pom.pt\/archive\/2017\/maps\/day2\/W14.png\" target=\"_blank\">W14<\/a><\/p>\n<p><a href=\"http:\/\/pom.pt\/archive\/2017\/maps\/day2\/M16.png\" target=\"_blank\">M16<\/a><\/p>\n<p><a href=\"http:\/\/pom.pt\/archive\/2017\/maps\/day2\/W16_W50.png\" target=\"_blank\">W16<\/a><\/p>\n<p><a href=\"http:\/\/pom.pt\/archive\/2017\/maps\/day2\/M18.png\" target=\"_blank\">M18<\/a><\/p>\n<p><a href=\"http:\/\/pom.pt\/archive\/2017\/maps\/day2\/W18.png\" target=\"_blank\">W18<\/a><\/p>\n<p><a href=\"http:\/\/pom.pt\/archive\/2017\/maps\/day2\/M20.png\" target=\"_blank\">M20<\/a><\/p>\n<p><a href=\"http:\/\/pom.pt\/archive\/2017\/maps\/day2\/W20_W35.png\" target=\"_blank\">W20<\/a><\/p>\n<p><a href=\"http:\/\/pom.pt\/archive\/2017\/maps\/day2\/M21B.png\" target=\"_blank\">M21B<\/a><\/p>\n<p><a href=\"http:\/\/pom.pt\/archive\/2017\/maps\/day2\/W21B.png\" target=\"_blank\">W21B<\/a><\/p>\n<p><a href=\"http:\/\/pom.pt\/archive\/2017\/maps\/day2\/M21A.png\" target=\"_blank\">M21A<\/a><\/p>\n<p><a href=\"http:\/\/pom.pt\/archive\/2017\/maps\/day2\/W21A.png\" target=\"_blank\">W21A<\/a><\/p>\n<p><a href=\"http:\/\/pom.pt\/archive\/2017\/maps\/day2\/M21SE.png\" target=\"_blank\">MSE<\/a><\/p>\n<p><a href=\"http:\/\/pom.pt\/archive\/2017\/maps\/day2\/M21E.png\" target=\"_blank\">ME<\/a><\/p>\n<p><a href=\"http:\/\/pom.pt\/archive\/2017\/maps\/day2\/W21E.png\" target=\"_blank\">WE<\/a><\/p>\n<p><a href=\"http:\/\/pom.pt\/archive\/2017\/maps\/day2\/M35.png\" target=\"_blank\">M35<\/a><\/p>\n<p><a href=\"http:\/\/pom.pt\/archive\/2017\/maps\/day2\/W20_W35.png\" target=\"_blank\">W35<\/a><\/p>\n<p><a href=\"http:\/\/pom.pt\/archive\/2017\/maps\/day2\/M40.png\" target=\"_blank\">M40<\/a><\/p>\n<p><a href=\"http:\/\/pom.pt\/archive\/2017\/maps\/day2\/W40.png\" target=\"_blank\">W40<\/a><\/p>\n<p><a href=\"http:\/\/pom.pt\/archive\/2017\/maps\/day2\/M45.png\" target=\"_blank\">M45<\/a><\/p>\n<p><a href=\"http:\/\/pom.pt\/archive\/2017\/maps\/day2\/W45.png\" target=\"_blank\">W45<\/a><\/p>\n<p><a href=\"http:\/\/pom.pt\/archive\/2017\/maps\/day2\/M50.png\" target=\"_blank\">M50<\/a><\/p>\n<p><a href=\"http:\/\/pom.pt\/archive\/2017\/maps\/day2\/W16_W50.png\" target=\"_blank\">W50<\/a><\/p>\n<p><a href=\"http:\/\/pom.pt\/archive\/2017\/maps\/day2\/M55.png\" target=\"_blank\">M55<\/a><\/p>\n<p><a href=\"http:\/\/pom.pt\/archive\/2017\/maps\/day2\/W55.png\" target=\"_blank\">W55<\/a><\/p>\n<p><a href=\"http:\/\/pom.pt\/archive\/2017\/maps\/day2\/M60.png\" target=\"_blank\">M60<\/a><\/p>\n<p><a href=\"http:\/\/pom.pt\/archive\/2017\/maps\/day2\/W60.png\" target=\"_blank\">W60<\/a><\/p>\n<p><a href=\"http:\/\/pom.pt\/archive\/2017\/maps\/day2\/FL.png\" target=\"_blank\">F\u00e1cil Longo<\/a><\/p>\n<p><a href=\"http:\/\/pom.pt\/archive\/2017\/maps\/day2\/DC.png\" target=\"_blank\">Dificil Curto<\/a><\/p>\n<p><a href=\"http:\/\/pom.pt\/archive\/2017\/maps\/day2\/DL.png\" target=\"_blank\">Dificil Longo<\/a><\/p>\n<h3>Dia 3 &#8211; Dist\u00e2ncia M\u00e9dia (WRE) &#8211; Portalegre<\/h3>\n<p><a href=\"http:\/\/pom.pt\/archive\/2017\/maps\/day3\/M10_W10.png\" target=\"_blank\">M10<\/a><\/p>\n<p><a href=\"http:\/\/pom.pt\/archive\/2017\/maps\/day3\/M10_W10.png\" target=\"_blank\">W10<\/a><\/p>\n<p><a href=\"http:\/\/pom.pt\/archive\/2017\/maps\/day3\/M12_W12_FC.png\" target=\"_blank\">M12<\/a><\/p>\n<p><a href=\"http:\/\/pom.pt\/archive\/2017\/maps\/day3\/M12_W12_FC.png\" target=\"_blank\">W12<\/a><\/p>\n<p><a href=\"http:\/\/pom.pt\/archive\/2017\/maps\/day3\/M14.png\" target=\"_blank\">M14<\/a><\/p>\n<p><a href=\"http:\/\/pom.pt\/archive\/2017\/maps\/day3\/W14.png\" target=\"_blank\">W14<\/a><\/p>\n<p><a href=\"http:\/\/pom.pt\/archive\/2017\/maps\/day3\/M16.png\" target=\"_blank\">M16<\/a><\/p>\n<p><a href=\"http:\/\/pom.pt\/archive\/2017\/maps\/day3\/W16_W50.png\" target=\"_blank\">W16<\/a><\/p>\n<p><a href=\"http:\/\/pom.pt\/archive\/2017\/maps\/day3\/M18.png\" target=\"_blank\">M18<\/a><\/p>\n<p><a href=\"http:\/\/pom.pt\/archive\/2017\/maps\/day3\/W18.png\" target=\"_blank\">W18<\/a><\/p>\n<p><a href=\"http:\/\/pom.pt\/archive\/2017\/maps\/day3\/M20.png\" target=\"_blank\">M20<\/a><\/p>\n<p><a href=\"http:\/\/pom.pt\/archive\/2017\/maps\/day3\/W20_W35.png\" target=\"_blank\">W20<\/a><\/p>\n<p><a href=\"http:\/\/pom.pt\/archive\/2017\/maps\/day3\/M21B.png\" target=\"_blank\">M21B<\/a><\/p>\n<p><a href=\"http:\/\/pom.pt\/archive\/2017\/maps\/day3\/W21B.png\" target=\"_blank\">W21B<\/a><\/p>\n<p><a href=\"http:\/\/pom.pt\/archive\/2017\/maps\/day3\/M21A.png\" target=\"_blank\">M21A<\/a><\/p>\n<p><a href=\"http:\/\/pom.pt\/archive\/2017\/maps\/day3\/W21A.png\" target=\"_blank\">W21A<\/a><\/p>\n<p><a href=\"http:\/\/pom.pt\/archive\/2017\/maps\/day3\/M21SE.png\" target=\"_blank\">MSE<\/a><\/p>\n<p><a href=\"http:\/\/pom.pt\/archive\/2017\/maps\/day3\/M21E.png\" target=\"_blank\">ME<\/a><\/p>\n<p><a href=\"http:\/\/pom.pt\/archive\/2017\/maps\/day3\/W21E.png\" target=\"_blank\">WE<\/a><\/p>\n<p><a href=\"http:\/\/pom.pt\/archive\/2017\/maps\/day3\/M35.png\" target=\"_blank\">M35<\/a><\/p>\n<p><a href=\"http:\/\/pom.pt\/archive\/2017\/maps\/day3\/W20_W35.png\" target=\"_blank\">W35<\/a><\/p>\n<p><a href=\"http:\/\/pom.pt\/archive\/2017\/maps\/day3\/M40.png\" target=\"_blank\">M40<\/a><\/p>\n<p><a href=\"http:\/\/pom.pt\/archive\/2017\/maps\/day3\/W40.png\" target=\"_blank\">W40<\/a><\/p>\n<p><a href=\"http:\/\/pom.pt\/archive\/2017\/maps\/day3\/M45.png\" target=\"_blank\">M45<\/a><\/p>\n<p><a href=\"http:\/\/pom.pt\/archive\/2017\/maps\/day3\/W45.png\" target=\"_blank\">W45<\/a><\/p>\n<p><a href=\"http:\/\/pom.pt\/archive\/2017\/maps\/day3\/M50.png\" target=\"_blank\">M50<\/a><\/p>\n<p><a href=\"http:\/\/pom.pt\/archive\/2017\/maps\/day3\/W16_W50.png\" target=\"_blank\">W50<\/a><\/p>\n<p><a href=\"http:\/\/pom.pt\/archive\/2017\/maps\/day3\/M55.png\" target=\"_blank\">M55<\/a><\/p>\n<p><a href=\"http:\/\/pom.pt\/archive\/2017\/maps\/day3\/W55.png\" target=\"_blank\">W55<\/a><\/p>\n<p><a href=\"http:\/\/pom.pt\/archive\/2017\/maps\/day3\/M60.png\" target=\"_blank\">M60<\/a><\/p>\n<p><a href=\"http:\/\/pom.pt\/archive\/2017\/maps\/day3\/W60.png\" target=\"_blank\">W60<\/a><\/p>\n<p><a href=\"http:\/\/pom.pt\/archive\/2017\/maps\/day3\/M65.png\" target=\"_blank\">M65<\/a><\/p>\n<p><a href=\"http:\/\/pom.pt\/archive\/2017\/maps\/day3\/W65_M75.png\" target=\"_blank\">W65<\/a><\/p>\n<p><a href=\"http:\/\/pom.pt\/archive\/2017\/maps\/day3\/M70.png\" target=\"_blank\">M70<\/a><\/p>\n<p><a href=\"http:\/\/pom.pt\/archive\/2017\/maps\/day3\/W70_M80.png\" target=\"_blank\">W70<\/a><\/p>\n<p><a href=\"http:\/\/pom.pt\/archive\/2017\/maps\/day3\/W65_M75.png\" target=\"_blank\">M75<\/a><\/p>\n<p><a href=\"http:\/\/pom.pt\/archive\/2017\/maps\/day3\/W75_W80_M85.png\" target=\"_blank\">W75<\/a><\/p>\n<p><a href=\"http:\/\/pom.pt\/archive\/2017\/maps\/day3\/W70_M80.png\" target=\"_blank\">M80<\/a><\/p>\n<p><a href=\"http:\/\/pom.pt\/archive\/2017\/maps\/day3\/W75_W80_M85.png\" target=\"_blank\">W80<\/a><\/p>\n<p><a href=\"http:\/\/pom.pt\/archive\/2017\/maps\/day3\/W75_W80_M85.png\" target=\"_blank\">M85<\/a><\/p>\n<p><a href=\"http:\/\/pom.pt\/archive\/2017\/maps\/day3\/M12_W12_FC.png\" target=\"_blank\">F\u00e1cil Curto<\/a><\/p>\n<p><a href=\"http:\/\/pom.pt\/archive\/2017\/maps\/day3\/FL.png\" target=\"_blank\">F\u00e1cil Longo<\/a><\/p>\n<p><a href=\"http:\/\/pom.pt\/archive\/2017\/maps\/day3\/DC.png\" target=\"_blank\">Dificil Curto<\/a><\/p>\n<p><a href=\"http:\/\/pom.pt\/archive\/2017\/maps\/day3\/DL.png\" target=\"_blank\">Dificil Longo<\/a><\/p>\n<h3>Dia 4 &#8211; Dist\u00e2ncia Longa &#8211; Portalegre<\/h3>\n<p><a href=\"http:\/\/pom.pt\/archive\/2017\/maps\/day4\/M10_W10.png\" target=\"_blank\">M10<\/a><\/p>\n<p><a href=\"http:\/\/pom.pt\/archive\/2017\/maps\/day4\/M10_W10.png\" target=\"_blank\">W10<\/a><\/p>\n<p><a href=\"http:\/\/pom.pt\/archive\/2017\/maps\/day4\/M12_W12_FC.png\" target=\"_blank\">M12<\/a><\/p>\n<p><a href=\"http:\/\/pom.pt\/archive\/2017\/maps\/day4\/M12_W12_FC.png\" target=\"_blank\">W12<\/a><\/p>\n<p><a href=\"http:\/\/pom.pt\/archive\/2017\/maps\/day4\/M14.png\" target=\"_blank\">M14<\/a><\/p>\n<p><a href=\"http:\/\/pom.pt\/archive\/2017\/maps\/day4\/W14.png\" target=\"_blank\">W14<\/a><\/p>\n<p><a href=\"http:\/\/pom.pt\/archive\/2017\/maps\/day4\/M16.png\" target=\"_blank\">M16<\/a><\/p>\n<p><a href=\"http:\/\/pom.pt\/archive\/2017\/maps\/day4\/W16_W50.png\" target=\"_blank\">W16<\/a><\/p>\n<p><a href=\"http:\/\/pom.pt\/archive\/2017\/maps\/day4\/M18.png\" target=\"_blank\">M18<\/a><\/p>\n<p><a href=\"http:\/\/pom.pt\/archive\/2017\/maps\/day4\/W18.png\" target=\"_blank\">W18<\/a><\/p>\n<p><a href=\"http:\/\/pom.pt\/archive\/2017\/maps\/day4\/M20.png\" target=\"_blank\">M20<\/a><\/p>\n<p><a href=\"http:\/\/pom.pt\/archive\/2017\/maps\/day4\/W20_W35.png\" target=\"_blank\">W20<\/a><\/p>\n<p><a href=\"http:\/\/pom.pt\/archive\/2017\/maps\/day4\/M21B.png\" target=\"_blank\">M21B<\/a><\/p>\n<p><a href=\"http:\/\/pom.pt\/archive\/2017\/maps\/day4\/W21B.png\" target=\"_blank\">W21B<\/a><\/p>\n<p><a href=\"http:\/\/pom.pt\/archive\/2017\/maps\/day4\/M21A.png\" target=\"_blank\">M21A<\/a><\/p>\n<p><a href=\"http:\/\/pom.pt\/archive\/2017\/maps\/day4\/W21A.png\" target=\"_blank\">W21A<\/a><\/p>\n<p><a href=\"http:\/\/pom.pt\/archive\/2017\/maps\/day4\/M21SE_1_(AA).png\" target=\"_blank\">MSE (AA)<\/a><\/p>\n<p><a href=\"http:\/\/pom.pt\/archive\/2017\/maps\/day4\/M21SE_2_(BB).png\" target=\"_blank\">MSE (BB)<\/a><\/p>\n<p><a href=\"http:\/\/pom.pt\/archive\/2017\/maps\/day4\/M21SE_3_(AB).png\" target=\"_blank\">MSE (AB)<\/a><\/p>\n<p><a href=\"http:\/\/pom.pt\/archive\/2017\/maps\/day4\/M21SE_4_(BA).png\" target=\"_blank\">MSE (BA)<\/a><\/p>\n<p><a href=\"http:\/\/pom.pt\/archive\/2017\/maps\/day4\/M21E_1_(AA).png\" target=\"_blank\">ME (AA)<\/a><\/p>\n<p><a href=\"http:\/\/pom.pt\/archive\/2017\/maps\/day4\/M21E_2_(BB).png\" target=\"_blank\">ME (BB)<\/a><\/p>\n<p><a href=\"http:\/\/pom.pt\/archive\/2017\/maps\/day4\/M21E_3_(AB).png\" target=\"_blank\">ME (AB)<\/a><\/p>\n<p><a href=\"http:\/\/pom.pt\/archive\/2017\/maps\/day4\/M21E_4_(BA).png\" target=\"_blank\">ME (BA)<\/a><\/p>\n<p><a href=\"http:\/\/pom.pt\/archive\/2017\/maps\/day4\/W21E_1_(A).png\" target=\"_blank\">WE (A)<\/a><\/p>\n<p><a href=\"http:\/\/pom.pt\/archive\/2017\/maps\/day4\/W21E_2_(B).png\" target=\"_blank\">WE (B)<\/a><\/p>\n<p><a href=\"http:\/\/pom.pt\/archive\/2017\/maps\/day4\/M35.png\" target=\"_blank\">M35<\/a><\/p>\n<p><a href=\"http:\/\/pom.pt\/archive\/2017\/maps\/day4\/W20_W35.png\" target=\"_blank\">W35<\/a><\/p>\n<p><a href=\"http:\/\/pom.pt\/archive\/2017\/maps\/day4\/M40.png\" target=\"_blank\">M40<\/a><\/p>\n<p><a href=\"http:\/\/pom.pt\/archive\/2017\/maps\/day4\/W40.png\" target=\"_blank\">W40<\/a><\/p>\n<p><a href=\"http:\/\/pom.pt\/archive\/2017\/maps\/day4\/M45.png\" target=\"_blank\">M45<\/a><\/p>\n<p><a href=\"http:\/\/pom.pt\/archive\/2017\/maps\/day4\/W45.png\" target=\"_blank\">W45<\/a><\/p>\n<p><a href=\"http:\/\/pom.pt\/archive\/2017\/maps\/day4\/M50.png\" target=\"_blank\">M50<\/a><\/p>\n<p><a href=\"http:\/\/pom.pt\/archive\/2017\/maps\/day4\/W16_W50.png\" target=\"_blank\">W50<\/a><\/p>\n<p><a href=\"http:\/\/pom.pt\/archive\/2017\/maps\/day4\/M55.png\" target=\"_blank\">M55<\/a><\/p>\n<p><a href=\"http:\/\/pom.pt\/archive\/2017\/maps\/day4\/W55.png\" target=\"_blank\">W55<\/a><\/p>\n<p><a href=\"http:\/\/pom.pt\/archive\/2017\/maps\/day4\/M60.png\" target=\"_blank\">M60<\/a><\/p>\n<p><a href=\"http:\/\/pom.pt\/archive\/2017\/maps\/day4\/W60.png\" target=\"_blank\">W60<\/a><\/p>\n<p><a href=\"http:\/\/pom.pt\/archive\/2017\/maps\/day4\/M65.png\" target=\"_blank\">M65<\/a><\/p>\n<p><a href=\"http:\/\/pom.pt\/archive\/2017\/maps\/day3\/W65_M75.png\" target=\"_blank\">W65<\/a><\/p>\n<p><a href=\"http:\/\/pom.pt\/archive\/2017\/maps\/day4\/M70.png\" target=\"_blank\">M70<\/a><\/p>\n<p><a href=\"http:\/\/pom.pt\/archive\/2017\/maps\/day4\/W70_M80.png\" target=\"_blank\">W70<\/a><\/p>\n<p><a href=\"http:\/\/pom.pt\/archive\/2017\/maps\/day4\/W65_M75.png\" target=\"_blank\">M75<\/a><\/p>\n<p><a href=\"http:\/\/pom.pt\/archive\/2017\/maps\/day4\/W75_W80_M85.png\" target=\"_blank\">W75<\/a><\/p>\n<p><a href=\"http:\/\/pom.pt\/archive\/2017\/maps\/day4\/W70_M80.png\" target=\"_blank\">M80<\/a><\/p>\n<p><a href=\"http:\/\/pom.pt\/archive\/2017\/maps\/day4\/W75_W80_M85.png\" target=\"_blank\">W80<\/a><\/p>\n<p><a href=\"http:\/\/pom.pt\/archive\/2017\/maps\/day4\/W75_W80_M85.png\" target=\"_blank\">M85<\/a><\/p>\n<p><a href=\"http:\/\/pom.pt\/archive\/2017\/maps\/day4\/M12_W12_FC.png\" target=\"_blank\">F\u00e1cil Curto<\/a><\/p>\n<p><a href=\"http:\/\/pom.pt\/archive\/2017\/maps\/day3\/FL.png\" target=\"_blank\">F\u00e1cil Longo<\/a><\/p>\n<p><a href=\"http:\/\/pom.pt\/archive\/2017\/maps\/day3\/DC.png\" target=\"_blank\">Dificil Curto<\/a><\/p>\n<p><a href=\"http:\/\/pom.pt\/archive\/2017\/maps\/day3\/DL.png\" target=\"_blank\">Dificil Longo<\/a><\/p>","protected":false},"excerpt":{"rendered":"<p>Dia 1 &#8211; Dist\u00e2ncia M\u00e9dia &#8211; Aldeia da Mata M14 W14 M16 W16 M18 W18 M20 W20 M21A W21A M21B W21B MSE ME WE M35 W35 M40 W40 M45 W45 M50 W50 M55 W55 M60 W60 F\u00e1cil Longo Dificil Curto Dificil Longo Dia 2 &#8211; Dist\u00e2ncia Longa &#8211; Aldeia da Mata M14 W14 M16 W16 M18 W18 M20 W20 M21B W21B M21A W21A MSE ME WE M35 W35 M40 W40 M45 W45 M50 W50 M55 W55 M60 W60 F\u00e1cil Longo Dificil Curto Dificil Longo Dia 3 &#8211; Dist\u00e2ncia M\u00e9dia (WRE) &#8211; Portalegre M10 W10 M12 W12 M14 W14 M16 W16 M18 W18 M20 W20 M21B W21B M21A W21A MSE ME [&hellip;]<\/p>\n","protected":false},"author":4,"featured_media":0,"parent":0,"menu_order":0,"comment_status":"closed","ping_status":"closed","template":"","meta":{"_monsterinsights_skip_tracking":false,"_monsterinsights_sitenote_active":false,"_monsterinsights_sitenote_note":"","_monsterinsights_sitenote_category":0,"footnotes":""},"class_list":["post-2330","page","type-page","status-publish","hentry"],"_links":{"self":[{"href":"https:\/\/pom.pt\/2017\/wp-json\/wp\/v2\/pages\/2330","targetHints":{"allow":["GET"]}}],"collection":[{"href":"https:\/\/pom.pt\/2017\/wp-json\/wp\/v2\/pages"}],"about":[{"href":"https:\/\/pom.pt\/2017\/wp-json\/wp\/v2\/types\/page"}],"author":[{"embeddable":true,"href":"https:\/\/pom.pt\/2017\/wp-json\/wp\/v2\/users\/4"}],"replies":[{"embeddable":true,"href":"https:\/\/pom.pt\/2017\/wp-json\/wp\/v2\/comments?post=2330"}],"version-history":[{"count":18,"href":"https:\/\/pom.pt\/2017\/wp-json\/wp\/v2\/pages\/2330\/revisions"}],"predecessor-version":[{"id":3984,"href":"https:\/\/pom.pt\/2017\/wp-json\/wp\/v2\/pages\/2330\/revisions\/3984"}],"wp:attachment":[{"href":"https:\/\/pom.pt\/2017\/wp-json\/wp\/v2\/media?parent=2330"}],"curies":[{"name":"wp","href":"https:\/\/api.w.org\/{rel}","templated":true}]}}