{"id":2310,"date":"2016-05-16T15:33:25","date_gmt":"2016-05-16T15:33:25","guid":{"rendered":"http:\/\/pomteste.myone.pt\/?page_id=2310"},"modified":"2016-12-08T23:52:32","modified_gmt":"2016-12-08T23:52:32","slug":"organizacao","status":"publish","type":"page","link":"https:\/\/pom.pt\/2017\/organizacao\/","title":{"rendered":"Organiza\u00e7\u00e3o"},"content":{"rendered":"<p>Director da prova &#8211; Fernando Costa<\/p>\n<p>Supervisor IOF &#8211; Luis Santos<\/p>\n<p>Supervisor PreO &#8211; Joaquim Margarido<\/p>\n<p>Cart\u00f3grafos dos mapas novos e atualiza\u00e7\u00f5es &#8211; Tiago Aires e Raquel Costa<\/p>\n<p>Tra\u00e7adores de percursos &#8211; Hugo Borda D&#8217;Agua, Cid\u00e1lio Oliveira, Tiago Leal, Victor Delgado e Filipe Dias.<\/p>\n<p>Pontos de controlo &#8211; Victor Delgado<\/p>\n<p>Secretariado &#8211; Sandra Marcolino<\/p>\n<p>Partidas &#8211; Jos\u00e9 M\u00e1rio Baptista<\/p>\n<p>Arena e Chegada &#8211; Cid\u00e1lio Oliveira<\/p>\n<p>Log\u00edstica &#8211; Jorge Marques<\/p>\n<p>Inform\u00e1tica &#8211; Lu\u00eds Faria<\/p>\n<p>Media &#8211; Fernando Costa (executivo)<\/p>\n<p>Estacionamento &#8211; Paulo Silva<\/p>\n<p>Babysitting &#8211; Aida Correia<\/p>\n<p>Bar &#8211; C\u00e9u Costa<\/p>\n<p>Sinaliza\u00e7\u00e3o &#8211; \u00c9lio Magalh\u00e3es<\/p>\n<p>Abastecimentos &#8211; \u00c9lio Magalh\u00e3es<\/p>\n<p>&nbsp;<\/p>\n<p>&nbsp;<\/p>\n<p>\r\n            <style type=\"text\/css\">\r\n\r\n                \r\n                                                .lcs_logo_container a.lcs_logo_link, .lcs_logo_container a.lcs_logo_link:hover { border: none; }\r\n                                #lcs_logo_carousel_wrapper .owl-nav {\r\n                    position: absolute;\r\n                    margin-top: 0;\r\n                }\r\n\r\n                \/* TOP Right*\/\r\n                                \/* TOP Left*\/\r\n                \r\n                #lcs_logo_carousel_wrapper .owl-nav div {\r\n                    background: #ffffff;\r\n                    border-radius: 2px;\r\n                    margin: 2px;\r\n                    padding: 0;\r\n                    width: 27px;\r\n                    height: 27px;\r\n                    line-height: 20px;\r\n                    font-size: 22px;\r\n                    color: #ccc;\r\n                    border: 1px solid #ccc;\r\n                    opacity: 1;\r\n                    z-index: 999;\r\n                    -moz-transition: all 0.3s linear;\r\n                    -o-transition: all 0.3s linear;\r\n                    -webkit-transition: all 0.3s linear;\r\n                    transition: all 0.3s linear;\r\n            <\/style>\r\n\r\n                        <div id=\"lcs_logo_carousel_wrapper\">\r\n                <div id=\"lcs_logo_carousel_slider\" class=\"owl-carousel owl-theme\">\r\n                    \r\n                                                <div class=\"lcs_logo_container\">\r\n\r\n\r\n                                                            <a href=\"http:\/\/www.gd4caminhos.com\/\" class=\"lcs_logo_link\" target=\"_blank\">\r\n                                    <img decoding=\"async\" src=\"https:\/\/pom.pt\/2017\/wp-content\/uploads\/sites\/3\/2016\/05\/4_caminhos_.jpg\" alt=\"\" \/>                                <\/a>\r\n                                                                                <\/div>\r\n                    \r\n                                                <div class=\"lcs_logo_container\">\r\n\r\n\r\n                                                            <a href=\"http:\/\/www.fpo.pt\/www\/index.php\" class=\"lcs_logo_link\" target=\"_blank\">\r\n                                    <img decoding=\"async\" src=\"https:\/\/pom.pt\/2017\/wp-content\/uploads\/sites\/3\/2016\/05\/2_.jpg\" alt=\"\" \/>                                <\/a>\r\n                                                                                <\/div>\r\n                    \r\n                                                <div class=\"lcs_logo_container\">\r\n\r\n\r\n                                                            <a href=\"http:\/\/orienteering.org\/\" class=\"lcs_logo_link\" target=\"_blank\">\r\n                                    <img decoding=\"async\" src=\"https:\/\/pom.pt\/2017\/wp-content\/uploads\/sites\/3\/2016\/05\/of_.jpg\" alt=\"\" \/>                                <\/a>\r\n                                                                                <\/div>\r\n                    \r\n                                                <div class=\"lcs_logo_container\">\r\n\r\n\r\n                                                            <a href=\"http:\/\/www.cm-portalegre.pt\/pt\/\" class=\"lcs_logo_link\" target=\"_blank\">\r\n                                    <img decoding=\"async\" src=\"https:\/\/pom.pt\/2017\/wp-content\/uploads\/sites\/3\/2016\/05\/portalegre_.jpg\" alt=\"\" \/>                                <\/a>\r\n                                                                                <\/div>\r\n                    \r\n                                                <div class=\"lcs_logo_container\">\r\n\r\n\r\n                                                            <a href=\"http:\/\/www.cm-crato.pt\/pt\/\" class=\"lcs_logo_link\" target=\"_blank\">\r\n                                    <img decoding=\"async\" src=\"https:\/\/pom.pt\/2017\/wp-content\/uploads\/sites\/3\/2016\/05\/crato_.jpg\" alt=\"\" \/>                                <\/a>\r\n                                                                                <\/div>\r\n                    \r\n                                                <div class=\"lcs_logo_container\">\r\n\r\n\r\n                                                            <a href=\"http:\/\/www.cm-alter-chao.pt\/pt\/\" class=\"lcs_logo_link\" target=\"_blank\">\r\n                                    <img decoding=\"async\" src=\"https:\/\/pom.pt\/2017\/wp-content\/uploads\/sites\/3\/2016\/05\/alter_.jpg\" alt=\"\" \/>                                <\/a>\r\n                                                                                <\/div>\r\n                                                        <\/div> <!-- End lcs_logo_carousel_slider -->\r\n            <\/div> <!--ends #lcs_logo_carousel_wrapper-->\r\n\r\n            <!--UPDATED Carousel VERSION CODE-->\r\n            <!--INITIALIZE THE SLIDER-->\r\n            <script>\r\n                jQuery(document).ready(function($){\r\n                    var logoSlider = $(\"#lcs_logo_carousel_slider\");\r\n\r\n                    logoSlider.owlCarousel({\r\n                        loop:true,\r\n                        autoWidth:false,\r\n                        responsiveClass:true,\r\n                        dots:false,\r\n                        autoplay:true,\r\n\r\n                        autoplayTimeout: 4000,\r\n                        autoplayHoverPause: false,\r\n                        dotData:true,\r\n                        dotsEach:false,\r\n                        slideBy:1,\r\n                        rtl:false,\r\n                        nav:false,\r\n                        navText:['\u2039','\u203a'],\r\n                        smartSpeed: 1000, \/\/ it smooths the transition\r\n                        responsive:{\r\n                            0 : {\r\n                                items:2\r\n                            },\r\n                            500: {\r\n                                items:3\r\n                            },\r\n                            600 : {\r\n                                items:3\r\n                            },\r\n                            768:{\r\n                                items:4\r\n                            },\r\n                            1199:{\r\n                                items:5                            }\r\n                        }\r\n                    });\r\n\r\n\r\n                    \/\/ custom navigation button for slider\r\n                    \/\/ at first. let us cache the element\r\n                    var $lcs_wrap = $('#lcs_logo_carousel_wrapper');\r\n                    \/\/ Go to the next item\r\n                    $lcs_wrap.on('click', '.prev', function () {\r\n                        logoSlider.trigger('prev.owl.carousel');\r\n                    });\r\n\r\n                    \/\/ Go to the previous item\r\n                    $lcs_wrap.on('click', '.next', function () {\r\n                        \/\/ With optional speed parameter\r\n                        \/\/ Parameters has to be in square bracket '[]'\r\n                        logoSlider.trigger('next.owl.carousel');\r\n                    })\r\n\r\n\r\n                });\r\n            <\/script>\r\n            <\/p>","protected":false},"excerpt":{"rendered":"<p>Director da prova &#8211; Fernando Costa Supervisor IOF &#8211; Luis Santos Supervisor PreO &#8211; Joaquim Margarido Cart\u00f3grafos dos mapas novos e atualiza\u00e7\u00f5es &#8211; Tiago Aires e Raquel Costa Tra\u00e7adores de percursos &#8211; Hugo Borda D&#8217;Agua, Cid\u00e1lio Oliveira, Tiago Leal, Victor Delgado e Filipe Dias. Pontos de controlo &#8211; Victor Delgado Secretariado &#8211; Sandra Marcolino Partidas &#8211; Jos\u00e9 M\u00e1rio Baptista Arena e Chegada &#8211; Cid\u00e1lio Oliveira Log\u00edstica &#8211; Jorge Marques Inform\u00e1tica &#8211; Lu\u00eds Faria Media &#8211; Fernando Costa (executivo) Estacionamento &#8211; Paulo Silva Babysitting &#8211; Aida Correia Bar &#8211; C\u00e9u Costa Sinaliza\u00e7\u00e3o &#8211; \u00c9lio Magalh\u00e3es Abastecimentos &#8211; \u00c9lio Magalh\u00e3es &nbsp; &nbsp;<\/p>\n","protected":false},"author":4,"featured_media":0,"parent":0,"menu_order":0,"comment_status":"closed","ping_status":"closed","template":"","meta":{"_monsterinsights_skip_tracking":false,"_monsterinsights_sitenote_active":false,"_monsterinsights_sitenote_note":"","_monsterinsights_sitenote_category":0,"footnotes":""},"class_list":["post-2310","page","type-page","status-publish","hentry"],"_links":{"self":[{"href":"https:\/\/pom.pt\/2017\/wp-json\/wp\/v2\/pages\/2310","targetHints":{"allow":["GET"]}}],"collection":[{"href":"https:\/\/pom.pt\/2017\/wp-json\/wp\/v2\/pages"}],"about":[{"href":"https:\/\/pom.pt\/2017\/wp-json\/wp\/v2\/types\/page"}],"author":[{"embeddable":true,"href":"https:\/\/pom.pt\/2017\/wp-json\/wp\/v2\/users\/4"}],"replies":[{"embeddable":true,"href":"https:\/\/pom.pt\/2017\/wp-json\/wp\/v2\/comments?post=2310"}],"version-history":[{"count":6,"href":"https:\/\/pom.pt\/2017\/wp-json\/wp\/v2\/pages\/2310\/revisions"}],"predecessor-version":[{"id":3383,"href":"https:\/\/pom.pt\/2017\/wp-json\/wp\/v2\/pages\/2310\/revisions\/3383"}],"wp:attachment":[{"href":"https:\/\/pom.pt\/2017\/wp-json\/wp\/v2\/media?parent=2310"}],"curies":[{"name":"wp","href":"https:\/\/api.w.org\/{rel}","templated":true}]}}