{"id":2290,"date":"2016-05-13T10:57:50","date_gmt":"2016-05-13T10:57:50","guid":{"rendered":"http:\/\/pomteste.myone.pt\/?page_id=2274"},"modified":"2016-07-27T23:04:40","modified_gmt":"2016-07-27T22:04:40","slug":"home","status":"publish","type":"page","link":"https:\/\/pom.pt\/2017\/","title":{"rendered":"inicio"},"content":{"rendered":"<p class=\"qtranxs-available-languages-message qtranxs-available-languages-message-pt\">Desculpe, este conte\u00fado s\u00f3 est\u00e1 dispon\u00edvel em <a href=\"https:\/\/pom.pt\/2017\/en\/wp-json\/wp\/v2\/pages\/2290\" class=\"qtranxs-available-language-link qtranxs-available-language-link-en\" title=\"English\">English<\/a>.<\/p>","protected":false},"excerpt":{"rendered":"<p>Desculpe, este conte\u00fado s\u00f3 est\u00e1 dispon\u00edvel em English.<\/p>\n","protected":false},"author":4,"featured_media":0,"parent":0,"menu_order":0,"comment_status":"open","ping_status":"closed","template":"","meta":{"_monsterinsights_skip_tracking":false,"_monsterinsights_sitenote_active":false,"_monsterinsights_sitenote_note":"","_monsterinsights_sitenote_category":0,"footnotes":""},"class_list":["post-2290","page","type-page","status-publish","hentry"],"_links":{"self":[{"href":"https:\/\/pom.pt\/2017\/wp-json\/wp\/v2\/pages\/2290","targetHints":{"allow":["GET"]}}],"collection":[{"href":"https:\/\/pom.pt\/2017\/wp-json\/wp\/v2\/pages"}],"about":[{"href":"https:\/\/pom.pt\/2017\/wp-json\/wp\/v2\/types\/page"}],"author":[{"embeddable":true,"href":"https:\/\/pom.pt\/2017\/wp-json\/wp\/v2\/users\/4"}],"replies":[{"embeddable":true,"href":"https:\/\/pom.pt\/2017\/wp-json\/wp\/v2\/comments?post=2290"}],"version-history":[{"count":12,"href":"https:\/\/pom.pt\/2017\/wp-json\/wp\/v2\/pages\/2290\/revisions"}],"predecessor-version":[{"id":2621,"href":"https:\/\/pom.pt\/2017\/wp-json\/wp\/v2\/pages\/2290\/revisions\/2621"}],"wp:attachment":[{"href":"https:\/\/pom.pt\/2017\/wp-json\/wp\/v2\/media?parent=2290"}],"curies":[{"name":"wp","href":"https:\/\/api.w.org\/{rel}","templated":true}]}}