{"id":17,"date":"2016-02-08T07:25:42","date_gmt":"2016-02-08T07:25:42","guid":{"rendered":"http:\/\/pom.pt\/2017\/pt\/?page_id=17"},"modified":"2017-02-19T17:40:00","modified_gmt":"2017-02-19T17:40:00","slug":"programme","status":"publish","type":"page","link":"https:\/\/pom.pt\/2017\/programme\/","title":{"rendered":"Programa"},"content":{"rendered":"<p><span style=\"color: #000000;\"><strong>10 de Fevereiro<\/strong><\/span><br \/>\nPrimeiro prazo para inscri\u00e7\u00f5es a pre\u00e7os vantajosos.<\/p>\n<p><span style=\"color: #000000;\"><strong>13 de Fevereiro<\/strong><\/span><br \/>\nData limite para inscri\u00e7\u00f5es em escal\u00f5es de competi\u00e7\u00e3o.<\/p>\n<p><span style=\"color: #000000;\"><strong>20 Fevereiro<\/strong><\/span><br \/>\nDivulga\u00e7\u00e3o das horas de partida.<\/p>\n<p><span style=\"color: #000000;\"><strong>23 de Fevereiro<\/strong><\/span><br \/>\n10h00 \u2013 Abertura do secretariado \u2013 Castelo de Alter do Ch\u00e3o<br \/>\n<strong>10h00 \u2013 Prova Modelo &#8211; Crato<\/strong><br \/>\n18h00 \u2013 Encerramento do secretariado<\/p>\n<p><span style=\"color: #000000;\"><strong>24 de Fevereiro<\/strong><\/span><br \/>\n10h00 \u2013 Abertura do secretariado \u2013 Alter do Ch\u00e3o<br \/>\n<strong>10h00 \u2013 Prova Modelo &#8211; Crato<\/strong><br \/>\n22h00 \u2013 Encerramento do secretariado<\/p>\n<p><span style=\"color: #000000;\"><strong>25 de Fevereiro<\/strong><\/span><br \/>\n08h30 \u2013 Abertura do secretariado \u2013 Arena em Aldeia da Mata<br \/>\n<strong>10h00 \u2013 Prova de dist\u00e2ncia M\u00e9dia \u2013 Aldeia da Mata, Crato<\/strong><br \/>\n18h00 \u2013 Abertura do secretariado \u2013 Alter do Ch\u00e3o<br \/>\n<strong>19h00 \u2013 Prova de Sprint Noturno \u2013 Alter do Ch\u00e3o<\/strong><\/p>\n<p><span style=\"color: #000000;\"><strong>26 de Fevereiro<\/strong><\/span><br \/>\n08h00 \u2013 Abertura do secretariado \u2013 Arena em Aldeia da Mata<br \/>\n<strong>09h00 \u2013 Prova de dist\u00e2ncia Longa \u2013 Aldeia da Mata, Crato<\/strong><br \/>\n11h00 \u2013 Abertura do Secretariado do PreO &#8211; Coudelaria de Alter do Ch\u00e3o<br \/>\n<strong>12h30 \u2013 PreO \u2013 Coude laria de Alter do Ch\u00e3o<\/strong><br \/>\n18h30 \u2013\u00a0Cerim\u00f3nia de entrega de pr\u00e9mios PreO \u2013 Coudelaria de Alter do Ch\u00e3o<\/p>\n<p><span style=\"color: #000000;\"><strong>27 de Fevereiro<\/strong><\/span><br \/>\n08h00 \u2013 Abertura do secretariado \u2013 Arena, Herdade das Coutadas<br \/>\n<strong>09h00 \u2013 Prova de dist\u00e2ncia M\u00e9dia WRE (NAOM 2017) \u2013 Herdade das Coutdas, Portalegre<\/strong><br \/>\n15h00 \u2013 Cerim\u00f3nia de entrega de pr\u00e9mios da prova WRE e Sprint noturno<\/p>\n<p><span style=\"color: #000000;\"><strong>28 de Fevereiro<\/strong><\/span><br \/>\n08h00 \u2013 Abertura do secretariado \u2013 Arena, Herdade das Coutadas<br \/>\n<strong>09h00 \u2013 Prova de dist\u00e2ncia Longa \u2013 Herdade das Coutadas, Portalegre<\/strong><br \/>\n14h00 \u2013 Cerim\u00f3nia de entrega de pr\u00e9mios POM2017<\/p>","protected":false},"excerpt":{"rendered":"<p>10 de Fevereiro Primeiro prazo para inscri\u00e7\u00f5es a pre\u00e7os vantajosos. 13 de Fevereiro Data limite para inscri\u00e7\u00f5es em escal\u00f5es de competi\u00e7\u00e3o. 20 Fevereiro Divulga\u00e7\u00e3o das horas de partida. 23 de Fevereiro 10h00 \u2013 Abertura do secretariado \u2013 Castelo de Alter do Ch\u00e3o 10h00 \u2013 Prova Modelo &#8211; Crato 18h00 \u2013 Encerramento do secretariado 24 de Fevereiro 10h00 \u2013 Abertura do secretariado \u2013 Alter do Ch\u00e3o 10h00 \u2013 Prova Modelo &#8211; Crato 22h00 \u2013 Encerramento do secretariado 25 de Fevereiro 08h30 \u2013 Abertura do secretariado \u2013 Arena em Aldeia da Mata 10h00 \u2013 Prova de dist\u00e2ncia M\u00e9dia \u2013 Aldeia da Mata, Crato 18h00 \u2013 Abertura do secretariado \u2013 Alter do Ch\u00e3o [&hellip;]<\/p>\n","protected":false},"author":1,"featured_media":0,"parent":0,"menu_order":0,"comment_status":"closed","ping_status":"closed","template":"","meta":{"_monsterinsights_skip_tracking":false,"_monsterinsights_sitenote_active":false,"_monsterinsights_sitenote_note":"","_monsterinsights_sitenote_category":0,"footnotes":""},"class_list":["post-17","page","type-page","status-publish","hentry"],"_links":{"self":[{"href":"https:\/\/pom.pt\/2017\/wp-json\/wp\/v2\/pages\/17","targetHints":{"allow":["GET"]}}],"collection":[{"href":"https:\/\/pom.pt\/2017\/wp-json\/wp\/v2\/pages"}],"about":[{"href":"https:\/\/pom.pt\/2017\/wp-json\/wp\/v2\/types\/page"}],"author":[{"embeddable":true,"href":"https:\/\/pom.pt\/2017\/wp-json\/wp\/v2\/users\/1"}],"replies":[{"embeddable":true,"href":"https:\/\/pom.pt\/2017\/wp-json\/wp\/v2\/comments?post=17"}],"version-history":[{"count":50,"href":"https:\/\/pom.pt\/2017\/wp-json\/wp\/v2\/pages\/17\/revisions"}],"predecessor-version":[{"id":3781,"href":"https:\/\/pom.pt\/2017\/wp-json\/wp\/v2\/pages\/17\/revisions\/3781"}],"wp:attachment":[{"href":"https:\/\/pom.pt\/2017\/wp-json\/wp\/v2\/media?parent=17"}],"curies":[{"name":"wp","href":"https:\/\/api.w.org\/{rel}","templated":true}]}}