{"id":2666,"date":"2016-07-28T15:32:41","date_gmt":"2016-07-28T14:32:41","guid":{"rendered":"http:\/\/pom.pt\/2017\/?page_id=2666"},"modified":"2016-08-05T09:55:35","modified_gmt":"2016-08-05T08:55:35","slug":"historia-da-cidade","status":"publish","type":"page","link":"https:\/\/pom.pt\/2017\/en\/historia-da-cidade\/","title":{"rendered":"CITY HISTORY"},"content":{"rendered":"<p><\/p>\n<p style=\"text-align: justify;\"><span style=\"color: #000000;\"><strong>Portalegre &#8211; The origins of the city<\/strong><\/span><\/p>\n<p style=\"text-align: justify;\">When the kingdom of Portugal was formed, in the XII century, it is likely that in the valley that separates Penha de S. Tom\u00e9 (Serra da Penha) from Cabe\u00e7a do Mouro, there were houses that offered refuge and supplies to those that travelled through these lands. In this place of passage (porto), situated in a green and pleasant (joyful) region, the number of houses grew steadily constituting the city of Porto Alegre, which later became known as Portalegre.<\/p>\n<p style=\"text-align: justify;\">Historical documents show that in 1229 Portalegre was a town of the council of Marv\u00e3o and that in 1253 it was already the main town of the council.<\/p>\n<p style=\"text-align: justify;\"><a href=\"http:\/\/pom.pt\/2017\/wp-content\/uploads\/sites\/3\/2016\/07\/portalegre_1.jpg\" target=\"_blank\"><img loading=\"lazy\" decoding=\"async\" class=\"alignleft wp-image-2673 size-medium\" src=\"http:\/\/pom.pt\/2017\/wp-content\/uploads\/sites\/3\/2016\/07\/portalegre_1-300x225.jpg\" alt=\"portalegre_1\" width=\"300\" height=\"225\" srcset=\"https:\/\/pom.pt\/2017\/wp-content\/uploads\/sites\/3\/2016\/07\/portalegre_1-300x225.jpg 300w, https:\/\/pom.pt\/2017\/wp-content\/uploads\/sites\/3\/2016\/07\/portalegre_1-768x576.jpg 768w, https:\/\/pom.pt\/2017\/wp-content\/uploads\/sites\/3\/2016\/07\/portalegre_1.jpg 907w\" sizes=\"auto, (max-width: 300px) 100vw, 300px\" \/><\/a>The 1st \u201cforal\u201d (town chart) was attributed by D. Afonso III in 1259. This monarch ordered that a fortress be built, but it was left incomplete. In 1271 D. Afonso III donated the towns of Portalegre and Marv\u00e3o, and the manors of Vide and Arronches, to his second son, the infante D. Afonso.<\/p>\n<p style=\"text-align: justify;\">When D. Afonso III died,\u00a0 in 1279, the infante D. Afonso tried to succeed the throne claiming that his brother D. Dinis was an illegitimate son. This pretense wasn\u2019t taken seriously but it gave origin to disagreements between the brothers.<\/p>\n<p style=\"text-align: justify;\">Portalegre was involved in this squabble and, in 1299, it was surrounded by D. Dinis. Portalegre remained surrounded for five months, until the surrender of D. Afonso. It is important to mention that D. Dinis surrounded the walls that he himself had ordered to be built in 1290. In fact, during this year, the king remodeled the alcazaba and the marble keep and built a second fence of which several parts still exist today.<\/p>\n<p style=\"text-align: justify;\">It is thought that the tower, or watch-tower, that dominates the city, known by the name \u201cAtalai\u00e3o\u201d, was built before the fortification of D. Afonso III.<\/p>\n<p style=\"text-align: justify;\">In 1299 D. Dinis gave Portalegre the privilege of not being\u00a0 able to become the possession of a town lord \u201cnor of an infante, nor of a rich man, nor of a rich-lady, but to be land of the King and his first heir\u201d.<\/p>\n<p style=\"text-align: justify;\"><a href=\"http:\/\/pom.pt\/2017\/wp-content\/uploads\/sites\/3\/2016\/07\/portalegre_2.jpg\" target=\"_blank\"><img loading=\"lazy\" decoding=\"async\" class=\"alignright wp-image-2674 size-medium\" src=\"http:\/\/pom.pt\/2017\/wp-content\/uploads\/sites\/3\/2016\/07\/portalegre_2-300x225.jpg\" alt=\"portalegre_2\" width=\"300\" height=\"225\" srcset=\"https:\/\/pom.pt\/2017\/wp-content\/uploads\/sites\/3\/2016\/07\/portalegre_2-300x225.jpg 300w, https:\/\/pom.pt\/2017\/wp-content\/uploads\/sites\/3\/2016\/07\/portalegre_2-768x576.jpg 768w, https:\/\/pom.pt\/2017\/wp-content\/uploads\/sites\/3\/2016\/07\/portalegre_2.jpg 907w\" sizes=\"auto, (max-width: 300px) 100vw, 300px\" \/><\/a>When king D. Fernando died, in 1383, D. Leonor became regent until her daughter was ready for succession and, consequently, D. Jo\u00e3o I of Castille, the husband, fact that would bring the loss of independence.<\/p>\n<p style=\"text-align: justify;\">These events caused a division in the portuguese nobility: most of the nobility took the side of D. Leonor, while others followed the Master of Aviz, namely Nuno \u00c1lvares.\u00a0 At this time, D. Pedro \u00c1lvares Pereira, Prior of Crato and brother of Nuno \u00c1lvares, was mayor of Portalegre and a strong supporter of D. Leonor. The mother of the \u00c1lvares Pereira, Fria Gon\u00e7alves, also lived in this town. In face of the positions taken by the mayor, the people of Portalegre revolted and surrounded the castle. As a consequence D. Pedro ran to Crato.<\/p>\n<p style=\"text-align: justify;\">The ex-mayor would eventually die in 1395, in the battle of Aljubarrota, while fighting alongside Castille.<\/p>\n<p style=\"text-align: justify;\">Meanwhile, the town kept becoming more important and, in 1549, through the workings of D. Jo\u00e3o III, pope Paul III sent a papal bull to create the new diocese of Portalegre (until\u00a0 then the town was integrated in the diocese of Guarda). In 1550, D. Jo\u00e3o III wrote the royal letter that elevated Portalegre to the category of city.<\/p>\n<p style=\"text-align: justify;\">This benefit was not fortuitous. It should be mentioned that Portalegre was, together with Estremoz and Covilh\u00e3, one of the main centers of the portuguese fabric and textile industry and that taxes over jewish possessions was higher than those in Porto and only lower than those in Lisbon, Santar\u00e9m and Set\u00fabal.<\/p>\n<p style=\"text-align: justify;\">(text written by Prof. Doutor Ant\u00f3nio Ventura)<\/p>\n<p><\/p>","protected":false},"excerpt":{"rendered":"<p>Portalegre &#8211; The origins of the city When the kingdom of Portugal was formed, in the XII century, it is likely that in the valley that separates Penha de S. Tom\u00e9 (Serra da Penha) from Cabe\u00e7a do Mouro, there were houses that offered refuge and supplies to those that travelled through these lands. In this place of passage (porto), situated in a green and pleasant (joyful) region, the number of houses grew steadily constituting the city of Porto Alegre, which later became known as Portalegre. Historical documents show that in 1229 Portalegre was a town of the council of Marv\u00e3o and that in 1253 it was already the main town [&hellip;]<\/p>\n","protected":false},"author":4,"featured_media":0,"parent":0,"menu_order":0,"comment_status":"closed","ping_status":"closed","template":"","meta":{"_monsterinsights_skip_tracking":false,"_monsterinsights_sitenote_active":false,"_monsterinsights_sitenote_note":"","_monsterinsights_sitenote_category":0,"footnotes":""},"class_list":["post-2666","page","type-page","status-publish","hentry"],"_links":{"self":[{"href":"https:\/\/pom.pt\/2017\/en\/wp-json\/wp\/v2\/pages\/2666","targetHints":{"allow":["GET"]}}],"collection":[{"href":"https:\/\/pom.pt\/2017\/en\/wp-json\/wp\/v2\/pages"}],"about":[{"href":"https:\/\/pom.pt\/2017\/en\/wp-json\/wp\/v2\/types\/page"}],"author":[{"embeddable":true,"href":"https:\/\/pom.pt\/2017\/en\/wp-json\/wp\/v2\/users\/4"}],"replies":[{"embeddable":true,"href":"https:\/\/pom.pt\/2017\/en\/wp-json\/wp\/v2\/comments?post=2666"}],"version-history":[{"count":15,"href":"https:\/\/pom.pt\/2017\/en\/wp-json\/wp\/v2\/pages\/2666\/revisions"}],"predecessor-version":[{"id":2894,"href":"https:\/\/pom.pt\/2017\/en\/wp-json\/wp\/v2\/pages\/2666\/revisions\/2894"}],"wp:attachment":[{"href":"https:\/\/pom.pt\/2017\/en\/wp-json\/wp\/v2\/media?parent=2666"}],"curies":[{"name":"wp","href":"https:\/\/api.w.org\/{rel}","templated":true}]}}