{"id":2476,"date":"2016-07-22T14:46:01","date_gmt":"2016-07-22T13:46:01","guid":{"rendered":"http:\/\/pom.pt\/2017\/?page_id=2476"},"modified":"2017-01-20T18:32:01","modified_gmt":"2017-01-20T18:32:01","slug":"federacao-portuguesa-de-orientacao","status":"publish","type":"page","link":"https:\/\/pom.pt\/2017\/en\/federacao-portuguesa-de-orientacao\/","title":{"rendered":"Federa\u00e7\u00e3o Portuguesa de Orienta\u00e7\u00e3o"},"content":{"rendered":"<p><img loading=\"lazy\" decoding=\"async\" class=\"alignleft size-medium wp-image-3353\" src=\"http:\/\/pom.pt\/2017\/wp-content\/uploads\/sites\/3\/2016\/07\/fpo-300x225.jpg\" alt=\"fpo\" width=\"300\" height=\"225\" srcset=\"https:\/\/pom.pt\/2017\/wp-content\/uploads\/sites\/3\/2016\/07\/fpo-300x225.jpg 300w, https:\/\/pom.pt\/2017\/wp-content\/uploads\/sites\/3\/2016\/07\/fpo.jpg 640w\" sizes=\"auto, (max-width: 300px) 100vw, 300px\" \/><\/p>\n<p>The natural landscapes adorned by granitic elements and by the labyrinthic and flowery gardens of the municipalities of Crato, Alter do Ch\u00e3o and Portalegre join together in the harmonious painting in which the challenging orienteering courses of Portugal \u201cO\u201d Meeting 2017, organized by Grupo Desportivo dos Quatro Caminhos, will take place. To all the participating athletes, national and foreign, I wish the best sporting success and an unforgettable social and human experience, in these lands of sun, history, memory, material and immaterial culture.<\/p>\n<p>&nbsp;<\/p>\n<p>A big welcome to all.<\/p>\n<p>Marco Alpande P\u00f3voa<\/p>\n<p>President of the Portuguese Orienteering Federation<\/p>","protected":false},"excerpt":{"rendered":"<p>The natural landscapes adorned by granitic elements and by the labyrinthic and flowery gardens of the municipalities of Crato, Alter do Ch\u00e3o and Portalegre join together in the harmonious painting in which the challenging orienteering courses of Portugal \u201cO\u201d Meeting 2017, organized by Grupo Desportivo dos Quatro Caminhos, will take place. To all the participating athletes, national and foreign, I wish the best sporting success and an unforgettable social and human experience, in these lands of sun, history, memory, material and immaterial culture. &nbsp; A big welcome to all. Marco Alpande P\u00f3voa President of the Portuguese Orienteering Federation<\/p>\n","protected":false},"author":4,"featured_media":0,"parent":0,"menu_order":0,"comment_status":"closed","ping_status":"closed","template":"","meta":{"_monsterinsights_skip_tracking":false,"_monsterinsights_sitenote_active":false,"_monsterinsights_sitenote_note":"","_monsterinsights_sitenote_category":0,"footnotes":""},"class_list":["post-2476","page","type-page","status-publish","hentry"],"_links":{"self":[{"href":"https:\/\/pom.pt\/2017\/en\/wp-json\/wp\/v2\/pages\/2476","targetHints":{"allow":["GET"]}}],"collection":[{"href":"https:\/\/pom.pt\/2017\/en\/wp-json\/wp\/v2\/pages"}],"about":[{"href":"https:\/\/pom.pt\/2017\/en\/wp-json\/wp\/v2\/types\/page"}],"author":[{"embeddable":true,"href":"https:\/\/pom.pt\/2017\/en\/wp-json\/wp\/v2\/users\/4"}],"replies":[{"embeddable":true,"href":"https:\/\/pom.pt\/2017\/en\/wp-json\/wp\/v2\/comments?post=2476"}],"version-history":[{"count":8,"href":"https:\/\/pom.pt\/2017\/en\/wp-json\/wp\/v2\/pages\/2476\/revisions"}],"predecessor-version":[{"id":3356,"href":"https:\/\/pom.pt\/2017\/en\/wp-json\/wp\/v2\/pages\/2476\/revisions\/3356"}],"wp:attachment":[{"href":"https:\/\/pom.pt\/2017\/en\/wp-json\/wp\/v2\/media?parent=2476"}],"curies":[{"name":"wp","href":"https:\/\/api.w.org\/{rel}","templated":true}]}}