{"id":99,"date":"2015-03-29T17:50:17","date_gmt":"2015-03-29T16:50:17","guid":{"rendered":"http:\/\/pom.pt\/2016\/en\/?page_id=99"},"modified":"2016-02-08T21:20:35","modified_gmt":"2016-02-08T21:20:35","slug":"partidas","status":"publish","type":"page","link":"https:\/\/pom.pt\/2016\/partidas\/","title":{"rendered":"Partidas"},"content":{"rendered":"<p>Todas as partidas dos escal\u00f5es M\/W10 e escal\u00f5es abertos ser\u00e3o com esta\u00e7\u00e3o START. As horas de partidas indicadas nas listas s\u00e3o do in\u00edcio das partidas desses escal\u00f5es.<\/p>\n<h4><span style=\"color: #ff0000;\">WE\/ME\/MSE Dia 4 com Chasing Start<\/span><\/h4>\n<p><a href=\"http:\/\/www.pom.pt\/archive\/2016\/Partidas\/pom2016_chasing_day4_elite.html\" target=\"_blank\">Consulta a lista<\/a><\/p>\n<h4><span style=\"color: #ff0000;\">POM &#8211; Etapas de Competi\u00e7\u00e3o<br \/>\n<\/span><\/h4>\n<h3>Lista de partidas por clubes:<\/h3>\n<p><a href=\"http:\/\/www.pom.pt\/archive\/2016\/Partidas\/POM_StartList_PorClubes.html\" target=\"_blank\">Consultar lista<\/a><\/p>\n<h3>Lista de partidas por escal\u00f5es:<\/h3>\n<p><a href=\"http:\/\/www.pom.pt\/archive\/2016\/Partidas\/POM_StartList_PorEscaloes.html\" target=\"_blank\">Consultar lista<\/a><\/p>\n<h4><span style=\"color: #ff0000;\">Urban Night Race &#8211; Penamacor<\/span><\/h4>\n<h3>Lista de partidas por clubes:<\/h3>\n<p><a href=\"http:\/\/www.pom.pt\/archive\/2016\/Partidas\/NightSprint_PorClubes.html\" target=\"_blank\">Consultar lista<\/a><\/p>\n<h3>Lista de partidas por escal\u00f5es:<\/h3>\n<p><a href=\"http:\/\/www.pom.pt\/archive\/2016\/Partidas\/NightSprint_PorEscaloes.html\" target=\"_blank\">Consultar lista<\/a><\/p>\n<h4><span style=\"color: #ff0000;\">Warm Up Race &#8211; Anascer<br \/>\n<\/span><\/h4>\n<p>N\u00e3o ser\u00e3o atribu\u00eddos tempos de partida, sendo o in\u00edcio da prova do atleta registado com a utiliza\u00e7\u00e3o da <strong>esta\u00e7\u00e3o START.\u00a0<\/strong>As partidas ter\u00e3o in\u00edcio \u00e0s 9:00 e finalizam \u00e0s 12:00.<\/p>\n<h3>Lista de atletas por clubes:<\/h3>\n<p><a href=\"http:\/\/www.pom.pt\/archive\/2016\/Partidas\/WarmUp_PorClubes.html\" target=\"_blank\">Consultar lista<\/a><\/p>\n<h3>Lista de atletas por escal\u00f5es:<\/h3>\n<p><a href=\"http:\/\/www.pom.pt\/archive\/2016\/Partidas\/WarmUp_PorEscaloes.html\" target=\"_blank\">Consulta lista<\/a><\/p>\n<h4><span style=\"color: #ff0000;\">PreO Invacare &#8211; Abelheira<br \/>\n<\/span><\/h4>\n<p><a href=\"http:\/\/www.pom.pt\/archive\/2016\/Partidas\/POM2016_PreO_Partidas_2016_02_02_1900.pdf\" target=\"_blank\">Consultar lista<\/a><\/p>","protected":false},"excerpt":{"rendered":"<p>Todas as partidas dos escal\u00f5es M\/W10 e escal\u00f5es abertos ser\u00e3o com esta\u00e7\u00e3o START. As horas de partidas indicadas nas listas s\u00e3o do in\u00edcio das partidas desses escal\u00f5es. WE\/ME\/MSE Dia 4 com Chasing Start Consulta a lista POM &#8211; Etapas de Competi\u00e7\u00e3o Lista de partidas por clubes: Consultar lista Lista de partidas por escal\u00f5es: Consultar lista Urban Night Race &#8211; Penamacor Lista de partidas por clubes: Consultar lista Lista de partidas por escal\u00f5es: Consultar lista Warm Up Race &#8211; Anascer N\u00e3o ser\u00e3o atribu\u00eddos tempos de partida, sendo o in\u00edcio da prova do atleta registado com a utiliza\u00e7\u00e3o da esta\u00e7\u00e3o START.\u00a0As partidas ter\u00e3o in\u00edcio \u00e0s 9:00 e finalizam \u00e0s 12:00. Lista de &hellip; <a href=\"https:\/\/pom.pt\/2016\/partidas\/\" class=\"more-link\">Continuar a ler <span class=\"screen-reader-text\">Partidas<\/span><\/a><\/p>\n","protected":false},"author":3,"featured_media":0,"parent":0,"menu_order":0,"comment_status":"closed","ping_status":"closed","template":"","meta":{"_monsterinsights_skip_tracking":false,"_monsterinsights_sitenote_active":false,"_monsterinsights_sitenote_note":"","_monsterinsights_sitenote_category":0,"footnotes":""},"class_list":["post-99","page","type-page","status-publish","hentry"],"_links":{"self":[{"href":"https:\/\/pom.pt\/2016\/wp-json\/wp\/v2\/pages\/99","targetHints":{"allow":["GET"]}}],"collection":[{"href":"https:\/\/pom.pt\/2016\/wp-json\/wp\/v2\/pages"}],"about":[{"href":"https:\/\/pom.pt\/2016\/wp-json\/wp\/v2\/types\/page"}],"author":[{"embeddable":true,"href":"https:\/\/pom.pt\/2016\/wp-json\/wp\/v2\/users\/3"}],"replies":[{"embeddable":true,"href":"https:\/\/pom.pt\/2016\/wp-json\/wp\/v2\/comments?post=99"}],"version-history":[{"count":26,"href":"https:\/\/pom.pt\/2016\/wp-json\/wp\/v2\/pages\/99\/revisions"}],"predecessor-version":[{"id":1441,"href":"https:\/\/pom.pt\/2016\/wp-json\/wp\/v2\/pages\/99\/revisions\/1441"}],"wp:attachment":[{"href":"https:\/\/pom.pt\/2016\/wp-json\/wp\/v2\/media?parent=99"}],"curies":[{"name":"wp","href":"https:\/\/api.w.org\/{rel}","templated":true}]}}